{"id":3568,"date":"2023-12-03T16:59:39","date_gmt":"2023-12-03T16:59:39","guid":{"rendered":"http:\/\/latouche.life\/?post_type=product&#038;p=3568"},"modified":"2024-03-12T08:36:07","modified_gmt":"2024-03-12T08:36:07","slug":"omdee-for-sleep","status":"publish","type":"product","link":"https:\/\/latouche.life\/vi\/san-pham\/omdee-for-sleep\/","title":{"rendered":"OMDEE NG\u1ee6 V\u1ece \u0110\u1eacU XANH"},"content":{"rendered":"","protected":false},"excerpt":{"rendered":"<p>La Touche xin gi\u1edbi thi\u1ec7u nh\u1eefng chi\u1ebfc OMDEE NG\u1ee6 V\u1ece \u0110\u1eacU XANH - phi\u00ean b\u1ea3n \u0111\u01b0\u1ee3c \u0111i\u1ec1u ch\u1ec9nh chi\u1ec1u cao t\u1eeb nh\u1eefng chi\u1ebfc OMDEE truy\u1ec1n th\u1ed1ng.<\/p>\n<p>V\u1eabn mang th\u00f4ng \u0111i\u1ec7p S\u1ef0 \u1ea4M \u00c1P t\u1eeb nh\u1eefng chi\u1ebfc \u00d4M, \u0111\u00e2y l\u00e0 s\u1ea3n ph\u1ea9m t\u1ee5i m\u00ecnh \u0111\u01b0\u1ee3c kh\u00e1ch y\u00eau c\u1ea7u thi\u1ebft k\u1ebf ri\u00eang \u0111\u1ec3 l\u00e0m g\u1ed1i ng\u1ee7. Sau \u0111\u00f3, La Touche \u0111\u00e3 cho b\u00e1n th\u1eed nghi\u1ec7m t\u1ea1i c\u00e1c phi\u00ean ch\u1ee3 v\u00e0 nh\u1eadn \u0111\u01b0\u1ee3c s\u1ef1 \u1ee7ng h\u1ed9 c\u1ee7a kh\u00e1ch h\u00e0ng. V\u00ec v\u1eady, h\u00f4m nay La Touche xin ph\u00e9p ch\u00ednh th\u1ee9c tr\u00ecnh l\u00e0ng nh\u1eefng chi\u1ebfc OMDEE NG\u1ee6 n\u00e0y v\u1edbi c\u1ea3 nh\u00e0.<\/p>\n<hr \/>\n<p><span style=\"font-weight: 400;\"><strong>C\u00f4ng d\u1ee5ng:<\/strong><br \/>\n<\/span><span style=\"font-weight: 400;\">\u2022 K\u00ea c\u1ed5, vai cho gi\u1ea5c ng\u1ee7 ngon<br \/>\n<\/span><span style=\"font-weight: 400;\">\u2022 L\u00e0m g\u1ed1i \u00f4m \u00eam \u00e1i<br \/>\n<\/span><span style=\"font-weight: 400;\">\u2022 K\u00ea sau l\u01b0ng ng\u1ed3i l\u00e0m vi\u1ec7c<br \/>\n<\/span><span style=\"font-weight: 400;\">\u2022 L\u00e0m qu\u00e0 t\u1eb7ng d\u1ecbp Gi\u00e1ng sinh, qu\u00e0 t\u1eb7ng ba m\u1eb9,...<\/span><\/p>\n<hr \/>\n<p><span style=\"font-weight: 400;\"><strong>Th\u00f4ng tin s\u1ea3n ph\u1ea9m:<\/strong><br \/>\n<\/span><span style=\"font-weight: 400;\">\u2022 K\u00edch th\u01b0\u1edbc (DxRxC): 35x19x07cm (chi\u1ec1u cao c\u00f3 th\u1ec3 linh ho\u1ea1t \u0111i\u1ec1u ch\u1ec9nh t\u1eeb 05-07cm)<br \/>\n<\/span><span style=\"font-weight: 400;\">\u2022 C\u00e2n n\u1eb7ng: 1.15kg<br \/>\n<\/span><span style=\"font-weight: 400;\">\u2022 Ch\u1ea5t v\u1ea3i: Canvas g\u1ed1c th\u1ef1c v\u1eadt<br \/>\n<\/span><span style=\"font-weight: 400;\">\u2022 Material: Clean and industrially dried green bean hulls<br \/>\n<\/span><span style=\"font-weight: 400;\">\u2022 M\u00e0u v\u1ea3i: \u0111a d\u1ea1ng, c\u00f3 th\u1ec3 y\u00eau c\u1ea7u ph\u1ed1i m\u00e0u<\/span><\/p>","protected":false},"featured_media":3590,"comment_status":"closed","ping_status":"closed","template":"","meta":{"om_disable_all_campaigns":false,"_monsterinsights_skip_tracking":false,"_monsterinsights_sitenote_active":false,"_monsterinsights_sitenote_note":"","_monsterinsights_sitenote_category":0},"product_cat":[46],"product_tag":[],"aioseo_notices":[],"yoast_head":"<!-- This site is optimized with the Yoast SEO plugin v22.7 - https:\/\/yoast.com\/wordpress\/plugins\/seo\/ -->\n<title>OMDEE FOR SLEEP - La Touche<\/title>\n<meta name=\"robots\" content=\"index, follow, max-snippet:-1, max-image-preview:large, max-video-preview:-1\" \/>\n<link rel=\"canonical\" href=\"https:\/\/latouche.life\/vi\/san-pham\/omdee-for-sleep\/\" \/>\n<meta property=\"og:locale\" content=\"vi_VN\" \/>\n<meta property=\"og:type\" content=\"article\" \/>\n<meta property=\"og:title\" content=\"OMDEE FOR SLEEP - La Touche\" \/>\n<meta property=\"og:description\" content=\"We introduce our new collection - made off green bean hulls - the OMDEE for SLEEP, a height-adjusted version of the traditional OMDEE bolsters.  Still carrying the message of a WARM LOVE HUG, this is a product that customers have asked us to specifically design as a sleeping pillow. After that, We had some soft-launch sales at some bazaars and received positive feedback from customers. Therefore, today We would like to officially introduce these OMDEE for SLEEP to everyone.    Uses: \u2022 Rest your neck and shoulders for a good night&#039;s sleep \u2022 Be a soft hug pillow \u2022 Support your back at work \u2022 Be a meaningful gift on special occasions such as Xmas, birthdays,...    Product information: \u2022 Dimensions (LxWxH): 35x19x07cm (height can be flexibly adjusted from 05-07cm) \u2022 Weight: 1.15kg \u2022 Fabric: plant-based canvas \u2022 Material: Clean and industrially dried green bean hulls \u2022 Fabric color: diverse, can apply for our mix-match color program\" \/>\n<meta property=\"og:url\" content=\"https:\/\/latouche.life\/vi\/san-pham\/omdee-for-sleep\/\" \/>\n<meta property=\"og:site_name\" content=\"La Touche\" \/>\n<meta property=\"article:modified_time\" content=\"2024-03-12T08:36:07+00:00\" \/>\n<meta property=\"og:image\" content=\"https:\/\/latouche.life\/wp-content\/uploads\/2023\/12\/Omdee-for-sleep-3-1-1024x768.png\" \/>\n\t<meta property=\"og:image:width\" content=\"1024\" \/>\n\t<meta property=\"og:image:height\" content=\"768\" \/>\n\t<meta property=\"og:image:type\" content=\"image\/png\" \/>\n<meta name=\"twitter:card\" content=\"summary_large_image\" \/>\n<script type=\"application\/ld+json\" class=\"yoast-schema-graph\">{\"@context\":\"https:\/\/schema.org\",\"@graph\":[{\"@type\":\"WebPage\",\"@id\":\"https:\/\/latouche.life\/product\/omdee-for-sleep\/\",\"url\":\"https:\/\/latouche.life\/product\/omdee-for-sleep\/\",\"name\":\"OMDEE FOR SLEEP - La Touche\",\"isPartOf\":{\"@id\":\"https:\/\/latouche.life\/#website\"},\"primaryImageOfPage\":{\"@id\":\"https:\/\/latouche.life\/product\/omdee-for-sleep\/#primaryimage\"},\"image\":{\"@id\":\"https:\/\/latouche.life\/product\/omdee-for-sleep\/#primaryimage\"},\"thumbnailUrl\":\"https:\/\/latouche.life\/wp-content\/uploads\/2023\/12\/Omdee-for-sleep-3-1.png\",\"datePublished\":\"2023-12-03T16:59:39+00:00\",\"dateModified\":\"2024-03-12T08:36:07+00:00\",\"breadcrumb\":{\"@id\":\"https:\/\/latouche.life\/product\/omdee-for-sleep\/#breadcrumb\"},\"inLanguage\":\"vi\",\"potentialAction\":[{\"@type\":\"ReadAction\",\"target\":[\"https:\/\/latouche.life\/product\/omdee-for-sleep\/\"]}]},{\"@type\":\"ImageObject\",\"inLanguage\":\"vi\",\"@id\":\"https:\/\/latouche.life\/product\/omdee-for-sleep\/#primaryimage\",\"url\":\"https:\/\/latouche.life\/wp-content\/uploads\/2023\/12\/Omdee-for-sleep-3-1.png\",\"contentUrl\":\"https:\/\/latouche.life\/wp-content\/uploads\/2023\/12\/Omdee-for-sleep-3-1.png\",\"width\":2000,\"height\":1500},{\"@type\":\"BreadcrumbList\",\"@id\":\"https:\/\/latouche.life\/product\/omdee-for-sleep\/#breadcrumb\",\"itemListElement\":[{\"@type\":\"ListItem\",\"position\":1,\"name\":\"Home\",\"item\":\"https:\/\/latouche.life\/\"},{\"@type\":\"ListItem\",\"position\":2,\"name\":\"OMDEE FOR SLEEP\"}]},{\"@type\":\"WebSite\",\"@id\":\"https:\/\/latouche.life\/#website\",\"url\":\"https:\/\/latouche.life\/\",\"name\":\"La Touche\",\"description\":\"Create peaceful feeling from organic and natural products\",\"publisher\":{\"@id\":\"https:\/\/latouche.life\/#organization\"},\"potentialAction\":[{\"@type\":\"SearchAction\",\"target\":{\"@type\":\"EntryPoint\",\"urlTemplate\":\"https:\/\/latouche.life\/?s={search_term_string}\"},\"query-input\":\"required name=search_term_string\"}],\"inLanguage\":\"vi\"},{\"@type\":\"Organization\",\"@id\":\"https:\/\/latouche.life\/#organization\",\"name\":\"La Touche\",\"url\":\"https:\/\/latouche.life\/\",\"logo\":{\"@type\":\"ImageObject\",\"inLanguage\":\"vi\",\"@id\":\"https:\/\/latouche.life\/#\/schema\/logo\/image\/\",\"url\":\"https:\/\/latouche.life\/wp-content\/uploads\/2020\/06\/logo_round_white.png\",\"contentUrl\":\"https:\/\/latouche.life\/wp-content\/uploads\/2020\/06\/logo_round_white.png\",\"width\":106,\"height\":106,\"caption\":\"La Touche\"},\"image\":{\"@id\":\"https:\/\/latouche.life\/#\/schema\/logo\/image\/\"}}]}<\/script>\n<!-- \/ Yoast SEO plugin. -->","yoast_head_json":{"title":"OMDEE FOR SLEEP - La Touche","robots":{"index":"index","follow":"follow","max-snippet":"max-snippet:-1","max-image-preview":"max-image-preview:large","max-video-preview":"max-video-preview:-1"},"canonical":"https:\/\/latouche.life\/vi\/san-pham\/omdee-for-sleep\/","og_locale":"vi_VN","og_type":"article","og_title":"OMDEE FOR SLEEP - La Touche","og_description":"We introduce our new collection - made off green bean hulls - the OMDEE for SLEEP, a height-adjusted version of the traditional OMDEE bolsters.  Still carrying the message of a WARM LOVE HUG, this is a product that customers have asked us to specifically design as a sleeping pillow. After that, We had some soft-launch sales at some bazaars and received positive feedback from customers. Therefore, today We would like to officially introduce these OMDEE for SLEEP to everyone.    Uses: \u2022 Rest your neck and shoulders for a good night's sleep \u2022 Be a soft hug pillow \u2022 Support your back at work \u2022 Be a meaningful gift on special occasions such as Xmas, birthdays,...    Product information: \u2022 Dimensions (LxWxH): 35x19x07cm (height can be flexibly adjusted from 05-07cm) \u2022 Weight: 1.15kg \u2022 Fabric: plant-based canvas \u2022 Material: Clean and industrially dried green bean hulls \u2022 Fabric color: diverse, can apply for our mix-match color program","og_url":"https:\/\/latouche.life\/vi\/san-pham\/omdee-for-sleep\/","og_site_name":"La Touche","article_modified_time":"2024-03-12T08:36:07+00:00","og_image":[{"width":1024,"height":768,"url":"https:\/\/latouche.life\/wp-content\/uploads\/2023\/12\/Omdee-for-sleep-3-1-1024x768.png","type":"image\/png"}],"twitter_card":"summary_large_image","schema":{"@context":"https:\/\/schema.org","@graph":[{"@type":"WebPage","@id":"https:\/\/latouche.life\/product\/omdee-for-sleep\/","url":"https:\/\/latouche.life\/product\/omdee-for-sleep\/","name":"OMDEE FOR SLEEP - La Touche","isPartOf":{"@id":"https:\/\/latouche.life\/#website"},"primaryImageOfPage":{"@id":"https:\/\/latouche.life\/product\/omdee-for-sleep\/#primaryimage"},"image":{"@id":"https:\/\/latouche.life\/product\/omdee-for-sleep\/#primaryimage"},"thumbnailUrl":"https:\/\/latouche.life\/wp-content\/uploads\/2023\/12\/Omdee-for-sleep-3-1.png","datePublished":"2023-12-03T16:59:39+00:00","dateModified":"2024-03-12T08:36:07+00:00","breadcrumb":{"@id":"https:\/\/latouche.life\/product\/omdee-for-sleep\/#breadcrumb"},"inLanguage":"vi","potentialAction":[{"@type":"ReadAction","target":["https:\/\/latouche.life\/product\/omdee-for-sleep\/"]}]},{"@type":"ImageObject","inLanguage":"vi","@id":"https:\/\/latouche.life\/product\/omdee-for-sleep\/#primaryimage","url":"https:\/\/latouche.life\/wp-content\/uploads\/2023\/12\/Omdee-for-sleep-3-1.png","contentUrl":"https:\/\/latouche.life\/wp-content\/uploads\/2023\/12\/Omdee-for-sleep-3-1.png","width":2000,"height":1500},{"@type":"BreadcrumbList","@id":"https:\/\/latouche.life\/product\/omdee-for-sleep\/#breadcrumb","itemListElement":[{"@type":"ListItem","position":1,"name":"Home","item":"https:\/\/latouche.life\/"},{"@type":"ListItem","position":2,"name":"OMDEE FOR SLEEP"}]},{"@type":"WebSite","@id":"https:\/\/latouche.life\/#website","url":"https:\/\/latouche.life\/","name":"La Touche","description":"Create peaceful feeling from organic and natural products","publisher":{"@id":"https:\/\/latouche.life\/#organization"},"potentialAction":[{"@type":"SearchAction","target":{"@type":"EntryPoint","urlTemplate":"https:\/\/latouche.life\/?s={search_term_string}"},"query-input":"required name=search_term_string"}],"inLanguage":"vi"},{"@type":"Organization","@id":"https:\/\/latouche.life\/#organization","name":"La Touche","url":"https:\/\/latouche.life\/","logo":{"@type":"ImageObject","inLanguage":"vi","@id":"https:\/\/latouche.life\/#\/schema\/logo\/image\/","url":"https:\/\/latouche.life\/wp-content\/uploads\/2020\/06\/logo_round_white.png","contentUrl":"https:\/\/latouche.life\/wp-content\/uploads\/2020\/06\/logo_round_white.png","width":106,"height":106,"caption":"La Touche"},"image":{"@id":"https:\/\/latouche.life\/#\/schema\/logo\/image\/"}}]}},"_links":{"self":[{"href":"https:\/\/latouche.life\/vi\/wp-json\/wp\/v2\/product\/3568"}],"collection":[{"href":"https:\/\/latouche.life\/vi\/wp-json\/wp\/v2\/product"}],"about":[{"href":"https:\/\/latouche.life\/vi\/wp-json\/wp\/v2\/types\/product"}],"replies":[{"embeddable":true,"href":"https:\/\/latouche.life\/vi\/wp-json\/wp\/v2\/comments?post=3568"}],"version-history":[{"count":5,"href":"https:\/\/latouche.life\/vi\/wp-json\/wp\/v2\/product\/3568\/revisions"}],"predecessor-version":[{"id":3589,"href":"https:\/\/latouche.life\/vi\/wp-json\/wp\/v2\/product\/3568\/revisions\/3589"}],"wp:featuredmedia":[{"embeddable":true,"href":"https:\/\/latouche.life\/vi\/wp-json\/wp\/v2\/media\/3590"}],"wp:attachment":[{"href":"https:\/\/latouche.life\/vi\/wp-json\/wp\/v2\/media?parent=3568"}],"wp:term":[{"taxonomy":"product_cat","embeddable":true,"href":"https:\/\/latouche.life\/vi\/wp-json\/wp\/v2\/product_cat?post=3568"},{"taxonomy":"product_tag","embeddable":true,"href":"https:\/\/latouche.life\/vi\/wp-json\/wp\/v2\/product_tag?post=3568"}],"curies":[{"name":"wp","href":"https:\/\/api.w.org\/{rel}","templated":true}]}}