{"id":3441,"date":"2023-05-04T05:45:21","date_gmt":"2023-05-04T05:45:21","guid":{"rendered":"http:\/\/latouche.life\/?post_type=product&#038;p=3441"},"modified":"2023-11-01T05:09:34","modified_gmt":"2023-11-01T05:09:34","slug":"spa-heating-pad","status":"publish","type":"product","link":"https:\/\/latouche.life\/vi\/san-pham\/spa-heating-pad\/","title":{"rendered":"T\u00daI CH\u01af\u1edcM SPA"},"content":{"rendered":"<div data-elementor-type=\"wp-post\" data-elementor-id=\"3441\" class=\"elementor elementor-3441\">\n\t\t\t\t\t\t<section class=\"elementor-section elementor-top-section elementor-element elementor-element-69979179 elementor-section-boxed elementor-section-height-default elementor-section-height-default\" data-id=\"69979179\" data-element_type=\"section\">\n\t\t\t\t\t\t<div class=\"elementor-container elementor-column-gap-default\">\n\t\t\t\t\t<div class=\"elementor-column elementor-col-100 elementor-top-column elementor-element elementor-element-1873578b\" data-id=\"1873578b\" data-element_type=\"column\">\n\t\t\t<div class=\"elementor-widget-wrap elementor-element-populated\">\n\t\t\t\t\t\t<div class=\"elementor-element elementor-element-7f4dad94 elementor-widget elementor-widget-text-editor\" data-id=\"7f4dad94\" data-element_type=\"widget\" data-widget_type=\"text-editor.default\">\n\t\t\t\t<div class=\"elementor-widget-container\">\n\t\t\t\t\t\t\t<p dir=\"ltr\"><span style=\"font-weight: 400; color: #000000;\">T\u1ea1i nh\u00e0 Touche, Ph\u00e1t tri\u1ec3n B\u1ec1n v\u1eefng l\u00e0 m\u1ed9t trong nh\u1eefng gi\u00e1 tr\u1ecb c\u1ed1t l\u00f5i v\u00e0 ch\u00fang m\u00ecnh v\u1eabn lu\u00f4n hoan h\u1ec9 \u0111\u01b0\u1ee3c lan truy\u1ec1n gi\u00e1 tr\u1ecb B\u1ec1n v\u1eefng n\u00e0y \u0111\u1ebfn t\u1eebng v\u1ecb kh\u00e1ch. H\u01a1i kh\u00e1c nh\u1eefng d\u00f2ng s\u1ea3n ph\u1ea9m tr\u01b0\u1edbc, v\u1ea3i c\u1ee7a nh\u1eefng Chi\u1ebfc t\u00fai ch\u01b0\u1eddm Spa n\u00e0y \u0111\u01b0\u1ee3c l\u00e0m t\u1eeb v\u1ea3i cotton v\u1ee5n kh\u00fac m\u00e0 t\u1ee5i m\u00ecnh thu \u0111\u01b0\u1ee3c t\u1eeb nh\u1eefng phi\u00ean ch\u1ee3 \u0111\u1ecba ph\u01b0\u01a1ng v\u1edbi m\u1ed9t s\u1ed1 l\u01b0\u1ee3ng nh\u1ecf, v\u00e0 t\u1eeb \u0111\u00f3 l\u00e0m n\u00ean nh\u1eefng chi\u1ebfc t\u00fai ch\u01b0\u1eddm v\u1edbi hoa v\u0103n thi\u1ebft k\u1ebf \u0111\u1ed9c \u0111\u00e1o, m\u1ed7i phi\u00ean b\u1ea3n thi\u1ebft k\u1ebf \u0111\u1ec1u l\u00e0 nh\u1eefng phi\u00ean b\u1ea3n gi\u1edbi h\u1ea1n. S\u1ea3n ph\u1ea9m n\u00e0y kh\u00f4ng ch\u1ec9 mang \u0111\u1ebfn nh\u1eefng l\u1ee3i \u00edch cho c\u01a1 th\u1ec3 b\u1ea1n, gi\u00fap b\u1ea1n th\u01b0 gi\u00e3n m\u00e0 c\u00f2n g\u00f3p ph\u1ea7n t\u1eadn d\u1ee5ng t\u1ed1i \u0111a ngu\u1ed3n v\u1ea3i th\u1eeba v\u1ee5n tr\u00ean th\u1ecb tr\u01b0\u1eddng, gi\u00fap b\u1ea3o v\u1ec7 m\u00f4i tr\u01b0\u1eddng.<\/span><\/p><p dir=\"ltr\" style=\"line-height: 1.38; margin-top: 12pt; margin-bottom: 12pt;\"><span style=\"color: #000000;\"><span style=\"font-size: 12pt; font-family: Arial; background-color: transparent; font-weight: 400; font-style: normal; font-variant: normal; text-decoration: none; vertical-align: baseline; white-space: pre-wrap;\">M\u1ed9t trong nh\u1eefng l\u1ee3i \u00edch quan tr\u1ecdng nh\u1ea5t c\u1ee7a T\u00fai ch\u01b0\u1eddm Spa n\u00e0y l\u00e0 kh\u1ea3 n\u0103ng l\u00e0m d\u1ecbu t\u00e2m tr\u00ed v\u00e0 th\u01b0 gi\u00e3n c\u01a1 th\u1ec3. Khi b\u1ea1n \u0111\u1eb7t t\u00fai ch\u01b0\u1eddm l\u00ean c\u00e1c c\u01a1 \u0111ang b\u1ecb c\u0103ng, nhi\u1ec7t \u0111\u1ed9 t\u1eeb t\u00fai ch\u01b0\u1eddm \u1ea5m \u00e1p nh\u1eb9 nh\u00e0ng s\u1ebd gi\u00fap l\u00e0m d\u1ecbu c\u01a1 v\u00e0 gi\u1ea3m \u0111au. Nhi\u1ec7t \u0111\u1ed9 \u1ea5m n\u00e0y c\u0169ng t\u0103ng l\u01b0u th\u00f4ng m\u00e1u \u0111\u1ebfn c\u00e1c v\u00f9ng b\u1ecb \u1ea3nh h\u01b0\u1edfng, th\u00fac \u0111\u1ea9y qu\u00e1 tr\u00ecnh ch\u1eefa l\u00e0nh v\u00e0 gi\u00fap gi\u1ea3m s\u01b0ng vi\u00eam. <\/span><span style=\"background-color: transparent; font-family: Arial; font-size: 12pt; white-space: pre-wrap;\">V\u00ec v\u1eady, \u0111\u00e2y l\u00e0 s\u1ef1 l\u1ef1a ch\u1ecdn ho\u00e0n h\u1ea3o cho nh\u1eefng ng\u01b0\u1eddi hay b\u1ecb \u0111au c\u01a1 th\u1ec3, ho\u1eb7c trong t\u00ecnh tr\u1ea1ng c\u0103ng th\u1eb3ng, gi\u00fap b\u1ea1n c\u1ea3i thi\u1ec7n t\u00e2m tr\u1ea1ng v\u00e0 gi\u1ea3m lo \u00e2u. <\/span><\/span><\/p><p dir=\"ltr\" style=\"line-height: 1.38; margin-top: 12pt; margin-bottom: 12pt;\"><span style=\"background-color: transparent; color: #000000; font-family: Arial; font-size: 12pt; white-space: pre-wrap;\">Khi b\u1ea1n c\u1ea3m th\u1ea5y lo l\u1eafng, c\u01a1 th\u1ec3 c\u1ee7a b\u1ea1n s\u1ebd s\u1ea3n xu\u1ea5t cortisol, m\u1ed9t hormone c\u00f3 th\u1ec3 g\u00e2y ra nhi\u1ec1u t\u00e1c \u0111\u1ed9ng ti\u00eau c\u1ef1c cho c\u01a1 th\u1ec3. H\u00e3y d\u00f9ng chi\u1ebfc t\u00fai ch\u01b0\u1eddm Spa n\u00e0y trong th\u1eddi gian ngh\u1ec9 ng\u01a1i \u0111\u1ec3 t\u00e1i l\u1eadp c\u1ea3m gi\u00e1c an b\u00ecnh, t\u0103ng s\u1ef1 t\u1eadp trung v\u00e0 gi\u00fap b\u1ea1n qu\u1ea3n l\u00fd t\u1ed1t h\u01a1n tr\u1ea1ng th\u00e1i tinh th\u1ea7n trong ng\u00e0y.<\/span><\/p>\t\t\t\t\t\t<\/div>\n\t\t\t\t<\/div>\n\t\t\t\t\t<\/div>\n\t\t<\/div>\n\t\t\t\t\t<\/div>\n\t\t<\/section>\n\t\t\t\t<\/div>","protected":false},"excerpt":{"rendered":"<p><span style=\"font-weight: 400;\">Nh\u1eefng chi\u1ebfc T\u00fai ch\u01b0\u1eddm Spa c\u1ee7a ch\u00fang m\u00ecnh r\u1ea5t linh ho\u1ea1t v\u00e0 c\u00f3 th\u1ec3 \u0111\u01b0\u1ee3c s\u1eed d\u1ee5ng c\u1ea3 n\u00f3ng v\u00e0 l\u1ea1nh, m\u00f9a n\u00e0o c\u0169ng d\u00f9ng \u0111\u01b0\u1ee3c. V\u00ed d\u1ee5, trong nh\u1eefng th\u00e1ng h\u00e8 n\u00f3ng n\u00e0y, b\u1ea1n ch\u1ec9 c\u1ea7n \u0111\u1eb7t t\u00fai ch\u01b0\u1eddm v\u00e0o ng\u0103n \u0111\u00f4ng t\u1ee7 l\u1ea1nh 30 ph\u00fat \u0111\u1ec3 l\u00e0m m\u00e1t t\u00fai, sau \u0111\u00f3 \u0111\u1eb7t t\u00fai ch\u01b0\u1eddm l\u00ean ng\u01b0\u1eddi, v\u1edbi thi\u1ebft k\u1ebf d\u00e0i, chi\u1ebfc t\u00fai d\u1ec5 d\u00e0ng u\u1ed1n theo d\u00e1ng c\u01a1 th\u1ec3 c\u1ee7a b\u1ea1n, t\u1ea1o ra m\u1ed9t s\u1ef1 ph\u00f9 h\u1ee3p tho\u1ea3i m\u00e1i gi\u00fap b\u1ea1n c\u00e2n b\u1eb1ng nhi\u1ec7t \u0111\u1ed9 c\u01a1 th\u1ec3 v\u00e0 gi\u1eef m\u00e1t, th\u01b0 gi\u00e3n trong th\u1eddi ti\u1ebft oi b\u1ee9c. Ho\u1eb7c b\u1ea1n c\u0169ng c\u00f3 th\u1ec3 \u0111\u1eb7t t\u00fai ch\u01b0\u1eddm n\u00e0y v\u00e0o l\u00f2 vi s\u00f3ng trong 2-3 ph\u00fat, s\u1ef1 \u1ea5m \u00e1p nh\u1eb9 nh\u00e0ng \u0111\u01b0\u1ee3c t\u00edch trong c\u00e1c h\u1ea1t nguy\u00ean li\u1ec7u s\u1ebd gi\u00fap l\u00e0m d\u1ecbu v\u00e0 th\u01b0 gi\u00e3n c\u00e1c c\u01a1, gi\u1ea3m \u0111au, gi\u00fap b\u1ea1n c\u1ea3m th\u1ea5y d\u1ec5 ch\u1ecbu h\u01a1n.<\/span><\/p>\n<p>&nbsp;<\/p>\n<p><b>S\u1ea2N PH\u1ea8M B\u1ec0N V\u1eeeNG<\/b><\/p>\n<ul>\n<li>K\u00edch th\u01b0\u1edbc: 24 x 60 cm<\/li>\n<li>Tr\u1ecdng l\u01b0\u1ee3ng: 1.6kg<\/li>\n<li>Th\u00e0nh ph\u1ea7n: ch\u1ec9 c\u00f3 h\u01b0\u01a1ng nh\u1eb9 t\u1eeb c\u00e1c lo\u1ea1i h\u1ea1t nh\u01b0 G\u1ea1o, h\u1ea1t Lanh v\u00e0 Th\u1ea3o quy\u1ebft minh (Kh\u00e1ch c\u00f3 th\u1ec3 t\u1ef1 cho th\u00eam tinh d\u1ea7u y\u00eau th\u00edch n\u1ebfu c\u1ea7n)<\/li>\n<li>M\u00e0u s\u1eafc: \u0110a d\u1ea1ng<\/li>\n<\/ul>\n<p><b>\u0110\u1ec3 s\u1eed d\u1ee5ng N\u00d3NG: \u0111\u1eb7t v\u00e0o l\u00f2 vi s\u00f3ng trong 03 ph\u00fat<\/b><\/p>\n<ul>\n<li>Gi\u00fap gi\u1ea3m \u0111au c\u01a1 v\u00e0 kh\u1edbp.<\/li>\n<li>T\u0103ng tu\u1ea7n ho\u00e0n m\u00e1u.<\/li>\n<li>Gi\u1ea3m \u0111au kinh nguy\u1ec7t.<\/li>\n<li>Gi\u00fap th\u01b0 gi\u00e3n, gi\u1ea3m c\u0103ng th\u1eb3ng.<\/li>\n<\/ul>\n<p><b>\u0110\u1ec3 s\u1eed d\u1ee5ng L\u1ea0NH: \u0111\u1eb7t v\u00e0o ng\u0103n \u0111\u00f4ng t\u1ee7 l\u1ea1nh 30 ph\u00fat<\/b><\/p>\n<ul>\n<li>Gi\u00fap gi\u1ea3m vi\u00eam v\u00e0 s\u01b0ng<\/li>\n<li>Gi\u1ea3m \u0111au c\u00e1c ch\u1ea5n th\u01b0\u01a1ng do v\u1eadn \u0111\u1ed9ng th\u1ec3 thao.<\/li>\n<li>Gi\u00fap c\u00e2n b\u1eb1ng nhi\u1ec7t c\u01a1 th\u1ec3 m\u00f9a n\u00f3ng.<\/li>\n<li>Gi\u1ea3m nh\u1eb9 c\u01a1n \u0111au \u0111\u1ea7u.<\/li>\n<\/ul>","protected":false},"featured_media":3418,"comment_status":"closed","ping_status":"closed","template":"","meta":{"om_disable_all_campaigns":false,"_monsterinsights_skip_tracking":false,"_monsterinsights_sitenote_active":false,"_monsterinsights_sitenote_note":"","_monsterinsights_sitenote_category":0},"product_cat":[42,40,41],"product_tag":[],"aioseo_notices":[],"yoast_head":"<!-- This site is optimized with the Yoast SEO plugin v22.7 - https:\/\/yoast.com\/wordpress\/plugins\/seo\/ -->\n<title>SPA HEATING PAD - La Touche<\/title>\n<meta name=\"description\" content=\"T\u00fai ch\u01b0\u1eddm th\u01b0 gi\u00e3n, t\u00fai ch\u01b0\u1eddm spa, t\u00fai ch\u01b0\u1eddm th\u1ea3o m\u1ed9c, qu\u00e0 t\u1eb7ng % %\" \/>\n<meta name=\"robots\" content=\"index, follow, max-snippet:-1, max-image-preview:large, max-video-preview:-1\" \/>\n<link rel=\"canonical\" href=\"https:\/\/latouche.life\/vi\/san-pham\/spa-heating-pad\/\" \/>\n<meta property=\"og:locale\" content=\"vi_VN\" \/>\n<meta property=\"og:type\" content=\"article\" \/>\n<meta property=\"og:title\" content=\"SPA HEATING PAD - La Touche\" \/>\n<meta property=\"og:description\" content=\"T\u00fai ch\u01b0\u1eddm th\u01b0 gi\u00e3n, t\u00fai ch\u01b0\u1eddm spa, t\u00fai ch\u01b0\u1eddm th\u1ea3o m\u1ed9c, qu\u00e0 t\u1eb7ng % %\" \/>\n<meta property=\"og:url\" content=\"https:\/\/latouche.life\/vi\/san-pham\/spa-heating-pad\/\" \/>\n<meta property=\"og:site_name\" content=\"La Touche\" \/>\n<meta property=\"article:modified_time\" content=\"2023-11-01T05:09:34+00:00\" \/>\n<meta property=\"og:image\" content=\"https:\/\/latouche.life\/wp-content\/uploads\/2023\/05\/spa-heating-pad-4-scaled.jpg\" \/>\n\t<meta property=\"og:image:width\" content=\"2560\" \/>\n\t<meta property=\"og:image:height\" content=\"2049\" \/>\n\t<meta property=\"og:image:type\" content=\"image\/jpeg\" \/>\n<meta name=\"twitter:card\" content=\"summary_large_image\" \/>\n<meta name=\"twitter:label1\" content=\"\u01af\u1edbc t\u00ednh th\u1eddi gian \u0111\u1ecdc\" \/>\n\t<meta name=\"twitter:data1\" content=\"1 ph\u00fat\" \/>\n<script type=\"application\/ld+json\" class=\"yoast-schema-graph\">{\"@context\":\"https:\/\/schema.org\",\"@graph\":[{\"@type\":\"WebPage\",\"@id\":\"https:\/\/latouche.life\/product\/spa-heating-pad\/\",\"url\":\"https:\/\/latouche.life\/product\/spa-heating-pad\/\",\"name\":\"SPA HEATING PAD - La Touche\",\"isPartOf\":{\"@id\":\"https:\/\/latouche.life\/#website\"},\"primaryImageOfPage\":{\"@id\":\"https:\/\/latouche.life\/product\/spa-heating-pad\/#primaryimage\"},\"image\":{\"@id\":\"https:\/\/latouche.life\/product\/spa-heating-pad\/#primaryimage\"},\"thumbnailUrl\":\"https:\/\/latouche.life\/wp-content\/uploads\/2023\/05\/spa-heating-pad-4-scaled.jpg\",\"datePublished\":\"2023-05-04T05:45:21+00:00\",\"dateModified\":\"2023-11-01T05:09:34+00:00\",\"description\":\"T\u00fai ch\u01b0\u1eddm th\u01b0 gi\u00e3n, t\u00fai ch\u01b0\u1eddm spa, t\u00fai ch\u01b0\u1eddm th\u1ea3o m\u1ed9c, qu\u00e0 t\u1eb7ng % %\",\"breadcrumb\":{\"@id\":\"https:\/\/latouche.life\/product\/spa-heating-pad\/#breadcrumb\"},\"inLanguage\":\"vi\",\"potentialAction\":[{\"@type\":\"ReadAction\",\"target\":[\"https:\/\/latouche.life\/product\/spa-heating-pad\/\"]}]},{\"@type\":\"ImageObject\",\"inLanguage\":\"vi\",\"@id\":\"https:\/\/latouche.life\/product\/spa-heating-pad\/#primaryimage\",\"url\":\"https:\/\/latouche.life\/wp-content\/uploads\/2023\/05\/spa-heating-pad-4-scaled.jpg\",\"contentUrl\":\"https:\/\/latouche.life\/wp-content\/uploads\/2023\/05\/spa-heating-pad-4-scaled.jpg\",\"width\":2560,\"height\":2049},{\"@type\":\"BreadcrumbList\",\"@id\":\"https:\/\/latouche.life\/product\/spa-heating-pad\/#breadcrumb\",\"itemListElement\":[{\"@type\":\"ListItem\",\"position\":1,\"name\":\"Home\",\"item\":\"https:\/\/latouche.life\/\"},{\"@type\":\"ListItem\",\"position\":2,\"name\":\"SPA HEATING PAD\"}]},{\"@type\":\"WebSite\",\"@id\":\"https:\/\/latouche.life\/#website\",\"url\":\"https:\/\/latouche.life\/\",\"name\":\"La Touche\",\"description\":\"Create peaceful feeling from organic and natural products\",\"publisher\":{\"@id\":\"https:\/\/latouche.life\/#organization\"},\"potentialAction\":[{\"@type\":\"SearchAction\",\"target\":{\"@type\":\"EntryPoint\",\"urlTemplate\":\"https:\/\/latouche.life\/?s={search_term_string}\"},\"query-input\":\"required name=search_term_string\"}],\"inLanguage\":\"vi\"},{\"@type\":\"Organization\",\"@id\":\"https:\/\/latouche.life\/#organization\",\"name\":\"La Touche\",\"url\":\"https:\/\/latouche.life\/\",\"logo\":{\"@type\":\"ImageObject\",\"inLanguage\":\"vi\",\"@id\":\"https:\/\/latouche.life\/#\/schema\/logo\/image\/\",\"url\":\"https:\/\/latouche.life\/wp-content\/uploads\/2020\/06\/logo_round_white.png\",\"contentUrl\":\"https:\/\/latouche.life\/wp-content\/uploads\/2020\/06\/logo_round_white.png\",\"width\":106,\"height\":106,\"caption\":\"La Touche\"},\"image\":{\"@id\":\"https:\/\/latouche.life\/#\/schema\/logo\/image\/\"}}]}<\/script>\n<!-- \/ Yoast SEO plugin. -->","yoast_head_json":{"title":"SPA HEATING PAD - La Touche","description":"T\u00fai ch\u01b0\u1eddm th\u01b0 gi\u00e3n, t\u00fai ch\u01b0\u1eddm spa, t\u00fai ch\u01b0\u1eddm th\u1ea3o m\u1ed9c, qu\u00e0 t\u1eb7ng % %","robots":{"index":"index","follow":"follow","max-snippet":"max-snippet:-1","max-image-preview":"max-image-preview:large","max-video-preview":"max-video-preview:-1"},"canonical":"https:\/\/latouche.life\/vi\/san-pham\/spa-heating-pad\/","og_locale":"vi_VN","og_type":"article","og_title":"SPA HEATING PAD - La Touche","og_description":"T\u00fai ch\u01b0\u1eddm th\u01b0 gi\u00e3n, t\u00fai ch\u01b0\u1eddm spa, t\u00fai ch\u01b0\u1eddm th\u1ea3o m\u1ed9c, qu\u00e0 t\u1eb7ng % %","og_url":"https:\/\/latouche.life\/vi\/san-pham\/spa-heating-pad\/","og_site_name":"La Touche","article_modified_time":"2023-11-01T05:09:34+00:00","og_image":[{"width":2560,"height":2049,"url":"https:\/\/latouche.life\/wp-content\/uploads\/2023\/05\/spa-heating-pad-4-scaled.jpg","type":"image\/jpeg"}],"twitter_card":"summary_large_image","twitter_misc":{"\u01af\u1edbc t\u00ednh th\u1eddi gian \u0111\u1ecdc":"1 ph\u00fat"},"schema":{"@context":"https:\/\/schema.org","@graph":[{"@type":"WebPage","@id":"https:\/\/latouche.life\/product\/spa-heating-pad\/","url":"https:\/\/latouche.life\/product\/spa-heating-pad\/","name":"SPA HEATING PAD - La Touche","isPartOf":{"@id":"https:\/\/latouche.life\/#website"},"primaryImageOfPage":{"@id":"https:\/\/latouche.life\/product\/spa-heating-pad\/#primaryimage"},"image":{"@id":"https:\/\/latouche.life\/product\/spa-heating-pad\/#primaryimage"},"thumbnailUrl":"https:\/\/latouche.life\/wp-content\/uploads\/2023\/05\/spa-heating-pad-4-scaled.jpg","datePublished":"2023-05-04T05:45:21+00:00","dateModified":"2023-11-01T05:09:34+00:00","description":"T\u00fai ch\u01b0\u1eddm th\u01b0 gi\u00e3n, t\u00fai ch\u01b0\u1eddm spa, t\u00fai ch\u01b0\u1eddm th\u1ea3o m\u1ed9c, qu\u00e0 t\u1eb7ng % %","breadcrumb":{"@id":"https:\/\/latouche.life\/product\/spa-heating-pad\/#breadcrumb"},"inLanguage":"vi","potentialAction":[{"@type":"ReadAction","target":["https:\/\/latouche.life\/product\/spa-heating-pad\/"]}]},{"@type":"ImageObject","inLanguage":"vi","@id":"https:\/\/latouche.life\/product\/spa-heating-pad\/#primaryimage","url":"https:\/\/latouche.life\/wp-content\/uploads\/2023\/05\/spa-heating-pad-4-scaled.jpg","contentUrl":"https:\/\/latouche.life\/wp-content\/uploads\/2023\/05\/spa-heating-pad-4-scaled.jpg","width":2560,"height":2049},{"@type":"BreadcrumbList","@id":"https:\/\/latouche.life\/product\/spa-heating-pad\/#breadcrumb","itemListElement":[{"@type":"ListItem","position":1,"name":"Home","item":"https:\/\/latouche.life\/"},{"@type":"ListItem","position":2,"name":"SPA HEATING PAD"}]},{"@type":"WebSite","@id":"https:\/\/latouche.life\/#website","url":"https:\/\/latouche.life\/","name":"La Touche","description":"Create peaceful feeling from organic and natural products","publisher":{"@id":"https:\/\/latouche.life\/#organization"},"potentialAction":[{"@type":"SearchAction","target":{"@type":"EntryPoint","urlTemplate":"https:\/\/latouche.life\/?s={search_term_string}"},"query-input":"required name=search_term_string"}],"inLanguage":"vi"},{"@type":"Organization","@id":"https:\/\/latouche.life\/#organization","name":"La Touche","url":"https:\/\/latouche.life\/","logo":{"@type":"ImageObject","inLanguage":"vi","@id":"https:\/\/latouche.life\/#\/schema\/logo\/image\/","url":"https:\/\/latouche.life\/wp-content\/uploads\/2020\/06\/logo_round_white.png","contentUrl":"https:\/\/latouche.life\/wp-content\/uploads\/2020\/06\/logo_round_white.png","width":106,"height":106,"caption":"La Touche"},"image":{"@id":"https:\/\/latouche.life\/#\/schema\/logo\/image\/"}}]}},"_links":{"self":[{"href":"https:\/\/latouche.life\/vi\/wp-json\/wp\/v2\/product\/3441"}],"collection":[{"href":"https:\/\/latouche.life\/vi\/wp-json\/wp\/v2\/product"}],"about":[{"href":"https:\/\/latouche.life\/vi\/wp-json\/wp\/v2\/types\/product"}],"replies":[{"embeddable":true,"href":"https:\/\/latouche.life\/vi\/wp-json\/wp\/v2\/comments?post=3441"}],"version-history":[{"count":6,"href":"https:\/\/latouche.life\/vi\/wp-json\/wp\/v2\/product\/3441\/revisions"}],"predecessor-version":[{"id":3570,"href":"https:\/\/latouche.life\/vi\/wp-json\/wp\/v2\/product\/3441\/revisions\/3570"}],"wp:featuredmedia":[{"embeddable":true,"href":"https:\/\/latouche.life\/vi\/wp-json\/wp\/v2\/media\/3418"}],"wp:attachment":[{"href":"https:\/\/latouche.life\/vi\/wp-json\/wp\/v2\/media?parent=3441"}],"wp:term":[{"taxonomy":"product_cat","embeddable":true,"href":"https:\/\/latouche.life\/vi\/wp-json\/wp\/v2\/product_cat?post=3441"},{"taxonomy":"product_tag","embeddable":true,"href":"https:\/\/latouche.life\/vi\/wp-json\/wp\/v2\/product_tag?post=3441"}],"curies":[{"name":"wp","href":"https:\/\/api.w.org\/{rel}","templated":true}]}}