{"id":3197,"date":"2022-10-06T05:56:00","date_gmt":"2022-10-06T05:56:00","guid":{"rendered":"http:\/\/latouche.life\/?post_type=product&#038;p=3197"},"modified":"2022-12-18T08:34:28","modified_gmt":"2022-12-18T08:34:28","slug":"vo-dau-xanh","status":"publish","type":"product","link":"https:\/\/latouche.life\/vi\/san-pham\/vo-dau-xanh\/","title":{"rendered":"V\u1ecf \u0111\u1eadu xanh s\u1ea1ch s\u1ea5y kh\u00f4"},"content":{"rendered":"<p>\u2022 Ch\u00fang t\u00f4i khuy\u1ebfn c\u00e1o b\u1ea1n gi\u1eef s\u1ea3n ph\u1ea9m n\u01a1i kh\u00f4 r\u00e1o v\u00e0 s\u1ea1ch s\u1ebd. Vui l\u00f2ng tr\u00e1nh \u1ea9m, n\u01b0\u1edbc v\u00e0 b\u1ee5i.<br \/>\n\u2022 B\u1ea1n n\u00ean ph\u01a1i ru\u1ed9t g\u1ed1i d\u01b0\u1edbi \u00e1nh n\u1eafng m\u1ed9t l\u1ea7n m\u1ed7i th\u00e1ng. Khi gi\u1eb7t, kh\u00f4ng d\u00f9ng ch\u1ea5t t\u1ea9y v\u00e0 ph\u01a1i tr\u00e1nh \u00e1nh n\u1eafng tr\u1ef1c ti\u1ebfp \u0111\u1ec3 b\u1ea3o qu\u1ea3n m\u00e0u cho v\u1ecf g\u1ed1i.<br \/>\n\u2022 S\u1ea3n ph\u1ea9m c\u1ee7a ch\u00fang t\u00f4i c\u00f3 6 th\u00e1ng b\u1ea3o h\u00e0nh cho nh\u1eefng l\u1ed7i v\u1ec1 \u0111\u01b0\u1eddng may v\u00e0 d\u00e2y k\u00e9o kh\u00f3a. B\u00ean c\u1ea1nh \u0111\u00f3, ch\u00fang t\u00f4i khuy\u00ean b\u1ea1n thay m\u1edbi ru\u1ed9t g\u1ed1i m\u1ed7i 2 n\u0103m m\u1ed9t l\u1ea7n nh\u1eb1m duy tr\u00ec ch\u1ea5t l\u01b0\u1ee3ng ru\u1ed9t t\u1ed1t nh\u1ea5t.<br \/>\n\u2022 Vui l\u00f2ng li\u00ean l\u1ea1c La Touche theo email: info@latouche.life ho\u1eb7c g\u1ecdi (+84) 777 010 968 n\u1ebfu b\u1ea1n c\u00f3 v\u1ea5n \u0111\u1ec1 c\u1ea7n trao \u0111\u1ed5i.<\/p>","protected":false},"excerpt":{"rendered":"<p>V\u1ecf \u0111\u1eadu xanh \u0111\u01b0\u1ee3c ch\u00fang t\u00f4i x\u1eed l\u00fd k\u1ef9 tr\u01b0\u1edbc khi cho v\u00e0o qu\u00e1 tr\u00ecnh s\u1ea5y kh\u00f4. V\u1ecf \u0111\u01b0\u1ee3c l\u00e0m kh\u00f4 d\u01b0\u1edbi \u00e1nh n\u1eafng, sau \u0111\u00f3 \u0111\u01b0\u1ee3c s\u1ea5y c\u00f4ng nghi\u1ec7p \u0111\u1ec3 \u0111\u1ea3m b\u1ea3o s\u1ee9c kh\u1ecfe ng\u01b0\u1eddi d\u00f9ng v\u00e0 \u0111\u1ea3m b\u1ea3o kh\u00f4ng c\u00f3 c\u00f4n tr\u00f9ng trong qu\u00e1 tr\u00ecnh s\u1eed d\u1ee5ng.<\/p>\n<p>Ch\u00fang t\u00f4i x\u1eed l\u00fd v\u1ecf \u0111\u1eadu xanh 100% t\u1ef1 nhi\u00ean v\u1edbi 0% h\u00f3a ch\u1ea5t b\u1ea3o qu\u1ea3n nh\u1eb1m kh\u00f4ng g\u00e2y k\u00edch \u1ee9ng da cho ng\u01b0\u1eddi d\u00f9ng.<\/p>","protected":false},"featured_media":3203,"comment_status":"open","ping_status":"closed","template":"","meta":{"om_disable_all_campaigns":false,"_monsterinsights_skip_tracking":false,"_monsterinsights_sitenote_active":false,"_monsterinsights_sitenote_note":"","_monsterinsights_sitenote_category":0},"product_cat":[35,37],"product_tag":[],"aioseo_notices":[],"yoast_head":"<!-- This site is optimized with the Yoast SEO plugin v22.7 - https:\/\/yoast.com\/wordpress\/plugins\/seo\/ -->\n<title>Dried green bean hulls - La Touche<\/title>\n<meta name=\"robots\" content=\"index, follow, max-snippet:-1, max-image-preview:large, max-video-preview:-1\" \/>\n<link rel=\"canonical\" href=\"https:\/\/latouche.life\/vi\/san-pham\/vo-dau-xanh\/\" \/>\n<meta property=\"og:locale\" content=\"vi_VN\" \/>\n<meta property=\"og:type\" content=\"article\" \/>\n<meta property=\"og:title\" content=\"Dried green bean hulls - La Touche\" \/>\n<meta property=\"og:description\" content=\"Our green bean hull is well sieved many times and dried twice under the sunlight and by dehydrator to ensure the best quality for your health and prevent the appearance of insects during usage.  We keep the hulls 100% natural with 0% chemical to ensure not to caught allergy to your skin.\" \/>\n<meta property=\"og:url\" content=\"https:\/\/latouche.life\/vi\/san-pham\/vo-dau-xanh\/\" \/>\n<meta property=\"og:site_name\" content=\"La Touche\" \/>\n<meta property=\"article:modified_time\" content=\"2022-12-18T08:34:28+00:00\" \/>\n<meta property=\"og:image\" content=\"https:\/\/latouche.life\/wp-content\/uploads\/2022\/10\/vo-dau-xanh.jpg\" \/>\n\t<meta property=\"og:image:width\" content=\"940\" \/>\n\t<meta property=\"og:image:height\" content=\"788\" \/>\n\t<meta property=\"og:image:type\" content=\"image\/jpeg\" \/>\n<meta name=\"twitter:card\" content=\"summary_large_image\" \/>\n<meta name=\"twitter:label1\" content=\"\u01af\u1edbc t\u00ednh th\u1eddi gian \u0111\u1ecdc\" \/>\n\t<meta name=\"twitter:data1\" content=\"1 ph\u00fat\" \/>\n<script type=\"application\/ld+json\" class=\"yoast-schema-graph\">{\"@context\":\"https:\/\/schema.org\",\"@graph\":[{\"@type\":\"WebPage\",\"@id\":\"https:\/\/latouche.life\/product\/vo-dau-xanh\/\",\"url\":\"https:\/\/latouche.life\/product\/vo-dau-xanh\/\",\"name\":\"Dried green bean hulls - La Touche\",\"isPartOf\":{\"@id\":\"https:\/\/latouche.life\/#website\"},\"primaryImageOfPage\":{\"@id\":\"https:\/\/latouche.life\/product\/vo-dau-xanh\/#primaryimage\"},\"image\":{\"@id\":\"https:\/\/latouche.life\/product\/vo-dau-xanh\/#primaryimage\"},\"thumbnailUrl\":\"https:\/\/latouche.life\/wp-content\/uploads\/2022\/10\/vo-dau-xanh.jpg\",\"datePublished\":\"2022-10-06T05:56:00+00:00\",\"dateModified\":\"2022-12-18T08:34:28+00:00\",\"breadcrumb\":{\"@id\":\"https:\/\/latouche.life\/product\/vo-dau-xanh\/#breadcrumb\"},\"inLanguage\":\"vi\",\"potentialAction\":[{\"@type\":\"ReadAction\",\"target\":[\"https:\/\/latouche.life\/product\/vo-dau-xanh\/\"]}]},{\"@type\":\"ImageObject\",\"inLanguage\":\"vi\",\"@id\":\"https:\/\/latouche.life\/product\/vo-dau-xanh\/#primaryimage\",\"url\":\"https:\/\/latouche.life\/wp-content\/uploads\/2022\/10\/vo-dau-xanh.jpg\",\"contentUrl\":\"https:\/\/latouche.life\/wp-content\/uploads\/2022\/10\/vo-dau-xanh.jpg\",\"width\":940,\"height\":788},{\"@type\":\"BreadcrumbList\",\"@id\":\"https:\/\/latouche.life\/product\/vo-dau-xanh\/#breadcrumb\",\"itemListElement\":[{\"@type\":\"ListItem\",\"position\":1,\"name\":\"Home\",\"item\":\"https:\/\/latouche.life\/\"},{\"@type\":\"ListItem\",\"position\":2,\"name\":\"Dried green bean hulls\"}]},{\"@type\":\"WebSite\",\"@id\":\"https:\/\/latouche.life\/#website\",\"url\":\"https:\/\/latouche.life\/\",\"name\":\"La Touche\",\"description\":\"Create peaceful feeling from organic and natural products\",\"publisher\":{\"@id\":\"https:\/\/latouche.life\/#organization\"},\"potentialAction\":[{\"@type\":\"SearchAction\",\"target\":{\"@type\":\"EntryPoint\",\"urlTemplate\":\"https:\/\/latouche.life\/?s={search_term_string}\"},\"query-input\":\"required name=search_term_string\"}],\"inLanguage\":\"vi\"},{\"@type\":\"Organization\",\"@id\":\"https:\/\/latouche.life\/#organization\",\"name\":\"La Touche\",\"url\":\"https:\/\/latouche.life\/\",\"logo\":{\"@type\":\"ImageObject\",\"inLanguage\":\"vi\",\"@id\":\"https:\/\/latouche.life\/#\/schema\/logo\/image\/\",\"url\":\"https:\/\/latouche.life\/wp-content\/uploads\/2020\/06\/logo_round_white.png\",\"contentUrl\":\"https:\/\/latouche.life\/wp-content\/uploads\/2020\/06\/logo_round_white.png\",\"width\":106,\"height\":106,\"caption\":\"La Touche\"},\"image\":{\"@id\":\"https:\/\/latouche.life\/#\/schema\/logo\/image\/\"}}]}<\/script>\n<!-- \/ Yoast SEO plugin. -->","yoast_head_json":{"title":"Dried green bean hulls - La Touche","robots":{"index":"index","follow":"follow","max-snippet":"max-snippet:-1","max-image-preview":"max-image-preview:large","max-video-preview":"max-video-preview:-1"},"canonical":"https:\/\/latouche.life\/vi\/san-pham\/vo-dau-xanh\/","og_locale":"vi_VN","og_type":"article","og_title":"Dried green bean hulls - La Touche","og_description":"Our green bean hull is well sieved many times and dried twice under the sunlight and by dehydrator to ensure the best quality for your health and prevent the appearance of insects during usage.  We keep the hulls 100% natural with 0% chemical to ensure not to caught allergy to your skin.","og_url":"https:\/\/latouche.life\/vi\/san-pham\/vo-dau-xanh\/","og_site_name":"La Touche","article_modified_time":"2022-12-18T08:34:28+00:00","og_image":[{"width":940,"height":788,"url":"https:\/\/latouche.life\/wp-content\/uploads\/2022\/10\/vo-dau-xanh.jpg","type":"image\/jpeg"}],"twitter_card":"summary_large_image","twitter_misc":{"\u01af\u1edbc t\u00ednh th\u1eddi gian \u0111\u1ecdc":"1 ph\u00fat"},"schema":{"@context":"https:\/\/schema.org","@graph":[{"@type":"WebPage","@id":"https:\/\/latouche.life\/product\/vo-dau-xanh\/","url":"https:\/\/latouche.life\/product\/vo-dau-xanh\/","name":"Dried green bean hulls - La Touche","isPartOf":{"@id":"https:\/\/latouche.life\/#website"},"primaryImageOfPage":{"@id":"https:\/\/latouche.life\/product\/vo-dau-xanh\/#primaryimage"},"image":{"@id":"https:\/\/latouche.life\/product\/vo-dau-xanh\/#primaryimage"},"thumbnailUrl":"https:\/\/latouche.life\/wp-content\/uploads\/2022\/10\/vo-dau-xanh.jpg","datePublished":"2022-10-06T05:56:00+00:00","dateModified":"2022-12-18T08:34:28+00:00","breadcrumb":{"@id":"https:\/\/latouche.life\/product\/vo-dau-xanh\/#breadcrumb"},"inLanguage":"vi","potentialAction":[{"@type":"ReadAction","target":["https:\/\/latouche.life\/product\/vo-dau-xanh\/"]}]},{"@type":"ImageObject","inLanguage":"vi","@id":"https:\/\/latouche.life\/product\/vo-dau-xanh\/#primaryimage","url":"https:\/\/latouche.life\/wp-content\/uploads\/2022\/10\/vo-dau-xanh.jpg","contentUrl":"https:\/\/latouche.life\/wp-content\/uploads\/2022\/10\/vo-dau-xanh.jpg","width":940,"height":788},{"@type":"BreadcrumbList","@id":"https:\/\/latouche.life\/product\/vo-dau-xanh\/#breadcrumb","itemListElement":[{"@type":"ListItem","position":1,"name":"Home","item":"https:\/\/latouche.life\/"},{"@type":"ListItem","position":2,"name":"Dried green bean hulls"}]},{"@type":"WebSite","@id":"https:\/\/latouche.life\/#website","url":"https:\/\/latouche.life\/","name":"La Touche","description":"Create peaceful feeling from organic and natural products","publisher":{"@id":"https:\/\/latouche.life\/#organization"},"potentialAction":[{"@type":"SearchAction","target":{"@type":"EntryPoint","urlTemplate":"https:\/\/latouche.life\/?s={search_term_string}"},"query-input":"required name=search_term_string"}],"inLanguage":"vi"},{"@type":"Organization","@id":"https:\/\/latouche.life\/#organization","name":"La Touche","url":"https:\/\/latouche.life\/","logo":{"@type":"ImageObject","inLanguage":"vi","@id":"https:\/\/latouche.life\/#\/schema\/logo\/image\/","url":"https:\/\/latouche.life\/wp-content\/uploads\/2020\/06\/logo_round_white.png","contentUrl":"https:\/\/latouche.life\/wp-content\/uploads\/2020\/06\/logo_round_white.png","width":106,"height":106,"caption":"La Touche"},"image":{"@id":"https:\/\/latouche.life\/#\/schema\/logo\/image\/"}}]}},"_links":{"self":[{"href":"https:\/\/latouche.life\/vi\/wp-json\/wp\/v2\/product\/3197"}],"collection":[{"href":"https:\/\/latouche.life\/vi\/wp-json\/wp\/v2\/product"}],"about":[{"href":"https:\/\/latouche.life\/vi\/wp-json\/wp\/v2\/types\/product"}],"replies":[{"embeddable":true,"href":"https:\/\/latouche.life\/vi\/wp-json\/wp\/v2\/comments?post=3197"}],"version-history":[{"count":1,"href":"https:\/\/latouche.life\/vi\/wp-json\/wp\/v2\/product\/3197\/revisions"}],"predecessor-version":[{"id":3267,"href":"https:\/\/latouche.life\/vi\/wp-json\/wp\/v2\/product\/3197\/revisions\/3267"}],"wp:featuredmedia":[{"embeddable":true,"href":"https:\/\/latouche.life\/vi\/wp-json\/wp\/v2\/media\/3203"}],"wp:attachment":[{"href":"https:\/\/latouche.life\/vi\/wp-json\/wp\/v2\/media?parent=3197"}],"wp:term":[{"taxonomy":"product_cat","embeddable":true,"href":"https:\/\/latouche.life\/vi\/wp-json\/wp\/v2\/product_cat?post=3197"},{"taxonomy":"product_tag","embeddable":true,"href":"https:\/\/latouche.life\/vi\/wp-json\/wp\/v2\/product_tag?post=3197"}],"curies":[{"name":"wp","href":"https:\/\/api.w.org\/{rel}","templated":true}]}}