{"id":3147,"date":"2022-10-03T08:04:32","date_gmt":"2022-10-03T08:04:32","guid":{"rendered":"http:\/\/latouche.life\/?post_type=product&#038;p=3147"},"modified":"2023-11-01T05:10:24","modified_gmt":"2023-11-01T05:10:24","slug":"dream-pillows","status":"publish","type":"product","link":"https:\/\/latouche.life\/vi\/san-pham\/dream-pillows\/","title":{"rendered":"T\u00fai ch\u01b0\u1eddm th\u01b0 gi\u00e3n"},"content":{"rendered":"<p>M\u1ed7i t\u00fai ch\u01b0\u1eddm bao g\u1ed3m 01 lo\u1ea1i h\u01b0\u01a1ng th\u1ea3o s\u1ea5y v\u00e0 02 lo\u1ea1i h\u1ea1t gi\u1eef nhi\u1ec7t nh\u01b0 sau:<br \/>\n\u2714 H\u01b0\u01a1ng O\u1ea3i H\u01b0\u01a1ng gi\u00fap th\u01b0 gi\u00e3n c\u01a1 th\u1ec3, gi\u1ea3m \u00e2u lo, c\u0103ng th\u1eb3ng c\u0169ng nh\u01b0 gi\u00fap b\u1ea1n c\u1ea3m th\u1ea5y s\u1ef1 b\u00ecnh y\u00ean v\u00e0 kh\u1ecfe kho\u1eafn.<br \/>\n\u2714 H\u01b0\u01a1ng H\u01b0\u01a1ng Th\u1ea3o gi\u00fap c\u1ea3i thi\u1ec7n c\u1ea3m x\u00fac v\u00e0 s\u1ee9c kh\u1ecfe tinh th\u1ea7n b\u1eb1ng c\u00e1ch gi\u1ea3m h\u00f3c-m\u00f4n t\u1ea1o s\u1ef1 c\u0103ng th\u1eb3ng trong m\u00e1u. H\u00edt th\u1edf h\u01b0\u01a1ng th\u1ea3o c\u00f3 th\u1ec3 gi\u00fap gi\u1ea3m c\u00e1c v\u1ea5n \u0111\u1ec1 v\u1ec1 h\u00f4 h\u1ea5p do t\u00ednh n\u0103ng kh\u00e1ng khu\u1ea9n trong h\u01b0\u01a1ng.<br \/>\n\u2714 H\u01b0\u01a1ng hoa l\u00e0i ch\u1ee9a th\u00e0nh ph\u1ea7n kh\u00e1ng khu\u1ea9n. M\u00f9i h\u01b0\u01a1ng n\u00e0y t\u00e1c \u0111\u1ed9ng \u0111\u1ebfn c\u1ea3m x\u00fac c\u1ee7a b\u1ea1n, c\u00f3 th\u1ec3 gi\u00fap b\u1ea1n c\u1ea3m nh\u1eadn \u0111\u01b0\u1ee3c s\u1ef1 t\u00edch c\u1ef1c, n\u0103ng l\u01b0\u1ee3ng v\u00e0 c\u1ea3 s\u1ef1 l\u00e3ng m\u1ea1n.<br \/>\n&#8212;<br \/>\n\u2714 Tinh d\u1ea7u t\u1ef1 nhi\u00ean ch\u1ee9a trong h\u1ea1t lanh t\u00e1c \u0111\u1ed9ng t\u1ed1t \u0111\u1ebfn da v\u00e0 gi\u00fap \u0111\u00f4i m\u1eaft b\u1ea1n c\u1ea3m th\u1ea5y kh\u1ecfe kho\u1eafn h\u01a1n.<br \/>\n\u2714 K\u1ebft c\u1ea5u d\u00e0y c\u1ee7a H\u1ea1t Th\u1ea3o Quy\u1ebft Minh c\u00f3 t\u00e1c d\u1ee5ng xoa b\u00f3p huy\u1ec7t kinh l\u1ea1c \u0111\u1ec3 \u0111i\u1ec1u tr\u1ecb c\u00e1c ch\u1ee9ng b\u1ec7nh nh\u01b0 ch\u00f3ng m\u1eb7t, m\u1ea5t ng\u1ee7. Ngo\u00e0i ra, tinh d\u1ea7u h\u1ea1t Quy\u1ebft Th\u1ea3o c\u00f3 th\u1ec3 gi\u00fap gi\u1ea3m b\u1edbt c\u0103ng th\u1eb3ng v\u00e0 lo l\u1eafng, gi\u00fap c\u1ea3i thi\u1ec7n ch\u1ea5t l\u01b0\u1ee3ng gi\u1ea5c ng\u1ee7.<br \/>\n\u2714 \u0110\u1ed1i v\u1edbi d\u00f2ng kh\u00f4ng h\u01b0\u01a1ng, ch\u00fang t\u00f4i ch\u1ec9 s\u1eed d\u1ee5ng c\u00e1c lo\u1ea1i h\u1ea1t l\u00e0m nguy\u00ean li\u1ec7u cho t\u00fai ch\u01b0\u1eddm.<\/p>","protected":false},"excerpt":{"rendered":"<p>\u2022  Vui l\u00f2ng \u0111\u1ec3 t\u00fai v\u00e0o ng\u0103n \u0111\u00f4ng t\u1ee7 l\u1ea1nh 30-45 ph\u00fat \u0111\u1ec3 s\u1eed d\u1ee5ng l\u1ea1nh ho\u1eb7c \u0111\u1ec3 v\u00e0o l\u00f2 vi s\u00f3ng kho\u1ea3ng 30-45 gi\u00e2y \u0111\u1ec3 s\u1eed d\u1ee5ng \u1ea5m.<br \/>\n\u2022 K\u00edch th\u01b0\u1edbc: 25x12cm<br \/>\n\u2022 Tr\u1ecdng l\u01b0\u1ee3ng: 250-300g<br \/>\n\u2022 Ch\u1ea5t v\u1ea3i: linen g\u1ed1c th\u1ef1c v\u1eadt<br \/>\n\u2022 Please leave some notes on your order if you have any special color requests.<\/p>","protected":false},"featured_media":2860,"comment_status":"open","ping_status":"closed","template":"","meta":{"om_disable_all_campaigns":false,"_monsterinsights_skip_tracking":false,"_monsterinsights_sitenote_active":false,"_monsterinsights_sitenote_note":"","_monsterinsights_sitenote_category":0},"product_cat":[35],"product_tag":[],"aioseo_notices":[],"yoast_head":"<!-- This site is optimized with the Yoast SEO plugin v22.7 - https:\/\/yoast.com\/wordpress\/plugins\/seo\/ -->\n<title>Dream pillows - La Touche<\/title>\n<meta name=\"robots\" content=\"index, follow, max-snippet:-1, max-image-preview:large, max-video-preview:-1\" \/>\n<link rel=\"canonical\" href=\"https:\/\/latouche.life\/vi\/san-pham\/dream-pillows\/\" \/>\n<meta property=\"og:locale\" content=\"vi_VN\" \/>\n<meta property=\"og:type\" content=\"article\" \/>\n<meta property=\"og:title\" content=\"Dream pillows - La Touche\" \/>\n<meta property=\"og:description\" content=\"\u2022 Please put the eyes pillow in the freezer for 30-45 minutes for cold use or heat up in the microwave for around 30-45 seconds for warm use. \u2022 Used dimension: 25x12cm \u2022 Weight: 250-300g \u2022 Fabric: soft plant-based Linen \u2022 Please leave some notes on your order if you have any special color requests.\" \/>\n<meta property=\"og:url\" content=\"https:\/\/latouche.life\/vi\/san-pham\/dream-pillows\/\" \/>\n<meta property=\"og:site_name\" content=\"La Touche\" \/>\n<meta property=\"article:modified_time\" content=\"2023-11-01T05:10:24+00:00\" \/>\n<meta property=\"og:image\" content=\"https:\/\/latouche.life\/wp-content\/uploads\/2022\/06\/eyes-pillow-scaled.jpg\" \/>\n\t<meta property=\"og:image:width\" content=\"2560\" \/>\n\t<meta property=\"og:image:height\" content=\"1920\" \/>\n\t<meta property=\"og:image:type\" content=\"image\/jpeg\" \/>\n<meta name=\"twitter:card\" content=\"summary_large_image\" \/>\n<meta name=\"twitter:label1\" content=\"\u01af\u1edbc t\u00ednh th\u1eddi gian \u0111\u1ecdc\" \/>\n\t<meta name=\"twitter:data1\" content=\"1 ph\u00fat\" \/>\n<script type=\"application\/ld+json\" class=\"yoast-schema-graph\">{\"@context\":\"https:\/\/schema.org\",\"@graph\":[{\"@type\":\"WebPage\",\"@id\":\"https:\/\/latouche.life\/product\/dream-pillows\/\",\"url\":\"https:\/\/latouche.life\/product\/dream-pillows\/\",\"name\":\"Dream pillows - La Touche\",\"isPartOf\":{\"@id\":\"https:\/\/latouche.life\/#website\"},\"primaryImageOfPage\":{\"@id\":\"https:\/\/latouche.life\/product\/dream-pillows\/#primaryimage\"},\"image\":{\"@id\":\"https:\/\/latouche.life\/product\/dream-pillows\/#primaryimage\"},\"thumbnailUrl\":\"https:\/\/latouche.life\/wp-content\/uploads\/2022\/06\/eyes-pillow-scaled.jpg\",\"datePublished\":\"2022-10-03T08:04:32+00:00\",\"dateModified\":\"2023-11-01T05:10:24+00:00\",\"breadcrumb\":{\"@id\":\"https:\/\/latouche.life\/product\/dream-pillows\/#breadcrumb\"},\"inLanguage\":\"vi\",\"potentialAction\":[{\"@type\":\"ReadAction\",\"target\":[\"https:\/\/latouche.life\/product\/dream-pillows\/\"]}]},{\"@type\":\"ImageObject\",\"inLanguage\":\"vi\",\"@id\":\"https:\/\/latouche.life\/product\/dream-pillows\/#primaryimage\",\"url\":\"https:\/\/latouche.life\/wp-content\/uploads\/2022\/06\/eyes-pillow-scaled.jpg\",\"contentUrl\":\"https:\/\/latouche.life\/wp-content\/uploads\/2022\/06\/eyes-pillow-scaled.jpg\",\"width\":2560,\"height\":1920,\"caption\":\"Dream Pillow\"},{\"@type\":\"BreadcrumbList\",\"@id\":\"https:\/\/latouche.life\/product\/dream-pillows\/#breadcrumb\",\"itemListElement\":[{\"@type\":\"ListItem\",\"position\":1,\"name\":\"Home\",\"item\":\"https:\/\/latouche.life\/\"},{\"@type\":\"ListItem\",\"position\":2,\"name\":\"Dream pillows\"}]},{\"@type\":\"WebSite\",\"@id\":\"https:\/\/latouche.life\/#website\",\"url\":\"https:\/\/latouche.life\/\",\"name\":\"La Touche\",\"description\":\"Create peaceful feeling from organic and natural products\",\"publisher\":{\"@id\":\"https:\/\/latouche.life\/#organization\"},\"potentialAction\":[{\"@type\":\"SearchAction\",\"target\":{\"@type\":\"EntryPoint\",\"urlTemplate\":\"https:\/\/latouche.life\/?s={search_term_string}\"},\"query-input\":\"required name=search_term_string\"}],\"inLanguage\":\"vi\"},{\"@type\":\"Organization\",\"@id\":\"https:\/\/latouche.life\/#organization\",\"name\":\"La Touche\",\"url\":\"https:\/\/latouche.life\/\",\"logo\":{\"@type\":\"ImageObject\",\"inLanguage\":\"vi\",\"@id\":\"https:\/\/latouche.life\/#\/schema\/logo\/image\/\",\"url\":\"https:\/\/latouche.life\/wp-content\/uploads\/2020\/06\/logo_round_white.png\",\"contentUrl\":\"https:\/\/latouche.life\/wp-content\/uploads\/2020\/06\/logo_round_white.png\",\"width\":106,\"height\":106,\"caption\":\"La Touche\"},\"image\":{\"@id\":\"https:\/\/latouche.life\/#\/schema\/logo\/image\/\"}}]}<\/script>\n<!-- \/ Yoast SEO plugin. -->","yoast_head_json":{"title":"Dream pillows - La Touche","robots":{"index":"index","follow":"follow","max-snippet":"max-snippet:-1","max-image-preview":"max-image-preview:large","max-video-preview":"max-video-preview:-1"},"canonical":"https:\/\/latouche.life\/vi\/san-pham\/dream-pillows\/","og_locale":"vi_VN","og_type":"article","og_title":"Dream pillows - La Touche","og_description":"\u2022 Please put the eyes pillow in the freezer for 30-45 minutes for cold use or heat up in the microwave for around 30-45 seconds for warm use. \u2022 Used dimension: 25x12cm \u2022 Weight: 250-300g \u2022 Fabric: soft plant-based Linen \u2022 Please leave some notes on your order if you have any special color requests.","og_url":"https:\/\/latouche.life\/vi\/san-pham\/dream-pillows\/","og_site_name":"La Touche","article_modified_time":"2023-11-01T05:10:24+00:00","og_image":[{"width":2560,"height":1920,"url":"https:\/\/latouche.life\/wp-content\/uploads\/2022\/06\/eyes-pillow-scaled.jpg","type":"image\/jpeg"}],"twitter_card":"summary_large_image","twitter_misc":{"\u01af\u1edbc t\u00ednh th\u1eddi gian \u0111\u1ecdc":"1 ph\u00fat"},"schema":{"@context":"https:\/\/schema.org","@graph":[{"@type":"WebPage","@id":"https:\/\/latouche.life\/product\/dream-pillows\/","url":"https:\/\/latouche.life\/product\/dream-pillows\/","name":"Dream pillows - La Touche","isPartOf":{"@id":"https:\/\/latouche.life\/#website"},"primaryImageOfPage":{"@id":"https:\/\/latouche.life\/product\/dream-pillows\/#primaryimage"},"image":{"@id":"https:\/\/latouche.life\/product\/dream-pillows\/#primaryimage"},"thumbnailUrl":"https:\/\/latouche.life\/wp-content\/uploads\/2022\/06\/eyes-pillow-scaled.jpg","datePublished":"2022-10-03T08:04:32+00:00","dateModified":"2023-11-01T05:10:24+00:00","breadcrumb":{"@id":"https:\/\/latouche.life\/product\/dream-pillows\/#breadcrumb"},"inLanguage":"vi","potentialAction":[{"@type":"ReadAction","target":["https:\/\/latouche.life\/product\/dream-pillows\/"]}]},{"@type":"ImageObject","inLanguage":"vi","@id":"https:\/\/latouche.life\/product\/dream-pillows\/#primaryimage","url":"https:\/\/latouche.life\/wp-content\/uploads\/2022\/06\/eyes-pillow-scaled.jpg","contentUrl":"https:\/\/latouche.life\/wp-content\/uploads\/2022\/06\/eyes-pillow-scaled.jpg","width":2560,"height":1920,"caption":"Dream Pillow"},{"@type":"BreadcrumbList","@id":"https:\/\/latouche.life\/product\/dream-pillows\/#breadcrumb","itemListElement":[{"@type":"ListItem","position":1,"name":"Home","item":"https:\/\/latouche.life\/"},{"@type":"ListItem","position":2,"name":"Dream pillows"}]},{"@type":"WebSite","@id":"https:\/\/latouche.life\/#website","url":"https:\/\/latouche.life\/","name":"La Touche","description":"Create peaceful feeling from organic and natural products","publisher":{"@id":"https:\/\/latouche.life\/#organization"},"potentialAction":[{"@type":"SearchAction","target":{"@type":"EntryPoint","urlTemplate":"https:\/\/latouche.life\/?s={search_term_string}"},"query-input":"required name=search_term_string"}],"inLanguage":"vi"},{"@type":"Organization","@id":"https:\/\/latouche.life\/#organization","name":"La Touche","url":"https:\/\/latouche.life\/","logo":{"@type":"ImageObject","inLanguage":"vi","@id":"https:\/\/latouche.life\/#\/schema\/logo\/image\/","url":"https:\/\/latouche.life\/wp-content\/uploads\/2020\/06\/logo_round_white.png","contentUrl":"https:\/\/latouche.life\/wp-content\/uploads\/2020\/06\/logo_round_white.png","width":106,"height":106,"caption":"La Touche"},"image":{"@id":"https:\/\/latouche.life\/#\/schema\/logo\/image\/"}}]}},"_links":{"self":[{"href":"https:\/\/latouche.life\/vi\/wp-json\/wp\/v2\/product\/3147"}],"collection":[{"href":"https:\/\/latouche.life\/vi\/wp-json\/wp\/v2\/product"}],"about":[{"href":"https:\/\/latouche.life\/vi\/wp-json\/wp\/v2\/types\/product"}],"replies":[{"embeddable":true,"href":"https:\/\/latouche.life\/vi\/wp-json\/wp\/v2\/comments?post=3147"}],"version-history":[{"count":1,"href":"https:\/\/latouche.life\/vi\/wp-json\/wp\/v2\/product\/3147\/revisions"}],"predecessor-version":[{"id":3491,"href":"https:\/\/latouche.life\/vi\/wp-json\/wp\/v2\/product\/3147\/revisions\/3491"}],"wp:featuredmedia":[{"embeddable":true,"href":"https:\/\/latouche.life\/vi\/wp-json\/wp\/v2\/media\/2860"}],"wp:attachment":[{"href":"https:\/\/latouche.life\/vi\/wp-json\/wp\/v2\/media?parent=3147"}],"wp:term":[{"taxonomy":"product_cat","embeddable":true,"href":"https:\/\/latouche.life\/vi\/wp-json\/wp\/v2\/product_cat?post=3147"},{"taxonomy":"product_tag","embeddable":true,"href":"https:\/\/latouche.life\/vi\/wp-json\/wp\/v2\/product_tag?post=3147"}],"curies":[{"name":"wp","href":"https:\/\/api.w.org\/{rel}","templated":true}]}}