{"id":3146,"date":"2022-10-03T07:56:32","date_gmt":"2022-10-03T07:56:32","guid":{"rendered":"http:\/\/latouche.life\/?post_type=product&#038;p=3146"},"modified":"2022-12-18T08:39:40","modified_gmt":"2022-12-18T08:39:40","slug":"zafu-bag","status":"publish","type":"product","link":"https:\/\/latouche.life\/vi\/san-pham\/zafu-bag\/","title":{"rendered":"T\u00fai B\u1ed3 \u0111o\u00e0n"},"content":{"rendered":"<p>T\u00fai B\u1ed3 \u0111o\u00e0n l\u00e0 m\u1ed9t ph\u1ee5 ki\u1ec7n trong b\u1ed9 s\u01b0u t\u1eadp B\u1ed3 \u0111o\u00e0n v\u00e0 T\u1ecda c\u1ee5 c\u1ee7a La Touche nh\u1eb1m gi\u00fap b\u1ea1n mang theo chi\u1ebfc B\u1ed3 \u0111o\u00e0n m\u1ed9t c\u00e1ch d\u1ec5 d\u00e0ng, ti\u1ec7n l\u1ee3i trong nh\u1eefng chuy\u1ebfn \u0111i.<br \/>\nV\u00ec \u0111\u00f4i khi b\u1ea1n mu\u1ed1n mang theo chi\u1ebfc B\u1ed3 \u0111o\u00e0n V\u1ecf \u0111\u1eadu xanh \u0111i du l\u1ecbch ho\u1eb7c th\u1ef1c h\u00e0nh thi\u1ec1n \u1edf m\u1ed9t n\u01a1i xa n\u00e0o \u0111\u00f3, \u0111\u1eb7c bi\u1ec7t l\u00e0 nh\u1eefng chuy\u1ebfn \u0111i r\u1eebng v\u00e0 ph\u1ea3i mang theo ba l\u00f4, ch\u00fang t\u00f4i \u0111\u00e3 thi\u1ebft k\u1ebf chi\u1ebfc T\u00fai b\u1ed3 \u0111o\u00e0n n\u00e0y v\u1edbi thi\u1ebft k\u1ebf d\u00e2y c\u1ed9t \u0111\u1ec3 b\u1ea1n c\u00f3 th\u1ec3 \u0111i\u1ec1u ch\u1ec9nh \u0111\u1ed9 d\u00e0i theo nhu c\u1ea7u. B\u00ean c\u1ea1nh \u0111\u00f3, thi\u1ebft k\u1ebf n\u00e0y c\u0169ng linh ho\u1ea1t \u0111\u1ec3 b\u1ea1n c\u1ed9t \u0111\u00ednh l\u00ean h\u00e0nh l\u00fd m\u00e0 v\u1eabn \u0111\u1ea3m b\u1ea3o t\u00ednh th\u1ea9m m\u1ef9 v\u00e0 \u0111\u1ed9 b\u1ec1n c\u1ee7a s\u1ea3n ph\u1ea9m.<\/p>\n<div class=\"o9v6fnle cxmmr5t8 oygrvhab hcukyx3x c1et5uql\">\u2022 V\u1ea3i: Canvas poly cotton<\/div>\n<div class=\"o9v6fnle cxmmr5t8 oygrvhab hcukyx3x c1et5uql\">\u2022 K\u00edch th\u01b0\u1edbc: \u0110\u01b0\u1eddng k\u00ednh 35cm - Cao 12cm<\/div>\n<div class=\"o9v6fnle cxmmr5t8 oygrvhab hcukyx3x c1et5uql\">\u2022 Tr\u1ecdng l\u01b0\u1ee3ng: kho\u1ea3ng 200g<\/div>\n<div class=\"o9v6fnle cxmmr5t8 oygrvhab hcukyx3x c1et5uql\">\u2022 S\u1ea3n ph\u1ea9m \u0111\u01b0\u1ee3c l\u00e0m t\u1ea1i Vi\u1ec7t Nam<\/div>","protected":false},"excerpt":{"rendered":"<p>\u2714 Ti\u1ec7n l\u1ee3i mang theo B\u1ed3 \u0111o\u00e0n tr\u00ean nh\u1eefng chuy\u1ebfn \u0111i<br \/>\n\u2714 C\u1ea3m gi\u00e1c d\u1ec5 ch\u1ecbu v\u00e0 c\u00f3 th\u1ec3 gi\u1eb7t v\u1ecf g\u1ed1i<br \/>\n\u2714 Linh ho\u1ea1t \u0111i\u1ec1u ch\u1ec9nh \u0111\u1ed9 d\u00e0i d\u00e2y \u0111eo<br \/>\n\u2714 Ch\u1ea5t li\u1ec7u: V\u1ea3i b\u1ed1 canvas ch\u1eafc ch\u1eafn, b\u1ec1n \u0111\u1eb9p.<\/p>","protected":false},"featured_media":2929,"comment_status":"open","ping_status":"closed","template":"","meta":{"om_disable_all_campaigns":false,"_monsterinsights_skip_tracking":false,"_monsterinsights_sitenote_active":false,"_monsterinsights_sitenote_note":"","_monsterinsights_sitenote_category":0},"product_cat":[39,35],"product_tag":[],"aioseo_notices":[],"yoast_head":"<!-- This site is optimized with the Yoast SEO plugin v22.7 - https:\/\/yoast.com\/wordpress\/plugins\/seo\/ -->\n<title>Zafu bag - La Touche<\/title>\n<meta name=\"robots\" content=\"index, follow, max-snippet:-1, max-image-preview:large, max-video-preview:-1\" \/>\n<link rel=\"canonical\" href=\"https:\/\/latouche.life\/vi\/san-pham\/zafu-bag\/\" \/>\n<meta property=\"og:locale\" content=\"vi_VN\" \/>\n<meta property=\"og:type\" content=\"article\" \/>\n<meta property=\"og:title\" content=\"Zafu bag - La Touche\" \/>\n<meta property=\"og:description\" content=\"\u2714 Easy to carry your zafu to travel \u2714 Soft-touch\u00a0and removable for machine washable \u2714 Flexible to adjust length of the handle strings \u2714 Durable canvas fabric\" \/>\n<meta property=\"og:url\" content=\"https:\/\/latouche.life\/vi\/san-pham\/zafu-bag\/\" \/>\n<meta property=\"og:site_name\" content=\"La Touche\" \/>\n<meta property=\"article:modified_time\" content=\"2022-12-18T08:39:40+00:00\" \/>\n<meta property=\"og:image\" content=\"https:\/\/latouche.life\/wp-content\/uploads\/2022\/07\/tui-bo-doan-zafu-bag-2-scaled.jpg\" \/>\n\t<meta property=\"og:image:width\" content=\"1920\" \/>\n\t<meta property=\"og:image:height\" content=\"2560\" \/>\n\t<meta property=\"og:image:type\" content=\"image\/jpeg\" \/>\n<meta name=\"twitter:card\" content=\"summary_large_image\" \/>\n<meta name=\"twitter:label1\" content=\"\u01af\u1edbc t\u00ednh th\u1eddi gian \u0111\u1ecdc\" \/>\n\t<meta name=\"twitter:data1\" content=\"1 ph\u00fat\" \/>\n<script type=\"application\/ld+json\" class=\"yoast-schema-graph\">{\"@context\":\"https:\/\/schema.org\",\"@graph\":[{\"@type\":\"WebPage\",\"@id\":\"https:\/\/latouche.life\/product\/zafu-bag\/\",\"url\":\"https:\/\/latouche.life\/product\/zafu-bag\/\",\"name\":\"Zafu bag - La Touche\",\"isPartOf\":{\"@id\":\"https:\/\/latouche.life\/#website\"},\"primaryImageOfPage\":{\"@id\":\"https:\/\/latouche.life\/product\/zafu-bag\/#primaryimage\"},\"image\":{\"@id\":\"https:\/\/latouche.life\/product\/zafu-bag\/#primaryimage\"},\"thumbnailUrl\":\"https:\/\/latouche.life\/wp-content\/uploads\/2022\/07\/tui-bo-doan-zafu-bag-2-scaled.jpg\",\"datePublished\":\"2022-10-03T07:56:32+00:00\",\"dateModified\":\"2022-12-18T08:39:40+00:00\",\"breadcrumb\":{\"@id\":\"https:\/\/latouche.life\/product\/zafu-bag\/#breadcrumb\"},\"inLanguage\":\"vi\",\"potentialAction\":[{\"@type\":\"ReadAction\",\"target\":[\"https:\/\/latouche.life\/product\/zafu-bag\/\"]}]},{\"@type\":\"ImageObject\",\"inLanguage\":\"vi\",\"@id\":\"https:\/\/latouche.life\/product\/zafu-bag\/#primaryimage\",\"url\":\"https:\/\/latouche.life\/wp-content\/uploads\/2022\/07\/tui-bo-doan-zafu-bag-2-scaled.jpg\",\"contentUrl\":\"https:\/\/latouche.life\/wp-content\/uploads\/2022\/07\/tui-bo-doan-zafu-bag-2-scaled.jpg\",\"width\":1920,\"height\":2560},{\"@type\":\"BreadcrumbList\",\"@id\":\"https:\/\/latouche.life\/product\/zafu-bag\/#breadcrumb\",\"itemListElement\":[{\"@type\":\"ListItem\",\"position\":1,\"name\":\"Home\",\"item\":\"https:\/\/latouche.life\/\"},{\"@type\":\"ListItem\",\"position\":2,\"name\":\"Zafu bag\"}]},{\"@type\":\"WebSite\",\"@id\":\"https:\/\/latouche.life\/#website\",\"url\":\"https:\/\/latouche.life\/\",\"name\":\"La Touche\",\"description\":\"Create peaceful feeling from organic and natural products\",\"publisher\":{\"@id\":\"https:\/\/latouche.life\/#organization\"},\"potentialAction\":[{\"@type\":\"SearchAction\",\"target\":{\"@type\":\"EntryPoint\",\"urlTemplate\":\"https:\/\/latouche.life\/?s={search_term_string}\"},\"query-input\":\"required name=search_term_string\"}],\"inLanguage\":\"vi\"},{\"@type\":\"Organization\",\"@id\":\"https:\/\/latouche.life\/#organization\",\"name\":\"La Touche\",\"url\":\"https:\/\/latouche.life\/\",\"logo\":{\"@type\":\"ImageObject\",\"inLanguage\":\"vi\",\"@id\":\"https:\/\/latouche.life\/#\/schema\/logo\/image\/\",\"url\":\"https:\/\/latouche.life\/wp-content\/uploads\/2020\/06\/logo_round_white.png\",\"contentUrl\":\"https:\/\/latouche.life\/wp-content\/uploads\/2020\/06\/logo_round_white.png\",\"width\":106,\"height\":106,\"caption\":\"La Touche\"},\"image\":{\"@id\":\"https:\/\/latouche.life\/#\/schema\/logo\/image\/\"}}]}<\/script>\n<!-- \/ Yoast SEO plugin. -->","yoast_head_json":{"title":"Zafu bag - La Touche","robots":{"index":"index","follow":"follow","max-snippet":"max-snippet:-1","max-image-preview":"max-image-preview:large","max-video-preview":"max-video-preview:-1"},"canonical":"https:\/\/latouche.life\/vi\/san-pham\/zafu-bag\/","og_locale":"vi_VN","og_type":"article","og_title":"Zafu bag - La Touche","og_description":"\u2714 Easy to carry your zafu to travel \u2714 Soft-touch\u00a0and removable for machine washable \u2714 Flexible to adjust length of the handle strings \u2714 Durable canvas fabric","og_url":"https:\/\/latouche.life\/vi\/san-pham\/zafu-bag\/","og_site_name":"La Touche","article_modified_time":"2022-12-18T08:39:40+00:00","og_image":[{"width":1920,"height":2560,"url":"https:\/\/latouche.life\/wp-content\/uploads\/2022\/07\/tui-bo-doan-zafu-bag-2-scaled.jpg","type":"image\/jpeg"}],"twitter_card":"summary_large_image","twitter_misc":{"\u01af\u1edbc t\u00ednh th\u1eddi gian \u0111\u1ecdc":"1 ph\u00fat"},"schema":{"@context":"https:\/\/schema.org","@graph":[{"@type":"WebPage","@id":"https:\/\/latouche.life\/product\/zafu-bag\/","url":"https:\/\/latouche.life\/product\/zafu-bag\/","name":"Zafu bag - La Touche","isPartOf":{"@id":"https:\/\/latouche.life\/#website"},"primaryImageOfPage":{"@id":"https:\/\/latouche.life\/product\/zafu-bag\/#primaryimage"},"image":{"@id":"https:\/\/latouche.life\/product\/zafu-bag\/#primaryimage"},"thumbnailUrl":"https:\/\/latouche.life\/wp-content\/uploads\/2022\/07\/tui-bo-doan-zafu-bag-2-scaled.jpg","datePublished":"2022-10-03T07:56:32+00:00","dateModified":"2022-12-18T08:39:40+00:00","breadcrumb":{"@id":"https:\/\/latouche.life\/product\/zafu-bag\/#breadcrumb"},"inLanguage":"vi","potentialAction":[{"@type":"ReadAction","target":["https:\/\/latouche.life\/product\/zafu-bag\/"]}]},{"@type":"ImageObject","inLanguage":"vi","@id":"https:\/\/latouche.life\/product\/zafu-bag\/#primaryimage","url":"https:\/\/latouche.life\/wp-content\/uploads\/2022\/07\/tui-bo-doan-zafu-bag-2-scaled.jpg","contentUrl":"https:\/\/latouche.life\/wp-content\/uploads\/2022\/07\/tui-bo-doan-zafu-bag-2-scaled.jpg","width":1920,"height":2560},{"@type":"BreadcrumbList","@id":"https:\/\/latouche.life\/product\/zafu-bag\/#breadcrumb","itemListElement":[{"@type":"ListItem","position":1,"name":"Home","item":"https:\/\/latouche.life\/"},{"@type":"ListItem","position":2,"name":"Zafu bag"}]},{"@type":"WebSite","@id":"https:\/\/latouche.life\/#website","url":"https:\/\/latouche.life\/","name":"La Touche","description":"Create peaceful feeling from organic and natural products","publisher":{"@id":"https:\/\/latouche.life\/#organization"},"potentialAction":[{"@type":"SearchAction","target":{"@type":"EntryPoint","urlTemplate":"https:\/\/latouche.life\/?s={search_term_string}"},"query-input":"required name=search_term_string"}],"inLanguage":"vi"},{"@type":"Organization","@id":"https:\/\/latouche.life\/#organization","name":"La Touche","url":"https:\/\/latouche.life\/","logo":{"@type":"ImageObject","inLanguage":"vi","@id":"https:\/\/latouche.life\/#\/schema\/logo\/image\/","url":"https:\/\/latouche.life\/wp-content\/uploads\/2020\/06\/logo_round_white.png","contentUrl":"https:\/\/latouche.life\/wp-content\/uploads\/2020\/06\/logo_round_white.png","width":106,"height":106,"caption":"La Touche"},"image":{"@id":"https:\/\/latouche.life\/#\/schema\/logo\/image\/"}}]}},"_links":{"self":[{"href":"https:\/\/latouche.life\/vi\/wp-json\/wp\/v2\/product\/3146"}],"collection":[{"href":"https:\/\/latouche.life\/vi\/wp-json\/wp\/v2\/product"}],"about":[{"href":"https:\/\/latouche.life\/vi\/wp-json\/wp\/v2\/types\/product"}],"replies":[{"embeddable":true,"href":"https:\/\/latouche.life\/vi\/wp-json\/wp\/v2\/comments?post=3146"}],"version-history":[{"count":2,"href":"https:\/\/latouche.life\/vi\/wp-json\/wp\/v2\/product\/3146\/revisions"}],"predecessor-version":[{"id":3268,"href":"https:\/\/latouche.life\/vi\/wp-json\/wp\/v2\/product\/3146\/revisions\/3268"}],"wp:featuredmedia":[{"embeddable":true,"href":"https:\/\/latouche.life\/vi\/wp-json\/wp\/v2\/media\/2929"}],"wp:attachment":[{"href":"https:\/\/latouche.life\/vi\/wp-json\/wp\/v2\/media?parent=3146"}],"wp:term":[{"taxonomy":"product_cat","embeddable":true,"href":"https:\/\/latouche.life\/vi\/wp-json\/wp\/v2\/product_cat?post=3146"},{"taxonomy":"product_tag","embeddable":true,"href":"https:\/\/latouche.life\/vi\/wp-json\/wp\/v2\/product_tag?post=3146"}],"curies":[{"name":"wp","href":"https:\/\/api.w.org\/{rel}","templated":true}]}}