{"id":3145,"date":"2022-10-03T07:48:41","date_gmt":"2022-10-03T07:48:41","guid":{"rendered":"http:\/\/latouche.life\/?post_type=product&#038;p=3145"},"modified":"2024-09-15T11:20:30","modified_gmt":"2024-09-15T11:20:30","slug":"kapok-yoga-bolster","status":"publish","type":"product","link":"https:\/\/latouche.life\/vi\/san-pham\/kapok-yoga-bolster\/","title":{"rendered":"G\u1ed1i yoga G\u00f2n t\u1ef1 nhi\u00ean"},"content":{"rendered":"<p>\u2022  V\u1edbi thi\u1ebft k\u1ebf h\u00ecnh kh\u1ed1i tr\u1ee5, g\u1ed1i c\u00f3 \u0111\u1ed9 v\u1eefng, kh\u00f4ng b\u1ecb l\u0103n v\u00e0 h\u1ed7 tr\u1ee3 an to\u00e0n cho l\u01b0ng, b\u1ee5ng v\u00e0 linh ho\u1ea1t c\u00e1c \u0111\u1ed9ng t\u00e1c yoga, \u0111\u1eb7c bi\u1ec7t cho Yoga b\u1ea7u.<br \/>\n\u2022  Ch\u1ea5t v\u1ea3i b\u1ed1 nhung v\u1eeba b\u1ec1n ch\u1eafc v\u1eeba m\u1ec1m m\u1ea1i v\u1edbi da.<br \/>\n\u2022  D\u00e2y k\u00e9o d\u00e0i \u0111\u01b0\u1ee3c may d\u1ea5u tr\u00ean th\u00e2n g\u1ed1i \u0111\u1ea3m b\u1ea3o an to\u00e0n cho b\u1ea1n.<br \/>\n\u2022  La Touche ch\u1ecdn g\u00f2n t\u1ef1 nhi\u00ean \u0111\u1ec3 l\u00e0m g\u1ed1i \u0111\u1ec3 mang l\u1ea1i tr\u1ea3i nghi\u1ec7m \u00eam d\u1ecbu cho ng\u01b0\u1eddi d\u00f9ng v\u00e0 t\u00ednh th\u00e2n thi\u1ec7n v\u1edbi m\u00f4i tr\u01b0\u1eddng c\u1ee7a s\u1ea3n ph\u1ea9m.<\/p>","protected":false},"excerpt":{"rendered":"<p>\u2714 K\u00edch th\u01b0\u1edbc (DxRxC): 65x30x15cm.<br \/>\n\u2714 Weight : 1.3 kg<br \/>\n\u2714 Ch\u1ea5t v\u1ea3i: b\u1ed1 nhung cao c\u1ea5p.<br \/>\n\u2714 Nguy\u00ean li\u1ec7u ch\u00ednh: G\u00f2n t\u1ef1 nhi\u00ean<br \/>\n\u2714 B\u1ea3o qu\u1ea3n trong \u0111i\u1ec1u ki\u1ec7n kh\u00f4 r\u00e1o.<br \/>\n\u2714 Ph\u01a1i ph\u1ea7n t\u00fai g\u00f2n d\u01b0\u1edbi n\u1eafng 01 l\u1ea7n m\u1ed7i th\u00e1ng \u0111\u1ec3 \u0111\u1ea3m b\u1ea3o ch\u1ea5t l\u01b0\u1ee3ng s\u1ea3n ph\u1ea9m.<\/p>","protected":false},"featured_media":2708,"comment_status":"open","ping_status":"closed","template":"","meta":{"om_disable_all_campaigns":false,"_monsterinsights_skip_tracking":false,"_monsterinsights_sitenote_active":false,"_monsterinsights_sitenote_note":"","_monsterinsights_sitenote_category":0},"product_cat":[39,35],"product_tag":[],"aioseo_notices":[],"yoast_head":"<!-- This site is optimized with the Yoast SEO plugin v22.7 - https:\/\/yoast.com\/wordpress\/plugins\/seo\/ -->\n<title>Kapok yoga bolster - La Touche<\/title>\n<meta name=\"robots\" content=\"index, follow, max-snippet:-1, max-image-preview:large, max-video-preview:-1\" \/>\n<link rel=\"canonical\" href=\"https:\/\/latouche.life\/vi\/san-pham\/kapok-yoga-bolster\/\" \/>\n<meta property=\"og:locale\" content=\"vi_VN\" \/>\n<meta property=\"og:type\" content=\"article\" \/>\n<meta property=\"og:title\" content=\"Kapok yoga bolster - La Touche\" \/>\n<meta property=\"og:description\" content=\"\u2714 Product dimension (LxWxH): 65x30x15cm. \u2714 Weight : 1.3 kg \u2714 Fabric material: Velvet canvas. \u2714 Core material: natural kapok. \u2714 Keep in dry condition. \u2714 Place the inner kapok bag under sunlight to maintain the quality of product.\" \/>\n<meta property=\"og:url\" content=\"https:\/\/latouche.life\/vi\/san-pham\/kapok-yoga-bolster\/\" \/>\n<meta property=\"og:site_name\" content=\"La Touche\" \/>\n<meta property=\"article:modified_time\" content=\"2024-09-15T11:20:30+00:00\" \/>\n<meta property=\"og:image\" content=\"https:\/\/latouche.life\/wp-content\/uploads\/2022\/06\/yoga-bolster-13-scaled.jpg\" \/>\n\t<meta property=\"og:image:width\" content=\"2560\" \/>\n\t<meta property=\"og:image:height\" content=\"1448\" \/>\n\t<meta property=\"og:image:type\" content=\"image\/jpeg\" \/>\n<meta name=\"twitter:card\" content=\"summary_large_image\" \/>\n<script type=\"application\/ld+json\" class=\"yoast-schema-graph\">{\"@context\":\"https:\/\/schema.org\",\"@graph\":[{\"@type\":\"WebPage\",\"@id\":\"https:\/\/latouche.life\/product\/kapok-yoga-bolster\/\",\"url\":\"https:\/\/latouche.life\/product\/kapok-yoga-bolster\/\",\"name\":\"Kapok yoga bolster - La Touche\",\"isPartOf\":{\"@id\":\"https:\/\/latouche.life\/#website\"},\"primaryImageOfPage\":{\"@id\":\"https:\/\/latouche.life\/product\/kapok-yoga-bolster\/#primaryimage\"},\"image\":{\"@id\":\"https:\/\/latouche.life\/product\/kapok-yoga-bolster\/#primaryimage\"},\"thumbnailUrl\":\"https:\/\/latouche.life\/wp-content\/uploads\/2022\/06\/yoga-bolster-13-scaled.jpg\",\"datePublished\":\"2022-10-03T07:48:41+00:00\",\"dateModified\":\"2024-09-15T11:20:30+00:00\",\"breadcrumb\":{\"@id\":\"https:\/\/latouche.life\/product\/kapok-yoga-bolster\/#breadcrumb\"},\"inLanguage\":\"vi\",\"potentialAction\":[{\"@type\":\"ReadAction\",\"target\":[\"https:\/\/latouche.life\/product\/kapok-yoga-bolster\/\"]}]},{\"@type\":\"ImageObject\",\"inLanguage\":\"vi\",\"@id\":\"https:\/\/latouche.life\/product\/kapok-yoga-bolster\/#primaryimage\",\"url\":\"https:\/\/latouche.life\/wp-content\/uploads\/2022\/06\/yoga-bolster-13-scaled.jpg\",\"contentUrl\":\"https:\/\/latouche.life\/wp-content\/uploads\/2022\/06\/yoga-bolster-13-scaled.jpg\",\"width\":2560,\"height\":1448},{\"@type\":\"BreadcrumbList\",\"@id\":\"https:\/\/latouche.life\/product\/kapok-yoga-bolster\/#breadcrumb\",\"itemListElement\":[{\"@type\":\"ListItem\",\"position\":1,\"name\":\"Home\",\"item\":\"https:\/\/latouche.life\/\"},{\"@type\":\"ListItem\",\"position\":2,\"name\":\"Kapok yoga bolster\"}]},{\"@type\":\"WebSite\",\"@id\":\"https:\/\/latouche.life\/#website\",\"url\":\"https:\/\/latouche.life\/\",\"name\":\"La Touche\",\"description\":\"Create peaceful feeling from organic and natural products\",\"publisher\":{\"@id\":\"https:\/\/latouche.life\/#organization\"},\"potentialAction\":[{\"@type\":\"SearchAction\",\"target\":{\"@type\":\"EntryPoint\",\"urlTemplate\":\"https:\/\/latouche.life\/?s={search_term_string}\"},\"query-input\":\"required name=search_term_string\"}],\"inLanguage\":\"vi\"},{\"@type\":\"Organization\",\"@id\":\"https:\/\/latouche.life\/#organization\",\"name\":\"La Touche\",\"url\":\"https:\/\/latouche.life\/\",\"logo\":{\"@type\":\"ImageObject\",\"inLanguage\":\"vi\",\"@id\":\"https:\/\/latouche.life\/#\/schema\/logo\/image\/\",\"url\":\"https:\/\/latouche.life\/wp-content\/uploads\/2020\/06\/logo_round_white.png\",\"contentUrl\":\"https:\/\/latouche.life\/wp-content\/uploads\/2020\/06\/logo_round_white.png\",\"width\":106,\"height\":106,\"caption\":\"La Touche\"},\"image\":{\"@id\":\"https:\/\/latouche.life\/#\/schema\/logo\/image\/\"}}]}<\/script>\n<!-- \/ Yoast SEO plugin. -->","yoast_head_json":{"title":"Kapok yoga bolster - La Touche","robots":{"index":"index","follow":"follow","max-snippet":"max-snippet:-1","max-image-preview":"max-image-preview:large","max-video-preview":"max-video-preview:-1"},"canonical":"https:\/\/latouche.life\/vi\/san-pham\/kapok-yoga-bolster\/","og_locale":"vi_VN","og_type":"article","og_title":"Kapok yoga bolster - La Touche","og_description":"\u2714 Product dimension (LxWxH): 65x30x15cm. \u2714 Weight : 1.3 kg \u2714 Fabric material: Velvet canvas. \u2714 Core material: natural kapok. \u2714 Keep in dry condition. \u2714 Place the inner kapok bag under sunlight to maintain the quality of product.","og_url":"https:\/\/latouche.life\/vi\/san-pham\/kapok-yoga-bolster\/","og_site_name":"La Touche","article_modified_time":"2024-09-15T11:20:30+00:00","og_image":[{"width":2560,"height":1448,"url":"https:\/\/latouche.life\/wp-content\/uploads\/2022\/06\/yoga-bolster-13-scaled.jpg","type":"image\/jpeg"}],"twitter_card":"summary_large_image","schema":{"@context":"https:\/\/schema.org","@graph":[{"@type":"WebPage","@id":"https:\/\/latouche.life\/product\/kapok-yoga-bolster\/","url":"https:\/\/latouche.life\/product\/kapok-yoga-bolster\/","name":"Kapok yoga bolster - La Touche","isPartOf":{"@id":"https:\/\/latouche.life\/#website"},"primaryImageOfPage":{"@id":"https:\/\/latouche.life\/product\/kapok-yoga-bolster\/#primaryimage"},"image":{"@id":"https:\/\/latouche.life\/product\/kapok-yoga-bolster\/#primaryimage"},"thumbnailUrl":"https:\/\/latouche.life\/wp-content\/uploads\/2022\/06\/yoga-bolster-13-scaled.jpg","datePublished":"2022-10-03T07:48:41+00:00","dateModified":"2024-09-15T11:20:30+00:00","breadcrumb":{"@id":"https:\/\/latouche.life\/product\/kapok-yoga-bolster\/#breadcrumb"},"inLanguage":"vi","potentialAction":[{"@type":"ReadAction","target":["https:\/\/latouche.life\/product\/kapok-yoga-bolster\/"]}]},{"@type":"ImageObject","inLanguage":"vi","@id":"https:\/\/latouche.life\/product\/kapok-yoga-bolster\/#primaryimage","url":"https:\/\/latouche.life\/wp-content\/uploads\/2022\/06\/yoga-bolster-13-scaled.jpg","contentUrl":"https:\/\/latouche.life\/wp-content\/uploads\/2022\/06\/yoga-bolster-13-scaled.jpg","width":2560,"height":1448},{"@type":"BreadcrumbList","@id":"https:\/\/latouche.life\/product\/kapok-yoga-bolster\/#breadcrumb","itemListElement":[{"@type":"ListItem","position":1,"name":"Home","item":"https:\/\/latouche.life\/"},{"@type":"ListItem","position":2,"name":"Kapok yoga bolster"}]},{"@type":"WebSite","@id":"https:\/\/latouche.life\/#website","url":"https:\/\/latouche.life\/","name":"La Touche","description":"Create peaceful feeling from organic and natural products","publisher":{"@id":"https:\/\/latouche.life\/#organization"},"potentialAction":[{"@type":"SearchAction","target":{"@type":"EntryPoint","urlTemplate":"https:\/\/latouche.life\/?s={search_term_string}"},"query-input":"required name=search_term_string"}],"inLanguage":"vi"},{"@type":"Organization","@id":"https:\/\/latouche.life\/#organization","name":"La Touche","url":"https:\/\/latouche.life\/","logo":{"@type":"ImageObject","inLanguage":"vi","@id":"https:\/\/latouche.life\/#\/schema\/logo\/image\/","url":"https:\/\/latouche.life\/wp-content\/uploads\/2020\/06\/logo_round_white.png","contentUrl":"https:\/\/latouche.life\/wp-content\/uploads\/2020\/06\/logo_round_white.png","width":106,"height":106,"caption":"La Touche"},"image":{"@id":"https:\/\/latouche.life\/#\/schema\/logo\/image\/"}}]}},"_links":{"self":[{"href":"https:\/\/latouche.life\/vi\/wp-json\/wp\/v2\/product\/3145"}],"collection":[{"href":"https:\/\/latouche.life\/vi\/wp-json\/wp\/v2\/product"}],"about":[{"href":"https:\/\/latouche.life\/vi\/wp-json\/wp\/v2\/types\/product"}],"replies":[{"embeddable":true,"href":"https:\/\/latouche.life\/vi\/wp-json\/wp\/v2\/comments?post=3145"}],"version-history":[{"count":2,"href":"https:\/\/latouche.life\/vi\/wp-json\/wp\/v2\/product\/3145\/revisions"}],"predecessor-version":[{"id":3607,"href":"https:\/\/latouche.life\/vi\/wp-json\/wp\/v2\/product\/3145\/revisions\/3607"}],"wp:featuredmedia":[{"embeddable":true,"href":"https:\/\/latouche.life\/vi\/wp-json\/wp\/v2\/media\/2708"}],"wp:attachment":[{"href":"https:\/\/latouche.life\/vi\/wp-json\/wp\/v2\/media?parent=3145"}],"wp:term":[{"taxonomy":"product_cat","embeddable":true,"href":"https:\/\/latouche.life\/vi\/wp-json\/wp\/v2\/product_cat?post=3145"},{"taxonomy":"product_tag","embeddable":true,"href":"https:\/\/latouche.life\/vi\/wp-json\/wp\/v2\/product_tag?post=3145"}],"curies":[{"name":"wp","href":"https:\/\/api.w.org\/{rel}","templated":true}]}}