{"id":3143,"date":"2022-10-03T07:31:48","date_gmt":"2022-10-03T07:31:48","guid":{"rendered":"http:\/\/latouche.life\/?post_type=product&#038;p=3143"},"modified":"2023-11-01T05:10:59","modified_gmt":"2023-11-01T05:10:59","slug":"tinh-meditation-shawl","status":"publish","type":"product","link":"https:\/\/latouche.life\/vi\/san-pham\/tinh-meditation-shawl\/","title":{"rendered":"Kh\u0103n cho\u00e0ng T\u0129nh"},"content":{"rendered":"<p>\u2022 K\u00edch th\u01b0\u1edbc: 200x105cm<br \/>\n\u2022 C\u00e2n n\u1eb7ng: 400g<br \/>\n\u2022 Ch\u1ea5t v\u1ea3i: linen g\u1ed1c th\u1ef1c v\u1eadt<br \/>\n\u2022 S\u1ea3n ph\u1ea9m B\u1ec1n v\u1eefng \u0111\u01b0\u1ee3c may th\u1ee7 c\u00f4ng.<br \/>\n\u2022 Vui l\u00f2ng b\u1ecf v\u00e0o t\u00fai gi\u1eb7t n\u1ebfu gi\u1eb7t b\u1eb1ng m\u00e1y.<br \/>\n\u2022 Vui l\u00f2ng gi\u1eb7t ch\u1ebf \u0111\u1ed9 nh\u1eb9 nh\u00e0ng v\u00e0 ph\u01a1i d\u01b0\u1edbi b\u00f3ng r\u00e2m.<br \/>\n\u2022 B\u1ea3o qu\u1ea3n n\u01a1i kh\u00f4 tho\u00e1ng.<\/p>","protected":false},"excerpt":{"rendered":"<p>\u2714 Gi\u00fap b\u1ea3o v\u1ec7 n\u0103ng l\u01b0\u1ee3ng khi thi\u1ec1n<br \/>\n\u2714 Gi\u00fap gi\u1eef c\u01a1 th\u1ec3 \u1ea5m \u00e1p<br \/>\n\u2714 C\u00f3 th\u1ec3 s\u1eed d\u1ee5ng linh ho\u1ea1t nh\u01b0 ph\u1ee5 ki\u1ec7n trang ph\u1ee5c h\u00e0ng ng\u00e0y ho\u1eb7c kh\u0103n cho\u00e0ng c\u00f4ng s\u1edf<\/p>","protected":false},"featured_media":2657,"comment_status":"open","ping_status":"closed","template":"","meta":{"om_disable_all_campaigns":false,"_monsterinsights_skip_tracking":false,"_monsterinsights_sitenote_active":false,"_monsterinsights_sitenote_note":"","_monsterinsights_sitenote_category":0},"product_cat":[32],"product_tag":[],"aioseo_notices":[],"yoast_head":"<!-- This site is optimized with the Yoast SEO plugin v22.7 - https:\/\/yoast.com\/wordpress\/plugins\/seo\/ -->\n<title>T\u0129nh shawl - La Touche<\/title>\n<meta name=\"robots\" content=\"index, follow, max-snippet:-1, max-image-preview:large, max-video-preview:-1\" \/>\n<link rel=\"canonical\" href=\"https:\/\/latouche.life\/vi\/san-pham\/tinh-meditation-shawl\/\" \/>\n<meta property=\"og:locale\" content=\"vi_VN\" \/>\n<meta property=\"og:type\" content=\"article\" \/>\n<meta property=\"og:title\" content=\"T\u0129nh shawl - La Touche\" \/>\n<meta property=\"og:description\" content=\"\u2714 Help to protect your energy while having meditation \u2714 Maintain a certain warmness for your body \u2714 Can flexibly use as daily fashion or office shawl\" \/>\n<meta property=\"og:url\" content=\"https:\/\/latouche.life\/vi\/san-pham\/tinh-meditation-shawl\/\" \/>\n<meta property=\"og:site_name\" content=\"La Touche\" \/>\n<meta property=\"article:modified_time\" content=\"2023-11-01T05:10:59+00:00\" \/>\n<meta property=\"og:image\" content=\"https:\/\/latouche.life\/wp-content\/uploads\/2022\/04\/serenity-shawl-latouche-tinh-scaled.jpg\" \/>\n\t<meta property=\"og:image:width\" content=\"2560\" \/>\n\t<meta property=\"og:image:height\" content=\"1920\" \/>\n\t<meta property=\"og:image:type\" content=\"image\/jpeg\" \/>\n<meta name=\"twitter:card\" content=\"summary_large_image\" \/>\n<script type=\"application\/ld+json\" class=\"yoast-schema-graph\">{\"@context\":\"https:\/\/schema.org\",\"@graph\":[{\"@type\":\"WebPage\",\"@id\":\"https:\/\/latouche.life\/product\/tinh-meditation-shawl\/\",\"url\":\"https:\/\/latouche.life\/product\/tinh-meditation-shawl\/\",\"name\":\"T\u0129nh shawl - La Touche\",\"isPartOf\":{\"@id\":\"https:\/\/latouche.life\/#website\"},\"primaryImageOfPage\":{\"@id\":\"https:\/\/latouche.life\/product\/tinh-meditation-shawl\/#primaryimage\"},\"image\":{\"@id\":\"https:\/\/latouche.life\/product\/tinh-meditation-shawl\/#primaryimage\"},\"thumbnailUrl\":\"https:\/\/latouche.life\/wp-content\/uploads\/2022\/04\/serenity-shawl-latouche-tinh-scaled.jpg\",\"datePublished\":\"2022-10-03T07:31:48+00:00\",\"dateModified\":\"2023-11-01T05:10:59+00:00\",\"breadcrumb\":{\"@id\":\"https:\/\/latouche.life\/product\/tinh-meditation-shawl\/#breadcrumb\"},\"inLanguage\":\"vi\",\"potentialAction\":[{\"@type\":\"ReadAction\",\"target\":[\"https:\/\/latouche.life\/product\/tinh-meditation-shawl\/\"]}]},{\"@type\":\"ImageObject\",\"inLanguage\":\"vi\",\"@id\":\"https:\/\/latouche.life\/product\/tinh-meditation-shawl\/#primaryimage\",\"url\":\"https:\/\/latouche.life\/wp-content\/uploads\/2022\/04\/serenity-shawl-latouche-tinh-scaled.jpg\",\"contentUrl\":\"https:\/\/latouche.life\/wp-content\/uploads\/2022\/04\/serenity-shawl-latouche-tinh-scaled.jpg\",\"width\":2560,\"height\":1920},{\"@type\":\"BreadcrumbList\",\"@id\":\"https:\/\/latouche.life\/product\/tinh-meditation-shawl\/#breadcrumb\",\"itemListElement\":[{\"@type\":\"ListItem\",\"position\":1,\"name\":\"Home\",\"item\":\"https:\/\/latouche.life\/\"},{\"@type\":\"ListItem\",\"position\":2,\"name\":\"T\u0129nh shawl\"}]},{\"@type\":\"WebSite\",\"@id\":\"https:\/\/latouche.life\/#website\",\"url\":\"https:\/\/latouche.life\/\",\"name\":\"La Touche\",\"description\":\"Create peaceful feeling from organic and natural products\",\"publisher\":{\"@id\":\"https:\/\/latouche.life\/#organization\"},\"potentialAction\":[{\"@type\":\"SearchAction\",\"target\":{\"@type\":\"EntryPoint\",\"urlTemplate\":\"https:\/\/latouche.life\/?s={search_term_string}\"},\"query-input\":\"required name=search_term_string\"}],\"inLanguage\":\"vi\"},{\"@type\":\"Organization\",\"@id\":\"https:\/\/latouche.life\/#organization\",\"name\":\"La Touche\",\"url\":\"https:\/\/latouche.life\/\",\"logo\":{\"@type\":\"ImageObject\",\"inLanguage\":\"vi\",\"@id\":\"https:\/\/latouche.life\/#\/schema\/logo\/image\/\",\"url\":\"https:\/\/latouche.life\/wp-content\/uploads\/2020\/06\/logo_round_white.png\",\"contentUrl\":\"https:\/\/latouche.life\/wp-content\/uploads\/2020\/06\/logo_round_white.png\",\"width\":106,\"height\":106,\"caption\":\"La Touche\"},\"image\":{\"@id\":\"https:\/\/latouche.life\/#\/schema\/logo\/image\/\"}}]}<\/script>\n<!-- \/ Yoast SEO plugin. -->","yoast_head_json":{"title":"T\u0129nh shawl - La Touche","robots":{"index":"index","follow":"follow","max-snippet":"max-snippet:-1","max-image-preview":"max-image-preview:large","max-video-preview":"max-video-preview:-1"},"canonical":"https:\/\/latouche.life\/vi\/san-pham\/tinh-meditation-shawl\/","og_locale":"vi_VN","og_type":"article","og_title":"T\u0129nh shawl - La Touche","og_description":"\u2714 Help to protect your energy while having meditation \u2714 Maintain a certain warmness for your body \u2714 Can flexibly use as daily fashion or office shawl","og_url":"https:\/\/latouche.life\/vi\/san-pham\/tinh-meditation-shawl\/","og_site_name":"La Touche","article_modified_time":"2023-11-01T05:10:59+00:00","og_image":[{"width":2560,"height":1920,"url":"https:\/\/latouche.life\/wp-content\/uploads\/2022\/04\/serenity-shawl-latouche-tinh-scaled.jpg","type":"image\/jpeg"}],"twitter_card":"summary_large_image","schema":{"@context":"https:\/\/schema.org","@graph":[{"@type":"WebPage","@id":"https:\/\/latouche.life\/product\/tinh-meditation-shawl\/","url":"https:\/\/latouche.life\/product\/tinh-meditation-shawl\/","name":"T\u0129nh shawl - La Touche","isPartOf":{"@id":"https:\/\/latouche.life\/#website"},"primaryImageOfPage":{"@id":"https:\/\/latouche.life\/product\/tinh-meditation-shawl\/#primaryimage"},"image":{"@id":"https:\/\/latouche.life\/product\/tinh-meditation-shawl\/#primaryimage"},"thumbnailUrl":"https:\/\/latouche.life\/wp-content\/uploads\/2022\/04\/serenity-shawl-latouche-tinh-scaled.jpg","datePublished":"2022-10-03T07:31:48+00:00","dateModified":"2023-11-01T05:10:59+00:00","breadcrumb":{"@id":"https:\/\/latouche.life\/product\/tinh-meditation-shawl\/#breadcrumb"},"inLanguage":"vi","potentialAction":[{"@type":"ReadAction","target":["https:\/\/latouche.life\/product\/tinh-meditation-shawl\/"]}]},{"@type":"ImageObject","inLanguage":"vi","@id":"https:\/\/latouche.life\/product\/tinh-meditation-shawl\/#primaryimage","url":"https:\/\/latouche.life\/wp-content\/uploads\/2022\/04\/serenity-shawl-latouche-tinh-scaled.jpg","contentUrl":"https:\/\/latouche.life\/wp-content\/uploads\/2022\/04\/serenity-shawl-latouche-tinh-scaled.jpg","width":2560,"height":1920},{"@type":"BreadcrumbList","@id":"https:\/\/latouche.life\/product\/tinh-meditation-shawl\/#breadcrumb","itemListElement":[{"@type":"ListItem","position":1,"name":"Home","item":"https:\/\/latouche.life\/"},{"@type":"ListItem","position":2,"name":"T\u0129nh shawl"}]},{"@type":"WebSite","@id":"https:\/\/latouche.life\/#website","url":"https:\/\/latouche.life\/","name":"La Touche","description":"Create peaceful feeling from organic and natural products","publisher":{"@id":"https:\/\/latouche.life\/#organization"},"potentialAction":[{"@type":"SearchAction","target":{"@type":"EntryPoint","urlTemplate":"https:\/\/latouche.life\/?s={search_term_string}"},"query-input":"required name=search_term_string"}],"inLanguage":"vi"},{"@type":"Organization","@id":"https:\/\/latouche.life\/#organization","name":"La Touche","url":"https:\/\/latouche.life\/","logo":{"@type":"ImageObject","inLanguage":"vi","@id":"https:\/\/latouche.life\/#\/schema\/logo\/image\/","url":"https:\/\/latouche.life\/wp-content\/uploads\/2020\/06\/logo_round_white.png","contentUrl":"https:\/\/latouche.life\/wp-content\/uploads\/2020\/06\/logo_round_white.png","width":106,"height":106,"caption":"La Touche"},"image":{"@id":"https:\/\/latouche.life\/#\/schema\/logo\/image\/"}}]}},"_links":{"self":[{"href":"https:\/\/latouche.life\/vi\/wp-json\/wp\/v2\/product\/3143"}],"collection":[{"href":"https:\/\/latouche.life\/vi\/wp-json\/wp\/v2\/product"}],"about":[{"href":"https:\/\/latouche.life\/vi\/wp-json\/wp\/v2\/types\/product"}],"replies":[{"embeddable":true,"href":"https:\/\/latouche.life\/vi\/wp-json\/wp\/v2\/comments?post=3143"}],"version-history":[{"count":1,"href":"https:\/\/latouche.life\/vi\/wp-json\/wp\/v2\/product\/3143\/revisions"}],"predecessor-version":[{"id":3269,"href":"https:\/\/latouche.life\/vi\/wp-json\/wp\/v2\/product\/3143\/revisions\/3269"}],"wp:featuredmedia":[{"embeddable":true,"href":"https:\/\/latouche.life\/vi\/wp-json\/wp\/v2\/media\/2657"}],"wp:attachment":[{"href":"https:\/\/latouche.life\/vi\/wp-json\/wp\/v2\/media?parent=3143"}],"wp:term":[{"taxonomy":"product_cat","embeddable":true,"href":"https:\/\/latouche.life\/vi\/wp-json\/wp\/v2\/product_cat?post=3143"},{"taxonomy":"product_tag","embeddable":true,"href":"https:\/\/latouche.life\/vi\/wp-json\/wp\/v2\/product_tag?post=3143"}],"curies":[{"name":"wp","href":"https:\/\/api.w.org\/{rel}","templated":true}]}}