{"id":979,"date":"2020-06-20T17:16:11","date_gmt":"2020-06-20T17:16:11","guid":{"rendered":"http:\/\/latouche.life\/?page_id=979"},"modified":"2020-11-05T09:55:15","modified_gmt":"2020-11-05T09:55:15","slug":"our-story","status":"publish","type":"page","link":"https:\/\/latouche.life\/vi\/our-story\/","title":{"rendered":"chuy\u1ec7n ch\u00fang t\u00f4i k\u1ec3"},"content":{"rendered":"<div data-elementor-type=\"wp-page\" data-elementor-id=\"979\" class=\"elementor elementor-979\">\n\t\t\t\t\t\t<section class=\"elementor-section elementor-top-section elementor-element elementor-element-0c9e4a6 elementor-section-boxed elementor-section-height-default elementor-section-height-default\" data-id=\"0c9e4a6\" data-element_type=\"section\">\n\t\t\t\t\t\t<div class=\"elementor-container elementor-column-gap-default\">\n\t\t\t\t\t<div class=\"elementor-column elementor-col-100 elementor-top-column elementor-element elementor-element-b3f0d0f\" data-id=\"b3f0d0f\" data-element_type=\"column\">\n\t\t\t<div class=\"elementor-widget-wrap elementor-element-populated\">\n\t\t\t\t\t\t<div class=\"elementor-element elementor-element-631debb elementor-widget elementor-widget-video\" data-id=\"631debb\" data-element_type=\"widget\" data-settings=\"{&quot;video_type&quot;:&quot;hosted&quot;,&quot;autoplay&quot;:&quot;yes&quot;,&quot;controls&quot;:&quot;yes&quot;}\" data-widget_type=\"video.default\">\n\t\t\t\t<div class=\"elementor-widget-container\">\n\t\t\t\t\t<div class=\"e-hosted-video elementor-wrapper elementor-open-inline\">\n\t\t\t\t\t<video class=\"elementor-video\" src=\"http:\/\/latouche.life\/wp-content\/uploads\/2020\/07\/LaTouche_1.mp4\" autoplay=\"\" controls=\"\" controlslist=\"nodownload\"><\/video>\n\t\t\t\t<\/div>\n\t\t\t\t<\/div>\n\t\t\t\t<\/div>\n\t\t\t\t\t<\/div>\n\t\t<\/div>\n\t\t\t\t\t<\/div>\n\t\t<\/section>\n\t\t\t\t<section class=\"elementor-section elementor-top-section elementor-element elementor-element-464fe4b0 elementor-section-boxed elementor-section-height-default elementor-section-height-default\" data-id=\"464fe4b0\" data-element_type=\"section\">\n\t\t\t\t\t\t<div class=\"elementor-container elementor-column-gap-default\">\n\t\t\t\t\t<div class=\"elementor-column elementor-col-100 elementor-top-column elementor-element elementor-element-5ee8cf40\" data-id=\"5ee8cf40\" data-element_type=\"column\">\n\t\t\t<div class=\"elementor-widget-wrap elementor-element-populated\">\n\t\t\t\t\t\t<div class=\"elementor-element elementor-element-23caf297 elementor-widget elementor-widget-text-editor\" data-id=\"23caf297\" data-element_type=\"widget\" data-widget_type=\"text-editor.default\">\n\t\t\t\t<div class=\"elementor-widget-container\">\n\t\t\t\t\t\t\t<h3 style=\"color: #175e2e;\"><em><strong>KH\u1edeI T\u1ea0O S\u1ef0 T\u0128NH L\u1eb6NG T\u00c2M H\u1ed2N T\u1eea THI\u00caN NHI\u00caN<\/strong><\/em><\/h3>\n<p>Cu\u1ed9c s\u1ed1ng ph\u00e1t tri\u1ec3n \u0111em \u0111\u1ebfn nh\u1eefng \u0111i\u1ec1u hay v\u00e0 c\u0169ng l\u1eafm nh\u1eefng nh\u1ecdc nh\u1eb1n, m\u01b0u toan. M\u1ed7i ng\u00e0y th\u1ee9c d\u1eady ch\u00fang ta ch\u1ea1y \u0111ua v\u1edbi cu\u1ed9c s\u1ed1ng c\u1ee7a m\u00ecnh, c\u1ea3m th\u1ea5y l\u1ea1c l\u00f5ng, lo l\u1eafng, c\u1ea3m th\u1ea5y m\u1ec7t m\u1ecfi \u0111\u1ebfn m\u1ee9c b\u1ecf qu\u00ean nh\u1eefng kho\u1ea3nh kh\u1eafc h\u1ea1nh ph\u00fac b\u00ean c\u1ea1nh. La Touche l\u00e0 s\u1ef1 hi\u1ec7n di\u1ec7n c\u1ee7a m\u1ed9t t\u00e2m h\u1ed3n \u0111\u01b0\u1ee3c nu\u00f4i d\u01b0\u1ee1ng trong ni\u1ec1m h\u1ea1nh ph\u00fac c\u1ee7a m\u1ed9t n\u01b0\u1edbc n\u00f4ng nghi\u1ec7p \u0111\u1eb9p - Vi\u1ec7t Nam v\u00e0 s\u1ebd  mang \u0111\u1ebfn c\u1ea3m gi\u00e1c \u00eam \u00e1i, an to\u00e0n v\u00e0 an nhi\u00ean t\u1eeb nh\u1eefng s\u1ea3n ph\u1ea9m m\u00e0 La Touche t\u1ea1o ra.&nbsp;<\/p>\n<p><br><\/p>\n<p>La Touche \u0111\u01b0\u1ee3c truy\u1ec1n c\u1ea3m h\u1ee9ng t\u1eeb nh\u1eefng ch\u1ea5t li\u1ec7u \u0111\u1ebfn t\u1eeb thi\u00ean nhi\u00ean v\u00e0 ch\u00fang t\u00f4i v\u1eabn lu\u00f4n \u0111i t\u00ecm gi\u00e1 tr\u1ecb th\u1ef1c ti\u1ec5n v\u00e0 ch\u00e2n th\u1eadt c\u1ee7a ch\u00fang. C\u1ee5 th\u1ec3 h\u01a1n, ch\u00fang t\u00f4i t\u1eadn d\u1ee5ng c\u00e1c ph\u1ebf ph\u1ea9m n\u00f4ng nghi\u1ec7p nh\u01b0 v\u1ecf \u0111\u1eadu xanh, v\u1ecf c\u00e0 ph\u00ea, v\u1ecf ki\u1ec1u m\u1ea1ch sau khi \u0111\u00e3 \u0111\u01b0\u1ee3c khai th\u00e1c v\u1ec1 gi\u00e1 tr\u1ecb dinh d\u01b0\u1ee1ng, ch\u00fang t\u00f4i th\u00ed nghi\u1ec7m, l\u00e0m s\u1ea1ch v\u00e0 th\u1ed5i h\u1ed3n b\u1eb1ng s\u1ef1 s\u00e1ng t\u1ea1o \u0111\u1ec3 bi\u1ebfn nh\u1eefng ph\u1ebf ph\u1ea9m n\u00f4ng nghi\u1ec7p n\u00e0y th\u00e0nh nh\u1eefng s\u1ea3n ph\u1ea9m \u0111\u1eb9p v\u00e0 h\u1eefu \u00edch trong cu\u1ed9c s\u1ed1ng h\u00e0ng ng\u00e0y.&nbsp;<\/p>\n<p><br>Ch\u00fang t\u00f4i kh\u00f4ng ch\u1ec9 mu\u1ed1n c\u1ed1ng hi\u1ebfn cho c\u1ed9ng \u0111\u1ed3ng nh\u1eefng s\u1ea3n ph\u1ea9m h\u1eefu \u00edch v\u00e0 th\u00e2n thi\u1ec7n v\u1edbi m\u00f4i tr\u01b0\u1eddng t\u1eeb nh\u1eefng nguy\u00ean li\u1ec7u t\u1ef1 nhi\u00ean, \u0111\u1eb7c bi\u1ec7t l\u00e0 ph\u1ebf ph\u1ea9m n\u00f4ng nghi\u1ec7p, ch\u00fang t\u00f4i c\u00f2n mu\u1ed1n th\u00f4ng qua c\u00e1c s\u1ea3n ph\u1ea9m c\u1ee7a m\u00ecnh truy\u1ec1n t\u1ea3i nh\u1eefng th\u00f4ng \u0111i\u1ec7p t\u00edch c\u1ef1c \u0111\u1ebfn th\u1ebf gi\u1edbi xung quanh r\u1eb1ng m\u1ed7i t\u1ed3n t\u1ea1i trong cu\u1ed9c s\u1ed1ng \u0111\u1ec1u mang gi\u00e1 tr\u1ecb c\u1ee7a ri\u00eang m\u00ecnh, h\u00e3y mang l\u1ed1i nh\u00ecn l\u1ea1c quan, bi\u1ebft tr\u00e2n tr\u1ecdng b\u1ea3n th\u00e2n v\u00e0 s\u1ef1 s\u1ed1ng xung quanh m\u00ecnh, t\u00ecm s\u1ef1 an nhi\u00ean n\u1ed9i t\u1ea1i v\u00e0 lu\u00f4n ti\u1ebfn v\u1ec1 ph\u00eda tr\u01b0\u1edbc. N\u00f3i m\u1ed9t c\u00e1ch x\u00fac t\u00edch nh\u01b0ng \u0111\u1ea7y hy v\u1ecdng, ch\u00fang t\u00f4i l\u00e0m \u0111\u1eb9p cu\u1ed9c \u0111\u1eddi b\u1eb1ng nh\u1eefng nguy\u00ean li\u1ec7u \u0111\u1ebfn t\u1eeb thi\u00ean nhi\u00ean.<\/p>\t\t\t\t\t\t<\/div>\n\t\t\t\t<\/div>\n\t\t\t\t\t<\/div>\n\t\t<\/div>\n\t\t\t\t\t<\/div>\n\t\t<\/section>\n\t\t\t\t<\/div>","protected":false},"excerpt":{"rendered":"<p>http:\/\/latouche.life\/wp-content\/uploads\/2020\/07\/LaTouche_1.mp4 Creating sensation of peace from organic and natural products The world&#8217;s development somehow increases stress in human life. People run everyday in this bustling world, feel lost, worry, feel too tired to remember their happy moments. La Touche originated from sensitive souls who have been nourishing, enjoying the happiness, comfort, safety and peaceful feeling [&hellip;]<\/p>","protected":false},"author":1,"featured_media":1475,"parent":0,"menu_order":0,"comment_status":"closed","ping_status":"closed","template":"","meta":{"om_disable_all_campaigns":false,"_monsterinsights_skip_tracking":false,"_monsterinsights_sitenote_active":false,"_monsterinsights_sitenote_note":"","_monsterinsights_sitenote_category":0,"footnotes":""},"aioseo_notices":[],"yoast_head":"<!-- This site is optimized with the Yoast SEO plugin v22.7 - https:\/\/yoast.com\/wordpress\/plugins\/seo\/ -->\n<title>Our Story - La Touche<\/title>\n<meta name=\"robots\" content=\"index, follow, max-snippet:-1, max-image-preview:large, max-video-preview:-1\" \/>\n<link rel=\"canonical\" href=\"https:\/\/latouche.life\/vi\/our-story\/\" \/>\n<meta property=\"og:locale\" content=\"vi_VN\" \/>\n<meta property=\"og:type\" content=\"article\" \/>\n<meta property=\"og:title\" content=\"Our Story - La Touche\" \/>\n<meta property=\"og:description\" content=\"http:\/\/latouche.life\/wp-content\/uploads\/2020\/07\/LaTouche_1.mp4 Creating sensation of peace from organic and natural products The world&#8217;s development somehow increases stress in human life. People run everyday in this bustling world, feel lost, worry, feel too tired to remember their happy moments. La Touche originated from sensitive souls who have been nourishing, enjoying the happiness, comfort, safety and peaceful feeling [&hellip;]\" \/>\n<meta property=\"og:url\" content=\"https:\/\/latouche.life\/vi\/our-story\/\" \/>\n<meta property=\"og:site_name\" content=\"La Touche\" \/>\n<meta property=\"article:modified_time\" content=\"2020-11-05T09:55:15+00:00\" \/>\n<meta property=\"og:image\" content=\"https:\/\/latouche.life\/wp-content\/uploads\/2020\/06\/IMG_E8971-2.jpg\" \/>\n\t<meta property=\"og:image:width\" content=\"1210\" \/>\n\t<meta property=\"og:image:height\" content=\"908\" \/>\n\t<meta property=\"og:image:type\" content=\"image\/jpeg\" \/>\n<meta name=\"twitter:card\" content=\"summary_large_image\" \/>\n<meta name=\"twitter:label1\" content=\"\u01af\u1edbc t\u00ednh th\u1eddi gian \u0111\u1ecdc\" \/>\n\t<meta name=\"twitter:data1\" content=\"1 ph\u00fat\" \/>\n<script type=\"application\/ld+json\" class=\"yoast-schema-graph\">{\"@context\":\"https:\/\/schema.org\",\"@graph\":[{\"@type\":\"WebPage\",\"@id\":\"https:\/\/latouche.life\/our-story\/\",\"url\":\"https:\/\/latouche.life\/our-story\/\",\"name\":\"Our Story - La Touche\",\"isPartOf\":{\"@id\":\"https:\/\/latouche.life\/#website\"},\"primaryImageOfPage\":{\"@id\":\"https:\/\/latouche.life\/our-story\/#primaryimage\"},\"image\":{\"@id\":\"https:\/\/latouche.life\/our-story\/#primaryimage\"},\"thumbnailUrl\":\"https:\/\/latouche.life\/wp-content\/uploads\/2020\/06\/IMG_E8971-2.jpg\",\"datePublished\":\"2020-06-20T17:16:11+00:00\",\"dateModified\":\"2020-11-05T09:55:15+00:00\",\"breadcrumb\":{\"@id\":\"https:\/\/latouche.life\/our-story\/#breadcrumb\"},\"inLanguage\":\"vi\",\"potentialAction\":[{\"@type\":\"ReadAction\",\"target\":[\"https:\/\/latouche.life\/our-story\/\"]}]},{\"@type\":\"ImageObject\",\"inLanguage\":\"vi\",\"@id\":\"https:\/\/latouche.life\/our-story\/#primaryimage\",\"url\":\"https:\/\/latouche.life\/wp-content\/uploads\/2020\/06\/IMG_E8971-2.jpg\",\"contentUrl\":\"https:\/\/latouche.life\/wp-content\/uploads\/2020\/06\/IMG_E8971-2.jpg\",\"width\":1210,\"height\":908},{\"@type\":\"BreadcrumbList\",\"@id\":\"https:\/\/latouche.life\/our-story\/#breadcrumb\",\"itemListElement\":[{\"@type\":\"ListItem\",\"position\":1,\"name\":\"Home\",\"item\":\"https:\/\/latouche.life\/\"},{\"@type\":\"ListItem\",\"position\":2,\"name\":\"Our Story\"}]},{\"@type\":\"WebSite\",\"@id\":\"https:\/\/latouche.life\/#website\",\"url\":\"https:\/\/latouche.life\/\",\"name\":\"La Touche\",\"description\":\"Create peaceful feeling from organic and natural products\",\"publisher\":{\"@id\":\"https:\/\/latouche.life\/#organization\"},\"potentialAction\":[{\"@type\":\"SearchAction\",\"target\":{\"@type\":\"EntryPoint\",\"urlTemplate\":\"https:\/\/latouche.life\/?s={search_term_string}\"},\"query-input\":\"required name=search_term_string\"}],\"inLanguage\":\"vi\"},{\"@type\":\"Organization\",\"@id\":\"https:\/\/latouche.life\/#organization\",\"name\":\"La Touche\",\"url\":\"https:\/\/latouche.life\/\",\"logo\":{\"@type\":\"ImageObject\",\"inLanguage\":\"vi\",\"@id\":\"https:\/\/latouche.life\/#\/schema\/logo\/image\/\",\"url\":\"https:\/\/latouche.life\/wp-content\/uploads\/2020\/06\/logo_round_white.png\",\"contentUrl\":\"https:\/\/latouche.life\/wp-content\/uploads\/2020\/06\/logo_round_white.png\",\"width\":106,\"height\":106,\"caption\":\"La Touche\"},\"image\":{\"@id\":\"https:\/\/latouche.life\/#\/schema\/logo\/image\/\"}}]}<\/script>\n<!-- \/ Yoast SEO plugin. -->","yoast_head_json":{"title":"Our Story - La Touche","robots":{"index":"index","follow":"follow","max-snippet":"max-snippet:-1","max-image-preview":"max-image-preview:large","max-video-preview":"max-video-preview:-1"},"canonical":"https:\/\/latouche.life\/vi\/our-story\/","og_locale":"vi_VN","og_type":"article","og_title":"Our Story - La Touche","og_description":"http:\/\/latouche.life\/wp-content\/uploads\/2020\/07\/LaTouche_1.mp4 Creating sensation of peace from organic and natural products The world&#8217;s development somehow increases stress in human life. People run everyday in this bustling world, feel lost, worry, feel too tired to remember their happy moments. La Touche originated from sensitive souls who have been nourishing, enjoying the happiness, comfort, safety and peaceful feeling [&hellip;]","og_url":"https:\/\/latouche.life\/vi\/our-story\/","og_site_name":"La Touche","article_modified_time":"2020-11-05T09:55:15+00:00","og_image":[{"width":1210,"height":908,"url":"https:\/\/latouche.life\/wp-content\/uploads\/2020\/06\/IMG_E8971-2.jpg","type":"image\/jpeg"}],"twitter_card":"summary_large_image","twitter_misc":{"\u01af\u1edbc t\u00ednh th\u1eddi gian \u0111\u1ecdc":"1 ph\u00fat"},"schema":{"@context":"https:\/\/schema.org","@graph":[{"@type":"WebPage","@id":"https:\/\/latouche.life\/our-story\/","url":"https:\/\/latouche.life\/our-story\/","name":"Our Story - La Touche","isPartOf":{"@id":"https:\/\/latouche.life\/#website"},"primaryImageOfPage":{"@id":"https:\/\/latouche.life\/our-story\/#primaryimage"},"image":{"@id":"https:\/\/latouche.life\/our-story\/#primaryimage"},"thumbnailUrl":"https:\/\/latouche.life\/wp-content\/uploads\/2020\/06\/IMG_E8971-2.jpg","datePublished":"2020-06-20T17:16:11+00:00","dateModified":"2020-11-05T09:55:15+00:00","breadcrumb":{"@id":"https:\/\/latouche.life\/our-story\/#breadcrumb"},"inLanguage":"vi","potentialAction":[{"@type":"ReadAction","target":["https:\/\/latouche.life\/our-story\/"]}]},{"@type":"ImageObject","inLanguage":"vi","@id":"https:\/\/latouche.life\/our-story\/#primaryimage","url":"https:\/\/latouche.life\/wp-content\/uploads\/2020\/06\/IMG_E8971-2.jpg","contentUrl":"https:\/\/latouche.life\/wp-content\/uploads\/2020\/06\/IMG_E8971-2.jpg","width":1210,"height":908},{"@type":"BreadcrumbList","@id":"https:\/\/latouche.life\/our-story\/#breadcrumb","itemListElement":[{"@type":"ListItem","position":1,"name":"Home","item":"https:\/\/latouche.life\/"},{"@type":"ListItem","position":2,"name":"Our Story"}]},{"@type":"WebSite","@id":"https:\/\/latouche.life\/#website","url":"https:\/\/latouche.life\/","name":"La Touche","description":"Create peaceful feeling from organic and natural products","publisher":{"@id":"https:\/\/latouche.life\/#organization"},"potentialAction":[{"@type":"SearchAction","target":{"@type":"EntryPoint","urlTemplate":"https:\/\/latouche.life\/?s={search_term_string}"},"query-input":"required name=search_term_string"}],"inLanguage":"vi"},{"@type":"Organization","@id":"https:\/\/latouche.life\/#organization","name":"La Touche","url":"https:\/\/latouche.life\/","logo":{"@type":"ImageObject","inLanguage":"vi","@id":"https:\/\/latouche.life\/#\/schema\/logo\/image\/","url":"https:\/\/latouche.life\/wp-content\/uploads\/2020\/06\/logo_round_white.png","contentUrl":"https:\/\/latouche.life\/wp-content\/uploads\/2020\/06\/logo_round_white.png","width":106,"height":106,"caption":"La Touche"},"image":{"@id":"https:\/\/latouche.life\/#\/schema\/logo\/image\/"}}]}},"_links":{"self":[{"href":"https:\/\/latouche.life\/vi\/wp-json\/wp\/v2\/pages\/979"}],"collection":[{"href":"https:\/\/latouche.life\/vi\/wp-json\/wp\/v2\/pages"}],"about":[{"href":"https:\/\/latouche.life\/vi\/wp-json\/wp\/v2\/types\/page"}],"author":[{"embeddable":true,"href":"https:\/\/latouche.life\/vi\/wp-json\/wp\/v2\/users\/1"}],"replies":[{"embeddable":true,"href":"https:\/\/latouche.life\/vi\/wp-json\/wp\/v2\/comments?post=979"}],"version-history":[{"count":5,"href":"https:\/\/latouche.life\/vi\/wp-json\/wp\/v2\/pages\/979\/revisions"}],"predecessor-version":[{"id":1804,"href":"https:\/\/latouche.life\/vi\/wp-json\/wp\/v2\/pages\/979\/revisions\/1804"}],"wp:featuredmedia":[{"embeddable":true,"href":"https:\/\/latouche.life\/vi\/wp-json\/wp\/v2\/media\/1475"}],"wp:attachment":[{"href":"https:\/\/latouche.life\/vi\/wp-json\/wp\/v2\/media?parent=979"}],"curies":[{"name":"wp","href":"https:\/\/api.w.org\/{rel}","templated":true}]}}