{"id":3547,"date":"2023-12-03T16:24:42","date_gmt":"2023-12-03T16:24:42","guid":{"rendered":"http:\/\/latouche.life\/?page_id=3547"},"modified":"2024-03-12T08:15:14","modified_gmt":"2024-03-12T08:15:14","slug":"omdee-for-sleep","status":"publish","type":"page","link":"https:\/\/latouche.life\/vi\/omdee-for-sleep\/","title":{"rendered":"OMDEE NG\u1ee6 V\u1ece \u0110\u1eacU XANH"},"content":{"rendered":"<div data-elementor-type=\"wp-page\" data-elementor-id=\"3547\" class=\"elementor elementor-3547\">\n\t\t\t\t\t\t<section class=\"elementor-section elementor-top-section elementor-element elementor-element-458e5ee elementor-section-boxed elementor-section-height-default elementor-section-height-default\" data-id=\"458e5ee\" data-element_type=\"section\">\n\t\t\t\t\t\t<div class=\"elementor-container elementor-column-gap-default\">\n\t\t\t\t\t<div class=\"elementor-column elementor-col-33 elementor-top-column elementor-element elementor-element-e03cf20\" data-id=\"e03cf20\" data-element_type=\"column\">\n\t\t\t<div class=\"elementor-widget-wrap elementor-element-populated\">\n\t\t\t\t\t\t<div class=\"elementor-element elementor-element-701355e elementor-widget elementor-widget-image\" data-id=\"701355e\" data-element_type=\"widget\" data-widget_type=\"image.default\">\n\t\t\t\t<div class=\"elementor-widget-container\">\n\t\t\t\t\t\t\t\t\t\t\t\t\t<img fetchpriority=\"high\" decoding=\"async\" width=\"960\" height=\"639\" src=\"https:\/\/latouche.life\/wp-content\/uploads\/2023\/12\/DSC02792-scaled.jpg\" class=\"attachment-large size-large wp-image-3550\" alt=\"\" srcset=\"https:\/\/latouche.life\/wp-content\/uploads\/2023\/12\/DSC02792-scaled.jpg 2560w, https:\/\/latouche.life\/wp-content\/uploads\/2023\/12\/DSC02792-300x200.jpg 300w\" sizes=\"(max-width: 960px) 100vw, 960px\" \/>\t\t\t\t\t\t\t\t\t\t\t\t\t<\/div>\n\t\t\t\t<\/div>\n\t\t\t\t\t<\/div>\n\t\t<\/div>\n\t\t\t\t<div class=\"elementor-column elementor-col-33 elementor-top-column elementor-element elementor-element-d8f790b\" data-id=\"d8f790b\" data-element_type=\"column\">\n\t\t\t<div class=\"elementor-widget-wrap elementor-element-populated\">\n\t\t\t\t\t\t<div class=\"elementor-element elementor-element-75b3d0d elementor-widget elementor-widget-image\" data-id=\"75b3d0d\" data-element_type=\"widget\" data-widget_type=\"image.default\">\n\t\t\t\t<div class=\"elementor-widget-container\">\n\t\t\t\t\t\t\t\t\t\t\t\t\t<img decoding=\"async\" width=\"960\" height=\"639\" src=\"https:\/\/latouche.life\/wp-content\/uploads\/2023\/12\/DSC02954-scaled.jpg\" class=\"attachment-large size-large wp-image-3553\" alt=\"\" srcset=\"https:\/\/latouche.life\/wp-content\/uploads\/2023\/12\/DSC02954-scaled.jpg 2560w, https:\/\/latouche.life\/wp-content\/uploads\/2023\/12\/DSC02954-300x200.jpg 300w\" sizes=\"(max-width: 960px) 100vw, 960px\" \/>\t\t\t\t\t\t\t\t\t\t\t\t\t<\/div>\n\t\t\t\t<\/div>\n\t\t\t\t\t<\/div>\n\t\t<\/div>\n\t\t\t\t<div class=\"elementor-column elementor-col-33 elementor-top-column elementor-element elementor-element-ee57085\" data-id=\"ee57085\" data-element_type=\"column\">\n\t\t\t<div class=\"elementor-widget-wrap elementor-element-populated\">\n\t\t\t\t\t\t<div class=\"elementor-element elementor-element-6161fc5 elementor-widget elementor-widget-image\" data-id=\"6161fc5\" data-element_type=\"widget\" data-widget_type=\"image.default\">\n\t\t\t\t<div class=\"elementor-widget-container\">\n\t\t\t\t\t\t\t\t\t\t\t\t\t<img decoding=\"async\" width=\"960\" height=\"639\" src=\"https:\/\/latouche.life\/wp-content\/uploads\/2024\/03\/Omdee-Cherry-blossom-1024x682.jpg\" class=\"attachment-large size-large wp-image-3878\" alt=\"\" srcset=\"https:\/\/latouche.life\/wp-content\/uploads\/2024\/03\/Omdee-Cherry-blossom-1024x682.jpg 1024w, https:\/\/latouche.life\/wp-content\/uploads\/2024\/03\/Omdee-Cherry-blossom-300x200.jpg 300w, https:\/\/latouche.life\/wp-content\/uploads\/2024\/03\/Omdee-Cherry-blossom-768x511.jpg 768w, https:\/\/latouche.life\/wp-content\/uploads\/2024\/03\/Omdee-Cherry-blossom-1536x1022.jpg 1536w, https:\/\/latouche.life\/wp-content\/uploads\/2024\/03\/Omdee-Cherry-blossom-2048x1363.jpg 2048w, https:\/\/latouche.life\/wp-content\/uploads\/2024\/03\/Omdee-Cherry-blossom-18x12.jpg 18w, https:\/\/latouche.life\/wp-content\/uploads\/2024\/03\/Omdee-Cherry-blossom-1200x799.jpg 1200w, https:\/\/latouche.life\/wp-content\/uploads\/2024\/03\/Omdee-Cherry-blossom-900x599.jpg 900w, https:\/\/latouche.life\/wp-content\/uploads\/2024\/03\/Omdee-Cherry-blossom-400x266.jpg 400w, https:\/\/latouche.life\/wp-content\/uploads\/2024\/03\/Omdee-Cherry-blossom-600x399.jpg 600w\" sizes=\"(max-width: 960px) 100vw, 960px\" \/>\t\t\t\t\t\t\t\t\t\t\t\t\t<\/div>\n\t\t\t\t<\/div>\n\t\t\t\t\t<\/div>\n\t\t<\/div>\n\t\t\t\t\t<\/div>\n\t\t<\/section>\n\t\t\t\t<section class=\"elementor-section elementor-top-section elementor-element elementor-element-37131f6 elementor-section-boxed elementor-section-height-default elementor-section-height-default\" data-id=\"37131f6\" data-element_type=\"section\">\n\t\t\t\t\t\t<div class=\"elementor-container elementor-column-gap-default\">\n\t\t\t\t\t<div class=\"elementor-column elementor-col-33 elementor-top-column elementor-element elementor-element-98e1ac0\" data-id=\"98e1ac0\" data-element_type=\"column\">\n\t\t\t<div class=\"elementor-widget-wrap elementor-element-populated\">\n\t\t\t\t\t\t<div class=\"elementor-element elementor-element-e801887 elementor-widget elementor-widget-image\" data-id=\"e801887\" data-element_type=\"widget\" data-widget_type=\"image.default\">\n\t\t\t\t<div class=\"elementor-widget-container\">\n\t\t\t\t\t\t\t\t\t\t\t\t\t<img loading=\"lazy\" decoding=\"async\" width=\"960\" height=\"720\" src=\"https:\/\/latouche.life\/wp-content\/uploads\/2023\/12\/Omdee-for-sleep-green-bean-hull-6-1024x768.png\" class=\"attachment-large size-large wp-image-3596\" alt=\"\" srcset=\"https:\/\/latouche.life\/wp-content\/uploads\/2023\/12\/Omdee-for-sleep-green-bean-hull-6-1024x768.png 1024w, https:\/\/latouche.life\/wp-content\/uploads\/2023\/12\/Omdee-for-sleep-green-bean-hull-6-300x225.png 300w, https:\/\/latouche.life\/wp-content\/uploads\/2023\/12\/Omdee-for-sleep-green-bean-hull-6-768x576.png 768w, https:\/\/latouche.life\/wp-content\/uploads\/2023\/12\/Omdee-for-sleep-green-bean-hull-6-1536x1152.png 1536w, https:\/\/latouche.life\/wp-content\/uploads\/2023\/12\/Omdee-for-sleep-green-bean-hull-6-1200x900.png 1200w, https:\/\/latouche.life\/wp-content\/uploads\/2023\/12\/Omdee-for-sleep-green-bean-hull-6-900x675.png 900w, https:\/\/latouche.life\/wp-content\/uploads\/2023\/12\/Omdee-for-sleep-green-bean-hull-6-400x300.png 400w, https:\/\/latouche.life\/wp-content\/uploads\/2023\/12\/Omdee-for-sleep-green-bean-hull-6-600x450.png 600w, https:\/\/latouche.life\/wp-content\/uploads\/2023\/12\/Omdee-for-sleep-green-bean-hull-6.png 2000w\" sizes=\"(max-width: 960px) 100vw, 960px\" \/>\t\t\t\t\t\t\t\t\t\t\t\t\t<\/div>\n\t\t\t\t<\/div>\n\t\t\t\t\t<\/div>\n\t\t<\/div>\n\t\t\t\t<div class=\"elementor-column elementor-col-33 elementor-top-column elementor-element elementor-element-e8b4588\" data-id=\"e8b4588\" data-element_type=\"column\">\n\t\t\t<div class=\"elementor-widget-wrap elementor-element-populated\">\n\t\t\t\t\t\t<div class=\"elementor-element elementor-element-297826b elementor-widget elementor-widget-image\" data-id=\"297826b\" data-element_type=\"widget\" data-widget_type=\"image.default\">\n\t\t\t\t<div class=\"elementor-widget-container\">\n\t\t\t\t\t\t\t\t\t\t\t\t\t<img loading=\"lazy\" decoding=\"async\" width=\"960\" height=\"720\" src=\"https:\/\/latouche.life\/wp-content\/uploads\/2023\/12\/Omdee-for-sleep-1-1024x768.png\" class=\"attachment-large size-large wp-image-3576\" alt=\"\" srcset=\"https:\/\/latouche.life\/wp-content\/uploads\/2023\/12\/Omdee-for-sleep-1-1024x768.png 1024w, https:\/\/latouche.life\/wp-content\/uploads\/2023\/12\/Omdee-for-sleep-1-300x225.png 300w, https:\/\/latouche.life\/wp-content\/uploads\/2023\/12\/Omdee-for-sleep-1-768x576.png 768w, https:\/\/latouche.life\/wp-content\/uploads\/2023\/12\/Omdee-for-sleep-1-1536x1152.png 1536w, https:\/\/latouche.life\/wp-content\/uploads\/2023\/12\/Omdee-for-sleep-1-1200x900.png 1200w, https:\/\/latouche.life\/wp-content\/uploads\/2023\/12\/Omdee-for-sleep-1-900x675.png 900w, https:\/\/latouche.life\/wp-content\/uploads\/2023\/12\/Omdee-for-sleep-1-400x300.png 400w, https:\/\/latouche.life\/wp-content\/uploads\/2023\/12\/Omdee-for-sleep-1-600x450.png 600w, https:\/\/latouche.life\/wp-content\/uploads\/2023\/12\/Omdee-for-sleep-1.png 2000w\" sizes=\"(max-width: 960px) 100vw, 960px\" \/>\t\t\t\t\t\t\t\t\t\t\t\t\t<\/div>\n\t\t\t\t<\/div>\n\t\t\t\t\t<\/div>\n\t\t<\/div>\n\t\t\t\t<div class=\"elementor-column elementor-col-33 elementor-top-column elementor-element elementor-element-84f1afe\" data-id=\"84f1afe\" data-element_type=\"column\">\n\t\t\t<div class=\"elementor-widget-wrap elementor-element-populated\">\n\t\t\t\t\t\t<div class=\"elementor-element elementor-element-a09aa5d elementor-widget elementor-widget-image\" data-id=\"a09aa5d\" data-element_type=\"widget\" data-widget_type=\"image.default\">\n\t\t\t\t<div class=\"elementor-widget-container\">\n\t\t\t\t\t\t\t\t\t\t\t\t\t<img loading=\"lazy\" decoding=\"async\" width=\"960\" height=\"720\" src=\"https:\/\/latouche.life\/wp-content\/uploads\/2023\/12\/Omdee-for-sleep-8-1024x768.png\" class=\"attachment-large size-large wp-image-3583\" alt=\"\" srcset=\"https:\/\/latouche.life\/wp-content\/uploads\/2023\/12\/Omdee-for-sleep-8-1024x768.png 1024w, https:\/\/latouche.life\/wp-content\/uploads\/2023\/12\/Omdee-for-sleep-8-300x225.png 300w, https:\/\/latouche.life\/wp-content\/uploads\/2023\/12\/Omdee-for-sleep-8-768x576.png 768w, https:\/\/latouche.life\/wp-content\/uploads\/2023\/12\/Omdee-for-sleep-8-1536x1152.png 1536w, https:\/\/latouche.life\/wp-content\/uploads\/2023\/12\/Omdee-for-sleep-8-1200x900.png 1200w, https:\/\/latouche.life\/wp-content\/uploads\/2023\/12\/Omdee-for-sleep-8-900x675.png 900w, https:\/\/latouche.life\/wp-content\/uploads\/2023\/12\/Omdee-for-sleep-8-400x300.png 400w, https:\/\/latouche.life\/wp-content\/uploads\/2023\/12\/Omdee-for-sleep-8-600x450.png 600w, https:\/\/latouche.life\/wp-content\/uploads\/2023\/12\/Omdee-for-sleep-8.png 2000w\" sizes=\"(max-width: 960px) 100vw, 960px\" \/>\t\t\t\t\t\t\t\t\t\t\t\t\t<\/div>\n\t\t\t\t<\/div>\n\t\t\t\t\t<\/div>\n\t\t<\/div>\n\t\t\t\t\t<\/div>\n\t\t<\/section>\n\t\t\t\t<section class=\"elementor-section elementor-top-section elementor-element elementor-element-2211546 elementor-section-boxed elementor-section-height-default elementor-section-height-default\" data-id=\"2211546\" data-element_type=\"section\">\n\t\t\t\t\t\t<div class=\"elementor-container elementor-column-gap-default\">\n\t\t\t\t\t<div class=\"elementor-column elementor-col-100 elementor-top-column elementor-element elementor-element-8cf5ac8\" data-id=\"8cf5ac8\" data-element_type=\"column\">\n\t\t\t<div class=\"elementor-widget-wrap elementor-element-populated\">\n\t\t\t\t\t\t<div class=\"elementor-element elementor-element-14ed137 elementor-widget elementor-widget-text-editor\" data-id=\"14ed137\" data-element_type=\"widget\" data-widget_type=\"text-editor.default\">\n\t\t\t\t<div class=\"elementor-widget-container\">\n\t\t\t\t\t\t\t<p style=\"text-align: center;\"><em>B\u1ea5m v\u00e0o \u0111\u1ec3 ph\u00f3ng to \u1ea3nh<\/em><\/p>\t\t\t\t\t\t<\/div>\n\t\t\t\t<\/div>\n\t\t\t\t<div class=\"elementor-element elementor-element-2092457 elementor-widget-divider--view-line elementor-widget elementor-widget-divider\" data-id=\"2092457\" data-element_type=\"widget\" data-widget_type=\"divider.default\">\n\t\t\t\t<div class=\"elementor-widget-container\">\n\t\t\t\t\t<div class=\"elementor-divider\">\n\t\t\t<span class=\"elementor-divider-separator\">\n\t\t\t\t\t\t<\/span>\n\t\t<\/div>\n\t\t\t\t<\/div>\n\t\t\t\t<\/div>\n\t\t\t\t<div class=\"elementor-element elementor-element-0acf827 elementor-widget elementor-widget-text-editor\" data-id=\"0acf827\" data-element_type=\"widget\" data-widget_type=\"text-editor.default\">\n\t\t\t\t<div class=\"elementor-widget-container\">\n\t\t\t\t\t\t\t<p>Cu\u1ed1i n\u0103m La Touche cho ra m\u1eaft nh\u1eefng chi\u1ebfc OMDEE NG\u1ee6 V\u1ece \u0110\u1eacU XANH - phi\u00ean b\u1ea3n \u0111\u01b0\u1ee3c \u0111i\u1ec1u ch\u1ec9nh chi\u1ec1u cao t\u1eeb nh\u1eefng chi\u1ebfc OMDEE truy\u1ec1n th\u1ed1ng.<\/p><p><br \/>V\u1eabn mang th\u00f4ng \u0111i\u1ec7p S\u1ef0 \u1ea4M \u00c1P t\u1eeb nh\u1eefng chi\u1ebfc \u00d4M, \u0111\u00e2y l\u00e0 s\u1ea3n ph\u1ea9m t\u1ee5i m\u00ecnh \u0111\u01b0\u1ee3c kh\u00e1ch y\u00eau c\u1ea7u thi\u1ebft k\u1ebf ri\u00eang \u0111\u1ec3 l\u00e0m g\u1ed1i ng\u1ee7. Sau \u0111\u00f3, La Touche \u0111\u00e3 cho b\u00e1n th\u1eed nghi\u1ec7m t\u1ea1i c\u00e1c phi\u00ean ch\u1ee3 v\u00e0 nh\u1eadn \u0111\u01b0\u1ee3c s\u1ef1 \u1ee7ng h\u1ed9 c\u1ee7a kh\u00e1ch h\u00e0ng. V\u00ec v\u1eady, h\u00f4m nay La Touche xin ph\u00e9p ch\u00ednh th\u1ee9c tr\u00ecnh l\u00e0ng nh\u1eefng chi\u1ebfc OMDEE NG\u1ee6 n\u00e0y v\u1edbi c\u1ea3 nh\u00e0.<\/p>\t\t\t\t\t\t<\/div>\n\t\t\t\t<\/div>\n\t\t\t\t<div class=\"elementor-element elementor-element-7f1012a elementor-widget elementor-widget-text-editor\" data-id=\"7f1012a\" data-element_type=\"widget\" data-widget_type=\"text-editor.default\">\n\t\t\t\t<div class=\"elementor-widget-container\">\n\t\t\t\t\t\t\t<p><b>C\u00f4ng d\u1ee5ng:<\/b><\/p><ul><li>K\u00ea c\u1ed5, vai cho gi\u1ea5c ng\u1ee7 ngon<\/li><li>L\u00e0m g\u1ed1i \u00f4m \u00eam \u00e1i<\/li><li>K\u00ea sau l\u01b0ng ng\u1ed3i l\u00e0m vi\u1ec7c<\/li><li>L\u00e0m qu\u00e0 t\u1eb7ng d\u1ecbp Gi\u00e1ng sinh, qu\u00e0 t\u1eb7ng ba m\u1eb9,...<\/li><\/ul><p><b>Th\u00f4ng tin s\u1ea3n ph\u1ea9m:<\/b><\/p><ul><li>K\u00edch th\u01b0\u1edbc (DxRxC): 35x19x07cm (chi\u1ec1u cao c\u00f3 th\u1ec3 linh ho\u1ea1t \u0111i\u1ec1u ch\u1ec9nh t\u1eeb 05-07cm)<\/li><li>C\u00e2n n\u1eb7ng: 1.15kg<\/li><li>Ch\u1ea5t v\u1ea3i: Canvas g\u1ed1c th\u1ef1c v\u1eadt<\/li><li>Nguy\u00ean li\u1ec7u: V\u1ecf \u0111\u1eadu xanh s\u1ea1ch s\u1ea5y c\u00f4ng nghi\u1ec7p<\/li><li>M\u00e0u v\u1ea3i: \u0111a d\u1ea1ng, c\u00f3 th\u1ec3 y\u00eau c\u1ea7u ph\u1ed1i m\u00e0u<\/li><\/ul>\t\t\t\t\t\t<\/div>\n\t\t\t\t<\/div>\n\t\t\t\t\t<\/div>\n\t\t<\/div>\n\t\t\t\t\t<\/div>\n\t\t<\/section>\n\t\t\t\t<\/div>","protected":false},"excerpt":{"rendered":"<p>Click on photos to see larger images As Christmas is coming, We introduce our new collection &#8211; made off green bean hulls &#8211; the OMDEE for SLEEP, a height-adjusted version of the traditional OMDEE bolsters. Still carrying the message of a WARM LOVE HUG, this is a product that customers have asked us to specifically [&hellip;]<\/p>","protected":false},"author":1,"featured_media":3549,"parent":0,"menu_order":0,"comment_status":"closed","ping_status":"closed","template":"","meta":{"om_disable_all_campaigns":false,"_monsterinsights_skip_tracking":false,"_monsterinsights_sitenote_active":false,"_monsterinsights_sitenote_note":"","_monsterinsights_sitenote_category":0,"footnotes":""},"aioseo_notices":[],"yoast_head":"<!-- This site is optimized with the Yoast SEO plugin v22.7 - https:\/\/yoast.com\/wordpress\/plugins\/seo\/ -->\n<title>OMDEE FOR SLEEP - La Touche<\/title>\n<meta name=\"robots\" content=\"index, follow, max-snippet:-1, max-image-preview:large, max-video-preview:-1\" \/>\n<link rel=\"canonical\" href=\"https:\/\/latouche.life\/vi\/omdee-for-sleep\/\" \/>\n<meta property=\"og:locale\" content=\"vi_VN\" \/>\n<meta property=\"og:type\" content=\"article\" \/>\n<meta property=\"og:title\" content=\"OMDEE FOR SLEEP - La Touche\" \/>\n<meta property=\"og:description\" content=\"Click on photos to see larger images As Christmas is coming, We introduce our new collection &#8211; made off green bean hulls &#8211; the OMDEE for SLEEP, a height-adjusted version of the traditional OMDEE bolsters. Still carrying the message of a WARM LOVE HUG, this is a product that customers have asked us to specifically [&hellip;]\" \/>\n<meta property=\"og:url\" content=\"https:\/\/latouche.life\/vi\/omdee-for-sleep\/\" \/>\n<meta property=\"og:site_name\" content=\"La Touche\" \/>\n<meta property=\"article:modified_time\" content=\"2024-03-12T08:15:14+00:00\" \/>\n<meta property=\"og:image\" content=\"https:\/\/latouche.life\/wp-content\/uploads\/2023\/12\/DSC02988-1-scaled.jpg\" \/>\n\t<meta property=\"og:image:width\" content=\"2560\" \/>\n\t<meta property=\"og:image:height\" content=\"1704\" \/>\n\t<meta property=\"og:image:type\" content=\"image\/jpeg\" \/>\n<meta name=\"twitter:card\" content=\"summary_large_image\" \/>\n<meta name=\"twitter:label1\" content=\"\u01af\u1edbc t\u00ednh th\u1eddi gian \u0111\u1ecdc\" \/>\n\t<meta name=\"twitter:data1\" content=\"1 ph\u00fat\" \/>\n<script type=\"application\/ld+json\" class=\"yoast-schema-graph\">{\"@context\":\"https:\/\/schema.org\",\"@graph\":[{\"@type\":\"WebPage\",\"@id\":\"https:\/\/latouche.life\/omdee-for-sleep\/\",\"url\":\"https:\/\/latouche.life\/omdee-for-sleep\/\",\"name\":\"OMDEE FOR SLEEP - La Touche\",\"isPartOf\":{\"@id\":\"https:\/\/latouche.life\/#website\"},\"primaryImageOfPage\":{\"@id\":\"https:\/\/latouche.life\/omdee-for-sleep\/#primaryimage\"},\"image\":{\"@id\":\"https:\/\/latouche.life\/omdee-for-sleep\/#primaryimage\"},\"thumbnailUrl\":\"https:\/\/latouche.life\/wp-content\/uploads\/2023\/12\/DSC02988-1-scaled.jpg\",\"datePublished\":\"2023-12-03T16:24:42+00:00\",\"dateModified\":\"2024-03-12T08:15:14+00:00\",\"breadcrumb\":{\"@id\":\"https:\/\/latouche.life\/omdee-for-sleep\/#breadcrumb\"},\"inLanguage\":\"vi\",\"potentialAction\":[{\"@type\":\"ReadAction\",\"target\":[\"https:\/\/latouche.life\/omdee-for-sleep\/\"]}]},{\"@type\":\"ImageObject\",\"inLanguage\":\"vi\",\"@id\":\"https:\/\/latouche.life\/omdee-for-sleep\/#primaryimage\",\"url\":\"https:\/\/latouche.life\/wp-content\/uploads\/2023\/12\/DSC02988-1-scaled.jpg\",\"contentUrl\":\"https:\/\/latouche.life\/wp-content\/uploads\/2023\/12\/DSC02988-1-scaled.jpg\",\"width\":2560,\"height\":1704},{\"@type\":\"BreadcrumbList\",\"@id\":\"https:\/\/latouche.life\/omdee-for-sleep\/#breadcrumb\",\"itemListElement\":[{\"@type\":\"ListItem\",\"position\":1,\"name\":\"Home\",\"item\":\"https:\/\/latouche.life\/\"},{\"@type\":\"ListItem\",\"position\":2,\"name\":\"OMDEE FOR SLEEP\"}]},{\"@type\":\"WebSite\",\"@id\":\"https:\/\/latouche.life\/#website\",\"url\":\"https:\/\/latouche.life\/\",\"name\":\"La Touche\",\"description\":\"Create peaceful feeling from organic and natural products\",\"publisher\":{\"@id\":\"https:\/\/latouche.life\/#organization\"},\"potentialAction\":[{\"@type\":\"SearchAction\",\"target\":{\"@type\":\"EntryPoint\",\"urlTemplate\":\"https:\/\/latouche.life\/?s={search_term_string}\"},\"query-input\":\"required name=search_term_string\"}],\"inLanguage\":\"vi\"},{\"@type\":\"Organization\",\"@id\":\"https:\/\/latouche.life\/#organization\",\"name\":\"La Touche\",\"url\":\"https:\/\/latouche.life\/\",\"logo\":{\"@type\":\"ImageObject\",\"inLanguage\":\"vi\",\"@id\":\"https:\/\/latouche.life\/#\/schema\/logo\/image\/\",\"url\":\"https:\/\/latouche.life\/wp-content\/uploads\/2020\/06\/logo_round_white.png\",\"contentUrl\":\"https:\/\/latouche.life\/wp-content\/uploads\/2020\/06\/logo_round_white.png\",\"width\":106,\"height\":106,\"caption\":\"La Touche\"},\"image\":{\"@id\":\"https:\/\/latouche.life\/#\/schema\/logo\/image\/\"}}]}<\/script>\n<!-- \/ Yoast SEO plugin. -->","yoast_head_json":{"title":"OMDEE FOR SLEEP - La Touche","robots":{"index":"index","follow":"follow","max-snippet":"max-snippet:-1","max-image-preview":"max-image-preview:large","max-video-preview":"max-video-preview:-1"},"canonical":"https:\/\/latouche.life\/vi\/omdee-for-sleep\/","og_locale":"vi_VN","og_type":"article","og_title":"OMDEE FOR SLEEP - La Touche","og_description":"Click on photos to see larger images As Christmas is coming, We introduce our new collection &#8211; made off green bean hulls &#8211; the OMDEE for SLEEP, a height-adjusted version of the traditional OMDEE bolsters. Still carrying the message of a WARM LOVE HUG, this is a product that customers have asked us to specifically [&hellip;]","og_url":"https:\/\/latouche.life\/vi\/omdee-for-sleep\/","og_site_name":"La Touche","article_modified_time":"2024-03-12T08:15:14+00:00","og_image":[{"width":2560,"height":1704,"url":"https:\/\/latouche.life\/wp-content\/uploads\/2023\/12\/DSC02988-1-scaled.jpg","type":"image\/jpeg"}],"twitter_card":"summary_large_image","twitter_misc":{"\u01af\u1edbc t\u00ednh th\u1eddi gian \u0111\u1ecdc":"1 ph\u00fat"},"schema":{"@context":"https:\/\/schema.org","@graph":[{"@type":"WebPage","@id":"https:\/\/latouche.life\/omdee-for-sleep\/","url":"https:\/\/latouche.life\/omdee-for-sleep\/","name":"OMDEE FOR SLEEP - La Touche","isPartOf":{"@id":"https:\/\/latouche.life\/#website"},"primaryImageOfPage":{"@id":"https:\/\/latouche.life\/omdee-for-sleep\/#primaryimage"},"image":{"@id":"https:\/\/latouche.life\/omdee-for-sleep\/#primaryimage"},"thumbnailUrl":"https:\/\/latouche.life\/wp-content\/uploads\/2023\/12\/DSC02988-1-scaled.jpg","datePublished":"2023-12-03T16:24:42+00:00","dateModified":"2024-03-12T08:15:14+00:00","breadcrumb":{"@id":"https:\/\/latouche.life\/omdee-for-sleep\/#breadcrumb"},"inLanguage":"vi","potentialAction":[{"@type":"ReadAction","target":["https:\/\/latouche.life\/omdee-for-sleep\/"]}]},{"@type":"ImageObject","inLanguage":"vi","@id":"https:\/\/latouche.life\/omdee-for-sleep\/#primaryimage","url":"https:\/\/latouche.life\/wp-content\/uploads\/2023\/12\/DSC02988-1-scaled.jpg","contentUrl":"https:\/\/latouche.life\/wp-content\/uploads\/2023\/12\/DSC02988-1-scaled.jpg","width":2560,"height":1704},{"@type":"BreadcrumbList","@id":"https:\/\/latouche.life\/omdee-for-sleep\/#breadcrumb","itemListElement":[{"@type":"ListItem","position":1,"name":"Home","item":"https:\/\/latouche.life\/"},{"@type":"ListItem","position":2,"name":"OMDEE FOR SLEEP"}]},{"@type":"WebSite","@id":"https:\/\/latouche.life\/#website","url":"https:\/\/latouche.life\/","name":"La Touche","description":"Create peaceful feeling from organic and natural products","publisher":{"@id":"https:\/\/latouche.life\/#organization"},"potentialAction":[{"@type":"SearchAction","target":{"@type":"EntryPoint","urlTemplate":"https:\/\/latouche.life\/?s={search_term_string}"},"query-input":"required name=search_term_string"}],"inLanguage":"vi"},{"@type":"Organization","@id":"https:\/\/latouche.life\/#organization","name":"La Touche","url":"https:\/\/latouche.life\/","logo":{"@type":"ImageObject","inLanguage":"vi","@id":"https:\/\/latouche.life\/#\/schema\/logo\/image\/","url":"https:\/\/latouche.life\/wp-content\/uploads\/2020\/06\/logo_round_white.png","contentUrl":"https:\/\/latouche.life\/wp-content\/uploads\/2020\/06\/logo_round_white.png","width":106,"height":106,"caption":"La Touche"},"image":{"@id":"https:\/\/latouche.life\/#\/schema\/logo\/image\/"}}]}},"_links":{"self":[{"href":"https:\/\/latouche.life\/vi\/wp-json\/wp\/v2\/pages\/3547"}],"collection":[{"href":"https:\/\/latouche.life\/vi\/wp-json\/wp\/v2\/pages"}],"about":[{"href":"https:\/\/latouche.life\/vi\/wp-json\/wp\/v2\/types\/page"}],"author":[{"embeddable":true,"href":"https:\/\/latouche.life\/vi\/wp-json\/wp\/v2\/users\/1"}],"replies":[{"embeddable":true,"href":"https:\/\/latouche.life\/vi\/wp-json\/wp\/v2\/comments?post=3547"}],"version-history":[{"count":5,"href":"https:\/\/latouche.life\/vi\/wp-json\/wp\/v2\/pages\/3547\/revisions"}],"predecessor-version":[{"id":3881,"href":"https:\/\/latouche.life\/vi\/wp-json\/wp\/v2\/pages\/3547\/revisions\/3881"}],"wp:featuredmedia":[{"embeddable":true,"href":"https:\/\/latouche.life\/vi\/wp-json\/wp\/v2\/media\/3549"}],"wp:attachment":[{"href":"https:\/\/latouche.life\/vi\/wp-json\/wp\/v2\/media?parent=3547"}],"curies":[{"name":"wp","href":"https:\/\/api.w.org\/{rel}","templated":true}]}}