{"id":2983,"date":"2022-07-14T09:57:34","date_gmt":"2022-07-14T09:57:34","guid":{"rendered":"http:\/\/latouche.life\/?page_id=2983"},"modified":"2022-07-14T09:57:46","modified_gmt":"2022-07-14T09:57:46","slug":"omdee-my-rose","status":"publish","type":"page","link":"https:\/\/latouche.life\/vi\/omdee-my-rose\/","title":{"rendered":"OMDEE MY ROSE"},"content":{"rendered":"<div data-elementor-type=\"wp-page\" data-elementor-id=\"2983\" class=\"elementor elementor-2983\">\n\t\t\t\t\t\t<section class=\"elementor-section elementor-top-section elementor-element elementor-element-6784cd7 elementor-section-boxed elementor-section-height-default elementor-section-height-default\" data-id=\"6784cd7\" data-element_type=\"section\">\n\t\t\t\t\t\t<div class=\"elementor-container elementor-column-gap-default\">\n\t\t\t\t\t<div class=\"elementor-column elementor-col-100 elementor-top-column elementor-element elementor-element-62d6957\" data-id=\"62d6957\" data-element_type=\"column\">\n\t\t\t<div class=\"elementor-widget-wrap elementor-element-populated\">\n\t\t\t\t\t\t<div class=\"elementor-element elementor-element-a6eced4 elementor-widget elementor-widget-text-editor\" data-id=\"a6eced4\" data-element_type=\"widget\" data-widget_type=\"text-editor.default\">\n\t\t\t\t<div class=\"elementor-widget-container\">\n\t\t\t\t\t\t\t<p>Trong m\u1ed9t quy\u1ec3n truy\u1ec7n thi\u1ebfu nhi m\u00e0 La Touche r\u1ea5t th\u00edch, \"Ho\u00e0ng T\u1eed B\u00e9\", c\u00f3 c\u00e2u chuy\u1ec7n v\u1ec1 t\u00ecnh y\u00eau nh\u1eb9 nh\u00e0ng r\u1ea5t hay. \u0110\u00f3 l\u00e0 t\u00ecnh y\u00eau Ho\u00e0ng t\u1eed b\u00e9 d\u00e0nh cho hoa h\u1ed3ng:\nHo\u00e0ng t\u1eed b\u00e9 ch\u0103m hoa h\u1ed3ng r\u1ea5t k\u1ef9. C\u1eadu t\u01b0\u1edbi n\u01b0\u1edbc cho hoa khi hoa kh\u00e1t, l\u1ea5y l\u1ed3ng k\u00ednh che hoa khi hoa s\u1ee3 gi\u00f3, b\u1ea3o v\u1ec7 hoa v\u00e0 c\u00f2n d\u00e0nh th\u1eddi gian \u0111\u1ec3 tr\u00f2 chuy\u1ec7n c\u00f9ng hoa n\u1eefa. Hoa bu\u1ed3n c\u1eadu c\u0169ng bu\u1ed3n, hoa vui c\u1eadu c\u0169ng vui theo\u201d nh\u01b0ng hoa h\u1ed3ng l\u1ea1i \"r\u1ea5t m\u1ef1c ki\u00eau h\u00e3nh\", khi\u1ebfn cho Ho\u00e0ng t\u1eed b\u00e9 \"bu\u1ed3n phi\u1ec1n bi\u1ebft bao\" v\u00e0 mu\u1ed1n r\u1eddi h\u00e0nh tinh c\u1ee7a m\u00ecnh. Tr\u00ean h\u00e0nh tr\u00ecnh chu du qua c\u00e1c h\u00e0nh tinh, Ho\u00e0ng t\u1eed b\u00e9 b\u1eaft g\u1eb7p m\u1ed9t v\u01b0\u1eddn hoa \"c\u00f3 \u0111\u1ebfn n\u0103m ng\u00e0n b\u00f4ng h\u1ed3ng, gi\u1ed1ng y h\u1ec7t nhau\u201d. C\u1eadu \"c\u1ee9 t\u01b0\u1edfng m\u00ecnh gi\u00e0u c\u00f3 v\u1edbi m\u1ed9t b\u00f4ng hoa \u0111\u1ed9c nh\u1ea5t v\u00f4 nh\u1ecb\", th\u1ebf nh\u01b0ng \u0111\u00f3 ch\u1ec9 l\u00e0 \"m\u1ed9t b\u00f4ng h\u1ed3ng b\u00ecnh th\u01b0\u1eddng\", v\u1eady l\u00e0 c\u1eadu b\u1eadt kh\u00f3c. Nh\u01b0ng trong l\u00fac \u1ea5y, C\u00e1o xu\u1ea5t hi\u1ec7n v\u00e0 khi\u1ebfn cho c\u1eadu hi\u1ec3u \u0111\u01b0\u1ee3c r\u1eb1ng b\u00f4ng h\u1ed3ng c\u1ee7a c\u1eadu l\u00e0 duy nh\u1ea5t, v\u00ec b\u00f4ng h\u1ed3ng \u1ea5y \u0111\u01b0\u1ee3c ch\u00ednh c\u1eadu ch\u0103m s\u00f3c, t\u01b0\u1edbi n\u01b0\u1edbc, ch\u1eafn b\u00ecnh phong...B\u1edfi l\u1ebd \u0111\u1ea5y l\u00e0 b\u00f4ng h\u1ed3ng c\u1ee7a c\u1eadu.<\/p><p>\u00a0<\/p><p>Ch\u00fang t\u00f4i ch\u1ecdn ph\u00e2n \u0111o\u1ea1n truy\u1ec7n n\u00e0y l\u00e0m c\u1ea3m h\u1ee9ng cho thi\u1ebft k\u1ebf v\u1edbi tone m\u00e0u \u0111\u1ecf r\u01b0\u1ee3u vang v\u00e0 xanh r\u1eebng \u0111\u1eadm c\u1ee7a m\u1ed9t b\u00f4ng h\u1ed3ng - My Rose. Phi\u00ean b\u1ea3n n\u00e0y l\u00e0 b\u1ea3n gi\u1edbi h\u1ea1n.  \nHy v\u1ecdng m\u1ed7i ch\u00fang ta \u0111\u1ec1u c\u00f3 nh\u1eefng c\u00e2u chuy\u1ec7n c\u1ed5 t\u00edch \u0111\u1eb9p trong tim, nu\u00f4i d\u01b0\u1ee1ng t\u00e2m h\u1ed3n trong t\u00ecnh y\u00eau th\u01b0\u01a1ng.<\/p><p>\u00a0<\/p><p>\u0110\u1ed1i v\u1edbi La Touche l\u00e0 c\u00e2u chuy\u1ec7n v\u1ec1 Ho\u00e0ng t\u1eed b\u00e9, c\u00f2n b\u1ea1n th\u00ec sao?<\/p>\t\t\t\t\t\t<\/div>\n\t\t\t\t<\/div>\n\t\t\t\t\t<\/div>\n\t\t<\/div>\n\t\t\t\t\t<\/div>\n\t\t<\/section>\n\t\t\t\t<section class=\"elementor-section elementor-top-section elementor-element elementor-element-b95f1bc elementor-section-boxed elementor-section-height-default elementor-section-height-default\" data-id=\"b95f1bc\" data-element_type=\"section\">\n\t\t\t\t\t\t<div class=\"elementor-container elementor-column-gap-default\">\n\t\t\t\t\t<div class=\"elementor-column elementor-col-20 elementor-top-column elementor-element elementor-element-252d345\" data-id=\"252d345\" data-element_type=\"column\">\n\t\t\t<div class=\"elementor-widget-wrap elementor-element-populated\">\n\t\t\t\t\t\t<div class=\"elementor-element elementor-element-f02558f elementor-widget elementor-widget-image\" data-id=\"f02558f\" data-element_type=\"widget\" data-widget_type=\"image.default\">\n\t\t\t\t<div class=\"elementor-widget-container\">\n\t\t\t\t\t\t\t\t\t\t\t\t\t\t<a href=\"http:\/\/latouche.life\/wp-content\/uploads\/2022\/07\/IMG_E1325-scaled.jpg\">\n\t\t\t\t\t\t\t<img fetchpriority=\"high\" decoding=\"async\" width=\"960\" height=\"720\" src=\"https:\/\/latouche.life\/wp-content\/uploads\/2022\/07\/IMG_E1325-1024x768.jpg\" class=\"attachment-large size-large wp-image-2972\" alt=\"\" srcset=\"https:\/\/latouche.life\/wp-content\/uploads\/2022\/07\/IMG_E1325-1024x768.jpg 1024w, https:\/\/latouche.life\/wp-content\/uploads\/2022\/07\/IMG_E1325-scaled-600x450.jpg 600w, https:\/\/latouche.life\/wp-content\/uploads\/2022\/07\/IMG_E1325-300x225.jpg 300w, https:\/\/latouche.life\/wp-content\/uploads\/2022\/07\/IMG_E1325-768x576.jpg 768w, https:\/\/latouche.life\/wp-content\/uploads\/2022\/07\/IMG_E1325-1536x1152.jpg 1536w, https:\/\/latouche.life\/wp-content\/uploads\/2022\/07\/IMG_E1325-2048x1536.jpg 2048w, https:\/\/latouche.life\/wp-content\/uploads\/2022\/07\/IMG_E1325-1200x900.jpg 1200w, https:\/\/latouche.life\/wp-content\/uploads\/2022\/07\/IMG_E1325-900x675.jpg 900w, https:\/\/latouche.life\/wp-content\/uploads\/2022\/07\/IMG_E1325-400x300.jpg 400w\" sizes=\"(max-width: 960px) 100vw, 960px\" \/>\t\t\t\t\t\t\t\t<\/a>\n\t\t\t\t\t\t\t\t\t\t\t\t\t<\/div>\n\t\t\t\t<\/div>\n\t\t\t\t\t<\/div>\n\t\t<\/div>\n\t\t\t\t<div class=\"elementor-column elementor-col-20 elementor-top-column elementor-element elementor-element-353e9d5\" data-id=\"353e9d5\" data-element_type=\"column\">\n\t\t\t<div class=\"elementor-widget-wrap elementor-element-populated\">\n\t\t\t\t\t\t<div class=\"elementor-element elementor-element-999fd9c elementor-widget elementor-widget-image\" data-id=\"999fd9c\" data-element_type=\"widget\" data-widget_type=\"image.default\">\n\t\t\t\t<div class=\"elementor-widget-container\">\n\t\t\t\t\t\t\t\t\t\t\t\t\t\t<a href=\"http:\/\/latouche.life\/wp-content\/uploads\/2022\/07\/IMG_E1359-scaled.jpg\">\n\t\t\t\t\t\t\t<img decoding=\"async\" width=\"960\" height=\"720\" src=\"https:\/\/latouche.life\/wp-content\/uploads\/2022\/07\/IMG_E1359-1024x768.jpg\" class=\"attachment-large size-large wp-image-2987\" alt=\"\" srcset=\"https:\/\/latouche.life\/wp-content\/uploads\/2022\/07\/IMG_E1359-1024x768.jpg 1024w, https:\/\/latouche.life\/wp-content\/uploads\/2022\/07\/IMG_E1359-scaled-600x450.jpg 600w, https:\/\/latouche.life\/wp-content\/uploads\/2022\/07\/IMG_E1359-300x225.jpg 300w, https:\/\/latouche.life\/wp-content\/uploads\/2022\/07\/IMG_E1359-768x576.jpg 768w, https:\/\/latouche.life\/wp-content\/uploads\/2022\/07\/IMG_E1359-1536x1152.jpg 1536w, https:\/\/latouche.life\/wp-content\/uploads\/2022\/07\/IMG_E1359-2048x1536.jpg 2048w, https:\/\/latouche.life\/wp-content\/uploads\/2022\/07\/IMG_E1359-1200x900.jpg 1200w, https:\/\/latouche.life\/wp-content\/uploads\/2022\/07\/IMG_E1359-900x675.jpg 900w, https:\/\/latouche.life\/wp-content\/uploads\/2022\/07\/IMG_E1359-400x300.jpg 400w\" sizes=\"(max-width: 960px) 100vw, 960px\" \/>\t\t\t\t\t\t\t\t<\/a>\n\t\t\t\t\t\t\t\t\t\t\t\t\t<\/div>\n\t\t\t\t<\/div>\n\t\t\t\t\t<\/div>\n\t\t<\/div>\n\t\t\t\t<div class=\"elementor-column elementor-col-20 elementor-top-column elementor-element elementor-element-627b92e\" data-id=\"627b92e\" data-element_type=\"column\">\n\t\t\t<div class=\"elementor-widget-wrap elementor-element-populated\">\n\t\t\t\t\t\t<div class=\"elementor-element elementor-element-59a12c4 elementor-widget elementor-widget-image\" data-id=\"59a12c4\" data-element_type=\"widget\" data-widget_type=\"image.default\">\n\t\t\t\t<div class=\"elementor-widget-container\">\n\t\t\t\t\t\t\t\t\t\t\t\t\t\t<a href=\"http:\/\/latouche.life\/wp-content\/uploads\/2022\/07\/IMG_E1329-scaled.jpg\">\n\t\t\t\t\t\t\t<img decoding=\"async\" width=\"960\" height=\"720\" src=\"https:\/\/latouche.life\/wp-content\/uploads\/2022\/07\/IMG_E1329-1024x768.jpg\" class=\"attachment-large size-large wp-image-2973\" alt=\"\" srcset=\"https:\/\/latouche.life\/wp-content\/uploads\/2022\/07\/IMG_E1329-1024x768.jpg 1024w, https:\/\/latouche.life\/wp-content\/uploads\/2022\/07\/IMG_E1329-scaled-600x450.jpg 600w, https:\/\/latouche.life\/wp-content\/uploads\/2022\/07\/IMG_E1329-300x225.jpg 300w, https:\/\/latouche.life\/wp-content\/uploads\/2022\/07\/IMG_E1329-768x576.jpg 768w, https:\/\/latouche.life\/wp-content\/uploads\/2022\/07\/IMG_E1329-1536x1152.jpg 1536w, https:\/\/latouche.life\/wp-content\/uploads\/2022\/07\/IMG_E1329-2048x1536.jpg 2048w, https:\/\/latouche.life\/wp-content\/uploads\/2022\/07\/IMG_E1329-1200x900.jpg 1200w, https:\/\/latouche.life\/wp-content\/uploads\/2022\/07\/IMG_E1329-900x675.jpg 900w, https:\/\/latouche.life\/wp-content\/uploads\/2022\/07\/IMG_E1329-400x300.jpg 400w\" sizes=\"(max-width: 960px) 100vw, 960px\" \/>\t\t\t\t\t\t\t\t<\/a>\n\t\t\t\t\t\t\t\t\t\t\t\t\t<\/div>\n\t\t\t\t<\/div>\n\t\t\t\t\t<\/div>\n\t\t<\/div>\n\t\t\t\t<div class=\"elementor-column elementor-col-20 elementor-top-column elementor-element elementor-element-79735a5\" data-id=\"79735a5\" data-element_type=\"column\">\n\t\t\t<div class=\"elementor-widget-wrap elementor-element-populated\">\n\t\t\t\t\t\t<div class=\"elementor-element elementor-element-3dd80a4 elementor-widget elementor-widget-image\" data-id=\"3dd80a4\" data-element_type=\"widget\" data-widget_type=\"image.default\">\n\t\t\t\t<div class=\"elementor-widget-container\">\n\t\t\t\t\t\t\t\t\t\t\t\t\t\t<a href=\"http:\/\/latouche.life\/wp-content\/uploads\/2022\/07\/IMG_E1357-scaled.jpg\">\n\t\t\t\t\t\t\t<img loading=\"lazy\" decoding=\"async\" width=\"960\" height=\"720\" src=\"https:\/\/latouche.life\/wp-content\/uploads\/2022\/07\/IMG_E1357-1024x768.jpg\" class=\"attachment-large size-large wp-image-2975\" alt=\"\" srcset=\"https:\/\/latouche.life\/wp-content\/uploads\/2022\/07\/IMG_E1357-1024x768.jpg 1024w, https:\/\/latouche.life\/wp-content\/uploads\/2022\/07\/IMG_E1357-scaled-600x450.jpg 600w, https:\/\/latouche.life\/wp-content\/uploads\/2022\/07\/IMG_E1357-300x225.jpg 300w, https:\/\/latouche.life\/wp-content\/uploads\/2022\/07\/IMG_E1357-768x576.jpg 768w, https:\/\/latouche.life\/wp-content\/uploads\/2022\/07\/IMG_E1357-1536x1152.jpg 1536w, https:\/\/latouche.life\/wp-content\/uploads\/2022\/07\/IMG_E1357-2048x1536.jpg 2048w, https:\/\/latouche.life\/wp-content\/uploads\/2022\/07\/IMG_E1357-1200x900.jpg 1200w, https:\/\/latouche.life\/wp-content\/uploads\/2022\/07\/IMG_E1357-900x675.jpg 900w, https:\/\/latouche.life\/wp-content\/uploads\/2022\/07\/IMG_E1357-400x300.jpg 400w\" sizes=\"(max-width: 960px) 100vw, 960px\" \/>\t\t\t\t\t\t\t\t<\/a>\n\t\t\t\t\t\t\t\t\t\t\t\t\t<\/div>\n\t\t\t\t<\/div>\n\t\t\t\t\t<\/div>\n\t\t<\/div>\n\t\t\t\t<div class=\"elementor-column elementor-col-20 elementor-top-column elementor-element elementor-element-a3fd6b7\" data-id=\"a3fd6b7\" data-element_type=\"column\">\n\t\t\t<div class=\"elementor-widget-wrap elementor-element-populated\">\n\t\t\t\t\t\t<div class=\"elementor-element elementor-element-400bb9d elementor-widget elementor-widget-image\" data-id=\"400bb9d\" data-element_type=\"widget\" data-widget_type=\"image.default\">\n\t\t\t\t<div class=\"elementor-widget-container\">\n\t\t\t\t\t\t\t\t\t\t\t\t\t\t<a href=\"http:\/\/latouche.life\/wp-content\/uploads\/2022\/07\/IMG_E1333-scaled.jpg\">\n\t\t\t\t\t\t\t<img loading=\"lazy\" decoding=\"async\" width=\"960\" height=\"720\" src=\"https:\/\/latouche.life\/wp-content\/uploads\/2022\/07\/IMG_E1333-1024x768.jpg\" class=\"attachment-large size-large wp-image-2974\" alt=\"\" srcset=\"https:\/\/latouche.life\/wp-content\/uploads\/2022\/07\/IMG_E1333-1024x768.jpg 1024w, https:\/\/latouche.life\/wp-content\/uploads\/2022\/07\/IMG_E1333-scaled-600x450.jpg 600w, https:\/\/latouche.life\/wp-content\/uploads\/2022\/07\/IMG_E1333-300x225.jpg 300w, https:\/\/latouche.life\/wp-content\/uploads\/2022\/07\/IMG_E1333-768x576.jpg 768w, https:\/\/latouche.life\/wp-content\/uploads\/2022\/07\/IMG_E1333-1536x1152.jpg 1536w, https:\/\/latouche.life\/wp-content\/uploads\/2022\/07\/IMG_E1333-2048x1536.jpg 2048w, https:\/\/latouche.life\/wp-content\/uploads\/2022\/07\/IMG_E1333-1200x900.jpg 1200w, https:\/\/latouche.life\/wp-content\/uploads\/2022\/07\/IMG_E1333-900x675.jpg 900w, https:\/\/latouche.life\/wp-content\/uploads\/2022\/07\/IMG_E1333-400x300.jpg 400w\" sizes=\"(max-width: 960px) 100vw, 960px\" \/>\t\t\t\t\t\t\t\t<\/a>\n\t\t\t\t\t\t\t\t\t\t\t\t\t<\/div>\n\t\t\t\t<\/div>\n\t\t\t\t\t<\/div>\n\t\t<\/div>\n\t\t\t\t\t<\/div>\n\t\t<\/section>\n\t\t\t\t<section class=\"elementor-section elementor-top-section elementor-element elementor-element-07c0f1b elementor-section-boxed elementor-section-height-default elementor-section-height-default\" data-id=\"07c0f1b\" data-element_type=\"section\">\n\t\t\t\t\t\t<div class=\"elementor-container elementor-column-gap-default\">\n\t\t\t\t\t<div class=\"elementor-column elementor-col-100 elementor-top-column elementor-element elementor-element-8c3e205\" data-id=\"8c3e205\" data-element_type=\"column\">\n\t\t\t<div class=\"elementor-widget-wrap elementor-element-populated\">\n\t\t\t\t\t\t<div class=\"elementor-element elementor-element-917d5c6 elementor-widget elementor-widget-image\" data-id=\"917d5c6\" data-element_type=\"widget\" data-widget_type=\"image.default\">\n\t\t\t\t<div class=\"elementor-widget-container\">\n\t\t\t\t\t\t\t\t\t\t\t\t\t<img loading=\"lazy\" decoding=\"async\" width=\"960\" height=\"679\" src=\"https:\/\/latouche.life\/wp-content\/uploads\/2022\/07\/Omdee_Size-04-1024x724.png\" class=\"attachment-large size-large wp-image-2985\" alt=\"\" srcset=\"https:\/\/latouche.life\/wp-content\/uploads\/2022\/07\/Omdee_Size-04-1024x724.png 1024w, https:\/\/latouche.life\/wp-content\/uploads\/2022\/07\/Omdee_Size-04-600x424.png 600w, https:\/\/latouche.life\/wp-content\/uploads\/2022\/07\/Omdee_Size-04-300x212.png 300w, https:\/\/latouche.life\/wp-content\/uploads\/2022\/07\/Omdee_Size-04-768x543.png 768w, https:\/\/latouche.life\/wp-content\/uploads\/2022\/07\/Omdee_Size-04-1536x1086.png 1536w, https:\/\/latouche.life\/wp-content\/uploads\/2022\/07\/Omdee_Size-04-1200x849.png 1200w, https:\/\/latouche.life\/wp-content\/uploads\/2022\/07\/Omdee_Size-04-900x636.png 900w, https:\/\/latouche.life\/wp-content\/uploads\/2022\/07\/Omdee_Size-04-400x283.png 400w, https:\/\/latouche.life\/wp-content\/uploads\/2022\/07\/Omdee_Size-04.png 1755w\" sizes=\"(max-width: 960px) 100vw, 960px\" \/>\t\t\t\t\t\t\t\t\t\t\t\t\t<\/div>\n\t\t\t\t<\/div>\n\t\t\t\t\t<\/div>\n\t\t<\/div>\n\t\t\t\t\t<\/div>\n\t\t<\/section>\n\t\t\t\t<\/div>","protected":false},"excerpt":{"rendered":"<p>In one of La Touche&#8217;s favorite children&#8217;s books, &#8220;The Little Prince&#8221;, there is a beautiful gently love story. It&#8217;s the Little Prince&#8217;s love for his rose: The little prince takes care of the rose carefully. He watered the flower when she was thirsty, covered her with a glass globe when she was afraid of the [&hellip;]<\/p>","protected":false},"author":1,"featured_media":2991,"parent":0,"menu_order":0,"comment_status":"closed","ping_status":"closed","template":"","meta":{"om_disable_all_campaigns":false,"_monsterinsights_skip_tracking":false,"_monsterinsights_sitenote_active":false,"_monsterinsights_sitenote_note":"","_monsterinsights_sitenote_category":0,"footnotes":""},"aioseo_notices":[],"yoast_head":"<!-- This site is optimized with the Yoast SEO plugin v22.7 - https:\/\/yoast.com\/wordpress\/plugins\/seo\/ -->\n<title>OMDEE MY ROSE - La Touche<\/title>\n<meta name=\"robots\" content=\"index, follow, max-snippet:-1, max-image-preview:large, max-video-preview:-1\" \/>\n<link rel=\"canonical\" href=\"https:\/\/latouche.life\/vi\/omdee-my-rose\/\" \/>\n<meta property=\"og:locale\" content=\"vi_VN\" \/>\n<meta property=\"og:type\" content=\"article\" \/>\n<meta property=\"og:title\" content=\"OMDEE MY ROSE - La Touche\" \/>\n<meta property=\"og:description\" content=\"In one of La Touche&#8217;s favorite children&#8217;s books, &#8220;The Little Prince&#8221;, there is a beautiful gently love story. It&#8217;s the Little Prince&#8217;s love for his rose: The little prince takes care of the rose carefully. He watered the flower when she was thirsty, covered her with a glass globe when she was afraid of the [&hellip;]\" \/>\n<meta property=\"og:url\" content=\"https:\/\/latouche.life\/vi\/omdee-my-rose\/\" \/>\n<meta property=\"og:site_name\" content=\"La Touche\" \/>\n<meta property=\"article:modified_time\" content=\"2022-07-14T09:57:46+00:00\" \/>\n<meta property=\"og:image\" content=\"https:\/\/latouche.life\/wp-content\/uploads\/2022\/07\/omdee-my-rose-yoga-scaled.jpg\" \/>\n\t<meta property=\"og:image:width\" content=\"2560\" \/>\n\t<meta property=\"og:image:height\" content=\"1497\" \/>\n\t<meta property=\"og:image:type\" content=\"image\/jpeg\" \/>\n<meta name=\"twitter:card\" content=\"summary_large_image\" \/>\n<meta name=\"twitter:label1\" content=\"\u01af\u1edbc t\u00ednh th\u1eddi gian \u0111\u1ecdc\" \/>\n\t<meta name=\"twitter:data1\" content=\"1 ph\u00fat\" \/>\n<script type=\"application\/ld+json\" class=\"yoast-schema-graph\">{\"@context\":\"https:\/\/schema.org\",\"@graph\":[{\"@type\":\"WebPage\",\"@id\":\"https:\/\/latouche.life\/omdee-my-rose\/\",\"url\":\"https:\/\/latouche.life\/omdee-my-rose\/\",\"name\":\"OMDEE MY ROSE - La Touche\",\"isPartOf\":{\"@id\":\"https:\/\/latouche.life\/#website\"},\"primaryImageOfPage\":{\"@id\":\"https:\/\/latouche.life\/omdee-my-rose\/#primaryimage\"},\"image\":{\"@id\":\"https:\/\/latouche.life\/omdee-my-rose\/#primaryimage\"},\"thumbnailUrl\":\"https:\/\/latouche.life\/wp-content\/uploads\/2022\/07\/omdee-my-rose-yoga-scaled.jpg\",\"datePublished\":\"2022-07-14T09:57:34+00:00\",\"dateModified\":\"2022-07-14T09:57:46+00:00\",\"breadcrumb\":{\"@id\":\"https:\/\/latouche.life\/omdee-my-rose\/#breadcrumb\"},\"inLanguage\":\"vi\",\"potentialAction\":[{\"@type\":\"ReadAction\",\"target\":[\"https:\/\/latouche.life\/omdee-my-rose\/\"]}]},{\"@type\":\"ImageObject\",\"inLanguage\":\"vi\",\"@id\":\"https:\/\/latouche.life\/omdee-my-rose\/#primaryimage\",\"url\":\"https:\/\/latouche.life\/wp-content\/uploads\/2022\/07\/omdee-my-rose-yoga-scaled.jpg\",\"contentUrl\":\"https:\/\/latouche.life\/wp-content\/uploads\/2022\/07\/omdee-my-rose-yoga-scaled.jpg\",\"width\":2560,\"height\":1497},{\"@type\":\"BreadcrumbList\",\"@id\":\"https:\/\/latouche.life\/omdee-my-rose\/#breadcrumb\",\"itemListElement\":[{\"@type\":\"ListItem\",\"position\":1,\"name\":\"Home\",\"item\":\"https:\/\/latouche.life\/\"},{\"@type\":\"ListItem\",\"position\":2,\"name\":\"OMDEE MY ROSE\"}]},{\"@type\":\"WebSite\",\"@id\":\"https:\/\/latouche.life\/#website\",\"url\":\"https:\/\/latouche.life\/\",\"name\":\"La Touche\",\"description\":\"Create peaceful feeling from organic and natural products\",\"publisher\":{\"@id\":\"https:\/\/latouche.life\/#organization\"},\"potentialAction\":[{\"@type\":\"SearchAction\",\"target\":{\"@type\":\"EntryPoint\",\"urlTemplate\":\"https:\/\/latouche.life\/?s={search_term_string}\"},\"query-input\":\"required name=search_term_string\"}],\"inLanguage\":\"vi\"},{\"@type\":\"Organization\",\"@id\":\"https:\/\/latouche.life\/#organization\",\"name\":\"La Touche\",\"url\":\"https:\/\/latouche.life\/\",\"logo\":{\"@type\":\"ImageObject\",\"inLanguage\":\"vi\",\"@id\":\"https:\/\/latouche.life\/#\/schema\/logo\/image\/\",\"url\":\"https:\/\/latouche.life\/wp-content\/uploads\/2020\/06\/logo_round_white.png\",\"contentUrl\":\"https:\/\/latouche.life\/wp-content\/uploads\/2020\/06\/logo_round_white.png\",\"width\":106,\"height\":106,\"caption\":\"La Touche\"},\"image\":{\"@id\":\"https:\/\/latouche.life\/#\/schema\/logo\/image\/\"}}]}<\/script>\n<!-- \/ Yoast SEO plugin. -->","yoast_head_json":{"title":"OMDEE MY ROSE - La Touche","robots":{"index":"index","follow":"follow","max-snippet":"max-snippet:-1","max-image-preview":"max-image-preview:large","max-video-preview":"max-video-preview:-1"},"canonical":"https:\/\/latouche.life\/vi\/omdee-my-rose\/","og_locale":"vi_VN","og_type":"article","og_title":"OMDEE MY ROSE - La Touche","og_description":"In one of La Touche&#8217;s favorite children&#8217;s books, &#8220;The Little Prince&#8221;, there is a beautiful gently love story. It&#8217;s the Little Prince&#8217;s love for his rose: The little prince takes care of the rose carefully. He watered the flower when she was thirsty, covered her with a glass globe when she was afraid of the [&hellip;]","og_url":"https:\/\/latouche.life\/vi\/omdee-my-rose\/","og_site_name":"La Touche","article_modified_time":"2022-07-14T09:57:46+00:00","og_image":[{"width":2560,"height":1497,"url":"https:\/\/latouche.life\/wp-content\/uploads\/2022\/07\/omdee-my-rose-yoga-scaled.jpg","type":"image\/jpeg"}],"twitter_card":"summary_large_image","twitter_misc":{"\u01af\u1edbc t\u00ednh th\u1eddi gian \u0111\u1ecdc":"1 ph\u00fat"},"schema":{"@context":"https:\/\/schema.org","@graph":[{"@type":"WebPage","@id":"https:\/\/latouche.life\/omdee-my-rose\/","url":"https:\/\/latouche.life\/omdee-my-rose\/","name":"OMDEE MY ROSE - La Touche","isPartOf":{"@id":"https:\/\/latouche.life\/#website"},"primaryImageOfPage":{"@id":"https:\/\/latouche.life\/omdee-my-rose\/#primaryimage"},"image":{"@id":"https:\/\/latouche.life\/omdee-my-rose\/#primaryimage"},"thumbnailUrl":"https:\/\/latouche.life\/wp-content\/uploads\/2022\/07\/omdee-my-rose-yoga-scaled.jpg","datePublished":"2022-07-14T09:57:34+00:00","dateModified":"2022-07-14T09:57:46+00:00","breadcrumb":{"@id":"https:\/\/latouche.life\/omdee-my-rose\/#breadcrumb"},"inLanguage":"vi","potentialAction":[{"@type":"ReadAction","target":["https:\/\/latouche.life\/omdee-my-rose\/"]}]},{"@type":"ImageObject","inLanguage":"vi","@id":"https:\/\/latouche.life\/omdee-my-rose\/#primaryimage","url":"https:\/\/latouche.life\/wp-content\/uploads\/2022\/07\/omdee-my-rose-yoga-scaled.jpg","contentUrl":"https:\/\/latouche.life\/wp-content\/uploads\/2022\/07\/omdee-my-rose-yoga-scaled.jpg","width":2560,"height":1497},{"@type":"BreadcrumbList","@id":"https:\/\/latouche.life\/omdee-my-rose\/#breadcrumb","itemListElement":[{"@type":"ListItem","position":1,"name":"Home","item":"https:\/\/latouche.life\/"},{"@type":"ListItem","position":2,"name":"OMDEE MY ROSE"}]},{"@type":"WebSite","@id":"https:\/\/latouche.life\/#website","url":"https:\/\/latouche.life\/","name":"La Touche","description":"Create peaceful feeling from organic and natural products","publisher":{"@id":"https:\/\/latouche.life\/#organization"},"potentialAction":[{"@type":"SearchAction","target":{"@type":"EntryPoint","urlTemplate":"https:\/\/latouche.life\/?s={search_term_string}"},"query-input":"required name=search_term_string"}],"inLanguage":"vi"},{"@type":"Organization","@id":"https:\/\/latouche.life\/#organization","name":"La Touche","url":"https:\/\/latouche.life\/","logo":{"@type":"ImageObject","inLanguage":"vi","@id":"https:\/\/latouche.life\/#\/schema\/logo\/image\/","url":"https:\/\/latouche.life\/wp-content\/uploads\/2020\/06\/logo_round_white.png","contentUrl":"https:\/\/latouche.life\/wp-content\/uploads\/2020\/06\/logo_round_white.png","width":106,"height":106,"caption":"La Touche"},"image":{"@id":"https:\/\/latouche.life\/#\/schema\/logo\/image\/"}}]}},"_links":{"self":[{"href":"https:\/\/latouche.life\/vi\/wp-json\/wp\/v2\/pages\/2983"}],"collection":[{"href":"https:\/\/latouche.life\/vi\/wp-json\/wp\/v2\/pages"}],"about":[{"href":"https:\/\/latouche.life\/vi\/wp-json\/wp\/v2\/types\/page"}],"author":[{"embeddable":true,"href":"https:\/\/latouche.life\/vi\/wp-json\/wp\/v2\/users\/1"}],"replies":[{"embeddable":true,"href":"https:\/\/latouche.life\/vi\/wp-json\/wp\/v2\/comments?post=2983"}],"version-history":[{"count":1,"href":"https:\/\/latouche.life\/vi\/wp-json\/wp\/v2\/pages\/2983\/revisions"}],"predecessor-version":[{"id":2992,"href":"https:\/\/latouche.life\/vi\/wp-json\/wp\/v2\/pages\/2983\/revisions\/2992"}],"wp:featuredmedia":[{"embeddable":true,"href":"https:\/\/latouche.life\/vi\/wp-json\/wp\/v2\/media\/2991"}],"wp:attachment":[{"href":"https:\/\/latouche.life\/vi\/wp-json\/wp\/v2\/media?parent=2983"}],"curies":[{"name":"wp","href":"https:\/\/api.w.org\/{rel}","templated":true}]}}