{"id":2699,"date":"2022-06-21T10:48:13","date_gmt":"2022-06-21T10:48:13","guid":{"rendered":"http:\/\/latouche.life\/?page_id=2699"},"modified":"2022-06-22T14:16:29","modified_gmt":"2022-06-22T14:16:29","slug":"kapok-yoga-bolster","status":"publish","type":"page","link":"https:\/\/latouche.life\/vi\/kapok-yoga-bolster\/","title":{"rendered":"G\u1ed0I YOGA G\u00d2N T\u1ef0 NHI\u00caN"},"content":{"rendered":"<div data-elementor-type=\"wp-page\" data-elementor-id=\"2699\" class=\"elementor elementor-2699\">\n\t\t\t\t\t\t<section class=\"elementor-section elementor-top-section elementor-element elementor-element-78cbe59 elementor-section-boxed elementor-section-height-default elementor-section-height-default\" data-id=\"78cbe59\" data-element_type=\"section\">\n\t\t\t\t\t\t<div class=\"elementor-container elementor-column-gap-default\">\n\t\t\t\t\t<div class=\"elementor-column elementor-col-100 elementor-top-column elementor-element elementor-element-c9c6700\" data-id=\"c9c6700\" data-element_type=\"column\">\n\t\t\t<div class=\"elementor-widget-wrap elementor-element-populated\">\n\t\t\t\t\t\t<div class=\"elementor-element elementor-element-62058fa elementor-widget elementor-widget-text-editor\" data-id=\"62058fa\" data-element_type=\"widget\" data-widget_type=\"text-editor.default\">\n\t\t\t\t<div class=\"elementor-widget-container\">\n\t\t\t\t\t\t\t<p><span style=\"font-weight: 400;\">N\u1ed1i ti\u1ebfp c\u00e1c d\u00f2ng s\u1ea3n ph\u1ea9m cao c\u1ea5p, v\u00e0o d\u1ecbp k\u1ef7 ni\u1ec7m 02 n\u0103m ch\u1eb7ng \u0111\u01b0\u1eddng c\u1ee7a LaLa Touche, ch\u00fang t\u00f4i xin gi\u1edbi thi\u1ec7u ng\u01b0\u1eddi b\u1ea1n m\u1edbi trong b\u1ed9 s\u01b0u t\u1eadp c\u1ee7a m\u00ecnh - G\u1ed1i Yoga G\u00f2n t\u1ef1 nhi\u00ean.<\/span><\/p><p>\u00a0<\/p><p><span style=\"font-weight: 400;\">T\u1eeb khi b\u1eaft \u0111\u1ea7u \u0111\u1ebfn hi\u1ec7n t\u1ea1i, c\u00e0ng ng\u00e0y ch\u00fang t\u00f4i c\u00e0ng c\u1ea3m nh\u1eadn s\u1ee9c m\u1ea1nh \u0111\u01b0\u1ee3c mang \u0111\u1ebfn t\u1eeb s\u1ef1 \u0111\u1ed3ng h\u00e0nh. S\u1ef1 \u0111\u1ed3ng h\u00e0nh c\u1ee7a gia \u0111\u00ecnh, nh\u1eefng ng\u01b0\u1eddi b\u1ea1n, nh\u1eefng \u0111\u1ed1i t\u00e1c v\u00e0 c\u1ea3 nh\u1eefng kh\u00e1ch h\u00e0ng tr\u01b0\u1edbc l\u1ea1 sau quen n\u1eefa.\u00a0<\/span><\/p><p>\u00a0<\/p><p><span style=\"font-weight: 400;\">S\u1ef1 \u1ee7ng h\u1ed9 c\u1ee7a c\u1ea3 nh\u00e0 l\u00e0 \u0111i\u1ec3m t\u1ef1a v\u1eefng ch\u1eafc cho La Touche kh\u00f4ng ng\u1eebng c\u1ea3i thi\u1ec7n v\u00e0 ph\u00e1t tri\u1ec3n. \u0110\u1ec3 \u0111\u00e1nh d\u1ea5u cho ch\u1eb7ng \u0111\u01b0\u1eddng v\u1eeba qua, ch\u00fang m\u00ecnh g\u1eedi g\u1eafm th\u00f4ng \u0111i\u1ec7p \"B\u1ea0N \u0110\u1ed2NG H\u00c0NH \" trong nh\u1eefng chi\u1ebfc g\u1ed1i Yoga G\u00f2n.\u00a0<\/span><\/p><p>\u00a0<\/p><p><span style=\"font-weight: 400;\">N\u1ebfu b\u1ea1n \u0111ang t\u1eadp yoga, s\u1ea3n ph\u1ea9m s\u1ebd l\u00e0 m\u1ed9t ng\u01b0\u1eddi b\u1ea1n \u0111i c\u00f9ng v\u00e0 h\u1ed7 tr\u1ee3 b\u1ea1n, \nc\u0169ng nh\u01b0 m\u1ed9t l\u1eddi nh\u1eafn g\u1eedi r\u1eb1ng: V\u00ec ch\u00ednh La Touche \u0111\u00e3 c\u00f3 \u0111\u01b0\u1ee3c ni\u1ec1m tin, s\u1ef1 ki\u00ean tr\u00ec v\u00e0 d\u0169ng kh\u00ed t\u1eeb s\u1ef1 \u0111\u1ed3ng h\u00e0nh c\u1ee7a c\u00e1c b\u1ea1n, ch\u00fang m\u00ecnh c\u0169ng mong r\u1eb1ng d\u00f9 b\u1ea1n \u0111ang c\u00f3 nh\u1eefng d\u1ef1 \u0111\u1ecbnh n\u00e0o, nh\u1eefng b\u0103n kho\u0103n n\u00e0o \u0111ang gi\u1eef ch\u00e2n b\u1ea1n, h\u00e3y t\u1ef1 tin b\u01b0\u1edbc ti\u1ebfp r\u1ed3i b\u1ea1n s\u1ebd c\u00f3 nh\u1eefng ng\u01b0\u1eddi \"B\u1ea0N \u0110\u1ed2NG H\u00c0NH\" tr\u00ean con \u0111\u01b0\u1eddng m\u00e0 b\u1ea1n ch\u1ecdn.<\/span><\/p>\t\t\t\t\t\t<\/div>\n\t\t\t\t<\/div>\n\t\t\t\t\t<\/div>\n\t\t<\/div>\n\t\t\t\t\t<\/div>\n\t\t<\/section>\n\t\t\t\t<section class=\"elementor-section elementor-top-section elementor-element elementor-element-6fbec07 elementor-section-boxed elementor-section-height-default elementor-section-height-default\" data-id=\"6fbec07\" data-element_type=\"section\">\n\t\t\t\t\t\t<div class=\"elementor-container elementor-column-gap-default\">\n\t\t\t\t\t<div class=\"elementor-column elementor-col-100 elementor-top-column elementor-element elementor-element-5d7ae05\" data-id=\"5d7ae05\" data-element_type=\"column\">\n\t\t\t<div class=\"elementor-widget-wrap elementor-element-populated\">\n\t\t\t\t\t\t<div class=\"elementor-element elementor-element-50b550c elementor-widget elementor-widget-image\" data-id=\"50b550c\" data-element_type=\"widget\" data-widget_type=\"image.default\">\n\t\t\t\t<div class=\"elementor-widget-container\">\n\t\t\t\t\t\t\t\t\t\t\t\t\t<img fetchpriority=\"high\" decoding=\"async\" width=\"960\" height=\"543\" src=\"https:\/\/latouche.life\/wp-content\/uploads\/2022\/06\/yoga-bolster-13-1024x579.jpg\" class=\"attachment-large size-large wp-image-2708\" alt=\"\" srcset=\"https:\/\/latouche.life\/wp-content\/uploads\/2022\/06\/yoga-bolster-13-1024x579.jpg 1024w, https:\/\/latouche.life\/wp-content\/uploads\/2022\/06\/yoga-bolster-13-scaled-600x339.jpg 600w, https:\/\/latouche.life\/wp-content\/uploads\/2022\/06\/yoga-bolster-13-300x170.jpg 300w, https:\/\/latouche.life\/wp-content\/uploads\/2022\/06\/yoga-bolster-13-768x434.jpg 768w, https:\/\/latouche.life\/wp-content\/uploads\/2022\/06\/yoga-bolster-13-1536x869.jpg 1536w, https:\/\/latouche.life\/wp-content\/uploads\/2022\/06\/yoga-bolster-13-2048x1158.jpg 2048w, https:\/\/latouche.life\/wp-content\/uploads\/2022\/06\/yoga-bolster-13-1200x679.jpg 1200w, https:\/\/latouche.life\/wp-content\/uploads\/2022\/06\/yoga-bolster-13-900x509.jpg 900w, https:\/\/latouche.life\/wp-content\/uploads\/2022\/06\/yoga-bolster-13-400x226.jpg 400w\" sizes=\"(max-width: 960px) 100vw, 960px\" \/>\t\t\t\t\t\t\t\t\t\t\t\t\t<\/div>\n\t\t\t\t<\/div>\n\t\t\t\t<div class=\"elementor-element elementor-element-d1af93c elementor-widget elementor-widget-text-editor\" data-id=\"d1af93c\" data-element_type=\"widget\" data-widget_type=\"text-editor.default\">\n\t\t\t\t<div class=\"elementor-widget-container\">\n\t\t\t\t\t\t\t<ul><li><span style=\"font-weight: 400;\">\u00a0With the rectangular form, the pillow will be structured for non-rolling and be able to safely support the back, abdomen and other yoga flexibility, especially for pregnancy yoga.<\/span><\/li><li>\u00a0Velvet canvas fabric creates both firm and soft feeling.<\/li><li>We also design the hidden zipper line to ensure the welfare of the pillow.<\/li><li>As a natural and sustainable product, the pillow is made of natural kapok which will contribute its softness and eco-friendliness to our beloved customers.<\/li><\/ul>\t\t\t\t\t\t<\/div>\n\t\t\t\t<\/div>\n\t\t\t\t\t<\/div>\n\t\t<\/div>\n\t\t\t\t\t<\/div>\n\t\t<\/section>\n\t\t\t\t<section class=\"elementor-section elementor-top-section elementor-element elementor-element-698f730 elementor-reverse-mobile elementor-section-boxed elementor-section-height-default elementor-section-height-default\" data-id=\"698f730\" data-element_type=\"section\">\n\t\t\t\t\t\t<div class=\"elementor-container elementor-column-gap-default\">\n\t\t\t\t\t<div class=\"elementor-column elementor-col-50 elementor-top-column elementor-element elementor-element-c363933\" data-id=\"c363933\" data-element_type=\"column\">\n\t\t\t<div class=\"elementor-widget-wrap elementor-element-populated\">\n\t\t\t\t\t\t<div class=\"elementor-element elementor-element-78800b5 elementor-widget elementor-widget-text-editor\" data-id=\"78800b5\" data-element_type=\"widget\" data-widget_type=\"text-editor.default\">\n\t\t\t\t<div class=\"elementor-widget-container\">\n\t\t\t\t\t\t\t<h3 style=\"font-style: normal; white-space: normal; text-align: center;\"><span style=\"text-decoration-line: underline;\"><span style=\"color: #175e2e;\"><a style=\"color: #175e2e;\" href=\"https:\/\/latouche.life\/vi\/yoga-bolster-inner-flow\/\"><span style=\"font-weight: bold;\">G\u00d2N INNER FLOW<\/span><\/a><\/span><\/span><\/h3>\nBe aware of every breath, every emotion that flows in you.\n\nAppreciate every breath, every emotion you can feel.\t\t\t\t\t\t<\/div>\n\t\t\t\t<\/div>\n\t\t\t\t<div class=\"elementor-element elementor-element-d181711 elementor-widget elementor-widget-image\" data-id=\"d181711\" data-element_type=\"widget\" data-widget_type=\"image.default\">\n\t\t\t\t<div class=\"elementor-widget-container\">\n\t\t\t\t\t\t\t\t\t\t\t\t\t\t<a href=\"https:\/\/latouche.life\/vi\/yoga-bolster-inner-flow\/\">\n\t\t\t\t\t\t\t<img decoding=\"async\" width=\"960\" height=\"960\" src=\"https:\/\/latouche.life\/wp-content\/uploads\/2022\/06\/Kapok-inner-flow-1024x1024.jpg\" class=\"attachment-large size-large wp-image-2706\" alt=\"\" srcset=\"https:\/\/latouche.life\/wp-content\/uploads\/2022\/06\/Kapok-inner-flow.jpg 1024w, https:\/\/latouche.life\/wp-content\/uploads\/2022\/06\/Kapok-inner-flow-300x300.jpg 300w, https:\/\/latouche.life\/wp-content\/uploads\/2022\/06\/Kapok-inner-flow-100x100.jpg 100w, https:\/\/latouche.life\/wp-content\/uploads\/2022\/06\/Kapok-inner-flow-600x600.jpg 600w, https:\/\/latouche.life\/wp-content\/uploads\/2022\/06\/Kapok-inner-flow-150x150.jpg 150w, https:\/\/latouche.life\/wp-content\/uploads\/2022\/06\/Kapok-inner-flow-768x768.jpg 768w, https:\/\/latouche.life\/wp-content\/uploads\/2022\/06\/Kapok-inner-flow-900x900.jpg 900w, https:\/\/latouche.life\/wp-content\/uploads\/2022\/06\/Kapok-inner-flow-400x400.jpg 400w\" sizes=\"(max-width: 960px) 100vw, 960px\" \/>\t\t\t\t\t\t\t\t<\/a>\n\t\t\t\t\t\t\t\t\t\t\t\t\t<\/div>\n\t\t\t\t<\/div>\n\t\t\t\t\t<\/div>\n\t\t<\/div>\n\t\t\t\t<div class=\"elementor-column elementor-col-50 elementor-top-column elementor-element elementor-element-1096337\" data-id=\"1096337\" data-element_type=\"column\">\n\t\t\t<div class=\"elementor-widget-wrap elementor-element-populated\">\n\t\t\t\t\t\t<div class=\"elementor-element elementor-element-5224047 elementor-widget elementor-widget-text-editor\" data-id=\"5224047\" data-element_type=\"widget\" data-widget_type=\"text-editor.default\">\n\t\t\t\t<div class=\"elementor-widget-container\">\n\t\t\t\t\t\t\t<h3 style=\"font-style: normal; white-space: normal; text-align: center;\"><span style=\"text-decoration-line: underline;\"><span style=\"color: #175e2e;\"><a style=\"color: #175e2e;\" href=\"https:\/\/latouche.life\/vi\/yoga-bolster-balance\/\"><span style=\"font-weight: bold;\">G\u00d2N BALANCE<\/span><\/a><\/span><\/span><\/h3>\n\n<span style=\"font-weight: 400;\">Ch\u00fang t\u00f4i c\u1ea3m nh\u1eadn \u0111\u01b0\u1ee3c s\u1ef1 c\u00e2n b\u1eb1ng trong m\u1ed7i h\u01a1i th\u1edf.<\/span>\n\n<span style=\"font-weight: 400;\">H\u00edt v\u00e0o \u0111\u1ec3 n\u1eafm gi\u1eef - Th\u1edf ra \u0111\u1ec3 bu\u00f4ng b\u1ecf.<\/span>\t\t\t\t\t\t<\/div>\n\t\t\t\t<\/div>\n\t\t\t\t<div class=\"elementor-element elementor-element-7f2701c elementor-widget elementor-widget-image\" data-id=\"7f2701c\" data-element_type=\"widget\" data-widget_type=\"image.default\">\n\t\t\t\t<div class=\"elementor-widget-container\">\n\t\t\t\t\t\t\t\t\t\t\t\t\t\t<a href=\"https:\/\/latouche.life\/vi\/yoga-bolster-balance\/\">\n\t\t\t\t\t\t\t<img decoding=\"async\" width=\"960\" height=\"960\" src=\"https:\/\/latouche.life\/wp-content\/uploads\/2022\/06\/Kapok-Balance-1024x1024.jpg\" class=\"attachment-large size-large wp-image-2705\" alt=\"\" srcset=\"https:\/\/latouche.life\/wp-content\/uploads\/2022\/06\/Kapok-Balance.jpg 1024w, https:\/\/latouche.life\/wp-content\/uploads\/2022\/06\/Kapok-Balance-300x300.jpg 300w, https:\/\/latouche.life\/wp-content\/uploads\/2022\/06\/Kapok-Balance-100x100.jpg 100w, https:\/\/latouche.life\/wp-content\/uploads\/2022\/06\/Kapok-Balance-600x600.jpg 600w, https:\/\/latouche.life\/wp-content\/uploads\/2022\/06\/Kapok-Balance-150x150.jpg 150w, https:\/\/latouche.life\/wp-content\/uploads\/2022\/06\/Kapok-Balance-768x768.jpg 768w, https:\/\/latouche.life\/wp-content\/uploads\/2022\/06\/Kapok-Balance-900x900.jpg 900w, https:\/\/latouche.life\/wp-content\/uploads\/2022\/06\/Kapok-Balance-400x400.jpg 400w\" sizes=\"(max-width: 960px) 100vw, 960px\" \/>\t\t\t\t\t\t\t\t<\/a>\n\t\t\t\t\t\t\t\t\t\t\t\t\t<\/div>\n\t\t\t\t<\/div>\n\t\t\t\t\t<\/div>\n\t\t<\/div>\n\t\t\t\t\t<\/div>\n\t\t<\/section>\n\t\t\t\t<\/div>","protected":false},"excerpt":{"rendered":"<p>Kapok Yoga Bolster is the new product to celebrate our 2 year journey. \u00a0 Since we started La Touche till now, we deeply feel the meaning of the word &#8220;Companion&#8221; from our family, our friends, partners and beloved customers. Your support as a companion has given us courage to continuously improve and grow ourselves.\u00a0 \u00a0 [&hellip;]<\/p>","protected":false},"author":1,"featured_media":2771,"parent":0,"menu_order":0,"comment_status":"closed","ping_status":"closed","template":"","meta":{"om_disable_all_campaigns":false,"_monsterinsights_skip_tracking":false,"_monsterinsights_sitenote_active":false,"_monsterinsights_sitenote_note":"","_monsterinsights_sitenote_category":0,"footnotes":""},"aioseo_notices":[],"yoast_head":"<!-- This site is optimized with the Yoast SEO plugin v22.7 - https:\/\/yoast.com\/wordpress\/plugins\/seo\/ -->\n<title>KAPOK YOGA BOLSTER - La Touche<\/title>\n<meta name=\"robots\" content=\"index, follow, max-snippet:-1, max-image-preview:large, max-video-preview:-1\" \/>\n<link rel=\"canonical\" href=\"https:\/\/latouche.life\/vi\/kapok-yoga-bolster\/\" \/>\n<meta property=\"og:locale\" content=\"vi_VN\" \/>\n<meta property=\"og:type\" content=\"article\" \/>\n<meta property=\"og:title\" content=\"KAPOK YOGA BOLSTER - La Touche\" \/>\n<meta property=\"og:description\" content=\"Kapok Yoga Bolster is the new product to celebrate our 2 year journey. \u00a0 Since we started La Touche till now, we deeply feel the meaning of the word &#8220;Companion&#8221; from our family, our friends, partners and beloved customers. Your support as a companion has given us courage to continuously improve and grow ourselves.\u00a0 \u00a0 [&hellip;]\" \/>\n<meta property=\"og:url\" content=\"https:\/\/latouche.life\/vi\/kapok-yoga-bolster\/\" \/>\n<meta property=\"og:site_name\" content=\"La Touche\" \/>\n<meta property=\"article:modified_time\" content=\"2022-06-22T14:16:29+00:00\" \/>\n<meta property=\"og:image\" content=\"https:\/\/latouche.life\/wp-content\/uploads\/2022\/06\/rsz_yoga-bolster.jpg\" \/>\n\t<meta property=\"og:image:width\" content=\"2048\" \/>\n\t<meta property=\"og:image:height\" content=\"1248\" \/>\n\t<meta property=\"og:image:type\" content=\"image\/jpeg\" \/>\n<meta name=\"twitter:card\" content=\"summary_large_image\" \/>\n<meta name=\"twitter:label1\" content=\"\u01af\u1edbc t\u00ednh th\u1eddi gian \u0111\u1ecdc\" \/>\n\t<meta name=\"twitter:data1\" content=\"1 ph\u00fat\" \/>\n<script type=\"application\/ld+json\" class=\"yoast-schema-graph\">{\"@context\":\"https:\/\/schema.org\",\"@graph\":[{\"@type\":\"WebPage\",\"@id\":\"https:\/\/latouche.life\/kapok-yoga-bolster\/\",\"url\":\"https:\/\/latouche.life\/kapok-yoga-bolster\/\",\"name\":\"KAPOK YOGA BOLSTER - La Touche\",\"isPartOf\":{\"@id\":\"https:\/\/latouche.life\/#website\"},\"primaryImageOfPage\":{\"@id\":\"https:\/\/latouche.life\/kapok-yoga-bolster\/#primaryimage\"},\"image\":{\"@id\":\"https:\/\/latouche.life\/kapok-yoga-bolster\/#primaryimage\"},\"thumbnailUrl\":\"https:\/\/latouche.life\/wp-content\/uploads\/2022\/06\/rsz_yoga-bolster.jpg\",\"datePublished\":\"2022-06-21T10:48:13+00:00\",\"dateModified\":\"2022-06-22T14:16:29+00:00\",\"breadcrumb\":{\"@id\":\"https:\/\/latouche.life\/kapok-yoga-bolster\/#breadcrumb\"},\"inLanguage\":\"vi\",\"potentialAction\":[{\"@type\":\"ReadAction\",\"target\":[\"https:\/\/latouche.life\/kapok-yoga-bolster\/\"]}]},{\"@type\":\"ImageObject\",\"inLanguage\":\"vi\",\"@id\":\"https:\/\/latouche.life\/kapok-yoga-bolster\/#primaryimage\",\"url\":\"https:\/\/latouche.life\/wp-content\/uploads\/2022\/06\/rsz_yoga-bolster.jpg\",\"contentUrl\":\"https:\/\/latouche.life\/wp-content\/uploads\/2022\/06\/rsz_yoga-bolster.jpg\",\"width\":2048,\"height\":1248},{\"@type\":\"BreadcrumbList\",\"@id\":\"https:\/\/latouche.life\/kapok-yoga-bolster\/#breadcrumb\",\"itemListElement\":[{\"@type\":\"ListItem\",\"position\":1,\"name\":\"Home\",\"item\":\"https:\/\/latouche.life\/\"},{\"@type\":\"ListItem\",\"position\":2,\"name\":\"KAPOK YOGA BOLSTER\"}]},{\"@type\":\"WebSite\",\"@id\":\"https:\/\/latouche.life\/#website\",\"url\":\"https:\/\/latouche.life\/\",\"name\":\"La Touche\",\"description\":\"Create peaceful feeling from organic and natural products\",\"publisher\":{\"@id\":\"https:\/\/latouche.life\/#organization\"},\"potentialAction\":[{\"@type\":\"SearchAction\",\"target\":{\"@type\":\"EntryPoint\",\"urlTemplate\":\"https:\/\/latouche.life\/?s={search_term_string}\"},\"query-input\":\"required name=search_term_string\"}],\"inLanguage\":\"vi\"},{\"@type\":\"Organization\",\"@id\":\"https:\/\/latouche.life\/#organization\",\"name\":\"La Touche\",\"url\":\"https:\/\/latouche.life\/\",\"logo\":{\"@type\":\"ImageObject\",\"inLanguage\":\"vi\",\"@id\":\"https:\/\/latouche.life\/#\/schema\/logo\/image\/\",\"url\":\"https:\/\/latouche.life\/wp-content\/uploads\/2020\/06\/logo_round_white.png\",\"contentUrl\":\"https:\/\/latouche.life\/wp-content\/uploads\/2020\/06\/logo_round_white.png\",\"width\":106,\"height\":106,\"caption\":\"La Touche\"},\"image\":{\"@id\":\"https:\/\/latouche.life\/#\/schema\/logo\/image\/\"}}]}<\/script>\n<!-- \/ Yoast SEO plugin. -->","yoast_head_json":{"title":"KAPOK YOGA BOLSTER - La Touche","robots":{"index":"index","follow":"follow","max-snippet":"max-snippet:-1","max-image-preview":"max-image-preview:large","max-video-preview":"max-video-preview:-1"},"canonical":"https:\/\/latouche.life\/vi\/kapok-yoga-bolster\/","og_locale":"vi_VN","og_type":"article","og_title":"KAPOK YOGA BOLSTER - La Touche","og_description":"Kapok Yoga Bolster is the new product to celebrate our 2 year journey. \u00a0 Since we started La Touche till now, we deeply feel the meaning of the word &#8220;Companion&#8221; from our family, our friends, partners and beloved customers. Your support as a companion has given us courage to continuously improve and grow ourselves.\u00a0 \u00a0 [&hellip;]","og_url":"https:\/\/latouche.life\/vi\/kapok-yoga-bolster\/","og_site_name":"La Touche","article_modified_time":"2022-06-22T14:16:29+00:00","og_image":[{"width":2048,"height":1248,"url":"https:\/\/latouche.life\/wp-content\/uploads\/2022\/06\/rsz_yoga-bolster.jpg","type":"image\/jpeg"}],"twitter_card":"summary_large_image","twitter_misc":{"\u01af\u1edbc t\u00ednh th\u1eddi gian \u0111\u1ecdc":"1 ph\u00fat"},"schema":{"@context":"https:\/\/schema.org","@graph":[{"@type":"WebPage","@id":"https:\/\/latouche.life\/kapok-yoga-bolster\/","url":"https:\/\/latouche.life\/kapok-yoga-bolster\/","name":"KAPOK YOGA BOLSTER - La Touche","isPartOf":{"@id":"https:\/\/latouche.life\/#website"},"primaryImageOfPage":{"@id":"https:\/\/latouche.life\/kapok-yoga-bolster\/#primaryimage"},"image":{"@id":"https:\/\/latouche.life\/kapok-yoga-bolster\/#primaryimage"},"thumbnailUrl":"https:\/\/latouche.life\/wp-content\/uploads\/2022\/06\/rsz_yoga-bolster.jpg","datePublished":"2022-06-21T10:48:13+00:00","dateModified":"2022-06-22T14:16:29+00:00","breadcrumb":{"@id":"https:\/\/latouche.life\/kapok-yoga-bolster\/#breadcrumb"},"inLanguage":"vi","potentialAction":[{"@type":"ReadAction","target":["https:\/\/latouche.life\/kapok-yoga-bolster\/"]}]},{"@type":"ImageObject","inLanguage":"vi","@id":"https:\/\/latouche.life\/kapok-yoga-bolster\/#primaryimage","url":"https:\/\/latouche.life\/wp-content\/uploads\/2022\/06\/rsz_yoga-bolster.jpg","contentUrl":"https:\/\/latouche.life\/wp-content\/uploads\/2022\/06\/rsz_yoga-bolster.jpg","width":2048,"height":1248},{"@type":"BreadcrumbList","@id":"https:\/\/latouche.life\/kapok-yoga-bolster\/#breadcrumb","itemListElement":[{"@type":"ListItem","position":1,"name":"Home","item":"https:\/\/latouche.life\/"},{"@type":"ListItem","position":2,"name":"KAPOK YOGA BOLSTER"}]},{"@type":"WebSite","@id":"https:\/\/latouche.life\/#website","url":"https:\/\/latouche.life\/","name":"La Touche","description":"Create peaceful feeling from organic and natural products","publisher":{"@id":"https:\/\/latouche.life\/#organization"},"potentialAction":[{"@type":"SearchAction","target":{"@type":"EntryPoint","urlTemplate":"https:\/\/latouche.life\/?s={search_term_string}"},"query-input":"required name=search_term_string"}],"inLanguage":"vi"},{"@type":"Organization","@id":"https:\/\/latouche.life\/#organization","name":"La Touche","url":"https:\/\/latouche.life\/","logo":{"@type":"ImageObject","inLanguage":"vi","@id":"https:\/\/latouche.life\/#\/schema\/logo\/image\/","url":"https:\/\/latouche.life\/wp-content\/uploads\/2020\/06\/logo_round_white.png","contentUrl":"https:\/\/latouche.life\/wp-content\/uploads\/2020\/06\/logo_round_white.png","width":106,"height":106,"caption":"La Touche"},"image":{"@id":"https:\/\/latouche.life\/#\/schema\/logo\/image\/"}}]}},"_links":{"self":[{"href":"https:\/\/latouche.life\/vi\/wp-json\/wp\/v2\/pages\/2699"}],"collection":[{"href":"https:\/\/latouche.life\/vi\/wp-json\/wp\/v2\/pages"}],"about":[{"href":"https:\/\/latouche.life\/vi\/wp-json\/wp\/v2\/types\/page"}],"author":[{"embeddable":true,"href":"https:\/\/latouche.life\/vi\/wp-json\/wp\/v2\/users\/1"}],"replies":[{"embeddable":true,"href":"https:\/\/latouche.life\/vi\/wp-json\/wp\/v2\/comments?post=2699"}],"version-history":[{"count":5,"href":"https:\/\/latouche.life\/vi\/wp-json\/wp\/v2\/pages\/2699\/revisions"}],"predecessor-version":[{"id":2773,"href":"https:\/\/latouche.life\/vi\/wp-json\/wp\/v2\/pages\/2699\/revisions\/2773"}],"wp:featuredmedia":[{"embeddable":true,"href":"https:\/\/latouche.life\/vi\/wp-json\/wp\/v2\/media\/2771"}],"wp:attachment":[{"href":"https:\/\/latouche.life\/vi\/wp-json\/wp\/v2\/media?parent=2699"}],"curies":[{"name":"wp","href":"https:\/\/api.w.org\/{rel}","templated":true}]}}