{"id":2647,"date":"2022-04-16T14:05:44","date_gmt":"2022-04-16T14:05:44","guid":{"rendered":"http:\/\/latouche.life\/?page_id=2647"},"modified":"2022-04-17T05:19:48","modified_gmt":"2022-04-17T05:19:48","slug":"tinh-serenity-meditation-shawl-balance","status":"publish","type":"page","link":"https:\/\/latouche.life\/vi\/tinh-serenity-meditation-shawl-balance\/","title":{"rendered":"T\u0128NH BALANCE"},"content":{"rendered":"<div data-elementor-type=\"wp-page\" data-elementor-id=\"2647\" class=\"elementor elementor-2647\">\n\t\t\t\t\t\t<section class=\"elementor-section elementor-top-section elementor-element elementor-element-850b2a0 elementor-section-boxed elementor-section-height-default elementor-section-height-default\" data-id=\"850b2a0\" data-element_type=\"section\">\n\t\t\t\t\t\t<div class=\"elementor-container elementor-column-gap-default\">\n\t\t\t\t\t<div class=\"elementor-column elementor-col-20 elementor-top-column elementor-element elementor-element-b5ad4ff\" data-id=\"b5ad4ff\" data-element_type=\"column\">\n\t\t\t<div class=\"elementor-widget-wrap elementor-element-populated\">\n\t\t\t\t\t\t<div class=\"elementor-element elementor-element-e902271 elementor-widget elementor-widget-image\" data-id=\"e902271\" data-element_type=\"widget\" data-widget_type=\"image.default\">\n\t\t\t\t<div class=\"elementor-widget-container\">\n\t\t\t\t\t\t\t\t\t\t\t\t\t<img fetchpriority=\"high\" decoding=\"async\" width=\"960\" height=\"960\" src=\"https:\/\/latouche.life\/wp-content\/uploads\/2022\/04\/T\u0129nh-linen-meditation-shawl-balance-3-1024x1024.png\" class=\"attachment-large size-large wp-image-2669\" alt=\"\" srcset=\"https:\/\/latouche.life\/wp-content\/uploads\/2022\/04\/T\u0129nh-linen-meditation-shawl-balance-3.png 1024w, https:\/\/latouche.life\/wp-content\/uploads\/2022\/04\/T\u0129nh-linen-meditation-shawl-balance-3-300x300.png 300w, https:\/\/latouche.life\/wp-content\/uploads\/2022\/04\/T\u0129nh-linen-meditation-shawl-balance-3-100x100.png 100w, https:\/\/latouche.life\/wp-content\/uploads\/2022\/04\/T\u0129nh-linen-meditation-shawl-balance-3-600x600.png 600w, https:\/\/latouche.life\/wp-content\/uploads\/2022\/04\/T\u0129nh-linen-meditation-shawl-balance-3-150x150.png 150w, https:\/\/latouche.life\/wp-content\/uploads\/2022\/04\/T\u0129nh-linen-meditation-shawl-balance-3-768x768.png 768w, https:\/\/latouche.life\/wp-content\/uploads\/2022\/04\/T\u0129nh-linen-meditation-shawl-balance-3-900x900.png 900w, https:\/\/latouche.life\/wp-content\/uploads\/2022\/04\/T\u0129nh-linen-meditation-shawl-balance-3-400x400.png 400w\" sizes=\"(max-width: 960px) 100vw, 960px\" \/>\t\t\t\t\t\t\t\t\t\t\t\t\t<\/div>\n\t\t\t\t<\/div>\n\t\t\t\t\t<\/div>\n\t\t<\/div>\n\t\t\t\t<div class=\"elementor-column elementor-col-20 elementor-top-column elementor-element elementor-element-d561d30\" data-id=\"d561d30\" data-element_type=\"column\">\n\t\t\t<div class=\"elementor-widget-wrap elementor-element-populated\">\n\t\t\t\t\t\t<div class=\"elementor-element elementor-element-eae95f6 elementor-widget elementor-widget-image\" data-id=\"eae95f6\" data-element_type=\"widget\" data-widget_type=\"image.default\">\n\t\t\t\t<div class=\"elementor-widget-container\">\n\t\t\t\t\t\t\t\t\t\t\t\t\t<img decoding=\"async\" width=\"960\" height=\"960\" src=\"https:\/\/latouche.life\/wp-content\/uploads\/2022\/04\/T\u0129nh-linen-meditation-shawl-balance-2-1024x1024.png\" class=\"attachment-large size-large wp-image-2668\" alt=\"\" srcset=\"https:\/\/latouche.life\/wp-content\/uploads\/2022\/04\/T\u0129nh-linen-meditation-shawl-balance-2.png 1024w, https:\/\/latouche.life\/wp-content\/uploads\/2022\/04\/T\u0129nh-linen-meditation-shawl-balance-2-300x300.png 300w, https:\/\/latouche.life\/wp-content\/uploads\/2022\/04\/T\u0129nh-linen-meditation-shawl-balance-2-100x100.png 100w, https:\/\/latouche.life\/wp-content\/uploads\/2022\/04\/T\u0129nh-linen-meditation-shawl-balance-2-600x600.png 600w, https:\/\/latouche.life\/wp-content\/uploads\/2022\/04\/T\u0129nh-linen-meditation-shawl-balance-2-150x150.png 150w, https:\/\/latouche.life\/wp-content\/uploads\/2022\/04\/T\u0129nh-linen-meditation-shawl-balance-2-768x768.png 768w, https:\/\/latouche.life\/wp-content\/uploads\/2022\/04\/T\u0129nh-linen-meditation-shawl-balance-2-900x900.png 900w, https:\/\/latouche.life\/wp-content\/uploads\/2022\/04\/T\u0129nh-linen-meditation-shawl-balance-2-400x400.png 400w\" sizes=\"(max-width: 960px) 100vw, 960px\" \/>\t\t\t\t\t\t\t\t\t\t\t\t\t<\/div>\n\t\t\t\t<\/div>\n\t\t\t\t\t<\/div>\n\t\t<\/div>\n\t\t\t\t<div class=\"elementor-column elementor-col-20 elementor-top-column elementor-element elementor-element-9fa30f2\" data-id=\"9fa30f2\" data-element_type=\"column\">\n\t\t\t<div class=\"elementor-widget-wrap elementor-element-populated\">\n\t\t\t\t\t\t<div class=\"elementor-element elementor-element-0b64ec1 elementor-widget elementor-widget-image\" data-id=\"0b64ec1\" data-element_type=\"widget\" data-widget_type=\"image.default\">\n\t\t\t\t<div class=\"elementor-widget-container\">\n\t\t\t\t\t\t\t\t\t\t\t\t\t<img decoding=\"async\" width=\"960\" height=\"960\" src=\"https:\/\/latouche.life\/wp-content\/uploads\/2022\/04\/T\u0129nh-linen-meditation-shawl-balance-1-1024x1024.png\" class=\"attachment-large size-large wp-image-2667\" alt=\"\" srcset=\"https:\/\/latouche.life\/wp-content\/uploads\/2022\/04\/T\u0129nh-linen-meditation-shawl-balance-1.png 1024w, https:\/\/latouche.life\/wp-content\/uploads\/2022\/04\/T\u0129nh-linen-meditation-shawl-balance-1-300x300.png 300w, https:\/\/latouche.life\/wp-content\/uploads\/2022\/04\/T\u0129nh-linen-meditation-shawl-balance-1-100x100.png 100w, https:\/\/latouche.life\/wp-content\/uploads\/2022\/04\/T\u0129nh-linen-meditation-shawl-balance-1-600x600.png 600w, https:\/\/latouche.life\/wp-content\/uploads\/2022\/04\/T\u0129nh-linen-meditation-shawl-balance-1-150x150.png 150w, https:\/\/latouche.life\/wp-content\/uploads\/2022\/04\/T\u0129nh-linen-meditation-shawl-balance-1-768x768.png 768w, https:\/\/latouche.life\/wp-content\/uploads\/2022\/04\/T\u0129nh-linen-meditation-shawl-balance-1-900x900.png 900w, https:\/\/latouche.life\/wp-content\/uploads\/2022\/04\/T\u0129nh-linen-meditation-shawl-balance-1-400x400.png 400w\" sizes=\"(max-width: 960px) 100vw, 960px\" \/>\t\t\t\t\t\t\t\t\t\t\t\t\t<\/div>\n\t\t\t\t<\/div>\n\t\t\t\t\t<\/div>\n\t\t<\/div>\n\t\t\t\t<div class=\"elementor-column elementor-col-20 elementor-top-column elementor-element elementor-element-cb524f1\" data-id=\"cb524f1\" data-element_type=\"column\">\n\t\t\t<div class=\"elementor-widget-wrap elementor-element-populated\">\n\t\t\t\t\t\t<div class=\"elementor-element elementor-element-efa4bc1 elementor-widget elementor-widget-image\" data-id=\"efa4bc1\" data-element_type=\"widget\" data-widget_type=\"image.default\">\n\t\t\t\t<div class=\"elementor-widget-container\">\n\t\t\t\t\t\t\t\t\t\t\t\t\t<img loading=\"lazy\" decoding=\"async\" width=\"960\" height=\"960\" src=\"https:\/\/latouche.life\/wp-content\/uploads\/2022\/04\/T\u0129nh-linen-meditation-shawl-balance-4-1024x1024.png\" class=\"attachment-large size-large wp-image-2670\" alt=\"\" srcset=\"https:\/\/latouche.life\/wp-content\/uploads\/2022\/04\/T\u0129nh-linen-meditation-shawl-balance-4.png 1024w, https:\/\/latouche.life\/wp-content\/uploads\/2022\/04\/T\u0129nh-linen-meditation-shawl-balance-4-300x300.png 300w, https:\/\/latouche.life\/wp-content\/uploads\/2022\/04\/T\u0129nh-linen-meditation-shawl-balance-4-100x100.png 100w, https:\/\/latouche.life\/wp-content\/uploads\/2022\/04\/T\u0129nh-linen-meditation-shawl-balance-4-600x600.png 600w, https:\/\/latouche.life\/wp-content\/uploads\/2022\/04\/T\u0129nh-linen-meditation-shawl-balance-4-150x150.png 150w, https:\/\/latouche.life\/wp-content\/uploads\/2022\/04\/T\u0129nh-linen-meditation-shawl-balance-4-768x768.png 768w, https:\/\/latouche.life\/wp-content\/uploads\/2022\/04\/T\u0129nh-linen-meditation-shawl-balance-4-900x900.png 900w, https:\/\/latouche.life\/wp-content\/uploads\/2022\/04\/T\u0129nh-linen-meditation-shawl-balance-4-400x400.png 400w\" sizes=\"(max-width: 960px) 100vw, 960px\" \/>\t\t\t\t\t\t\t\t\t\t\t\t\t<\/div>\n\t\t\t\t<\/div>\n\t\t\t\t\t<\/div>\n\t\t<\/div>\n\t\t\t\t<div class=\"elementor-column elementor-col-20 elementor-top-column elementor-element elementor-element-c1aa6f9\" data-id=\"c1aa6f9\" data-element_type=\"column\">\n\t\t\t<div class=\"elementor-widget-wrap elementor-element-populated\">\n\t\t\t\t\t\t<div class=\"elementor-element elementor-element-da9d0a7 elementor-widget elementor-widget-image\" data-id=\"da9d0a7\" data-element_type=\"widget\" data-widget_type=\"image.default\">\n\t\t\t\t<div class=\"elementor-widget-container\">\n\t\t\t\t\t\t\t\t\t\t\t\t\t<img loading=\"lazy\" decoding=\"async\" width=\"960\" height=\"960\" src=\"https:\/\/latouche.life\/wp-content\/uploads\/2022\/04\/T\u0129nh-linen-meditation-shawl-balance-5-1024x1024.png\" class=\"attachment-large size-large wp-image-2671\" alt=\"\" srcset=\"https:\/\/latouche.life\/wp-content\/uploads\/2022\/04\/T\u0129nh-linen-meditation-shawl-balance-5.png 1024w, https:\/\/latouche.life\/wp-content\/uploads\/2022\/04\/T\u0129nh-linen-meditation-shawl-balance-5-300x300.png 300w, https:\/\/latouche.life\/wp-content\/uploads\/2022\/04\/T\u0129nh-linen-meditation-shawl-balance-5-100x100.png 100w, https:\/\/latouche.life\/wp-content\/uploads\/2022\/04\/T\u0129nh-linen-meditation-shawl-balance-5-600x600.png 600w, https:\/\/latouche.life\/wp-content\/uploads\/2022\/04\/T\u0129nh-linen-meditation-shawl-balance-5-150x150.png 150w, https:\/\/latouche.life\/wp-content\/uploads\/2022\/04\/T\u0129nh-linen-meditation-shawl-balance-5-768x768.png 768w, https:\/\/latouche.life\/wp-content\/uploads\/2022\/04\/T\u0129nh-linen-meditation-shawl-balance-5-900x900.png 900w, https:\/\/latouche.life\/wp-content\/uploads\/2022\/04\/T\u0129nh-linen-meditation-shawl-balance-5-400x400.png 400w\" sizes=\"(max-width: 960px) 100vw, 960px\" \/>\t\t\t\t\t\t\t\t\t\t\t\t\t<\/div>\n\t\t\t\t<\/div>\n\t\t\t\t\t<\/div>\n\t\t<\/div>\n\t\t\t\t\t<\/div>\n\t\t<\/section>\n\t\t\t\t<section class=\"elementor-section elementor-top-section elementor-element elementor-element-2b74a2a elementor-section-boxed elementor-section-height-default elementor-section-height-default\" data-id=\"2b74a2a\" data-element_type=\"section\">\n\t\t\t\t\t\t<div class=\"elementor-container elementor-column-gap-default\">\n\t\t\t\t\t<div class=\"elementor-column elementor-col-100 elementor-top-column elementor-element elementor-element-56774d6\" data-id=\"56774d6\" data-element_type=\"column\">\n\t\t\t<div class=\"elementor-widget-wrap elementor-element-populated\">\n\t\t\t\t\t\t<div class=\"elementor-element elementor-element-6d6124c elementor-widget elementor-widget-text-editor\" data-id=\"6d6124c\" data-element_type=\"widget\" data-widget_type=\"text-editor.default\">\n\t\t\t\t<div class=\"elementor-widget-container\">\n\t\t\t\t\t\t\t<p style=\"text-align: center;\"><em>B\u1ea5m v\u00e0o \u0111\u1ec3 ph\u00f3ng to \u1ea3nh<\/em><\/p>\t\t\t\t\t\t<\/div>\n\t\t\t\t<\/div>\n\t\t\t\t<div class=\"elementor-element elementor-element-ec203e6 elementor-widget-divider--view-line elementor-widget elementor-widget-divider\" data-id=\"ec203e6\" data-element_type=\"widget\" data-widget_type=\"divider.default\">\n\t\t\t\t<div class=\"elementor-widget-container\">\n\t\t\t\t\t<div class=\"elementor-divider\">\n\t\t\t<span class=\"elementor-divider-separator\">\n\t\t\t\t\t\t<\/span>\n\t\t<\/div>\n\t\t\t\t<\/div>\n\t\t\t\t<\/div>\n\t\t\t\t<div class=\"elementor-element elementor-element-caa189a elementor-widget elementor-widget-text-editor\" data-id=\"caa189a\" data-element_type=\"widget\" data-widget_type=\"text-editor.default\">\n\t\t\t\t<div class=\"elementor-widget-container\">\n\t\t\t\t\t\t\t<p><span style=\"color: #333333;\">N\u00e2u l\u00e0 m\u00e0u c\u1ee7a s\u1ef1 c\u00e2n b\u1eb1ng c\u1ea3m x\u00fac, c\u0169ng l\u00e0 m\u00e0u t\u01b0\u1ee3ng tr\u01b0ng cho t\u00ednh Th\u1ed5 c\u1ee7a \u0111\u1ea5t, nu\u00f4i d\u01b0\u1ee1ng c\u00e2y c\u1ed1i v\u00e0 cu\u1ed9c s\u1ed1ng tr\u00ean Tr\u00e1i \u0110\u1ea5t. Ch\u00fang m\u00ecnh ch\u1ecdn vi\u1ec1n ren v\u1edbi s\u1eafc n\u00e2u s\u00e1ng h\u01a1n ch\u1ea5t v\u1ea3i \u0111\u1ec3 trang tr\u00ed cho chi\u1ebfc kh\u0103n cho\u00e0ng thi\u1ec1n n\u00e0y.<\/span><\/p><p><span style=\"color: #333333;\">Tho\u1ea1t nh\u00ecn b\u1ea1n s\u1ebd th\u1ea5y chi\u1ebfc kh\u0103n qu\u00e1 \u0111\u01a1n gi\u1ea3n, nh\u01b0ng khi b\u1ea1n nh\u00ecn k\u1ef9 h\u01a1n, ch\u00ednh vi\u1ec1n ren n\u00e0y v\u00e0 k\u1ef9 thu\u1eadt may g\u1ea5p l\u00e1 h\u1eb9 \u0111\u00e3 t\u1ea1o \u0111i\u1ec3m nh\u1ea5n tinh t\u1ebf cho chi\u1ebfc kh\u0103n, kh\u00f4ng qu\u00e1 ph\u00f4 tr\u01b0\u01a1ng nh\u01b0ng v\u1eabn t\u1ea1o c\u1ea3m gi\u00e1c \u0111\u1eb7c bi\u1ec7t.<\/span><\/p>\t\t\t\t\t\t<\/div>\n\t\t\t\t<\/div>\n\t\t\t\t<div class=\"elementor-element elementor-element-8b1857f elementor-widget elementor-widget-text-editor\" data-id=\"8b1857f\" data-element_type=\"widget\" data-widget_type=\"text-editor.default\">\n\t\t\t\t<div class=\"elementor-widget-container\">\n\t\t\t\t\t\t\t<p><b>Th\u00f4ng tin s\u1ea3n ph\u1ea9m:<\/b><\/p><ul><li>K\u00edch th\u01b0\u1edbc: 200x105cm<\/li><li>C\u00e2n n\u1eb7ng: 400g<\/li><li>Ch\u1ea5t v\u1ea3i: Linen t\u01b0ng<\/li><li>S\u1ea3n ph\u1ea9m B\u1ec1n v\u1eefng \u0111\u01b0\u1ee3c may th\u1ee7 c\u00f4ng.<\/li><li>Vui l\u00f2ng gi\u1eb7t ch\u1ebf \u0111\u1ed9 nh\u1eb9 nh\u00e0ng v\u00e0 ph\u01a1i d\u01b0\u1edbi b\u00f3ng r\u00e2m.<\/li><li>B\u1ea3o qu\u1ea3n n\u01a1i kh\u00f4 tho\u00e1ng.<\/li><\/ul>\t\t\t\t\t\t<\/div>\n\t\t\t\t<\/div>\n\t\t\t\t\t<\/div>\n\t\t<\/div>\n\t\t\t\t\t<\/div>\n\t\t<\/section>\n\t\t\t\t<\/div>","protected":false},"excerpt":{"rendered":"<p>Click on photos to see larger images Brown represents balance in emotion, also the color of soil and land which nourish plants and life on Earth. We choose a lighter brown tone of lace to decorate this shawl. The more you observe the shawl, the more beauty you can find in it. The elegant fabric [&hellip;]<\/p>","protected":false},"author":1,"featured_media":2686,"parent":0,"menu_order":0,"comment_status":"closed","ping_status":"closed","template":"","meta":{"om_disable_all_campaigns":false,"_monsterinsights_skip_tracking":false,"_monsterinsights_sitenote_active":false,"_monsterinsights_sitenote_note":"","_monsterinsights_sitenote_category":0,"footnotes":""},"aioseo_notices":[],"yoast_head":"<!-- This site is optimized with the Yoast SEO plugin v22.7 - https:\/\/yoast.com\/wordpress\/plugins\/seo\/ -->\n<title>T\u0128NH BALANCE - La Touche<\/title>\n<meta name=\"robots\" content=\"index, follow, max-snippet:-1, max-image-preview:large, max-video-preview:-1\" \/>\n<link rel=\"canonical\" href=\"https:\/\/latouche.life\/vi\/tinh-serenity-meditation-shawl-balance\/\" \/>\n<meta property=\"og:locale\" content=\"vi_VN\" \/>\n<meta property=\"og:type\" content=\"article\" \/>\n<meta property=\"og:title\" content=\"T\u0128NH BALANCE - La Touche\" \/>\n<meta property=\"og:description\" content=\"Click on photos to see larger images Brown represents balance in emotion, also the color of soil and land which nourish plants and life on Earth. We choose a lighter brown tone of lace to decorate this shawl. The more you observe the shawl, the more beauty you can find in it. The elegant fabric [&hellip;]\" \/>\n<meta property=\"og:url\" content=\"https:\/\/latouche.life\/vi\/tinh-serenity-meditation-shawl-balance\/\" \/>\n<meta property=\"og:site_name\" content=\"La Touche\" \/>\n<meta property=\"article:modified_time\" content=\"2022-04-17T05:19:48+00:00\" \/>\n<meta property=\"og:image\" content=\"https:\/\/latouche.life\/wp-content\/uploads\/2022\/04\/IMG_E1846-scaled.jpg\" \/>\n\t<meta property=\"og:image:width\" content=\"2560\" \/>\n\t<meta property=\"og:image:height\" content=\"1920\" \/>\n\t<meta property=\"og:image:type\" content=\"image\/jpeg\" \/>\n<meta name=\"twitter:card\" content=\"summary_large_image\" \/>\n<script type=\"application\/ld+json\" class=\"yoast-schema-graph\">{\"@context\":\"https:\/\/schema.org\",\"@graph\":[{\"@type\":\"WebPage\",\"@id\":\"https:\/\/latouche.life\/tinh-serenity-meditation-shawl-balance\/\",\"url\":\"https:\/\/latouche.life\/tinh-serenity-meditation-shawl-balance\/\",\"name\":\"T\u0128NH BALANCE - La Touche\",\"isPartOf\":{\"@id\":\"https:\/\/latouche.life\/#website\"},\"primaryImageOfPage\":{\"@id\":\"https:\/\/latouche.life\/tinh-serenity-meditation-shawl-balance\/#primaryimage\"},\"image\":{\"@id\":\"https:\/\/latouche.life\/tinh-serenity-meditation-shawl-balance\/#primaryimage\"},\"thumbnailUrl\":\"https:\/\/latouche.life\/wp-content\/uploads\/2022\/04\/IMG_E1846-scaled.jpg\",\"datePublished\":\"2022-04-16T14:05:44+00:00\",\"dateModified\":\"2022-04-17T05:19:48+00:00\",\"breadcrumb\":{\"@id\":\"https:\/\/latouche.life\/tinh-serenity-meditation-shawl-balance\/#breadcrumb\"},\"inLanguage\":\"vi\",\"potentialAction\":[{\"@type\":\"ReadAction\",\"target\":[\"https:\/\/latouche.life\/tinh-serenity-meditation-shawl-balance\/\"]}]},{\"@type\":\"ImageObject\",\"inLanguage\":\"vi\",\"@id\":\"https:\/\/latouche.life\/tinh-serenity-meditation-shawl-balance\/#primaryimage\",\"url\":\"https:\/\/latouche.life\/wp-content\/uploads\/2022\/04\/IMG_E1846-scaled.jpg\",\"contentUrl\":\"https:\/\/latouche.life\/wp-content\/uploads\/2022\/04\/IMG_E1846-scaled.jpg\",\"width\":2560,\"height\":1920},{\"@type\":\"BreadcrumbList\",\"@id\":\"https:\/\/latouche.life\/tinh-serenity-meditation-shawl-balance\/#breadcrumb\",\"itemListElement\":[{\"@type\":\"ListItem\",\"position\":1,\"name\":\"Home\",\"item\":\"https:\/\/latouche.life\/\"},{\"@type\":\"ListItem\",\"position\":2,\"name\":\"T\u0128NH BALANCE\"}]},{\"@type\":\"WebSite\",\"@id\":\"https:\/\/latouche.life\/#website\",\"url\":\"https:\/\/latouche.life\/\",\"name\":\"La Touche\",\"description\":\"Create peaceful feeling from organic and natural products\",\"publisher\":{\"@id\":\"https:\/\/latouche.life\/#organization\"},\"potentialAction\":[{\"@type\":\"SearchAction\",\"target\":{\"@type\":\"EntryPoint\",\"urlTemplate\":\"https:\/\/latouche.life\/?s={search_term_string}\"},\"query-input\":\"required name=search_term_string\"}],\"inLanguage\":\"vi\"},{\"@type\":\"Organization\",\"@id\":\"https:\/\/latouche.life\/#organization\",\"name\":\"La Touche\",\"url\":\"https:\/\/latouche.life\/\",\"logo\":{\"@type\":\"ImageObject\",\"inLanguage\":\"vi\",\"@id\":\"https:\/\/latouche.life\/#\/schema\/logo\/image\/\",\"url\":\"https:\/\/latouche.life\/wp-content\/uploads\/2020\/06\/logo_round_white.png\",\"contentUrl\":\"https:\/\/latouche.life\/wp-content\/uploads\/2020\/06\/logo_round_white.png\",\"width\":106,\"height\":106,\"caption\":\"La Touche\"},\"image\":{\"@id\":\"https:\/\/latouche.life\/#\/schema\/logo\/image\/\"}}]}<\/script>\n<!-- \/ Yoast SEO plugin. -->","yoast_head_json":{"title":"T\u0128NH BALANCE - La Touche","robots":{"index":"index","follow":"follow","max-snippet":"max-snippet:-1","max-image-preview":"max-image-preview:large","max-video-preview":"max-video-preview:-1"},"canonical":"https:\/\/latouche.life\/vi\/tinh-serenity-meditation-shawl-balance\/","og_locale":"vi_VN","og_type":"article","og_title":"T\u0128NH BALANCE - La Touche","og_description":"Click on photos to see larger images Brown represents balance in emotion, also the color of soil and land which nourish plants and life on Earth. We choose a lighter brown tone of lace to decorate this shawl. The more you observe the shawl, the more beauty you can find in it. The elegant fabric [&hellip;]","og_url":"https:\/\/latouche.life\/vi\/tinh-serenity-meditation-shawl-balance\/","og_site_name":"La Touche","article_modified_time":"2022-04-17T05:19:48+00:00","og_image":[{"width":2560,"height":1920,"url":"https:\/\/latouche.life\/wp-content\/uploads\/2022\/04\/IMG_E1846-scaled.jpg","type":"image\/jpeg"}],"twitter_card":"summary_large_image","schema":{"@context":"https:\/\/schema.org","@graph":[{"@type":"WebPage","@id":"https:\/\/latouche.life\/tinh-serenity-meditation-shawl-balance\/","url":"https:\/\/latouche.life\/tinh-serenity-meditation-shawl-balance\/","name":"T\u0128NH BALANCE - La Touche","isPartOf":{"@id":"https:\/\/latouche.life\/#website"},"primaryImageOfPage":{"@id":"https:\/\/latouche.life\/tinh-serenity-meditation-shawl-balance\/#primaryimage"},"image":{"@id":"https:\/\/latouche.life\/tinh-serenity-meditation-shawl-balance\/#primaryimage"},"thumbnailUrl":"https:\/\/latouche.life\/wp-content\/uploads\/2022\/04\/IMG_E1846-scaled.jpg","datePublished":"2022-04-16T14:05:44+00:00","dateModified":"2022-04-17T05:19:48+00:00","breadcrumb":{"@id":"https:\/\/latouche.life\/tinh-serenity-meditation-shawl-balance\/#breadcrumb"},"inLanguage":"vi","potentialAction":[{"@type":"ReadAction","target":["https:\/\/latouche.life\/tinh-serenity-meditation-shawl-balance\/"]}]},{"@type":"ImageObject","inLanguage":"vi","@id":"https:\/\/latouche.life\/tinh-serenity-meditation-shawl-balance\/#primaryimage","url":"https:\/\/latouche.life\/wp-content\/uploads\/2022\/04\/IMG_E1846-scaled.jpg","contentUrl":"https:\/\/latouche.life\/wp-content\/uploads\/2022\/04\/IMG_E1846-scaled.jpg","width":2560,"height":1920},{"@type":"BreadcrumbList","@id":"https:\/\/latouche.life\/tinh-serenity-meditation-shawl-balance\/#breadcrumb","itemListElement":[{"@type":"ListItem","position":1,"name":"Home","item":"https:\/\/latouche.life\/"},{"@type":"ListItem","position":2,"name":"T\u0128NH BALANCE"}]},{"@type":"WebSite","@id":"https:\/\/latouche.life\/#website","url":"https:\/\/latouche.life\/","name":"La Touche","description":"Create peaceful feeling from organic and natural products","publisher":{"@id":"https:\/\/latouche.life\/#organization"},"potentialAction":[{"@type":"SearchAction","target":{"@type":"EntryPoint","urlTemplate":"https:\/\/latouche.life\/?s={search_term_string}"},"query-input":"required name=search_term_string"}],"inLanguage":"vi"},{"@type":"Organization","@id":"https:\/\/latouche.life\/#organization","name":"La Touche","url":"https:\/\/latouche.life\/","logo":{"@type":"ImageObject","inLanguage":"vi","@id":"https:\/\/latouche.life\/#\/schema\/logo\/image\/","url":"https:\/\/latouche.life\/wp-content\/uploads\/2020\/06\/logo_round_white.png","contentUrl":"https:\/\/latouche.life\/wp-content\/uploads\/2020\/06\/logo_round_white.png","width":106,"height":106,"caption":"La Touche"},"image":{"@id":"https:\/\/latouche.life\/#\/schema\/logo\/image\/"}}]}},"_links":{"self":[{"href":"https:\/\/latouche.life\/vi\/wp-json\/wp\/v2\/pages\/2647"}],"collection":[{"href":"https:\/\/latouche.life\/vi\/wp-json\/wp\/v2\/pages"}],"about":[{"href":"https:\/\/latouche.life\/vi\/wp-json\/wp\/v2\/types\/page"}],"author":[{"embeddable":true,"href":"https:\/\/latouche.life\/vi\/wp-json\/wp\/v2\/users\/1"}],"replies":[{"embeddable":true,"href":"https:\/\/latouche.life\/vi\/wp-json\/wp\/v2\/comments?post=2647"}],"version-history":[{"count":5,"href":"https:\/\/latouche.life\/vi\/wp-json\/wp\/v2\/pages\/2647\/revisions"}],"predecessor-version":[{"id":2693,"href":"https:\/\/latouche.life\/vi\/wp-json\/wp\/v2\/pages\/2647\/revisions\/2693"}],"wp:featuredmedia":[{"embeddable":true,"href":"https:\/\/latouche.life\/vi\/wp-json\/wp\/v2\/media\/2686"}],"wp:attachment":[{"href":"https:\/\/latouche.life\/vi\/wp-json\/wp\/v2\/media?parent=2647"}],"curies":[{"name":"wp","href":"https:\/\/api.w.org\/{rel}","templated":true}]}}