{"id":2631,"date":"2022-04-16T11:20:53","date_gmt":"2022-04-16T11:20:53","guid":{"rendered":"http:\/\/latouche.life\/?page_id=2631"},"modified":"2022-04-17T05:51:58","modified_gmt":"2022-04-17T05:51:58","slug":"tinh-shawl-serenity-shawl","status":"publish","type":"page","link":"https:\/\/latouche.life\/vi\/tinh-shawl-serenity-shawl\/","title":{"rendered":"Kh\u0103n cho\u00e0ng Thi\u1ec1n T\u0128NH"},"content":{"rendered":"<div data-elementor-type=\"wp-page\" data-elementor-id=\"2631\" class=\"elementor elementor-2631\">\n\t\t\t\t\t\t<section class=\"elementor-section elementor-top-section elementor-element elementor-element-95e32c8 elementor-section-boxed elementor-section-height-default elementor-section-height-default\" data-id=\"95e32c8\" data-element_type=\"section\">\n\t\t\t\t\t\t<div class=\"elementor-container elementor-column-gap-default\">\n\t\t\t\t\t<div class=\"elementor-column elementor-col-100 elementor-top-column elementor-element elementor-element-f5b2772\" data-id=\"f5b2772\" data-element_type=\"column\">\n\t\t\t<div class=\"elementor-widget-wrap elementor-element-populated\">\n\t\t\t\t\t\t<div class=\"elementor-element elementor-element-43c74e4 elementor-widget elementor-widget-text-editor\" data-id=\"43c74e4\" data-element_type=\"widget\" data-widget_type=\"text-editor.default\">\n\t\t\t\t<div class=\"elementor-widget-container\">\n\t\t\t\t\t\t\t<h1 style=\"text-align: center;\"><span style=\"color: #175e2e;\">Kh\u0103n cho\u00e0ng Thi\u1ec1n T\u0128NH<\/span><\/h1><p style=\"text-align: justify;\">T\u1eeb khi b\u1eaft \u0111\u1ea7u thi\u1ec1n \u0111\u1ecbnh, ch\u00fang m\u00ecnh t\u1eadp c\u1ea3m nh\u1eadn nhi\u1ec1u h\u01a1n suy ngh\u0129. Ch\u00fang m\u00ecnh hi\u1ec3u r\u1eb1ng c\u00e1c v\u1ea5n \u0111\u1ec1 lu\u00f4n t\u1ed3n t\u1ea1i v\u00e0 c\u00e0ng suy ngh\u0129 nhi\u1ec1u v\u1ec1 ch\u00fang, c\u1ea3m x\u00fac s\u1ebd tr\u1edf n\u00ean c\u00e0ng n\u1eb7ng n\u1ec1 v\u00e0 ti\u00eau c\u1ef1c. Ch\u00fang m\u00ecnh l\u1ea5y ch\u1eef \u201cT\u0128NH\u201d \u0111\u1eb7t t\u00ean cho nh\u1eefng chi\u1ebfc Kh\u0103n cho\u00e0ng thi\u1ec1n, v\u00e0 \u0111\u00e2y c\u0169ng l\u00e0 th\u00f4ng \u0111i\u1ec7p ch\u00fang m\u00ecnh mu\u1ed1n g\u1eedi \u0111\u1ebfn b\u1ea1n. Ngo\u00e0i kia s\u1ebd c\u00f3 nhi\u1ec1u \u0111i\u1ec1u li\u00ean t\u1ee5c chuy\u1ec3n \u0111\u1ed9ng v\u00e0 t\u00e1c \u0111\u1ed9ng l\u00ean b\u1ea1n, n\u1ebfu b\u1ea1n c\u00f3 th\u1ec3 gi\u1eef t\u00e2m t\u0129nh l\u1eb7ng, b\u1ea1n s\u1ebd nh\u1eadn ra m\u1ecdi th\u1ee9 x\u1ea3y ra \u0111\u1ec1u c\u00f3 l\u00fd do c\u1ee7a n\u00f3, ch\u1ec9 c\u1ea7n th\u01b0 gi\u00e3n t\u00e2m tr\u00ed m\u1ed9t ch\u00fat, b\u1ea1n s\u1ebd c\u1ea3m nh\u1eadn cu\u1ed9c s\u1ed1ng n\u00e0y mang \u0111\u1ebfn th\u1eadt nhi\u1ec1u \u00fd ngh\u0129a. Hay n\u00f3i m\u1ed9t c\u00e1ch vui l\u00e0 c\u1ee9 b\u00ecnh T\u0128NH v\u00e0 t\u1eadn h\u01b0\u1edfng cu\u1ed9c s\u1ed1ng.<\/p><p>\u00a0<\/p><p>V\u1edbi ch\u1ee9c n\u0103ng ch\u00ednh l\u00e0 m\u1ed9t chi\u1ebfc kh\u0103n thi\u1ec1n, chi\u1ebfc kh\u0103n n\u00e0y b\u1ea3o v\u1ec7 n\u0103ng l\u01b0\u1ee3ng c\u1ee7a b\u1ea1n khi thi\u1ec1n. Ngo\u00e0i ra, th\u00e2n nhi\u1ec7t c\u1ee7a ch\u00fang ta c\u00f3 xu h\u01b0\u1edbng gi\u1ea3m xu\u1ed1ng trong khi thi\u1ec1n, chi\u1ebfc kh\u0103n n\u00e0y s\u1ebd gi\u00fap duy tr\u00ec h\u01a1i \u1ea5m cho c\u01a1 th\u1ec3 b\u1ea1n.<\/p><p>\u00a0<\/p><p>Ch\u00fang m\u00ecnh ch\u1ecdn ch\u1ea5t Linen t\u01b0ng, l\u00e0 v\u1ea3i c\u00f3 ngu\u1ed3n g\u1ed1c th\u1ef1c v\u1eadt \u0111\u1ec3 t\u1ea1o n\u00ean nh\u1eefng chi\u1ebfc kh\u0103n cho\u00e0ng T\u0128NH. Ch\u1ea5t v\u1ea3i Linen kh\u00f4ng qu\u00e1 d\u00e0y, t\u1ea1o c\u1ea3m gi\u00e1c nh\u1eb9 v\u00e0 tho\u1ea3i m\u00e1i ngay c\u1ea3 trong nh\u1eefng ng\u00e0y h\u00e8 n\u00f3ng. K\u00edch th\u01b0\u1edbc kh\u0103n \u0111\u1ee7 l\u1edbn \u0111\u1ec3 \u00f4m c\u01a1 th\u1ec3 b\u1ea1n. B\u00ean c\u1ea1nh \u0111\u00f3, b\u1ea1n c\u0169ng c\u00f3 th\u1ec3 linh ho\u1ea1t g\u1ea5p kh\u0103n \u0111\u1ec3 s\u1eed d\u1ee5ng nh\u01b0 kh\u0103n cho\u00e0ng th\u00f4ng th\u01b0\u1eddng ho\u1eb7c m\u1ed9t l\u1edbp trang ph\u1ee5c ph\u1ed1i \u0111\u1ed3.<\/p><p>\u00a0<\/p><p>Nh\u01b0ng \u0111\u1ebfn cu\u1ed1i c\u00f9ng, \u0111\u00e2y c\u0169ng l\u00e0 m\u1ed9t chi\u1ebfc kh\u0103n thi\u1ec1n T\u0128NH. B\u1ea1n v\u1eabn n\u00ean tr\u00e2n tr\u1ecdng v\u00e0 gi\u1eef kh\u0103n n\u01a1i s\u1ea1ch s\u1ebd, tho\u00e1ng m\u00e1t nha.<\/p><p style=\"text-align: justify;\">\u00a0<\/p>\t\t\t\t\t\t<\/div>\n\t\t\t\t<\/div>\n\t\t\t\t\t<\/div>\n\t\t<\/div>\n\t\t\t\t\t<\/div>\n\t\t<\/section>\n\t\t\t\t<section class=\"elementor-section elementor-top-section elementor-element elementor-element-671d51a elementor-section-boxed elementor-section-height-default elementor-section-height-default\" data-id=\"671d51a\" data-element_type=\"section\">\n\t\t\t\t\t\t<div class=\"elementor-container elementor-column-gap-default\">\n\t\t\t\t\t<div class=\"elementor-column elementor-col-50 elementor-top-column elementor-element elementor-element-7ebdef8\" data-id=\"7ebdef8\" data-element_type=\"column\">\n\t\t\t<div class=\"elementor-widget-wrap elementor-element-populated\">\n\t\t\t\t\t\t<div class=\"elementor-element elementor-element-8aa5fdf elementor-widget elementor-widget-heading\" data-id=\"8aa5fdf\" data-element_type=\"widget\" data-widget_type=\"heading.default\">\n\t\t\t\t<div class=\"elementor-widget-container\">\n\t\t\t<h2 class=\"elementor-heading-title elementor-size-default\"><h3 style=\"text-align: center;\"><span style=\"text-decoration-line: underline;\"><span style=\"color: rgb(23, 94, 46);\"><a style=\"color: rgb(23, 94, 46);\" href=\"https:\/\/latouche.life\/vi\/tinh-serenity-meditation-shawl-goodness\/\"><b>T\u0128NH GOODNESS<\/b><\/a><\/span><\/span><\/h3><\/h2>\t\t<\/div>\n\t\t\t\t<\/div>\n\t\t\t\t<div class=\"elementor-element elementor-element-f0ba9f1 elementor-widget elementor-widget-image\" data-id=\"f0ba9f1\" data-element_type=\"widget\" data-widget_type=\"image.default\">\n\t\t\t\t<div class=\"elementor-widget-container\">\n\t\t\t\t\t\t\t\t\t\t\t\t\t<img fetchpriority=\"high\" decoding=\"async\" width=\"960\" height=\"960\" src=\"https:\/\/latouche.life\/wp-content\/uploads\/2022\/04\/Tinh-Shawl-Goodness-1024x1024.jpg\" class=\"attachment-large size-large wp-image-2659\" alt=\"\" srcset=\"https:\/\/latouche.life\/wp-content\/uploads\/2022\/04\/Tinh-Shawl-Goodness-1024x1024.jpg 1024w, https:\/\/latouche.life\/wp-content\/uploads\/2022\/04\/Tinh-Shawl-Goodness-scaled-300x300.jpg 300w, https:\/\/latouche.life\/wp-content\/uploads\/2022\/04\/Tinh-Shawl-Goodness-scaled-100x100.jpg 100w, https:\/\/latouche.life\/wp-content\/uploads\/2022\/04\/Tinh-Shawl-Goodness-scaled-600x600.jpg 600w, https:\/\/latouche.life\/wp-content\/uploads\/2022\/04\/Tinh-Shawl-Goodness-150x150.jpg 150w, https:\/\/latouche.life\/wp-content\/uploads\/2022\/04\/Tinh-Shawl-Goodness-768x768.jpg 768w, https:\/\/latouche.life\/wp-content\/uploads\/2022\/04\/Tinh-Shawl-Goodness-1536x1536.jpg 1536w, https:\/\/latouche.life\/wp-content\/uploads\/2022\/04\/Tinh-Shawl-Goodness-2048x2048.jpg 2048w, https:\/\/latouche.life\/wp-content\/uploads\/2022\/04\/Tinh-Shawl-Goodness-1200x1200.jpg 1200w, https:\/\/latouche.life\/wp-content\/uploads\/2022\/04\/Tinh-Shawl-Goodness-900x900.jpg 900w, https:\/\/latouche.life\/wp-content\/uploads\/2022\/04\/Tinh-Shawl-Goodness-400x400.jpg 400w\" sizes=\"(max-width: 960px) 100vw, 960px\" \/>\t\t\t\t\t\t\t\t\t\t\t\t\t<\/div>\n\t\t\t\t<\/div>\n\t\t\t\t<div class=\"elementor-element elementor-element-e07b5ec elementor-widget elementor-widget-text-editor\" data-id=\"e07b5ec\" data-element_type=\"widget\" data-widget_type=\"text-editor.default\">\n\t\t\t\t<div class=\"elementor-widget-container\">\n\t\t\t\t\t\t\t<h4 style=\"text-align: center;\"><strong>\u201cNh\u1eefng g\u1ed1c r\u1ec5 c\u1ee7a t\u1ea5t c\u1ea3 \u0111i\u1ec1u t\u1ed1t \u0111\u1eb9p \u0111\u01b0\u1ee3c nu\u00f4i d\u01b0\u1ee1ng b\u1edfi s\u1ef1 tr\u00e2n tr\u1ecdng \u0111i\u1ec1u t\u1ed1t \u0111\u1eb9p\u201d <\/strong><\/h4><h4 style=\"text-align: center;\"><strong>&#8211; Dalai Lama<\/strong><\/h4>\t\t\t\t\t\t<\/div>\n\t\t\t\t<\/div>\n\t\t\t\t<div class=\"elementor-element elementor-element-03c40cf elementor-widget elementor-widget-text-editor\" data-id=\"03c40cf\" data-element_type=\"widget\" data-widget_type=\"text-editor.default\">\n\t\t\t\t<div class=\"elementor-widget-container\">\n\t\t\t\t\t\t\t<p><span id=\"docs-internal-guid-41817f81-7fff-415b-9ff2-b6f4b9464cb5\" style=\"color: #333333;\"><span style=\"font-size: 12pt; font-family: Arial; background-color: transparent; font-variant-numeric: normal; font-variant-east-asian: normal; vertical-align: baseline; white-space: pre-wrap;\">Turmeric yellow brings the feeling of grace and positiveness, like morning sunlight, like hope&#8230;<\/span><\/span><\/p>\t\t\t\t\t\t<\/div>\n\t\t\t\t<\/div>\n\t\t\t\t\t<\/div>\n\t\t<\/div>\n\t\t\t\t<div class=\"elementor-column elementor-col-50 elementor-top-column elementor-element elementor-element-0895502\" data-id=\"0895502\" data-element_type=\"column\">\n\t\t\t<div class=\"elementor-widget-wrap elementor-element-populated\">\n\t\t\t\t\t\t<div class=\"elementor-element elementor-element-dfae031 elementor-widget elementor-widget-heading\" data-id=\"dfae031\" data-element_type=\"widget\" data-widget_type=\"heading.default\">\n\t\t\t\t<div class=\"elementor-widget-container\">\n\t\t\t<h2 class=\"elementor-heading-title elementor-size-default\"><h3 style=\"text-align: center;\"><span style=\"text-decoration-line: underline;\"><span style=\"color: rgb(23, 94, 46);\"><a style=\"color: rgb(23, 94, 46);\" href=\"https:\/\/latouche.life\/vi\/tinh-serenity-meditation-shawl-balance\/\"><b>T\u0128NH BALANCE<\/b><\/a><\/span><\/span><\/h3><\/h2>\t\t<\/div>\n\t\t\t\t<\/div>\n\t\t\t\t<div class=\"elementor-element elementor-element-ecdda2f elementor-widget elementor-widget-image\" data-id=\"ecdda2f\" data-element_type=\"widget\" data-widget_type=\"image.default\">\n\t\t\t\t<div class=\"elementor-widget-container\">\n\t\t\t\t\t\t\t\t\t\t\t\t\t<img decoding=\"async\" width=\"960\" height=\"960\" src=\"https:\/\/latouche.life\/wp-content\/uploads\/2022\/04\/Tinh-Shawl-Balance-1024x1024.jpg\" class=\"attachment-large size-large wp-image-2658\" alt=\"\" srcset=\"https:\/\/latouche.life\/wp-content\/uploads\/2022\/04\/Tinh-Shawl-Balance-1024x1024.jpg 1024w, https:\/\/latouche.life\/wp-content\/uploads\/2022\/04\/Tinh-Shawl-Balance-scaled-300x300.jpg 300w, https:\/\/latouche.life\/wp-content\/uploads\/2022\/04\/Tinh-Shawl-Balance-scaled-100x100.jpg 100w, https:\/\/latouche.life\/wp-content\/uploads\/2022\/04\/Tinh-Shawl-Balance-scaled-600x600.jpg 600w, https:\/\/latouche.life\/wp-content\/uploads\/2022\/04\/Tinh-Shawl-Balance-150x150.jpg 150w, https:\/\/latouche.life\/wp-content\/uploads\/2022\/04\/Tinh-Shawl-Balance-768x768.jpg 768w, https:\/\/latouche.life\/wp-content\/uploads\/2022\/04\/Tinh-Shawl-Balance-1536x1536.jpg 1536w, https:\/\/latouche.life\/wp-content\/uploads\/2022\/04\/Tinh-Shawl-Balance-2048x2048.jpg 2048w, https:\/\/latouche.life\/wp-content\/uploads\/2022\/04\/Tinh-Shawl-Balance-1200x1200.jpg 1200w, https:\/\/latouche.life\/wp-content\/uploads\/2022\/04\/Tinh-Shawl-Balance-900x900.jpg 900w, https:\/\/latouche.life\/wp-content\/uploads\/2022\/04\/Tinh-Shawl-Balance-400x400.jpg 400w\" sizes=\"(max-width: 960px) 100vw, 960px\" \/>\t\t\t\t\t\t\t\t\t\t\t\t\t<\/div>\n\t\t\t\t<\/div>\n\t\t\t\t<div class=\"elementor-element elementor-element-7b20409 elementor-widget elementor-widget-text-editor\" data-id=\"7b20409\" data-element_type=\"widget\" data-widget_type=\"text-editor.default\">\n\t\t\t\t<div class=\"elementor-widget-container\">\n\t\t\t\t\t\t\t<h4 style=\"text-align: center;\"><strong>\u201cCu\u1ed9c s\u1ed1ng l\u00e0 s\u1ef1 c\u00e2n b\u1eb1ng gi\u1eefa n\u1eafm gi\u1eef v\u00e0 bu\u00f4ng b\u1ecf\u201d <\/strong><\/h4><h4 style=\"text-align: center;\"><strong>&#8211; Rumi<br \/><\/strong><\/h4>\t\t\t\t\t\t<\/div>\n\t\t\t\t<\/div>\n\t\t\t\t<div class=\"elementor-element elementor-element-2c87f51 elementor-widget elementor-widget-text-editor\" data-id=\"2c87f51\" data-element_type=\"widget\" data-widget_type=\"text-editor.default\">\n\t\t\t\t<div class=\"elementor-widget-container\">\n\t\t\t\t\t\t\t<p><span style=\"color: #333333;\">Brown represents balance in emotion, also the color of soil and land which nourish plants and life on Earth&#8230;<\/span><\/p>\t\t\t\t\t\t<\/div>\n\t\t\t\t<\/div>\n\t\t\t\t\t<\/div>\n\t\t<\/div>\n\t\t\t\t\t<\/div>\n\t\t<\/section>\n\t\t\t\t<\/div>","protected":false},"excerpt":{"rendered":"<p>SERENITY SHAWL Since we started our meditation journey, we practiced to feel more than to think. We are aware that problems have always existed and the more we think, the more sorrow we drown into it. T\u0128NH Shawls bring you the message of its own name &#8211; T\u0128NH, in vietnamese means Serenity. Many things might [&hellip;]<\/p>","protected":false},"author":1,"featured_media":2696,"parent":0,"menu_order":0,"comment_status":"closed","ping_status":"closed","template":"","meta":{"om_disable_all_campaigns":false,"_monsterinsights_skip_tracking":false,"_monsterinsights_sitenote_active":false,"_monsterinsights_sitenote_note":"","_monsterinsights_sitenote_category":0,"footnotes":""},"aioseo_notices":[],"yoast_head":"<!-- This site is optimized with the Yoast SEO plugin v22.7 - https:\/\/yoast.com\/wordpress\/plugins\/seo\/ -->\n<title>Serenity Shawl - La Touche<\/title>\n<meta name=\"robots\" content=\"index, follow, max-snippet:-1, max-image-preview:large, max-video-preview:-1\" \/>\n<link rel=\"canonical\" href=\"https:\/\/latouche.life\/vi\/tinh-shawl-serenity-shawl\/\" \/>\n<meta property=\"og:locale\" content=\"vi_VN\" \/>\n<meta property=\"og:type\" content=\"article\" \/>\n<meta property=\"og:title\" content=\"Serenity Shawl - La Touche\" \/>\n<meta property=\"og:description\" content=\"SERENITY SHAWL Since we started our meditation journey, we practiced to feel more than to think. We are aware that problems have always existed and the more we think, the more sorrow we drown into it. T\u0128NH Shawls bring you the message of its own name &#8211; T\u0128NH, in vietnamese means Serenity. Many things might [&hellip;]\" \/>\n<meta property=\"og:url\" content=\"https:\/\/latouche.life\/vi\/tinh-shawl-serenity-shawl\/\" \/>\n<meta property=\"og:site_name\" content=\"La Touche\" \/>\n<meta property=\"article:modified_time\" content=\"2022-04-17T05:51:58+00:00\" \/>\n<meta property=\"og:image\" content=\"https:\/\/latouche.life\/wp-content\/uploads\/2022\/04\/serenity-meditation-shawl-latouche-tinh-scaled.jpg\" \/>\n\t<meta property=\"og:image:width\" content=\"2560\" \/>\n\t<meta property=\"og:image:height\" content=\"1920\" \/>\n\t<meta property=\"og:image:type\" content=\"image\/jpeg\" \/>\n<meta name=\"twitter:card\" content=\"summary_large_image\" \/>\n<meta name=\"twitter:label1\" content=\"\u01af\u1edbc t\u00ednh th\u1eddi gian \u0111\u1ecdc\" \/>\n\t<meta name=\"twitter:data1\" content=\"1 ph\u00fat\" \/>\n<script type=\"application\/ld+json\" class=\"yoast-schema-graph\">{\"@context\":\"https:\/\/schema.org\",\"@graph\":[{\"@type\":\"WebPage\",\"@id\":\"https:\/\/latouche.life\/vi\/tinh-shawl-serenity-shawl\/\",\"url\":\"https:\/\/latouche.life\/vi\/tinh-shawl-serenity-shawl\/\",\"name\":\"Serenity Shawl - La Touche\",\"isPartOf\":{\"@id\":\"https:\/\/latouche.life\/#website\"},\"primaryImageOfPage\":{\"@id\":\"https:\/\/latouche.life\/vi\/tinh-shawl-serenity-shawl\/#primaryimage\"},\"image\":{\"@id\":\"https:\/\/latouche.life\/vi\/tinh-shawl-serenity-shawl\/#primaryimage\"},\"thumbnailUrl\":\"https:\/\/latouche.life\/wp-content\/uploads\/2022\/04\/serenity-meditation-shawl-latouche-tinh-scaled.jpg\",\"datePublished\":\"2022-04-16T11:20:53+00:00\",\"dateModified\":\"2022-04-17T05:51:58+00:00\",\"breadcrumb\":{\"@id\":\"https:\/\/latouche.life\/vi\/tinh-shawl-serenity-shawl\/#breadcrumb\"},\"inLanguage\":\"vi\",\"potentialAction\":[{\"@type\":\"ReadAction\",\"target\":[\"https:\/\/latouche.life\/vi\/tinh-shawl-serenity-shawl\/\"]}]},{\"@type\":\"ImageObject\",\"inLanguage\":\"vi\",\"@id\":\"https:\/\/latouche.life\/vi\/tinh-shawl-serenity-shawl\/#primaryimage\",\"url\":\"https:\/\/latouche.life\/wp-content\/uploads\/2022\/04\/serenity-meditation-shawl-latouche-tinh-scaled.jpg\",\"contentUrl\":\"https:\/\/latouche.life\/wp-content\/uploads\/2022\/04\/serenity-meditation-shawl-latouche-tinh-scaled.jpg\",\"width\":2560,\"height\":1920},{\"@type\":\"BreadcrumbList\",\"@id\":\"https:\/\/latouche.life\/vi\/tinh-shawl-serenity-shawl\/#breadcrumb\",\"itemListElement\":[{\"@type\":\"ListItem\",\"position\":1,\"name\":\"Home\",\"item\":\"https:\/\/latouche.life\/\"},{\"@type\":\"ListItem\",\"position\":2,\"name\":\"Serenity Shawl\"}]},{\"@type\":\"WebSite\",\"@id\":\"https:\/\/latouche.life\/#website\",\"url\":\"https:\/\/latouche.life\/\",\"name\":\"La Touche\",\"description\":\"Create peaceful feeling from organic and natural products\",\"publisher\":{\"@id\":\"https:\/\/latouche.life\/#organization\"},\"potentialAction\":[{\"@type\":\"SearchAction\",\"target\":{\"@type\":\"EntryPoint\",\"urlTemplate\":\"https:\/\/latouche.life\/?s={search_term_string}\"},\"query-input\":\"required name=search_term_string\"}],\"inLanguage\":\"vi\"},{\"@type\":\"Organization\",\"@id\":\"https:\/\/latouche.life\/#organization\",\"name\":\"La Touche\",\"url\":\"https:\/\/latouche.life\/\",\"logo\":{\"@type\":\"ImageObject\",\"inLanguage\":\"vi\",\"@id\":\"https:\/\/latouche.life\/#\/schema\/logo\/image\/\",\"url\":\"https:\/\/latouche.life\/wp-content\/uploads\/2020\/06\/logo_round_white.png\",\"contentUrl\":\"https:\/\/latouche.life\/wp-content\/uploads\/2020\/06\/logo_round_white.png\",\"width\":106,\"height\":106,\"caption\":\"La Touche\"},\"image\":{\"@id\":\"https:\/\/latouche.life\/#\/schema\/logo\/image\/\"}}]}<\/script>\n<!-- \/ Yoast SEO plugin. -->","yoast_head_json":{"title":"Serenity Shawl - La Touche","robots":{"index":"index","follow":"follow","max-snippet":"max-snippet:-1","max-image-preview":"max-image-preview:large","max-video-preview":"max-video-preview:-1"},"canonical":"https:\/\/latouche.life\/vi\/tinh-shawl-serenity-shawl\/","og_locale":"vi_VN","og_type":"article","og_title":"Serenity Shawl - La Touche","og_description":"SERENITY SHAWL Since we started our meditation journey, we practiced to feel more than to think. We are aware that problems have always existed and the more we think, the more sorrow we drown into it. T\u0128NH Shawls bring you the message of its own name &#8211; T\u0128NH, in vietnamese means Serenity. Many things might [&hellip;]","og_url":"https:\/\/latouche.life\/vi\/tinh-shawl-serenity-shawl\/","og_site_name":"La Touche","article_modified_time":"2022-04-17T05:51:58+00:00","og_image":[{"width":2560,"height":1920,"url":"https:\/\/latouche.life\/wp-content\/uploads\/2022\/04\/serenity-meditation-shawl-latouche-tinh-scaled.jpg","type":"image\/jpeg"}],"twitter_card":"summary_large_image","twitter_misc":{"\u01af\u1edbc t\u00ednh th\u1eddi gian \u0111\u1ecdc":"1 ph\u00fat"},"schema":{"@context":"https:\/\/schema.org","@graph":[{"@type":"WebPage","@id":"https:\/\/latouche.life\/vi\/tinh-shawl-serenity-shawl\/","url":"https:\/\/latouche.life\/vi\/tinh-shawl-serenity-shawl\/","name":"Serenity Shawl - La Touche","isPartOf":{"@id":"https:\/\/latouche.life\/#website"},"primaryImageOfPage":{"@id":"https:\/\/latouche.life\/vi\/tinh-shawl-serenity-shawl\/#primaryimage"},"image":{"@id":"https:\/\/latouche.life\/vi\/tinh-shawl-serenity-shawl\/#primaryimage"},"thumbnailUrl":"https:\/\/latouche.life\/wp-content\/uploads\/2022\/04\/serenity-meditation-shawl-latouche-tinh-scaled.jpg","datePublished":"2022-04-16T11:20:53+00:00","dateModified":"2022-04-17T05:51:58+00:00","breadcrumb":{"@id":"https:\/\/latouche.life\/vi\/tinh-shawl-serenity-shawl\/#breadcrumb"},"inLanguage":"vi","potentialAction":[{"@type":"ReadAction","target":["https:\/\/latouche.life\/vi\/tinh-shawl-serenity-shawl\/"]}]},{"@type":"ImageObject","inLanguage":"vi","@id":"https:\/\/latouche.life\/vi\/tinh-shawl-serenity-shawl\/#primaryimage","url":"https:\/\/latouche.life\/wp-content\/uploads\/2022\/04\/serenity-meditation-shawl-latouche-tinh-scaled.jpg","contentUrl":"https:\/\/latouche.life\/wp-content\/uploads\/2022\/04\/serenity-meditation-shawl-latouche-tinh-scaled.jpg","width":2560,"height":1920},{"@type":"BreadcrumbList","@id":"https:\/\/latouche.life\/vi\/tinh-shawl-serenity-shawl\/#breadcrumb","itemListElement":[{"@type":"ListItem","position":1,"name":"Home","item":"https:\/\/latouche.life\/"},{"@type":"ListItem","position":2,"name":"Serenity Shawl"}]},{"@type":"WebSite","@id":"https:\/\/latouche.life\/#website","url":"https:\/\/latouche.life\/","name":"La Touche","description":"Create peaceful feeling from organic and natural products","publisher":{"@id":"https:\/\/latouche.life\/#organization"},"potentialAction":[{"@type":"SearchAction","target":{"@type":"EntryPoint","urlTemplate":"https:\/\/latouche.life\/?s={search_term_string}"},"query-input":"required name=search_term_string"}],"inLanguage":"vi"},{"@type":"Organization","@id":"https:\/\/latouche.life\/#organization","name":"La Touche","url":"https:\/\/latouche.life\/","logo":{"@type":"ImageObject","inLanguage":"vi","@id":"https:\/\/latouche.life\/#\/schema\/logo\/image\/","url":"https:\/\/latouche.life\/wp-content\/uploads\/2020\/06\/logo_round_white.png","contentUrl":"https:\/\/latouche.life\/wp-content\/uploads\/2020\/06\/logo_round_white.png","width":106,"height":106,"caption":"La Touche"},"image":{"@id":"https:\/\/latouche.life\/#\/schema\/logo\/image\/"}}]}},"_links":{"self":[{"href":"https:\/\/latouche.life\/vi\/wp-json\/wp\/v2\/pages\/2631"}],"collection":[{"href":"https:\/\/latouche.life\/vi\/wp-json\/wp\/v2\/pages"}],"about":[{"href":"https:\/\/latouche.life\/vi\/wp-json\/wp\/v2\/types\/page"}],"author":[{"embeddable":true,"href":"https:\/\/latouche.life\/vi\/wp-json\/wp\/v2\/users\/1"}],"replies":[{"embeddable":true,"href":"https:\/\/latouche.life\/vi\/wp-json\/wp\/v2\/comments?post=2631"}],"version-history":[{"count":6,"href":"https:\/\/latouche.life\/vi\/wp-json\/wp\/v2\/pages\/2631\/revisions"}],"predecessor-version":[{"id":3271,"href":"https:\/\/latouche.life\/vi\/wp-json\/wp\/v2\/pages\/2631\/revisions\/3271"}],"wp:featuredmedia":[{"embeddable":true,"href":"https:\/\/latouche.life\/vi\/wp-json\/wp\/v2\/media\/2696"}],"wp:attachment":[{"href":"https:\/\/latouche.life\/vi\/wp-json\/wp\/v2\/media?parent=2631"}],"curies":[{"name":"wp","href":"https:\/\/api.w.org\/{rel}","templated":true}]}}