{"id":2510,"date":"2021-05-22T14:15:26","date_gmt":"2021-05-22T14:15:26","guid":{"rendered":"http:\/\/latouche.life\/?page_id=2510"},"modified":"2021-05-25T13:07:00","modified_gmt":"2021-05-25T13:07:00","slug":"community-events","status":"publish","type":"page","link":"https:\/\/latouche.life\/vi\/community-events\/","title":{"rendered":"S\u1ef0 KI\u1ec6N C\u1ed8NG \u0110\u1ed2NG"},"content":{"rendered":"<div data-elementor-type=\"wp-page\" data-elementor-id=\"2510\" class=\"elementor elementor-2510\">\n\t\t\t\t\t\t<section class=\"elementor-section elementor-top-section elementor-element elementor-element-304efd6 elementor-section-boxed elementor-section-height-default elementor-section-height-default\" data-id=\"304efd6\" data-element_type=\"section\">\n\t\t\t\t\t\t<div class=\"elementor-container elementor-column-gap-default\">\n\t\t\t\t\t<div class=\"elementor-column elementor-col-50 elementor-top-column elementor-element elementor-element-2af082a\" data-id=\"2af082a\" data-element_type=\"column\">\n\t\t\t<div class=\"elementor-widget-wrap elementor-element-populated\">\n\t\t\t\t\t\t<div class=\"elementor-element elementor-element-3f385ef elementor-position-top elementor-widget elementor-widget-image-box\" data-id=\"3f385ef\" data-element_type=\"widget\" data-widget_type=\"image-box.default\">\n\t\t\t\t<div class=\"elementor-widget-container\">\n\t\t\t<div class=\"elementor-image-box-wrapper\"><figure class=\"elementor-image-box-img\"><a href=\"https:\/\/latouche.life\/vi\/daily-tea-talks\/\" tabindex=\"-1\"><img fetchpriority=\"high\" decoding=\"async\" width=\"1200\" height=\"675\" src=\"https:\/\/latouche.life\/wp-content\/uploads\/2021\/05\/IMG_E9578-1200x675.jpg\" class=\"attachment-large-size size-large-size wp-image-2544\" alt=\"\" \/><\/a><\/figure><div class=\"elementor-image-box-content\"><h3 class=\"elementor-image-box-title\"><a href=\"https:\/\/latouche.life\/vi\/daily-tea-talks\/\">Daily Tea TalkS<\/a><\/h3><p class=\"elementor-image-box-description\">D\u1eebng ch\u00e2n m\u1ed9t ch\u00fat, ng\u1ed3i xu\u1ed1ng v\u00e0 th\u01b0\u1edfng th\u1ee9c t\u00e1ch tr\u00e0 \u1ea5m v\u1edbi ch\u00fang t\u00f4i. \u0110\u00e2y c\u00f3 th\u1ec3 ch\u1ec9 l\u00e0 m\u1ed9t ph\u00fat gi\u00e2y th\u01b0 gi\u00e3n, nh\u01b0ng c\u0169ng c\u00f3 th\u1ec3 l\u00e0 m\u1ed9t s\u1ef1 kh\u1edfi \u0111\u1ea7u m\u1edbi ...<\/p><\/div><\/div>\t\t<\/div>\n\t\t\t\t<\/div>\n\t\t\t\t\t<\/div>\n\t\t<\/div>\n\t\t\t\t<div class=\"elementor-column elementor-col-50 elementor-top-column elementor-element elementor-element-6a2808e\" data-id=\"6a2808e\" data-element_type=\"column\">\n\t\t\t<div class=\"elementor-widget-wrap elementor-element-populated\">\n\t\t\t\t\t\t<div class=\"elementor-element elementor-element-96020a4 elementor-position-top elementor-widget elementor-widget-image-box\" data-id=\"96020a4\" data-element_type=\"widget\" data-widget_type=\"image-box.default\">\n\t\t\t\t<div class=\"elementor-widget-container\">\n\t\t\t<div class=\"elementor-image-box-wrapper\"><figure class=\"elementor-image-box-img\"><a href=\"https:\/\/latouche.life\/vi\/element-earth\/\" tabindex=\"-1\"><img decoding=\"async\" width=\"2560\" height=\"1440\" src=\"https:\/\/latouche.life\/wp-content\/uploads\/2021\/05\/DSC_2873-scaled-e1621696148239.jpg\" class=\"attachment-full size-full wp-image-2532\" alt=\"\" srcset=\"https:\/\/latouche.life\/wp-content\/uploads\/2021\/05\/DSC_2873-scaled-e1621696148239.jpg 2560w, https:\/\/latouche.life\/wp-content\/uploads\/2021\/05\/DSC_2873-scaled-e1621696148239-600x338.jpg 600w, https:\/\/latouche.life\/wp-content\/uploads\/2021\/05\/DSC_2873-scaled-e1621696148239-300x169.jpg 300w, https:\/\/latouche.life\/wp-content\/uploads\/2021\/05\/DSC_2873-scaled-e1621696148239-1024x576.jpg 1024w, https:\/\/latouche.life\/wp-content\/uploads\/2021\/05\/DSC_2873-scaled-e1621696148239-768x432.jpg 768w, https:\/\/latouche.life\/wp-content\/uploads\/2021\/05\/DSC_2873-scaled-e1621696148239-1536x864.jpg 1536w, https:\/\/latouche.life\/wp-content\/uploads\/2021\/05\/DSC_2873-scaled-e1621696148239-2048x1152.jpg 2048w, https:\/\/latouche.life\/wp-content\/uploads\/2021\/05\/DSC_2873-scaled-e1621696148239-1200x675.jpg 1200w, https:\/\/latouche.life\/wp-content\/uploads\/2021\/05\/DSC_2873-scaled-e1621696148239-900x506.jpg 900w, https:\/\/latouche.life\/wp-content\/uploads\/2021\/05\/DSC_2873-scaled-e1621696148239-400x225.jpg 400w\" sizes=\"(max-width: 2560px) 100vw, 2560px\" \/><\/a><\/figure><div class=\"elementor-image-box-content\"><h3 class=\"elementor-image-box-title\"><a href=\"https:\/\/latouche.life\/vi\/element-earth\/\">Element Earth<\/a><\/h3><p class=\"elementor-image-box-description\">Ch\u00fang t\u00f4i mong c\u00f3 th\u1ec3 n\u00e2ng cao nh\u1eadn th\u1ee9c v\u1ec1 b\u1ea3o v\u1ec7 m\u00f4i tr\u01b0\u1eddng th\u00f4ng qua tr\u00f2 ch\u01a1i \u0111\u1ed9i nh\u00f3m m\u00e0 ch\u00fang t\u00f4i \u0111ang ph\u00e1t tri\u1ec3n. H\u00e3y \u0111\u1ebfn v\u00e0 tr\u1ea3i nghi\u1ec7m ...<\/p><\/div><\/div>\t\t<\/div>\n\t\t\t\t<\/div>\n\t\t\t\t\t<\/div>\n\t\t<\/div>\n\t\t\t\t\t<\/div>\n\t\t<\/section>\n\t\t\t\t<\/div>","protected":false},"excerpt":{"rendered":"<p>Daily Tea TalkS Take a break, sit down and drink a cup of tea with us. This could be just a chill moment or could be a start of something new &#8230; Element Earth We are raising awareness about environmental protection through a board game which is developed by La Touche team. Come and experience [&hellip;]<\/p>","protected":false},"author":1,"featured_media":2095,"parent":0,"menu_order":0,"comment_status":"closed","ping_status":"closed","template":"","meta":{"om_disable_all_campaigns":false,"_monsterinsights_skip_tracking":false,"_monsterinsights_sitenote_active":false,"_monsterinsights_sitenote_note":"","_monsterinsights_sitenote_category":0,"footnotes":""},"aioseo_notices":[],"yoast_head":"<!-- This site is optimized with the Yoast SEO plugin v22.7 - https:\/\/yoast.com\/wordpress\/plugins\/seo\/ -->\n<title>Community Events - La Touche<\/title>\n<meta name=\"robots\" content=\"index, follow, max-snippet:-1, max-image-preview:large, max-video-preview:-1\" \/>\n<link rel=\"canonical\" href=\"https:\/\/latouche.life\/vi\/community-events\/\" \/>\n<meta property=\"og:locale\" content=\"vi_VN\" \/>\n<meta property=\"og:type\" content=\"article\" \/>\n<meta property=\"og:title\" content=\"Community Events - La Touche\" \/>\n<meta property=\"og:description\" content=\"Daily Tea TalkS Take a break, sit down and drink a cup of tea with us. This could be just a chill moment or could be a start of something new &#8230; Element Earth We are raising awareness about environmental protection through a board game which is developed by La Touche team. Come and experience [&hellip;]\" \/>\n<meta property=\"og:url\" content=\"https:\/\/latouche.life\/vi\/community-events\/\" \/>\n<meta property=\"og:site_name\" content=\"La Touche\" \/>\n<meta property=\"article:modified_time\" content=\"2021-05-25T13:07:00+00:00\" \/>\n<meta property=\"og:image\" content=\"https:\/\/latouche.life\/wp-content\/uploads\/2021\/03\/158513180_268962228172531_9213159362691149756_n-scaled.jpg\" \/>\n\t<meta property=\"og:image:width\" content=\"2560\" \/>\n\t<meta property=\"og:image:height\" content=\"1920\" \/>\n\t<meta property=\"og:image:type\" content=\"image\/jpeg\" \/>\n<meta name=\"twitter:card\" content=\"summary_large_image\" \/>\n<script type=\"application\/ld+json\" class=\"yoast-schema-graph\">{\"@context\":\"https:\/\/schema.org\",\"@graph\":[{\"@type\":\"WebPage\",\"@id\":\"https:\/\/latouche.life\/community-events\/\",\"url\":\"https:\/\/latouche.life\/community-events\/\",\"name\":\"Community Events - La Touche\",\"isPartOf\":{\"@id\":\"https:\/\/latouche.life\/#website\"},\"primaryImageOfPage\":{\"@id\":\"https:\/\/latouche.life\/community-events\/#primaryimage\"},\"image\":{\"@id\":\"https:\/\/latouche.life\/community-events\/#primaryimage\"},\"thumbnailUrl\":\"https:\/\/latouche.life\/wp-content\/uploads\/2021\/03\/158513180_268962228172531_9213159362691149756_n-scaled.jpg\",\"datePublished\":\"2021-05-22T14:15:26+00:00\",\"dateModified\":\"2021-05-25T13:07:00+00:00\",\"breadcrumb\":{\"@id\":\"https:\/\/latouche.life\/community-events\/#breadcrumb\"},\"inLanguage\":\"vi\",\"potentialAction\":[{\"@type\":\"ReadAction\",\"target\":[\"https:\/\/latouche.life\/community-events\/\"]}]},{\"@type\":\"ImageObject\",\"inLanguage\":\"vi\",\"@id\":\"https:\/\/latouche.life\/community-events\/#primaryimage\",\"url\":\"https:\/\/latouche.life\/wp-content\/uploads\/2021\/03\/158513180_268962228172531_9213159362691149756_n-scaled.jpg\",\"contentUrl\":\"https:\/\/latouche.life\/wp-content\/uploads\/2021\/03\/158513180_268962228172531_9213159362691149756_n-scaled.jpg\",\"width\":2560,\"height\":1920},{\"@type\":\"BreadcrumbList\",\"@id\":\"https:\/\/latouche.life\/community-events\/#breadcrumb\",\"itemListElement\":[{\"@type\":\"ListItem\",\"position\":1,\"name\":\"Home\",\"item\":\"https:\/\/latouche.life\/\"},{\"@type\":\"ListItem\",\"position\":2,\"name\":\"Community Events\"}]},{\"@type\":\"WebSite\",\"@id\":\"https:\/\/latouche.life\/#website\",\"url\":\"https:\/\/latouche.life\/\",\"name\":\"La Touche\",\"description\":\"Create peaceful feeling from organic and natural products\",\"publisher\":{\"@id\":\"https:\/\/latouche.life\/#organization\"},\"potentialAction\":[{\"@type\":\"SearchAction\",\"target\":{\"@type\":\"EntryPoint\",\"urlTemplate\":\"https:\/\/latouche.life\/?s={search_term_string}\"},\"query-input\":\"required name=search_term_string\"}],\"inLanguage\":\"vi\"},{\"@type\":\"Organization\",\"@id\":\"https:\/\/latouche.life\/#organization\",\"name\":\"La Touche\",\"url\":\"https:\/\/latouche.life\/\",\"logo\":{\"@type\":\"ImageObject\",\"inLanguage\":\"vi\",\"@id\":\"https:\/\/latouche.life\/#\/schema\/logo\/image\/\",\"url\":\"https:\/\/latouche.life\/wp-content\/uploads\/2020\/06\/logo_round_white.png\",\"contentUrl\":\"https:\/\/latouche.life\/wp-content\/uploads\/2020\/06\/logo_round_white.png\",\"width\":106,\"height\":106,\"caption\":\"La Touche\"},\"image\":{\"@id\":\"https:\/\/latouche.life\/#\/schema\/logo\/image\/\"}}]}<\/script>\n<!-- \/ Yoast SEO plugin. -->","yoast_head_json":{"title":"Community Events - La Touche","robots":{"index":"index","follow":"follow","max-snippet":"max-snippet:-1","max-image-preview":"max-image-preview:large","max-video-preview":"max-video-preview:-1"},"canonical":"https:\/\/latouche.life\/vi\/community-events\/","og_locale":"vi_VN","og_type":"article","og_title":"Community Events - La Touche","og_description":"Daily Tea TalkS Take a break, sit down and drink a cup of tea with us. This could be just a chill moment or could be a start of something new &#8230; Element Earth We are raising awareness about environmental protection through a board game which is developed by La Touche team. Come and experience [&hellip;]","og_url":"https:\/\/latouche.life\/vi\/community-events\/","og_site_name":"La Touche","article_modified_time":"2021-05-25T13:07:00+00:00","og_image":[{"width":2560,"height":1920,"url":"https:\/\/latouche.life\/wp-content\/uploads\/2021\/03\/158513180_268962228172531_9213159362691149756_n-scaled.jpg","type":"image\/jpeg"}],"twitter_card":"summary_large_image","schema":{"@context":"https:\/\/schema.org","@graph":[{"@type":"WebPage","@id":"https:\/\/latouche.life\/community-events\/","url":"https:\/\/latouche.life\/community-events\/","name":"Community Events - La Touche","isPartOf":{"@id":"https:\/\/latouche.life\/#website"},"primaryImageOfPage":{"@id":"https:\/\/latouche.life\/community-events\/#primaryimage"},"image":{"@id":"https:\/\/latouche.life\/community-events\/#primaryimage"},"thumbnailUrl":"https:\/\/latouche.life\/wp-content\/uploads\/2021\/03\/158513180_268962228172531_9213159362691149756_n-scaled.jpg","datePublished":"2021-05-22T14:15:26+00:00","dateModified":"2021-05-25T13:07:00+00:00","breadcrumb":{"@id":"https:\/\/latouche.life\/community-events\/#breadcrumb"},"inLanguage":"vi","potentialAction":[{"@type":"ReadAction","target":["https:\/\/latouche.life\/community-events\/"]}]},{"@type":"ImageObject","inLanguage":"vi","@id":"https:\/\/latouche.life\/community-events\/#primaryimage","url":"https:\/\/latouche.life\/wp-content\/uploads\/2021\/03\/158513180_268962228172531_9213159362691149756_n-scaled.jpg","contentUrl":"https:\/\/latouche.life\/wp-content\/uploads\/2021\/03\/158513180_268962228172531_9213159362691149756_n-scaled.jpg","width":2560,"height":1920},{"@type":"BreadcrumbList","@id":"https:\/\/latouche.life\/community-events\/#breadcrumb","itemListElement":[{"@type":"ListItem","position":1,"name":"Home","item":"https:\/\/latouche.life\/"},{"@type":"ListItem","position":2,"name":"Community Events"}]},{"@type":"WebSite","@id":"https:\/\/latouche.life\/#website","url":"https:\/\/latouche.life\/","name":"La Touche","description":"Create peaceful feeling from organic and natural products","publisher":{"@id":"https:\/\/latouche.life\/#organization"},"potentialAction":[{"@type":"SearchAction","target":{"@type":"EntryPoint","urlTemplate":"https:\/\/latouche.life\/?s={search_term_string}"},"query-input":"required name=search_term_string"}],"inLanguage":"vi"},{"@type":"Organization","@id":"https:\/\/latouche.life\/#organization","name":"La Touche","url":"https:\/\/latouche.life\/","logo":{"@type":"ImageObject","inLanguage":"vi","@id":"https:\/\/latouche.life\/#\/schema\/logo\/image\/","url":"https:\/\/latouche.life\/wp-content\/uploads\/2020\/06\/logo_round_white.png","contentUrl":"https:\/\/latouche.life\/wp-content\/uploads\/2020\/06\/logo_round_white.png","width":106,"height":106,"caption":"La Touche"},"image":{"@id":"https:\/\/latouche.life\/#\/schema\/logo\/image\/"}}]}},"_links":{"self":[{"href":"https:\/\/latouche.life\/vi\/wp-json\/wp\/v2\/pages\/2510"}],"collection":[{"href":"https:\/\/latouche.life\/vi\/wp-json\/wp\/v2\/pages"}],"about":[{"href":"https:\/\/latouche.life\/vi\/wp-json\/wp\/v2\/types\/page"}],"author":[{"embeddable":true,"href":"https:\/\/latouche.life\/vi\/wp-json\/wp\/v2\/users\/1"}],"replies":[{"embeddable":true,"href":"https:\/\/latouche.life\/vi\/wp-json\/wp\/v2\/comments?post=2510"}],"version-history":[{"count":5,"href":"https:\/\/latouche.life\/vi\/wp-json\/wp\/v2\/pages\/2510\/revisions"}],"predecessor-version":[{"id":2574,"href":"https:\/\/latouche.life\/vi\/wp-json\/wp\/v2\/pages\/2510\/revisions\/2574"}],"wp:featuredmedia":[{"embeddable":true,"href":"https:\/\/latouche.life\/vi\/wp-json\/wp\/v2\/media\/2095"}],"wp:attachment":[{"href":"https:\/\/latouche.life\/vi\/wp-json\/wp\/v2\/media?parent=2510"}],"curies":[{"name":"wp","href":"https:\/\/api.w.org\/{rel}","templated":true}]}}