{"id":2459,"date":"2021-05-17T16:26:19","date_gmt":"2021-05-17T16:26:19","guid":{"rendered":"http:\/\/latouche.life\/?page_id=2459"},"modified":"2022-06-24T06:34:36","modified_gmt":"2022-06-24T06:34:36","slug":"healing","status":"publish","type":"page","link":"https:\/\/latouche.life\/vi\/healing\/","title":{"rendered":"Healing"},"content":{"rendered":"<div data-elementor-type=\"wp-page\" data-elementor-id=\"2459\" class=\"elementor elementor-2459\">\n\t\t\t\t\t\t<section class=\"elementor-section elementor-top-section elementor-element elementor-element-cb5b3b8 elementor-section-boxed elementor-section-height-default elementor-section-height-default\" data-id=\"cb5b3b8\" data-element_type=\"section\">\n\t\t\t\t\t\t<div class=\"elementor-container elementor-column-gap-default\">\n\t\t\t\t\t<div class=\"elementor-column elementor-col-20 elementor-top-column elementor-element elementor-element-c98f383\" data-id=\"c98f383\" data-element_type=\"column\">\n\t\t\t<div class=\"elementor-widget-wrap elementor-element-populated\">\n\t\t\t\t\t\t<div class=\"elementor-element elementor-element-8c02b92 elementor-widget elementor-widget-image\" data-id=\"8c02b92\" data-element_type=\"widget\" data-widget_type=\"image.default\">\n\t\t\t\t<div class=\"elementor-widget-container\">\n\t\t\t\t\t\t\t\t\t\t\t\t\t\t<a href=\"http:\/\/latouche.life\/wp-content\/uploads\/2022\/06\/eyes-pillow-13-scaled.jpg\">\n\t\t\t\t\t\t\t<img fetchpriority=\"high\" decoding=\"async\" width=\"960\" height=\"720\" src=\"https:\/\/latouche.life\/wp-content\/uploads\/2022\/06\/eyes-pillow-13-1024x768.jpg\" class=\"attachment-large size-large wp-image-2839\" alt=\"\" srcset=\"https:\/\/latouche.life\/wp-content\/uploads\/2022\/06\/eyes-pillow-13-1024x768.jpg 1024w, https:\/\/latouche.life\/wp-content\/uploads\/2022\/06\/eyes-pillow-13-scaled-600x450.jpg 600w, https:\/\/latouche.life\/wp-content\/uploads\/2022\/06\/eyes-pillow-13-300x225.jpg 300w, https:\/\/latouche.life\/wp-content\/uploads\/2022\/06\/eyes-pillow-13-768x576.jpg 768w, https:\/\/latouche.life\/wp-content\/uploads\/2022\/06\/eyes-pillow-13-1536x1152.jpg 1536w, https:\/\/latouche.life\/wp-content\/uploads\/2022\/06\/eyes-pillow-13-2048x1536.jpg 2048w, https:\/\/latouche.life\/wp-content\/uploads\/2022\/06\/eyes-pillow-13-1200x900.jpg 1200w, https:\/\/latouche.life\/wp-content\/uploads\/2022\/06\/eyes-pillow-13-900x675.jpg 900w, https:\/\/latouche.life\/wp-content\/uploads\/2022\/06\/eyes-pillow-13-400x300.jpg 400w\" sizes=\"(max-width: 960px) 100vw, 960px\" \/>\t\t\t\t\t\t\t\t<\/a>\n\t\t\t\t\t\t\t\t\t\t\t\t\t<\/div>\n\t\t\t\t<\/div>\n\t\t\t\t\t<\/div>\n\t\t<\/div>\n\t\t\t\t<div class=\"elementor-column elementor-col-20 elementor-top-column elementor-element elementor-element-d6e668e\" data-id=\"d6e668e\" data-element_type=\"column\">\n\t\t\t<div class=\"elementor-widget-wrap elementor-element-populated\">\n\t\t\t\t\t\t<div class=\"elementor-element elementor-element-31f4b2e elementor-widget elementor-widget-image\" data-id=\"31f4b2e\" data-element_type=\"widget\" data-widget_type=\"image.default\">\n\t\t\t\t<div class=\"elementor-widget-container\">\n\t\t\t\t\t\t\t\t\t\t\t\t\t\t<a href=\"http:\/\/latouche.life\/wp-content\/uploads\/2022\/06\/eyes-pillow-14-scaled.jpg\">\n\t\t\t\t\t\t\t<img decoding=\"async\" width=\"960\" height=\"720\" src=\"https:\/\/latouche.life\/wp-content\/uploads\/2022\/06\/eyes-pillow-14-1024x768.jpg\" class=\"attachment-large size-large wp-image-2840\" alt=\"\" srcset=\"https:\/\/latouche.life\/wp-content\/uploads\/2022\/06\/eyes-pillow-14-1024x768.jpg 1024w, https:\/\/latouche.life\/wp-content\/uploads\/2022\/06\/eyes-pillow-14-scaled-600x450.jpg 600w, https:\/\/latouche.life\/wp-content\/uploads\/2022\/06\/eyes-pillow-14-300x225.jpg 300w, https:\/\/latouche.life\/wp-content\/uploads\/2022\/06\/eyes-pillow-14-768x576.jpg 768w, https:\/\/latouche.life\/wp-content\/uploads\/2022\/06\/eyes-pillow-14-1536x1152.jpg 1536w, https:\/\/latouche.life\/wp-content\/uploads\/2022\/06\/eyes-pillow-14-2048x1536.jpg 2048w, https:\/\/latouche.life\/wp-content\/uploads\/2022\/06\/eyes-pillow-14-1200x900.jpg 1200w, https:\/\/latouche.life\/wp-content\/uploads\/2022\/06\/eyes-pillow-14-900x675.jpg 900w, https:\/\/latouche.life\/wp-content\/uploads\/2022\/06\/eyes-pillow-14-400x300.jpg 400w\" sizes=\"(max-width: 960px) 100vw, 960px\" \/>\t\t\t\t\t\t\t\t<\/a>\n\t\t\t\t\t\t\t\t\t\t\t\t\t<\/div>\n\t\t\t\t<\/div>\n\t\t\t\t\t<\/div>\n\t\t<\/div>\n\t\t\t\t<div class=\"elementor-column elementor-col-20 elementor-top-column elementor-element elementor-element-030be4a\" data-id=\"030be4a\" data-element_type=\"column\">\n\t\t\t<div class=\"elementor-widget-wrap elementor-element-populated\">\n\t\t\t\t\t\t<div class=\"elementor-element elementor-element-93e67a5 elementor-widget elementor-widget-image\" data-id=\"93e67a5\" data-element_type=\"widget\" data-widget_type=\"image.default\">\n\t\t\t\t<div class=\"elementor-widget-container\">\n\t\t\t\t\t\t\t\t\t\t\t\t\t\t<a href=\"http:\/\/latouche.life\/wp-content\/uploads\/2022\/06\/eyes-pillow-19-scaled.jpg\">\n\t\t\t\t\t\t\t<img decoding=\"async\" width=\"960\" height=\"720\" src=\"https:\/\/latouche.life\/wp-content\/uploads\/2022\/06\/eyes-pillow-19-1024x768.jpg\" class=\"attachment-large size-large wp-image-2845\" alt=\"\" srcset=\"https:\/\/latouche.life\/wp-content\/uploads\/2022\/06\/eyes-pillow-19-1024x768.jpg 1024w, https:\/\/latouche.life\/wp-content\/uploads\/2022\/06\/eyes-pillow-19-scaled-600x450.jpg 600w, https:\/\/latouche.life\/wp-content\/uploads\/2022\/06\/eyes-pillow-19-300x225.jpg 300w, https:\/\/latouche.life\/wp-content\/uploads\/2022\/06\/eyes-pillow-19-768x576.jpg 768w, https:\/\/latouche.life\/wp-content\/uploads\/2022\/06\/eyes-pillow-19-1536x1152.jpg 1536w, https:\/\/latouche.life\/wp-content\/uploads\/2022\/06\/eyes-pillow-19-2048x1536.jpg 2048w, https:\/\/latouche.life\/wp-content\/uploads\/2022\/06\/eyes-pillow-19-1200x900.jpg 1200w, https:\/\/latouche.life\/wp-content\/uploads\/2022\/06\/eyes-pillow-19-900x675.jpg 900w, https:\/\/latouche.life\/wp-content\/uploads\/2022\/06\/eyes-pillow-19-400x300.jpg 400w\" sizes=\"(max-width: 960px) 100vw, 960px\" \/>\t\t\t\t\t\t\t\t<\/a>\n\t\t\t\t\t\t\t\t\t\t\t\t\t<\/div>\n\t\t\t\t<\/div>\n\t\t\t\t\t<\/div>\n\t\t<\/div>\n\t\t\t\t<div class=\"elementor-column elementor-col-20 elementor-top-column elementor-element elementor-element-a277977\" data-id=\"a277977\" data-element_type=\"column\">\n\t\t\t<div class=\"elementor-widget-wrap elementor-element-populated\">\n\t\t\t\t\t\t<div class=\"elementor-element elementor-element-dcb74ef elementor-widget elementor-widget-image\" data-id=\"dcb74ef\" data-element_type=\"widget\" data-widget_type=\"image.default\">\n\t\t\t\t<div class=\"elementor-widget-container\">\n\t\t\t\t\t\t\t\t\t\t\t\t\t\t<a href=\"http:\/\/latouche.life\/wp-content\/uploads\/2022\/06\/eyes-pillow-26-scaled.jpg\">\n\t\t\t\t\t\t\t<img loading=\"lazy\" decoding=\"async\" width=\"960\" height=\"703\" src=\"https:\/\/latouche.life\/wp-content\/uploads\/2022\/06\/eyes-pillow-26-1024x750.jpg\" class=\"attachment-large size-large wp-image-2852\" alt=\"\" srcset=\"https:\/\/latouche.life\/wp-content\/uploads\/2022\/06\/eyes-pillow-26-1024x750.jpg 1024w, https:\/\/latouche.life\/wp-content\/uploads\/2022\/06\/eyes-pillow-26-scaled-600x439.jpg 600w, https:\/\/latouche.life\/wp-content\/uploads\/2022\/06\/eyes-pillow-26-300x220.jpg 300w, https:\/\/latouche.life\/wp-content\/uploads\/2022\/06\/eyes-pillow-26-768x562.jpg 768w, https:\/\/latouche.life\/wp-content\/uploads\/2022\/06\/eyes-pillow-26-1536x1125.jpg 1536w, https:\/\/latouche.life\/wp-content\/uploads\/2022\/06\/eyes-pillow-26-2048x1499.jpg 2048w, https:\/\/latouche.life\/wp-content\/uploads\/2022\/06\/eyes-pillow-26-1200x879.jpg 1200w, https:\/\/latouche.life\/wp-content\/uploads\/2022\/06\/eyes-pillow-26-900x659.jpg 900w, https:\/\/latouche.life\/wp-content\/uploads\/2022\/06\/eyes-pillow-26-400x293.jpg 400w\" sizes=\"(max-width: 960px) 100vw, 960px\" \/>\t\t\t\t\t\t\t\t<\/a>\n\t\t\t\t\t\t\t\t\t\t\t\t\t<\/div>\n\t\t\t\t<\/div>\n\t\t\t\t\t<\/div>\n\t\t<\/div>\n\t\t\t\t<div class=\"elementor-column elementor-col-20 elementor-top-column elementor-element elementor-element-de51d7d\" data-id=\"de51d7d\" data-element_type=\"column\">\n\t\t\t<div class=\"elementor-widget-wrap elementor-element-populated\">\n\t\t\t\t\t\t<div class=\"elementor-element elementor-element-e6aa8d5 elementor-widget elementor-widget-image\" data-id=\"e6aa8d5\" data-element_type=\"widget\" data-widget_type=\"image.default\">\n\t\t\t\t<div class=\"elementor-widget-container\">\n\t\t\t\t\t\t\t\t\t\t\t\t\t\t<a href=\"http:\/\/latouche.life\/wp-content\/uploads\/2022\/06\/Eye-pillow-la-touche-2-scaled.jpg\">\n\t\t\t\t\t\t\t<img loading=\"lazy\" decoding=\"async\" width=\"960\" height=\"720\" src=\"https:\/\/latouche.life\/wp-content\/uploads\/2022\/06\/Eye-pillow-la-touche-2-1024x768.jpg\" class=\"attachment-large size-large wp-image-2897\" alt=\"\" srcset=\"https:\/\/latouche.life\/wp-content\/uploads\/2022\/06\/Eye-pillow-la-touche-2-1024x768.jpg 1024w, https:\/\/latouche.life\/wp-content\/uploads\/2022\/06\/Eye-pillow-la-touche-2-scaled-600x450.jpg 600w, https:\/\/latouche.life\/wp-content\/uploads\/2022\/06\/Eye-pillow-la-touche-2-300x225.jpg 300w, https:\/\/latouche.life\/wp-content\/uploads\/2022\/06\/Eye-pillow-la-touche-2-768x576.jpg 768w, https:\/\/latouche.life\/wp-content\/uploads\/2022\/06\/Eye-pillow-la-touche-2-1536x1152.jpg 1536w, https:\/\/latouche.life\/wp-content\/uploads\/2022\/06\/Eye-pillow-la-touche-2-2048x1536.jpg 2048w, https:\/\/latouche.life\/wp-content\/uploads\/2022\/06\/Eye-pillow-la-touche-2-1200x900.jpg 1200w, https:\/\/latouche.life\/wp-content\/uploads\/2022\/06\/Eye-pillow-la-touche-2-900x675.jpg 900w, https:\/\/latouche.life\/wp-content\/uploads\/2022\/06\/Eye-pillow-la-touche-2-400x300.jpg 400w\" sizes=\"(max-width: 960px) 100vw, 960px\" \/>\t\t\t\t\t\t\t\t<\/a>\n\t\t\t\t\t\t\t\t\t\t\t\t\t<\/div>\n\t\t\t\t<\/div>\n\t\t\t\t\t<\/div>\n\t\t<\/div>\n\t\t\t\t\t<\/div>\n\t\t<\/section>\n\t\t\t\t<section class=\"elementor-section elementor-top-section elementor-element elementor-element-b7eca13 elementor-section-boxed elementor-section-height-default elementor-section-height-default\" data-id=\"b7eca13\" data-element_type=\"section\">\n\t\t\t\t\t\t<div class=\"elementor-container elementor-column-gap-default\">\n\t\t\t\t\t<div class=\"elementor-column elementor-col-100 elementor-top-column elementor-element elementor-element-23bdc29\" data-id=\"23bdc29\" data-element_type=\"column\">\n\t\t\t<div class=\"elementor-widget-wrap elementor-element-populated\">\n\t\t\t\t\t\t<div class=\"elementor-element elementor-element-cc80b96 elementor-widget elementor-widget-text-editor\" data-id=\"cc80b96\" data-element_type=\"widget\" data-widget_type=\"text-editor.default\">\n\t\t\t\t<div class=\"elementor-widget-container\">\n\t\t\t\t\t\t\t<p style=\"text-align: center;\"><em>B\u1ea5m v\u00e0o \u0111\u1ec3 ph\u00f3ng to \u1ea3nh<\/em><\/p>\t\t\t\t\t\t<\/div>\n\t\t\t\t<\/div>\n\t\t\t\t<div class=\"elementor-element elementor-element-5439d1f elementor-widget-divider--view-line elementor-widget elementor-widget-divider\" data-id=\"5439d1f\" data-element_type=\"widget\" data-widget_type=\"divider.default\">\n\t\t\t\t<div class=\"elementor-widget-container\">\n\t\t\t\t\t<div class=\"elementor-divider\">\n\t\t\t<span class=\"elementor-divider-separator\">\n\t\t\t\t\t\t<\/span>\n\t\t<\/div>\n\t\t\t\t<\/div>\n\t\t\t\t<\/div>\n\t\t\t\t<div class=\"elementor-element elementor-element-4ddc21b elementor-widget elementor-widget-text-editor\" data-id=\"4ddc21b\" data-element_type=\"widget\" data-widget_type=\"text-editor.default\">\n\t\t\t\t<div class=\"elementor-widget-container\">\n\t\t\t\t\t\t\t<ul><li aria-level=\"1\">H\u01b0\u01a1ng H\u01b0\u01a1ng Th\u1ea3o gi\u00fap c\u1ea3i thi\u1ec7n c\u1ea3m x\u00fac v\u00e0 s\u1ee9c kh\u1ecfe tinh th\u1ea7n b\u1eb1ng c\u00e1ch gi\u1ea3m h\u00f3c-m\u00f4n t\u1ea1o s\u1ef1 c\u0103ng th\u1eb3ng trong m\u00e1u. H\u00edt th\u1edf h\u01b0\u01a1ng th\u1ea3o c\u00f3 th\u1ec3 gi\u00fap gi\u1ea3m c\u00e1c v\u1ea5n \u0111\u1ec1 v\u1ec1 h\u00f4 h\u1ea5p do t\u00ednh n\u0103ng kh\u00e1ng khu\u1ea9n trong h\u01b0\u01a1ng.<\/li><li aria-level=\"1\">Tinh d\u1ea7u t\u1ef1 nhi\u00ean ch\u1ee9a trong h\u1ea1t lanh t\u00e1c \u0111\u1ed9ng t\u1ed1t \u0111\u1ebfn da v\u00e0 gi\u00fap \u0111\u00f4i m\u1eaft b\u1ea1n c\u1ea3m th\u1ea5y kh\u1ecfe kho\u1eafn h\u01a1n.<\/li><li aria-level=\"1\">K\u1ebft c\u1ea5u d\u00e0y c\u1ee7a H\u1ea1t Th\u1ea3o Quy\u1ebft Minh c\u00f3 t\u00e1c d\u1ee5ng xoa b\u00f3p huy\u1ec7t kinh l\u1ea1c \u0111\u1ec3 \u0111i\u1ec1u tr\u1ecb c\u00e1c ch\u1ee9ng b\u1ec7nh nh\u01b0 ch\u00f3ng m\u1eb7t, m\u1ea5t ng\u1ee7. Ngo\u00e0i ra, tinh d\u1ea7u h\u1ea1t Quy\u1ebft Th\u1ea3o c\u00f3 th\u1ec3 gi\u00fap gi\u1ea3m b\u1edbt c\u0103ng th\u1eb3ng v\u00e0 lo l\u1eafng, gi\u00fap c\u1ea3i thi\u1ec7n ch\u1ea5t l\u01b0\u1ee3ng gi\u1ea5c ng\u1ee7.<\/li><\/ul>\t\t\t\t\t\t<\/div>\n\t\t\t\t<\/div>\n\t\t\t\t<div class=\"elementor-element elementor-element-238f4f3 elementor-widget elementor-widget-text-editor\" data-id=\"238f4f3\" data-element_type=\"widget\" data-widget_type=\"text-editor.default\">\n\t\t\t\t<div class=\"elementor-widget-container\">\n\t\t\t\t\t\t\t<p><span style=\"font-weight: 600;\">Vui l\u00f2ng \u0111\u1ec3 t\u00fai v\u00e0o ng\u0103n \u0111\u00f4ng t\u1ee7 l\u1ea1nh 30-45 ph\u00fat \u0111\u1ec3 s\u1eed d\u1ee5ng l\u1ea1nh ho\u1eb7c \u0111\u1ec3 v\u00e0o l\u00f2 vi s\u00f3ng kho\u1ea3ng 30-45 gi\u00e2y \u0111\u1ec3 s\u1eed d\u1ee5ng \u1ea5m.<\/span><\/p><ul><li>K\u00edch th\u01b0\u1edbc: 25x12cm<\/li><li>C\u00e2n n\u1eb7ng: 250-300g<\/li><li>Ch\u1ea5t li\u1ec7u v\u1ea3i: Linen (V\u1ea3i \u0111\u00e3 x\u1eed l\u00fd 01 l\u1ea7n tr\u01b0\u1edbc khi may)\u00a0<\/li><\/ul>\t\t\t\t\t\t<\/div>\n\t\t\t\t<\/div>\n\t\t\t\t\t<\/div>\n\t\t<\/div>\n\t\t\t\t\t<\/div>\n\t\t<\/section>\n\t\t\t\t<\/div>","protected":false},"excerpt":{"rendered":"<p>Click on photos to see larger images ROSEMARY scent can help to improve your emotion and mental health by lowering stress hormone cortisol in your blood. Inhaling the aroma can fight respiratory infections because of its antiseptic properties. The natural oil content from FLAXSEED benefits for your skin and refreshes your vision. The thick texture [&hellip;]<\/p>","protected":false},"author":1,"featured_media":2830,"parent":0,"menu_order":0,"comment_status":"closed","ping_status":"closed","template":"","meta":{"om_disable_all_campaigns":false,"_monsterinsights_skip_tracking":false,"_monsterinsights_sitenote_active":false,"_monsterinsights_sitenote_note":"","_monsterinsights_sitenote_category":0,"footnotes":""},"aioseo_notices":[],"yoast_head":"<!-- This site is optimized with the Yoast SEO plugin v22.7 - https:\/\/yoast.com\/wordpress\/plugins\/seo\/ -->\n<title>Healing - La Touche<\/title>\n<meta name=\"robots\" content=\"index, follow, max-snippet:-1, max-image-preview:large, max-video-preview:-1\" \/>\n<link rel=\"canonical\" href=\"https:\/\/latouche.life\/vi\/healing\/\" \/>\n<meta property=\"og:locale\" content=\"vi_VN\" \/>\n<meta property=\"og:type\" content=\"article\" \/>\n<meta property=\"og:title\" content=\"Healing - La Touche\" \/>\n<meta property=\"og:description\" content=\"Click on photos to see larger images ROSEMARY scent can help to improve your emotion and mental health by lowering stress hormone cortisol in your blood. Inhaling the aroma can fight respiratory infections because of its antiseptic properties. The natural oil content from FLAXSEED benefits for your skin and refreshes your vision. The thick texture [&hellip;]\" \/>\n<meta property=\"og:url\" content=\"https:\/\/latouche.life\/vi\/healing\/\" \/>\n<meta property=\"og:site_name\" content=\"La Touche\" \/>\n<meta property=\"article:modified_time\" content=\"2022-06-24T06:34:36+00:00\" \/>\n<meta property=\"og:image\" content=\"https:\/\/latouche.life\/wp-content\/uploads\/2022\/06\/eyes-pillow-4-scaled.jpg\" \/>\n\t<meta property=\"og:image:width\" content=\"2560\" \/>\n\t<meta property=\"og:image:height\" content=\"1920\" \/>\n\t<meta property=\"og:image:type\" content=\"image\/jpeg\" \/>\n<meta name=\"twitter:card\" content=\"summary_large_image\" \/>\n<meta name=\"twitter:label1\" content=\"\u01af\u1edbc t\u00ednh th\u1eddi gian \u0111\u1ecdc\" \/>\n\t<meta name=\"twitter:data1\" content=\"1 ph\u00fat\" \/>\n<script type=\"application\/ld+json\" class=\"yoast-schema-graph\">{\"@context\":\"https:\/\/schema.org\",\"@graph\":[{\"@type\":\"WebPage\",\"@id\":\"https:\/\/latouche.life\/healing\/\",\"url\":\"https:\/\/latouche.life\/healing\/\",\"name\":\"Healing - La Touche\",\"isPartOf\":{\"@id\":\"https:\/\/latouche.life\/#website\"},\"primaryImageOfPage\":{\"@id\":\"https:\/\/latouche.life\/healing\/#primaryimage\"},\"image\":{\"@id\":\"https:\/\/latouche.life\/healing\/#primaryimage\"},\"thumbnailUrl\":\"https:\/\/latouche.life\/wp-content\/uploads\/2022\/06\/eyes-pillow-4-scaled.jpg\",\"datePublished\":\"2021-05-17T16:26:19+00:00\",\"dateModified\":\"2022-06-24T06:34:36+00:00\",\"breadcrumb\":{\"@id\":\"https:\/\/latouche.life\/healing\/#breadcrumb\"},\"inLanguage\":\"vi\",\"potentialAction\":[{\"@type\":\"ReadAction\",\"target\":[\"https:\/\/latouche.life\/healing\/\"]}]},{\"@type\":\"ImageObject\",\"inLanguage\":\"vi\",\"@id\":\"https:\/\/latouche.life\/healing\/#primaryimage\",\"url\":\"https:\/\/latouche.life\/wp-content\/uploads\/2022\/06\/eyes-pillow-4-scaled.jpg\",\"contentUrl\":\"https:\/\/latouche.life\/wp-content\/uploads\/2022\/06\/eyes-pillow-4-scaled.jpg\",\"width\":2560,\"height\":1920},{\"@type\":\"BreadcrumbList\",\"@id\":\"https:\/\/latouche.life\/healing\/#breadcrumb\",\"itemListElement\":[{\"@type\":\"ListItem\",\"position\":1,\"name\":\"Home\",\"item\":\"https:\/\/latouche.life\/\"},{\"@type\":\"ListItem\",\"position\":2,\"name\":\"Healing\"}]},{\"@type\":\"WebSite\",\"@id\":\"https:\/\/latouche.life\/#website\",\"url\":\"https:\/\/latouche.life\/\",\"name\":\"La Touche\",\"description\":\"Create peaceful feeling from organic and natural products\",\"publisher\":{\"@id\":\"https:\/\/latouche.life\/#organization\"},\"potentialAction\":[{\"@type\":\"SearchAction\",\"target\":{\"@type\":\"EntryPoint\",\"urlTemplate\":\"https:\/\/latouche.life\/?s={search_term_string}\"},\"query-input\":\"required name=search_term_string\"}],\"inLanguage\":\"vi\"},{\"@type\":\"Organization\",\"@id\":\"https:\/\/latouche.life\/#organization\",\"name\":\"La Touche\",\"url\":\"https:\/\/latouche.life\/\",\"logo\":{\"@type\":\"ImageObject\",\"inLanguage\":\"vi\",\"@id\":\"https:\/\/latouche.life\/#\/schema\/logo\/image\/\",\"url\":\"https:\/\/latouche.life\/wp-content\/uploads\/2020\/06\/logo_round_white.png\",\"contentUrl\":\"https:\/\/latouche.life\/wp-content\/uploads\/2020\/06\/logo_round_white.png\",\"width\":106,\"height\":106,\"caption\":\"La Touche\"},\"image\":{\"@id\":\"https:\/\/latouche.life\/#\/schema\/logo\/image\/\"}}]}<\/script>\n<!-- \/ Yoast SEO plugin. -->","yoast_head_json":{"title":"Healing - La Touche","robots":{"index":"index","follow":"follow","max-snippet":"max-snippet:-1","max-image-preview":"max-image-preview:large","max-video-preview":"max-video-preview:-1"},"canonical":"https:\/\/latouche.life\/vi\/healing\/","og_locale":"vi_VN","og_type":"article","og_title":"Healing - La Touche","og_description":"Click on photos to see larger images ROSEMARY scent can help to improve your emotion and mental health by lowering stress hormone cortisol in your blood. Inhaling the aroma can fight respiratory infections because of its antiseptic properties. The natural oil content from FLAXSEED benefits for your skin and refreshes your vision. The thick texture [&hellip;]","og_url":"https:\/\/latouche.life\/vi\/healing\/","og_site_name":"La Touche","article_modified_time":"2022-06-24T06:34:36+00:00","og_image":[{"width":2560,"height":1920,"url":"https:\/\/latouche.life\/wp-content\/uploads\/2022\/06\/eyes-pillow-4-scaled.jpg","type":"image\/jpeg"}],"twitter_card":"summary_large_image","twitter_misc":{"\u01af\u1edbc t\u00ednh th\u1eddi gian \u0111\u1ecdc":"1 ph\u00fat"},"schema":{"@context":"https:\/\/schema.org","@graph":[{"@type":"WebPage","@id":"https:\/\/latouche.life\/healing\/","url":"https:\/\/latouche.life\/healing\/","name":"Healing - La Touche","isPartOf":{"@id":"https:\/\/latouche.life\/#website"},"primaryImageOfPage":{"@id":"https:\/\/latouche.life\/healing\/#primaryimage"},"image":{"@id":"https:\/\/latouche.life\/healing\/#primaryimage"},"thumbnailUrl":"https:\/\/latouche.life\/wp-content\/uploads\/2022\/06\/eyes-pillow-4-scaled.jpg","datePublished":"2021-05-17T16:26:19+00:00","dateModified":"2022-06-24T06:34:36+00:00","breadcrumb":{"@id":"https:\/\/latouche.life\/healing\/#breadcrumb"},"inLanguage":"vi","potentialAction":[{"@type":"ReadAction","target":["https:\/\/latouche.life\/healing\/"]}]},{"@type":"ImageObject","inLanguage":"vi","@id":"https:\/\/latouche.life\/healing\/#primaryimage","url":"https:\/\/latouche.life\/wp-content\/uploads\/2022\/06\/eyes-pillow-4-scaled.jpg","contentUrl":"https:\/\/latouche.life\/wp-content\/uploads\/2022\/06\/eyes-pillow-4-scaled.jpg","width":2560,"height":1920},{"@type":"BreadcrumbList","@id":"https:\/\/latouche.life\/healing\/#breadcrumb","itemListElement":[{"@type":"ListItem","position":1,"name":"Home","item":"https:\/\/latouche.life\/"},{"@type":"ListItem","position":2,"name":"Healing"}]},{"@type":"WebSite","@id":"https:\/\/latouche.life\/#website","url":"https:\/\/latouche.life\/","name":"La Touche","description":"Create peaceful feeling from organic and natural products","publisher":{"@id":"https:\/\/latouche.life\/#organization"},"potentialAction":[{"@type":"SearchAction","target":{"@type":"EntryPoint","urlTemplate":"https:\/\/latouche.life\/?s={search_term_string}"},"query-input":"required name=search_term_string"}],"inLanguage":"vi"},{"@type":"Organization","@id":"https:\/\/latouche.life\/#organization","name":"La Touche","url":"https:\/\/latouche.life\/","logo":{"@type":"ImageObject","inLanguage":"vi","@id":"https:\/\/latouche.life\/#\/schema\/logo\/image\/","url":"https:\/\/latouche.life\/wp-content\/uploads\/2020\/06\/logo_round_white.png","contentUrl":"https:\/\/latouche.life\/wp-content\/uploads\/2020\/06\/logo_round_white.png","width":106,"height":106,"caption":"La Touche"},"image":{"@id":"https:\/\/latouche.life\/#\/schema\/logo\/image\/"}}]}},"_links":{"self":[{"href":"https:\/\/latouche.life\/vi\/wp-json\/wp\/v2\/pages\/2459"}],"collection":[{"href":"https:\/\/latouche.life\/vi\/wp-json\/wp\/v2\/pages"}],"about":[{"href":"https:\/\/latouche.life\/vi\/wp-json\/wp\/v2\/types\/page"}],"author":[{"embeddable":true,"href":"https:\/\/latouche.life\/vi\/wp-json\/wp\/v2\/users\/1"}],"replies":[{"embeddable":true,"href":"https:\/\/latouche.life\/vi\/wp-json\/wp\/v2\/comments?post=2459"}],"version-history":[{"count":5,"href":"https:\/\/latouche.life\/vi\/wp-json\/wp\/v2\/pages\/2459\/revisions"}],"predecessor-version":[{"id":2900,"href":"https:\/\/latouche.life\/vi\/wp-json\/wp\/v2\/pages\/2459\/revisions\/2900"}],"wp:featuredmedia":[{"embeddable":true,"href":"https:\/\/latouche.life\/vi\/wp-json\/wp\/v2\/media\/2830"}],"wp:attachment":[{"href":"https:\/\/latouche.life\/vi\/wp-json\/wp\/v2\/media?parent=2459"}],"curies":[{"name":"wp","href":"https:\/\/api.w.org\/{rel}","templated":true}]}}