{"id":1996,"date":"2021-03-07T02:05:49","date_gmt":"2021-03-07T02:05:49","guid":{"rendered":"http:\/\/latouche.life\/?page_id=1996"},"modified":"2021-05-22T15:14:13","modified_gmt":"2021-05-22T15:14:13","slug":"daily-tea-talks","status":"publish","type":"page","link":"https:\/\/latouche.life\/vi\/daily-tea-talks\/","title":{"rendered":"Daily Tea Talks"},"content":{"rendered":"<div data-elementor-type=\"wp-page\" data-elementor-id=\"1996\" class=\"elementor elementor-1996\">\n\t\t\t\t\t\t<section class=\"elementor-section elementor-top-section elementor-element elementor-element-6c8f31cb elementor-section-content-middle elementor-section-boxed elementor-section-height-default elementor-section-height-default\" data-id=\"6c8f31cb\" data-element_type=\"section\">\n\t\t\t\t\t\t<div class=\"elementor-container elementor-column-gap-no\">\n\t\t\t\t\t<div class=\"elementor-column elementor-col-100 elementor-top-column elementor-element elementor-element-2502da21\" data-id=\"2502da21\" data-element_type=\"column\">\n\t\t\t<div class=\"elementor-widget-wrap elementor-element-populated\">\n\t\t\t\t\t\t<div class=\"elementor-element elementor-element-94e93cc elementor-widget elementor-widget-video\" data-id=\"94e93cc\" data-element_type=\"widget\" data-settings=\"{&quot;video_type&quot;:&quot;hosted&quot;,&quot;autoplay&quot;:&quot;yes&quot;,&quot;loop&quot;:&quot;yes&quot;}\" data-widget_type=\"video.default\">\n\t\t\t\t<div class=\"elementor-widget-container\">\n\t\t\t\t\t<div class=\"e-hosted-video elementor-wrapper elementor-open-inline\">\n\t\t\t\t\t<video class=\"elementor-video\" src=\"http:\/\/latouche.life\/wp-content\/uploads\/2021\/03\/IMG_9585_1.mp4\" autoplay=\"\" loop=\"\" controlslist=\"nodownload\"><\/video>\n\t\t\t\t<\/div>\n\t\t\t\t<\/div>\n\t\t\t\t<\/div>\n\t\t\t\t<div class=\"elementor-element elementor-element-723ad4dd elementor-widget elementor-widget-heading\" data-id=\"723ad4dd\" data-element_type=\"widget\" data-widget_type=\"heading.default\">\n\t\t\t\t<div class=\"elementor-widget-container\">\n\t\t\t<h3 class=\"elementor-heading-title elementor-size-default\">Daily Tea Talk<\/h3>\t\t<\/div>\n\t\t\t\t<\/div>\n\t\t\t\t<div class=\"elementor-element elementor-element-66edc7f0 elementor-widget elementor-widget-text-editor\" data-id=\"66edc7f0\" data-element_type=\"widget\" data-widget_type=\"text-editor.default\">\n\t\t\t\t<div class=\"elementor-widget-container\">\n\t\t\t\t\t\t\t<p>\u0110\u1ecba ch\u1ec9: 362\/9 Ung V\u0103n Khi\u00eam, ph\u01b0\u1eddng 25, qu\u1eadn B\u00ecnh Th\u1ea1nh, Tp.HCM<\/p><p>B\u1eaft \u0111\u1ea7u: H\u1eb1ng ng\u00e0y v\u1edbi gi\u1edd gi\u1ea5c linh ho\u1ea1t theo l\u1ecbch h\u1eb9n (\u0111\u1eb7t l\u1ecbch tr\u01b0\u1edbc \u00edt nh\u1ea5t 01 ti\u1ebfng)<br \/><br \/>La Touche kh\u1edfi \u0111\u1ed9ng chu\u1ed7i s\u1ef1 ki\u1ec7n \u0111\u1ea7u ti\u00ean v\u1edbi t\u00ean g\u1ecdi \"Daily tea talk\", \u0111\u01b0\u1ee3c t\u1ed5 ch\u1ee9c h\u00e0ng ng\u00e0y t\u1ea1i <a href=\"https:\/\/goo.gl\/maps\/Wt8XDyxVgpcrGxgMA\">The Space in Between<\/a> <br \/>Ch\u00fang t\u00f4i m\u1eddi tr\u00e0 mi\u1ec5n ph\u00ed cho kh\u00e1ch \u0111\u1ebfn th\u0103m nh\u00e0 Touche.<\/p>\t\t\t\t\t\t<\/div>\n\t\t\t\t<\/div>\n\t\t\t\t<section class=\"elementor-section elementor-inner-section elementor-element elementor-element-63e08107 elementor-section-boxed elementor-section-height-default elementor-section-height-default\" data-id=\"63e08107\" data-element_type=\"section\">\n\t\t\t\t\t\t<div class=\"elementor-container elementor-column-gap-default\">\n\t\t\t\t\t<div class=\"elementor-column elementor-col-50 elementor-inner-column elementor-element elementor-element-67f9fe17\" data-id=\"67f9fe17\" data-element_type=\"column\">\n\t\t\t<div class=\"elementor-widget-wrap elementor-element-populated\">\n\t\t\t\t\t\t<div class=\"elementor-element elementor-element-56c6dd0e elementor-widget elementor-widget-text-editor\" data-id=\"56c6dd0e\" data-element_type=\"widget\" data-widget_type=\"text-editor.default\">\n\t\t\t\t<div class=\"elementor-widget-container\">\n\t\t\t\t\t\t\t<p><span style=\"color: #808080;\"><strong>T\u1ea1i sao l\u1ea1i l\u00e0 d\u1ef1 \u00e1n \"Daily tea talk\"?<\/strong><\/span><\/p><p><span style=\"color: #808080;\">H\u00e3y c\u00f9ng nh\u1edb l\u1ea1i m\u1ed9t ch\u00fat kho\u1ea3ng th\u1eddi gian tr\u01b0\u1edbc Covid 19, m\u1ed7i ng\u01b0\u1eddi ch\u00fang ta \u0111\u1ec1u c\u00f3 c\u00f4ng vi\u1ec7c, nh\u1eefng k\u1ebf ho\u1ea1ch, nh\u1eefng ng\u01b0\u1eddi b\u1ea1n, nh\u1eefng cu\u1ed9c g\u1eb7p g\u1ee1 v\u00e0 nh\u1eefng bu\u1ed5i ti\u1ec7c trong m\u1ed9t th\u1ebf gi\u1edbi lu\u00f4n chuy\u1ec3n \u0111\u1ed9ng. Sau \u0111\u00f3 th\u00ec d\u1ecbch b\u1ec7nh \u0111\u1ebfn c\u00f9ng m\u1edbi h\u00e0ng ng\u00e0n nh\u1eefng th\u1eed th\u00e1ch. Ngo\u00e0i nh\u1eefng kh\u00f3 kh\u0103n v\u00e0 n\u1ed5i bu\u1ed3n, ch\u00fang t\u00f4i mu\u1ed1n \u0111\u1ec1 c\u1eadp \u0111\u1ebfn m\u1ed9t kh\u00eda c\u1ea1nh kh\u00e1c, r\u1eb1ng ch\u00fang ta \u0111\u00e3 c\u00f3 th\u00eam th\u1eddi gian \u0111\u1ec3 t\u1ef1 nh\u00ecn nh\u1eadn l\u1ea1i b\u1ea3n th\u00e2n m\u00ecnh, v\u00e0 t\u1eeb \u0111\u00f3 nh\u1eefng \u00fd t\u01b0\u1edfng v\u00f4 h\u00ecnh b\u1eaft \u0111\u1ea7u \u0111\u01b0\u1ee3c h\u00ecnh th\u00e0nh. M\u1ed9t s\u1ed1 trong ch\u00fang ta \u0111\u00e3 b\u1eaft \u0111\u1ea7u b\u1eaft tay th\u1ef1c hi\u1ec7n \u00fd t\u01b0\u1edfng c\u1ee7a m\u00ecnh,<\/span><\/p>\t\t\t\t\t\t<\/div>\n\t\t\t\t<\/div>\n\t\t\t\t\t<\/div>\n\t\t<\/div>\n\t\t\t\t<div class=\"elementor-column elementor-col-50 elementor-inner-column elementor-element elementor-element-4305e70c\" data-id=\"4305e70c\" data-element_type=\"column\">\n\t\t\t<div class=\"elementor-widget-wrap elementor-element-populated\">\n\t\t\t\t\t\t<div class=\"elementor-element elementor-element-b30e463 elementor-widget elementor-widget-text-editor\" data-id=\"b30e463\" data-element_type=\"widget\" data-widget_type=\"text-editor.default\">\n\t\t\t\t<div class=\"elementor-widget-container\">\n\t\t\t\t\t\t\t<p><span style=\"color: #808080;\">m\u1ed9t s\u1ed1 v\u1eabn c\u00f2n \u0111ang suy ng\u1eabm, s\u1ed1 kh\u00e1c l\u1ea1i \u0111ang c\u1ea3m th\u1ea5y l\u1ea1c l\u00f5ng v\u00e0 l\u1ea1i c\u00f3 nh\u1eefng ng\u01b0\u1eddi mong mu\u1ed1n chia s\u1ebb \u0111\u1ec3 t\u00ecm ki\u1ebfm nh\u1eefng m\u1ed1i nh\u00e2n duy\u00ean cho h\u00e0nh tr\u00ecnh ph\u00eda tr\u01b0\u1edbc.<\/span><br \/><span style=\"color: #808080;\">m\u1ed9t s\u1ed1 v\u1eabn c\u00f2n \u0111ang suy ng\u1eabm, s\u1ed1 kh\u00e1c l\u1ea1i \u0111ang c\u1ea3m th\u1ea5y l\u1ea1c l\u00f5ng v\u00e0 l\u1ea1i c\u00f3 nh\u1eefng ng\u01b0\u1eddi mong mu\u1ed1n chia s\u1ebb \u0111\u1ec3 t\u00ecm ki\u1ebfm nh\u1eefng m\u1ed1i nh\u00e2n duy\u00ean cho h\u00e0nh tr\u00ecnh ph\u00eda tr\u01b0\u1edbc. Ch\u00fang t\u00f4i mu\u1ed1n l\u1eafng nghe c\u00e2u chuy\u1ec7n c\u1ee7a c\u00e1c b\u1ea1n v\u00e0 ch\u00fang t\u00f4i hy v\u1ecdng m\u00ecnh s\u1ebd tr\u1edf th\u00e0nh c\u1ea7u n\u1ed1i nh\u1eefng con ng\u01b0\u1eddi v\u1edbi nh\u1eefng gi\u00e1 tr\u1ecb t\u1ed1t \u0111\u1eb9p v\u1edbi nhau, t\u1ea1o ra nh\u1eefng vi\u1ec7c t\u1ed1t lan t\u1ecfa trong c\u1ed9ng \u0111\u1ed3ng. H\u00e3y \u0111\u1ebfn v\u1edbi ch\u00fang t\u00f4i v\u00e0 \u0111\u1ec3 c\u00e2u chuy\u1ec7n b\u1eaft \u0111\u1ea7u t\u1eeb m\u1ed9t t\u00e1ch tr\u00e0.\u00a0<\/span><\/p>\t\t\t\t\t\t<\/div>\n\t\t\t\t<\/div>\n\t\t\t\t<div class=\"elementor-element elementor-element-a07e0ee elementor-align-right elementor-widget elementor-widget-button\" data-id=\"a07e0ee\" data-element_type=\"widget\" data-widget_type=\"button.default\">\n\t\t\t\t<div class=\"elementor-widget-container\">\n\t\t\t\t\t<div class=\"elementor-button-wrapper\">\n\t\t\t<a class=\"elementor-button elementor-button-link elementor-size-lg\" href=\"https:\/\/m.me\/latouche.life\">\n\t\t\t\t\t\t<span class=\"elementor-button-content-wrapper\">\n\t\t\t\t\t\t\t\t\t<span class=\"elementor-button-text\">\u0110\u1eb6T L\u1ecaCH TR\u00c0<\/span>\n\t\t\t\t\t<\/span>\n\t\t\t\t\t<\/a>\n\t\t<\/div>\n\t\t\t\t<\/div>\n\t\t\t\t<\/div>\n\t\t\t\t<div class=\"elementor-element elementor-element-a74c568 e-grid-align-right elementor-shape-rounded elementor-grid-0 elementor-widget elementor-widget-social-icons\" data-id=\"a74c568\" data-element_type=\"widget\" data-widget_type=\"social-icons.default\">\n\t\t\t\t<div class=\"elementor-widget-container\">\n\t\t\t\t\t<div class=\"elementor-social-icons-wrapper elementor-grid\">\n\t\t\t\t\t\t\t<span class=\"elementor-grid-item\">\n\t\t\t\t\t<a class=\"elementor-icon elementor-social-icon elementor-social-icon-facebook-messenger elementor-repeater-item-13bf00f\" href=\"http:\/\/m.me\/latouche.life\" target=\"_blank\">\n\t\t\t\t\t\t<span class=\"elementor-screen-only\">Facebook-messenger<\/span>\n\t\t\t\t\t\t<i class=\"fab fa-facebook-messenger\"><\/i>\t\t\t\t\t<\/a>\n\t\t\t\t<\/span>\n\t\t\t\t\t\t\t<span class=\"elementor-grid-item\">\n\t\t\t\t\t<a class=\"elementor-icon elementor-social-icon elementor-social-icon-phone-square-alt elementor-repeater-item-4bd7cde\" href=\"https:\/\/zalo.me\/0777010968\" target=\"_blank\">\n\t\t\t\t\t\t<span class=\"elementor-screen-only\">Phone-square-alt<\/span>\n\t\t\t\t\t\t<i class=\"fas fa-phone-square-alt\"><\/i>\t\t\t\t\t<\/a>\n\t\t\t\t<\/span>\n\t\t\t\t\t\t\t<span class=\"elementor-grid-item\">\n\t\t\t\t\t<a class=\"elementor-icon elementor-social-icon elementor-social-icon-whatsapp elementor-repeater-item-807e786\" href=\"https:\/\/wa.me\/84777010968\" target=\"_blank\">\n\t\t\t\t\t\t<span class=\"elementor-screen-only\">Whatsapp<\/span>\n\t\t\t\t\t\t<i class=\"fab fa-whatsapp\"><\/i>\t\t\t\t\t<\/a>\n\t\t\t\t<\/span>\n\t\t\t\t\t<\/div>\n\t\t\t\t<\/div>\n\t\t\t\t<\/div>\n\t\t\t\t\t<\/div>\n\t\t<\/div>\n\t\t\t\t\t<\/div>\n\t\t<\/section>\n\t\t\t\t\t<\/div>\n\t\t<\/div>\n\t\t\t\t\t<\/div>\n\t\t<\/section>\n\t\t\t\t<\/div>","protected":false},"excerpt":{"rendered":"<p>http:\/\/latouche.life\/wp-content\/uploads\/2021\/03\/IMG_9585_1.mp4 Daily Tea Talk Address: 362\/9 Ung Van Khiem, ward 25, Binh Thanh district, HCMC Start: Everyday with flexible time slots (book at least 01 hour in advance) La Touche is running our first community event called &#8220;Daily tea talk&#8221;, hosted at The Space in Between We will provide FREE tea for all guests who [&hellip;]<\/p>","protected":false},"author":1,"featured_media":2543,"parent":0,"menu_order":0,"comment_status":"closed","ping_status":"closed","template":"","meta":{"om_disable_all_campaigns":false,"_monsterinsights_skip_tracking":false,"_monsterinsights_sitenote_active":false,"_monsterinsights_sitenote_note":"","_monsterinsights_sitenote_category":0,"footnotes":""},"aioseo_notices":[],"yoast_head":"<!-- This site is optimized with the Yoast SEO plugin v22.7 - https:\/\/yoast.com\/wordpress\/plugins\/seo\/ -->\n<title>Daily Tea Talks - La Touche<\/title>\n<meta name=\"robots\" content=\"index, follow, max-snippet:-1, max-image-preview:large, max-video-preview:-1\" \/>\n<link rel=\"canonical\" href=\"https:\/\/latouche.life\/vi\/daily-tea-talks\/\" \/>\n<meta property=\"og:locale\" content=\"vi_VN\" \/>\n<meta property=\"og:type\" content=\"article\" \/>\n<meta property=\"og:title\" content=\"Daily Tea Talks - La Touche\" \/>\n<meta property=\"og:description\" content=\"http:\/\/latouche.life\/wp-content\/uploads\/2021\/03\/IMG_9585_1.mp4 Daily Tea Talk Address: 362\/9 Ung Van Khiem, ward 25, Binh Thanh district, HCMC Start: Everyday with flexible time slots (book at least 01 hour in advance) La Touche is running our first community event called &#8220;Daily tea talk&#8221;, hosted at The Space in Between We will provide FREE tea for all guests who [&hellip;]\" \/>\n<meta property=\"og:url\" content=\"https:\/\/latouche.life\/vi\/daily-tea-talks\/\" \/>\n<meta property=\"og:site_name\" content=\"La Touche\" \/>\n<meta property=\"article:modified_time\" content=\"2021-05-22T15:14:13+00:00\" \/>\n<meta property=\"og:image\" content=\"https:\/\/latouche.life\/wp-content\/uploads\/2021\/05\/IMG_E9576-scaled-e1621695799977.jpg\" \/>\n\t<meta property=\"og:image:width\" content=\"1024\" \/>\n\t<meta property=\"og:image:height\" content=\"576\" \/>\n\t<meta property=\"og:image:type\" content=\"image\/jpeg\" \/>\n<meta name=\"twitter:card\" content=\"summary_large_image\" \/>\n<meta name=\"twitter:label1\" content=\"\u01af\u1edbc t\u00ednh th\u1eddi gian \u0111\u1ecdc\" \/>\n\t<meta name=\"twitter:data1\" content=\"1 ph\u00fat\" \/>\n<script type=\"application\/ld+json\" class=\"yoast-schema-graph\">{\"@context\":\"https:\/\/schema.org\",\"@graph\":[{\"@type\":\"WebPage\",\"@id\":\"https:\/\/latouche.life\/daily-tea-talks\/\",\"url\":\"https:\/\/latouche.life\/daily-tea-talks\/\",\"name\":\"Daily Tea Talks - La Touche\",\"isPartOf\":{\"@id\":\"https:\/\/latouche.life\/#website\"},\"primaryImageOfPage\":{\"@id\":\"https:\/\/latouche.life\/daily-tea-talks\/#primaryimage\"},\"image\":{\"@id\":\"https:\/\/latouche.life\/daily-tea-talks\/#primaryimage\"},\"thumbnailUrl\":\"https:\/\/latouche.life\/wp-content\/uploads\/2021\/05\/IMG_E9576-scaled-e1621695799977.jpg\",\"datePublished\":\"2021-03-07T02:05:49+00:00\",\"dateModified\":\"2021-05-22T15:14:13+00:00\",\"breadcrumb\":{\"@id\":\"https:\/\/latouche.life\/daily-tea-talks\/#breadcrumb\"},\"inLanguage\":\"vi\",\"potentialAction\":[{\"@type\":\"ReadAction\",\"target\":[\"https:\/\/latouche.life\/daily-tea-talks\/\"]}]},{\"@type\":\"ImageObject\",\"inLanguage\":\"vi\",\"@id\":\"https:\/\/latouche.life\/daily-tea-talks\/#primaryimage\",\"url\":\"https:\/\/latouche.life\/wp-content\/uploads\/2021\/05\/IMG_E9576-scaled-e1621695799977.jpg\",\"contentUrl\":\"https:\/\/latouche.life\/wp-content\/uploads\/2021\/05\/IMG_E9576-scaled-e1621695799977.jpg\",\"width\":1024,\"height\":576},{\"@type\":\"BreadcrumbList\",\"@id\":\"https:\/\/latouche.life\/daily-tea-talks\/#breadcrumb\",\"itemListElement\":[{\"@type\":\"ListItem\",\"position\":1,\"name\":\"Home\",\"item\":\"https:\/\/latouche.life\/\"},{\"@type\":\"ListItem\",\"position\":2,\"name\":\"Daily Tea Talks\"}]},{\"@type\":\"WebSite\",\"@id\":\"https:\/\/latouche.life\/#website\",\"url\":\"https:\/\/latouche.life\/\",\"name\":\"La Touche\",\"description\":\"Create peaceful feeling from organic and natural products\",\"publisher\":{\"@id\":\"https:\/\/latouche.life\/#organization\"},\"potentialAction\":[{\"@type\":\"SearchAction\",\"target\":{\"@type\":\"EntryPoint\",\"urlTemplate\":\"https:\/\/latouche.life\/?s={search_term_string}\"},\"query-input\":\"required name=search_term_string\"}],\"inLanguage\":\"vi\"},{\"@type\":\"Organization\",\"@id\":\"https:\/\/latouche.life\/#organization\",\"name\":\"La Touche\",\"url\":\"https:\/\/latouche.life\/\",\"logo\":{\"@type\":\"ImageObject\",\"inLanguage\":\"vi\",\"@id\":\"https:\/\/latouche.life\/#\/schema\/logo\/image\/\",\"url\":\"https:\/\/latouche.life\/wp-content\/uploads\/2020\/06\/logo_round_white.png\",\"contentUrl\":\"https:\/\/latouche.life\/wp-content\/uploads\/2020\/06\/logo_round_white.png\",\"width\":106,\"height\":106,\"caption\":\"La Touche\"},\"image\":{\"@id\":\"https:\/\/latouche.life\/#\/schema\/logo\/image\/\"}}]}<\/script>\n<!-- \/ Yoast SEO plugin. -->","yoast_head_json":{"title":"Daily Tea Talks - La Touche","robots":{"index":"index","follow":"follow","max-snippet":"max-snippet:-1","max-image-preview":"max-image-preview:large","max-video-preview":"max-video-preview:-1"},"canonical":"https:\/\/latouche.life\/vi\/daily-tea-talks\/","og_locale":"vi_VN","og_type":"article","og_title":"Daily Tea Talks - La Touche","og_description":"http:\/\/latouche.life\/wp-content\/uploads\/2021\/03\/IMG_9585_1.mp4 Daily Tea Talk Address: 362\/9 Ung Van Khiem, ward 25, Binh Thanh district, HCMC Start: Everyday with flexible time slots (book at least 01 hour in advance) La Touche is running our first community event called &#8220;Daily tea talk&#8221;, hosted at The Space in Between We will provide FREE tea for all guests who [&hellip;]","og_url":"https:\/\/latouche.life\/vi\/daily-tea-talks\/","og_site_name":"La Touche","article_modified_time":"2021-05-22T15:14:13+00:00","og_image":[{"width":1024,"height":576,"url":"https:\/\/latouche.life\/wp-content\/uploads\/2021\/05\/IMG_E9576-scaled-e1621695799977.jpg","type":"image\/jpeg"}],"twitter_card":"summary_large_image","twitter_misc":{"\u01af\u1edbc t\u00ednh th\u1eddi gian \u0111\u1ecdc":"1 ph\u00fat"},"schema":{"@context":"https:\/\/schema.org","@graph":[{"@type":"WebPage","@id":"https:\/\/latouche.life\/daily-tea-talks\/","url":"https:\/\/latouche.life\/daily-tea-talks\/","name":"Daily Tea Talks - La Touche","isPartOf":{"@id":"https:\/\/latouche.life\/#website"},"primaryImageOfPage":{"@id":"https:\/\/latouche.life\/daily-tea-talks\/#primaryimage"},"image":{"@id":"https:\/\/latouche.life\/daily-tea-talks\/#primaryimage"},"thumbnailUrl":"https:\/\/latouche.life\/wp-content\/uploads\/2021\/05\/IMG_E9576-scaled-e1621695799977.jpg","datePublished":"2021-03-07T02:05:49+00:00","dateModified":"2021-05-22T15:14:13+00:00","breadcrumb":{"@id":"https:\/\/latouche.life\/daily-tea-talks\/#breadcrumb"},"inLanguage":"vi","potentialAction":[{"@type":"ReadAction","target":["https:\/\/latouche.life\/daily-tea-talks\/"]}]},{"@type":"ImageObject","inLanguage":"vi","@id":"https:\/\/latouche.life\/daily-tea-talks\/#primaryimage","url":"https:\/\/latouche.life\/wp-content\/uploads\/2021\/05\/IMG_E9576-scaled-e1621695799977.jpg","contentUrl":"https:\/\/latouche.life\/wp-content\/uploads\/2021\/05\/IMG_E9576-scaled-e1621695799977.jpg","width":1024,"height":576},{"@type":"BreadcrumbList","@id":"https:\/\/latouche.life\/daily-tea-talks\/#breadcrumb","itemListElement":[{"@type":"ListItem","position":1,"name":"Home","item":"https:\/\/latouche.life\/"},{"@type":"ListItem","position":2,"name":"Daily Tea Talks"}]},{"@type":"WebSite","@id":"https:\/\/latouche.life\/#website","url":"https:\/\/latouche.life\/","name":"La Touche","description":"Create peaceful feeling from organic and natural products","publisher":{"@id":"https:\/\/latouche.life\/#organization"},"potentialAction":[{"@type":"SearchAction","target":{"@type":"EntryPoint","urlTemplate":"https:\/\/latouche.life\/?s={search_term_string}"},"query-input":"required name=search_term_string"}],"inLanguage":"vi"},{"@type":"Organization","@id":"https:\/\/latouche.life\/#organization","name":"La Touche","url":"https:\/\/latouche.life\/","logo":{"@type":"ImageObject","inLanguage":"vi","@id":"https:\/\/latouche.life\/#\/schema\/logo\/image\/","url":"https:\/\/latouche.life\/wp-content\/uploads\/2020\/06\/logo_round_white.png","contentUrl":"https:\/\/latouche.life\/wp-content\/uploads\/2020\/06\/logo_round_white.png","width":106,"height":106,"caption":"La Touche"},"image":{"@id":"https:\/\/latouche.life\/#\/schema\/logo\/image\/"}}]}},"_links":{"self":[{"href":"https:\/\/latouche.life\/vi\/wp-json\/wp\/v2\/pages\/1996"}],"collection":[{"href":"https:\/\/latouche.life\/vi\/wp-json\/wp\/v2\/pages"}],"about":[{"href":"https:\/\/latouche.life\/vi\/wp-json\/wp\/v2\/types\/page"}],"author":[{"embeddable":true,"href":"https:\/\/latouche.life\/vi\/wp-json\/wp\/v2\/users\/1"}],"replies":[{"embeddable":true,"href":"https:\/\/latouche.life\/vi\/wp-json\/wp\/v2\/comments?post=1996"}],"version-history":[{"count":5,"href":"https:\/\/latouche.life\/vi\/wp-json\/wp\/v2\/pages\/1996\/revisions"}],"predecessor-version":[{"id":2103,"href":"https:\/\/latouche.life\/vi\/wp-json\/wp\/v2\/pages\/1996\/revisions\/2103"}],"wp:featuredmedia":[{"embeddable":true,"href":"https:\/\/latouche.life\/vi\/wp-json\/wp\/v2\/media\/2543"}],"wp:attachment":[{"href":"https:\/\/latouche.life\/vi\/wp-json\/wp\/v2\/media?parent=1996"}],"curies":[{"name":"wp","href":"https:\/\/api.w.org\/{rel}","templated":true}]}}