{"id":1751,"date":"2020-10-28T05:13:14","date_gmt":"2020-10-28T05:13:14","guid":{"rendered":"http:\/\/latouche.life\/?page_id=1751"},"modified":"2020-11-06T10:04:11","modified_gmt":"2020-11-06T10:04:11","slug":"tu-thien-cung-shin-ca-phe-tai-da-chais","status":"publish","type":"page","link":"https:\/\/latouche.life\/vi\/social-give-back-projects\/tu-thien-cung-shin-ca-phe-tai-da-chais\/","title":{"rendered":"CHUY\u1ebeN T\u1eea THI\u1ec6N \u0110\u1ebeN \u0110\u1ea0 CHAIS C\u00d9NG SHIN C\u00c0 PH\u00ca (09\/2020)"},"content":{"rendered":"<p>Nh\u1eefng giai \u0111i\u1ec7u r\u1ed9n r\u00e3 trong l\u00f2ng vang l\u00ean, ch\u00fang t\u00f4i l\u00ean \u0111\u01b0\u1eddng t\u1ed5 ch\u1ee9c m\u1ed9t \u0111\u00eam nh\u1ea1c v\u00f9ng cao cho c\u00e1c b\u00e9 thi\u1ebfu nhi t\u1ea1i m\u1ed9t l\u00e0ng d\u00e2n t\u1ed9c thi\u1ec3u s\u1ed1 ng\u01b0\u1eddi K'ho t\u1ea1i \u0110\u1ea1 Chais t\u00ean K'Long K'Lanh. Xe ch\u00fang t\u00f4i c\u1ee9 th\u1ebf l\u0103n b\u00e1nh trong m\u1ed9t \u0111\u00eam cu\u1ed1i th\u00e1ng ch\u00edn, mang theo qu\u00e0 b\u00e1nh, l\u1ed3ng \u0111\u00e8n v\u00e0 nh\u1eefng t\u1ea5m l\u00f2ng g\u1eedi \u0111\u1ebfn \u0111\u1ed3ng b\u00e0o ph\u01b0\u01a1ng xa d\u1ecbp tr\u0103ng r\u1eb1m. <a href=\"https:\/\/shincaphe.com\/en\/shin-ca-phe\/\">S\u1ef1 ki\u1ec7n n\u00e0y \u0111\u01b0\u1ee3c t\u1ed5 ch\u1ee9c b\u1edfi nh\u1eefng ng\u01b0\u1eddi b\u1ea1n c\u1ee7a ch\u00fang t\u00f4i t\u1eeb Shin c\u00e0 ph\u00ea.<\/a>.<\/p>\n<p><img fetchpriority=\"high\" decoding=\"async\" class=\"aligncenter wp-image-1739 size-full\" src=\"http:\/\/latouche.life\/wp-content\/uploads\/2020\/10\/IMG_1389-1-e1603770692413.jpg\" alt=\"\" width=\"691\" height=\"801\" srcset=\"https:\/\/latouche.life\/wp-content\/uploads\/2020\/10\/IMG_1389-1-e1603770692413.jpg 691w, https:\/\/latouche.life\/wp-content\/uploads\/2020\/10\/IMG_1389-1-e1603770692413-600x696.jpg 600w, https:\/\/latouche.life\/wp-content\/uploads\/2020\/10\/IMG_1389-1-e1603770692413-259x300.jpg 259w, https:\/\/latouche.life\/wp-content\/uploads\/2020\/10\/IMG_1389-1-e1603770692413-400x464.jpg 400w\" sizes=\"(max-width: 691px) 100vw, 691px\" \/><\/p>\n<h3>C\u00d4NG T\u00c1C CHU\u1ea8N B\u1eca BU\u1ed4I S\u00c1NG<\/h3>\n<p>Ch\u00fang t\u00f4i \u0111\u1ebfn n\u01a1i trong m\u1ed9t bu\u1ed5i s\u00e1ng m\u01b0a ph\u00f9n mi\u1ec1n n\u00fai. C\u00e1i th\u1eddi ti\u1ebft v\u00f9ng \u0110\u00e0 L\u1ea1t d\u00f9 \u0111\u1ebfn nhi\u1ec1u l\u1ea7n, l\u00fac n\u1eafng, l\u00fac m\u01b0a, l\u00fac l\u1ea1nh l\u1ebdo nh\u01b0ng bao gi\u1edd c\u0169ng mang l\u1ea1i m\u1ed9t c\u1ea3m gi\u00e1c tho\u1ea3i m\u00e1i, nh\u1eb9 nh\u00e0ng \u0111\u1ebfn trong tr\u1ebbo. V\u00ec m\u00f9a n\u00e0y hay m\u01b0a n\u00ean ch\u00fang t\u00f4i quy\u1ebft \u0111\u1ecbnh t\u1ed5 ch\u1ee9c \u0111\u00eam nh\u1ea1c trong nh\u00e0 thay v\u00ec ngo\u00e0i tr\u1eddi. Trong khi m\u1ed9t nh\u00f3m ch\u00fang t\u00f4i b\u1eaft tay ngay v\u00e0o c\u00f4ng t\u00e1c chu\u1ea9n b\u1ecb cho \u0111\u00eam nh\u1ea1c, m\u1ed9t nh\u00f3m kh\u00e1c chia l\u00ean \u0111\u1ed3i cao tr\u1ed3ng r\u1eebng v\u1edbi hy v\u1ecdng m\u1ed9t ng\u00e0y kh\u00f4ng xa \u0111\u1ed3i c\u00e0 ph\u00ea ch\u1ec9 m\u1ed9t m\u00e0u xanh l\u00e1 n\u00e0y s\u1ebd \u0111\u01b0\u1ee3c \u0111i\u1ec3m trang b\u1eb1ng m\u1ed9t h\u00e0ng hoa anh \u0111\u00e0o h\u1ed3ng h\u1ed3ng xinh xinh.<\/p>\n\t<div class=\"pixcode  pixcode--grid  grid\" >\n\t\t\t<div class=\"grid__item six-twelfths palm-one-whole\" >\n\t\t<img decoding=\"async\" class=\"aligncenter size-full wp-image-1740\" src=\"http:\/\/latouche.life\/wp-content\/uploads\/2020\/10\/IMG_1462-e1603770796101.jpg\" alt=\"\" width=\"691\" height=\"884\" srcset=\"https:\/\/latouche.life\/wp-content\/uploads\/2020\/10\/IMG_1462-e1603770796101.jpg 691w, https:\/\/latouche.life\/wp-content\/uploads\/2020\/10\/IMG_1462-e1603770796101-600x768.jpg 600w, https:\/\/latouche.life\/wp-content\/uploads\/2020\/10\/IMG_1462-e1603770796101-235x300.jpg 235w, https:\/\/latouche.life\/wp-content\/uploads\/2020\/10\/IMG_1462-e1603770796101-400x512.jpg 400w\" sizes=\"(max-width: 691px) 100vw, 691px\" \/>\t<\/div>\n\t<div class=\"grid__item six-twelfths palm-one-whole\" >\n\t\t<img decoding=\"async\" class=\"aligncenter wp-image-1868 size-full\" src=\"http:\/\/latouche.life\/wp-content\/uploads\/2020\/11\/IMG_1587-e1604655224318.jpg\" alt=\"\" width=\"691\" height=\"884\" srcset=\"https:\/\/latouche.life\/wp-content\/uploads\/2020\/11\/IMG_1587-e1604655224318.jpg 691w, https:\/\/latouche.life\/wp-content\/uploads\/2020\/11\/IMG_1587-e1604655224318-600x768.jpg 600w, https:\/\/latouche.life\/wp-content\/uploads\/2020\/11\/IMG_1587-e1604655224318-235x300.jpg 235w, https:\/\/latouche.life\/wp-content\/uploads\/2020\/11\/IMG_1587-e1604655224318-400x512.jpg 400w\" sizes=\"(max-width: 691px) 100vw, 691px\" \/>\t<\/div>\n\t<\/div>\n\n<p>Quay l\u1ea1i v\u1edbi c\u00f4ng t\u00e1c chu\u1ea9n b\u1ecb, m\u1ea5y \u0111\u1ee9a nh\u1ecf trong l\u00e0ng c\u0169ng tham gia l\u1eafp r\u00e1p l\u1ed3ng \u0111\u00e8n cho s\u1ef1 ki\u1ec7n. Nh\u1eefng chi\u1ebfc l\u1ed3ng \u0111\u00e8n c\u00e1c em \u0111ang say m\u00ea l\u1eafp r\u00e1p s\u1ebd l\u00e0 nh\u1eefng m\u00f3n qu\u00e0 d\u00e0nh t\u1eb7ng cho s\u1ef1 nhi\u1ec7t t\u00ecnh c\u1ee7a ch\u00ednh c\u00e1c em. \u0110\u1ed1i v\u1edbi b\u1ecdn tr\u1ebb con v\u00f9ng xa, nh\u1eefng chi\u1ebfc l\u1ed3ng \u0111\u00e8n m\u00e0u s\u1eafc kia c\u0169ng mang ni\u1ec1m vui \u0111\u1eb7c bi\u1ec7t v\u1edbi c\u00e1c em. H\u1eb3n l\u00e0 ni\u1ec1m vui \u0111\u00f3 c\u00e1c em ph\u1ea3i h\u00e1o h\u1ee9c ch\u1edd \u0111\u1ee3i l\u1eafm, ch\u1edd \u0111\u1ee3i \u0111\u1ebfn qu\u00ean c\u01a1m tr\u01b0a nh\u00e0 v\u00e0 ch\u1edd \u0111\u1ee3i m\u1eb7c k\u1ec7 c\u1ea3 tr\u1eddi \u0111ang m\u01b0a ng\u00e0y m\u1ed9t n\u1eb7ng h\u1ea1t. Khi ch\u00fang t\u00f4i tr\u1edf v\u1ec1 t\u1eeb bu\u1ed5i c\u01a1m tr\u01b0a c\u1ee7a \u0111o\u00e0n, c\u00e1c em v\u1eabn \u0111\u1ee9ng l\u1ea5p l\u00f3 ngo\u00e0i hi\u00ean nh\u00e0 v\u0103n h\u00f3a, c\u00f3 l\u1ebd v\u00ec s\u1ee3 n\u1ebfu quay v\u1ec1 th\u00ec nh\u1eefng ni\u1ec1m vui ch\u1ee3t \u0111\u1ebfn s\u1ebd bi\u1ebfn m\u1ea5t.<\/p>\n\t<div class=\"pixcode  pixcode--grid  grid\" >\n\t\t\t<div class=\"grid__item six-twelfths palm-one-whole\" >\n\t\t<img loading=\"lazy\" decoding=\"async\" class=\"aligncenter size-full wp-image-1754\" src=\"http:\/\/latouche.life\/wp-content\/uploads\/2020\/10\/IMG_1735-e1603861844304.jpg\" alt=\"\" width=\"691\" height=\"884\" srcset=\"https:\/\/latouche.life\/wp-content\/uploads\/2020\/10\/IMG_1735-e1603861844304.jpg 691w, https:\/\/latouche.life\/wp-content\/uploads\/2020\/10\/IMG_1735-e1603861844304-600x768.jpg 600w, https:\/\/latouche.life\/wp-content\/uploads\/2020\/10\/IMG_1735-e1603861844304-235x300.jpg 235w, https:\/\/latouche.life\/wp-content\/uploads\/2020\/10\/IMG_1735-e1603861844304-400x512.jpg 400w\" sizes=\"(max-width: 691px) 100vw, 691px\" \/>\t<\/div>\n\t<div class=\"grid__item six-twelfths palm-one-whole\" >\n\t\t<img loading=\"lazy\" decoding=\"async\" class=\"aligncenter size-full wp-image-1753\" src=\"http:\/\/latouche.life\/wp-content\/uploads\/2020\/10\/IMG_1696-e1603861894669.jpg\" alt=\"Charity event with La Touche\" width=\"691\" height=\"884\" srcset=\"https:\/\/latouche.life\/wp-content\/uploads\/2020\/10\/IMG_1696-e1603861894669.jpg 691w, https:\/\/latouche.life\/wp-content\/uploads\/2020\/10\/IMG_1696-e1603861894669-600x768.jpg 600w, https:\/\/latouche.life\/wp-content\/uploads\/2020\/10\/IMG_1696-e1603861894669-235x300.jpg 235w, https:\/\/latouche.life\/wp-content\/uploads\/2020\/10\/IMG_1696-e1603861894669-400x512.jpg 400w\" sizes=\"(max-width: 691px) 100vw, 691px\" \/>\t<\/div>\n\t<\/div>\n\n<h2>S\u1ef0 KI\u1ec6N BU\u1ed4I CHI\u1ec0U<\/h2>\n<p>R\u1ed3i chi\u1ec1u d\u1ea7n bu\u00f4ng, s\u00e2n kh\u1ea5u \u0111\u00e3 s\u1eb5n s\u00e0ng, may m\u1eafn th\u1eddi ti\u1ebft kh\u00f4ng ph\u1ee5 l\u00f2ng ng\u01b0\u1eddi. Thay v\u00ec t\u1ed5 ch\u1ee9c trong nh\u00e0, s\u00e2n kh\u1ea5u ch\u00fang t\u00f4i \u0111\u01b0\u1ee3c d\u1ef1ng ngo\u00e0i tr\u1eddi v\u00e0 c\u00f3 th\u1ec3 ch\u00e0o \u0111\u00f3n nhi\u1ec1u b\u00e0 con \u0111\u1ebfn chung vui h\u01a1n. Ng\u01b0\u1eddi gi\u00e0 d\u1eabn theo em nh\u1ecf, ph\u1ee5 n\u1eef \u0111\u1ecbu con tr\u00ean l\u01b0ng, c\u00e1c em nh\u1ecf d\u1eaft tay nhau \u0111\u1ebfn v\u1edbi ch\u00fang t\u00f4i. Trong ti\u1ebfng nh\u1ea1c, ti\u1ebfng v\u1ed7 tay, s\u1ef1 giao l\u01b0u, nh\u1eefng \u00e1nh m\u1eaft tr\u1ebb th\u01a1 \u00e1nh l\u00ean ni\u1ec1m vui v\u00e0 s\u1ef1 th\u00edch th\u00fa. Trong khi \u0111\u00eam nh\u1ea1c \u0111ang di\u1ec5n ra, ch\u00fang t\u00f4i c\u00f3 ch\u00fat th\u1eddi gian \u0111i d\u1ea1o quanh l\u00e0ng, ng\u1eafm nh\u00ecn d\u00f2ng s\u00f4ng ch\u1ea1y bao quanh ng\u00f4i l\u00e0ng xinh \u0111\u1eb9p v\u1edbi n\u00fai non xa xa, h\u00f3a ra \u0111\u00e2y l\u00e0 l\u00fd do n\u01a1i \u0111\u00e2y t\u00ean l\u00e0 K'Long K'Lanh, mang \u00fd ngh\u0129a c\u1ee7a m\u1ed9t d\u00f2ng s\u00f4ng. Ch\u00fang t\u00f4i gh\u00e9 qua m\u1ed9t v\u00e0i h\u00e0ng qu\u00e1n \u0111\u1ecba ph\u01b0\u01a1ng, u\u1ed1ng ly n\u01b0\u1edbc m\u00eda v\u00f9ng cao sao m\u00e0 th\u1ea5y ngon h\u01a1n n\u01b0\u1edbc m\u00eda d\u01b0\u1edbi th\u00e0nh th\u1ecb, mua v\u00e0i chi\u1ebfc b\u00e1nh v\u00e0 tr\u00f2 chuy\u1ec7n v\u00e0i ba c\u00e2u v\u1edbi d\u00e2n l\u00e0ng. \"H\u00f4m nay \u0111o\u00e0n \u0111\u1ebfn ch\u1eafc x\u00f3m s\u1ebd may m\u1eafn l\u1eafm\", m\u1ed9t ch\u1ecb ch\u1ee7 s\u1ea1p t\u1ea1p h\u00f3a \u0111\u1ecba ph\u01b0\u01a1ng b\u1ea5t gi\u00e1c n\u00f3i trong hoan h\u1ec9. Ngh\u0129 c\u0169ng \u0111\u00fang, t\u1eeb h\u1ed3i d\u1ecbch \u0111\u1ebfn, du l\u1ecbch kh\u00f3 kh\u0103n h\u01a1n, cu\u1ed9c s\u1ed1ng b\u00e0 con c\u0169ng mang nhi\u1ec1u m\u1ed1i lo h\u01a1n.<\/p>\n<h2>N\u1ee4 C\u01af\u1edcI TR\u00caN M\u00d4I<\/h2>\n<p>Ch\u00fang t\u00f4i kh\u00f4ng hy v\u1ecdng mang \u0111\u1ebfn \u1ea5m no trong nh\u1eefng chuy\u1ebfn t\u1eeb thi\u1ec7n th\u1ebf n\u00e0y, v\u00ec ch\u00fang t\u00f4i hi\u1ec3u t\u1eb7ng ch\u00fat qu\u00e0 hay quy\u00ean g\u00f3p ch\u00fat ti\u1ec1n b\u1ea1c, v\u1eadt ch\u1ea5t kh\u00f4ng gi\u00fap \u0111\u01b0\u1ee3c cho s\u1ef1 ph\u00e1t tri\u1ec3n b\u1ec1n v\u1eefng c\u1ee7a \u0111\u1ecba ph\u01b0\u01a1ng. Th\u1ee9 ch\u00fang t\u00f4i mu\u1ed1n l\u00e0m nhi\u1ec1u h\u01a1n th\u1ebf v\u00e0 t\u1eebng ng\u00e0y ch\u00fang t\u00f4i v\u1eabn \u0111ang c\u1ed1 g\u1eafng \u0111\u1ec3 l\u00e0m \u0111\u01b0\u1ee3c \u0111i\u1ec1u ch\u00fang t\u00f4i mu\u1ed1n v\u1ec1 s\u1ef1 ph\u00e1t tri\u1ec3n b\u1ec1n v\u1eefng trong m\u01a1 \u01b0\u1edbc c\u1ee7a ch\u00fang t\u00f4i. Trong nh\u1eefng chuy\u1ebfn \u0111i ng\u1eafn n\u00e0y, ch\u00fang t\u00f4i hy v\u1ecdng mang \u0111\u1ebfn ch\u00fat \u00e2m nh\u1ea1c, ch\u00fat ti\u1ebfng c\u01b0\u1eddi, ch\u00fat \u1ea5m \u00e1p, ch\u00fat k\u1ebft n\u1ed1i v\u00e0 s\u1ebb chia t\u1eeb th\u00e0nh th\u1ecb \u0111\u1ebfn n\u00f4ng th\u00f4n, ch\u00fat n\u0103ng l\u01b0\u1ee3ng t\u00edch c\u1ef1c \u0111\u1ec3 b\u1ecdn tr\u1ebb \u00e1nh l\u00ean ni\u1ec1m vui trong \u0111\u00f4i m\u1eaft, \u0111\u1ec3 nh\u1eefng ng\u01b0\u1eddi m\u1eb9, ng\u01b0\u1eddi cha, ng\u01b0\u1eddi b\u00e0, ng\u01b0\u1eddi \u00f4ng c\u00f9ng ng\u1ed3i xu\u1ed1ng, t\u1ea1m g\u00e1c \u00e2u lo h\u00e0ng ng\u00e0y, th\u01b0\u1edfng th\u1ee9c ch\u00fat v\u0103n ngh\u1ec7 m\u00e0 nh\u1eefng ng\u01b0\u1eddi tr\u1ebb nh\u01b0 ch\u00fang t\u00f4i mang \u0111\u1ebfn b\u1eb1ng c\u1ea3 t\u1ea5m l\u00f2ng.<br \/>\nLa Touche lu\u00f4n tin t\u01b0\u1edfng v\u00e0o s\u1ef1 ph\u00e1t tri\u1ec3n b\u1ec1n v\u1eefng c\u1ee7a doanh nghi\u1ec7p c\u0169ng nh\u01b0 x\u00e3 h\u1ed9i, t\u00ecm hi\u1ec3u th\u00eam v\u1ec1 c\u00e1c gi\u00e1 tr\u1ecb m\u00e0 ch\u00fang t\u00f4i theo \u0111u\u1ed5i t\u1ea1i <a href=\"https:\/\/latouche.life\/vi\/our-values\/\">\u0111\u00e2y.<\/a>.<\/p>","protected":false},"excerpt":{"rendered":"<p>&#8220;It&#8217;s the Mid-Autumn festival. We light up our lanterns and carry them around the streets&#8230;.&#8221; The song&#8217;s melody in our hearts resounded. We were going to hold a music night for children in the mountainous area called K&#8217;Long K&#8217;Lanh &#8211; Da Chais, where K&#8217;ho ethnic minority resides. Our bus moved on during a night in [&hellip;]<\/p>","protected":false},"author":1,"featured_media":1758,"parent":1683,"menu_order":0,"comment_status":"closed","ping_status":"closed","template":"","meta":{"om_disable_all_campaigns":false,"_monsterinsights_skip_tracking":false,"_monsterinsights_sitenote_active":false,"_monsterinsights_sitenote_note":"","_monsterinsights_sitenote_category":0,"footnotes":""},"aioseo_notices":[],"yoast_head":"<!-- This site is optimized with the Yoast SEO plugin v22.7 - https:\/\/yoast.com\/wordpress\/plugins\/seo\/ -->\n<title>CHARITY TRIP WITH SHIN COFFEE AT \u0110\u1ea0 CHAIS (09\/2020) - La Touche<\/title>\n<meta name=\"description\" content=\"La Touche&#039;s first charity trip with Shin Coffee to raise social awareness about sustainable businesses and development of local communities.\" \/>\n<meta name=\"robots\" content=\"index, follow, max-snippet:-1, max-image-preview:large, max-video-preview:-1\" \/>\n<link rel=\"canonical\" href=\"https:\/\/latouche.life\/vi\/social-give-back-projects\/tu-thien-cung-shin-ca-phe-tai-da-chais\/\" \/>\n<meta property=\"og:locale\" content=\"vi_VN\" \/>\n<meta property=\"og:type\" content=\"article\" \/>\n<meta property=\"og:title\" content=\"CHARITY TRIP WITH SHIN COFFEE AT \u0110\u1ea0 CHAIS (09\/2020) - La Touche\" \/>\n<meta property=\"og:description\" content=\"La Touche&#039;s first charity trip with Shin Coffee to raise social awareness about sustainable businesses and development of local communities.\" \/>\n<meta property=\"og:url\" content=\"https:\/\/latouche.life\/vi\/social-give-back-projects\/tu-thien-cung-shin-ca-phe-tai-da-chais\/\" \/>\n<meta property=\"og:site_name\" content=\"La Touche\" \/>\n<meta property=\"article:modified_time\" content=\"2020-11-06T10:04:11+00:00\" \/>\n<meta property=\"og:image\" content=\"https:\/\/latouche.life\/wp-content\/uploads\/2020\/10\/IMG_1745_HEADER.jpg\" \/>\n\t<meta property=\"og:image:width\" content=\"1037\" \/>\n\t<meta property=\"og:image:height\" content=\"691\" \/>\n\t<meta property=\"og:image:type\" content=\"image\/jpeg\" \/>\n<meta name=\"twitter:card\" content=\"summary_large_image\" \/>\n<meta name=\"twitter:label1\" content=\"\u01af\u1edbc t\u00ednh th\u1eddi gian \u0111\u1ecdc\" \/>\n\t<meta name=\"twitter:data1\" content=\"3 ph\u00fat\" \/>\n<script type=\"application\/ld+json\" class=\"yoast-schema-graph\">{\"@context\":\"https:\/\/schema.org\",\"@graph\":[{\"@type\":\"WebPage\",\"@id\":\"https:\/\/latouche.life\/social-give-back-projects\/tu-thien-cung-shin-ca-phe-tai-da-chais\/\",\"url\":\"https:\/\/latouche.life\/social-give-back-projects\/tu-thien-cung-shin-ca-phe-tai-da-chais\/\",\"name\":\"CHARITY TRIP WITH SHIN COFFEE AT \u0110\u1ea0 CHAIS (09\/2020) - La Touche\",\"isPartOf\":{\"@id\":\"https:\/\/latouche.life\/#website\"},\"primaryImageOfPage\":{\"@id\":\"https:\/\/latouche.life\/social-give-back-projects\/tu-thien-cung-shin-ca-phe-tai-da-chais\/#primaryimage\"},\"image\":{\"@id\":\"https:\/\/latouche.life\/social-give-back-projects\/tu-thien-cung-shin-ca-phe-tai-da-chais\/#primaryimage\"},\"thumbnailUrl\":\"https:\/\/latouche.life\/wp-content\/uploads\/2020\/10\/IMG_1745_HEADER.jpg\",\"datePublished\":\"2020-10-28T05:13:14+00:00\",\"dateModified\":\"2020-11-06T10:04:11+00:00\",\"description\":\"La Touche's first charity trip with Shin Coffee to raise social awareness about sustainable businesses and development of local communities.\",\"breadcrumb\":{\"@id\":\"https:\/\/latouche.life\/social-give-back-projects\/tu-thien-cung-shin-ca-phe-tai-da-chais\/#breadcrumb\"},\"inLanguage\":\"vi\",\"potentialAction\":[{\"@type\":\"ReadAction\",\"target\":[\"https:\/\/latouche.life\/social-give-back-projects\/tu-thien-cung-shin-ca-phe-tai-da-chais\/\"]}]},{\"@type\":\"ImageObject\",\"inLanguage\":\"vi\",\"@id\":\"https:\/\/latouche.life\/social-give-back-projects\/tu-thien-cung-shin-ca-phe-tai-da-chais\/#primaryimage\",\"url\":\"https:\/\/latouche.life\/wp-content\/uploads\/2020\/10\/IMG_1745_HEADER.jpg\",\"contentUrl\":\"https:\/\/latouche.life\/wp-content\/uploads\/2020\/10\/IMG_1745_HEADER.jpg\",\"width\":1037,\"height\":691},{\"@type\":\"BreadcrumbList\",\"@id\":\"https:\/\/latouche.life\/social-give-back-projects\/tu-thien-cung-shin-ca-phe-tai-da-chais\/#breadcrumb\",\"itemListElement\":[{\"@type\":\"ListItem\",\"position\":1,\"name\":\"Home\",\"item\":\"https:\/\/latouche.life\/\"},{\"@type\":\"ListItem\",\"position\":2,\"name\":\"Social Give Back Projects\",\"item\":\"https:\/\/latouche.life\/social-give-back-projects\/\"},{\"@type\":\"ListItem\",\"position\":3,\"name\":\"CHARITY TRIP WITH SHIN COFFEE AT \u0110\u1ea0 CHAIS (09\/2020)\"}]},{\"@type\":\"WebSite\",\"@id\":\"https:\/\/latouche.life\/#website\",\"url\":\"https:\/\/latouche.life\/\",\"name\":\"La Touche\",\"description\":\"Create peaceful feeling from organic and natural products\",\"publisher\":{\"@id\":\"https:\/\/latouche.life\/#organization\"},\"potentialAction\":[{\"@type\":\"SearchAction\",\"target\":{\"@type\":\"EntryPoint\",\"urlTemplate\":\"https:\/\/latouche.life\/?s={search_term_string}\"},\"query-input\":\"required name=search_term_string\"}],\"inLanguage\":\"vi\"},{\"@type\":\"Organization\",\"@id\":\"https:\/\/latouche.life\/#organization\",\"name\":\"La Touche\",\"url\":\"https:\/\/latouche.life\/\",\"logo\":{\"@type\":\"ImageObject\",\"inLanguage\":\"vi\",\"@id\":\"https:\/\/latouche.life\/#\/schema\/logo\/image\/\",\"url\":\"https:\/\/latouche.life\/wp-content\/uploads\/2020\/06\/logo_round_white.png\",\"contentUrl\":\"https:\/\/latouche.life\/wp-content\/uploads\/2020\/06\/logo_round_white.png\",\"width\":106,\"height\":106,\"caption\":\"La Touche\"},\"image\":{\"@id\":\"https:\/\/latouche.life\/#\/schema\/logo\/image\/\"}}]}<\/script>\n<!-- \/ Yoast SEO plugin. -->","yoast_head_json":{"title":"CHARITY TRIP WITH SHIN COFFEE AT \u0110\u1ea0 CHAIS (09\/2020) - La Touche","description":"La Touche's first charity trip with Shin Coffee to raise social awareness about sustainable businesses and development of local communities.","robots":{"index":"index","follow":"follow","max-snippet":"max-snippet:-1","max-image-preview":"max-image-preview:large","max-video-preview":"max-video-preview:-1"},"canonical":"https:\/\/latouche.life\/vi\/social-give-back-projects\/tu-thien-cung-shin-ca-phe-tai-da-chais\/","og_locale":"vi_VN","og_type":"article","og_title":"CHARITY TRIP WITH SHIN COFFEE AT \u0110\u1ea0 CHAIS (09\/2020) - La Touche","og_description":"La Touche's first charity trip with Shin Coffee to raise social awareness about sustainable businesses and development of local communities.","og_url":"https:\/\/latouche.life\/vi\/social-give-back-projects\/tu-thien-cung-shin-ca-phe-tai-da-chais\/","og_site_name":"La Touche","article_modified_time":"2020-11-06T10:04:11+00:00","og_image":[{"width":1037,"height":691,"url":"https:\/\/latouche.life\/wp-content\/uploads\/2020\/10\/IMG_1745_HEADER.jpg","type":"image\/jpeg"}],"twitter_card":"summary_large_image","twitter_misc":{"\u01af\u1edbc t\u00ednh th\u1eddi gian \u0111\u1ecdc":"3 ph\u00fat"},"schema":{"@context":"https:\/\/schema.org","@graph":[{"@type":"WebPage","@id":"https:\/\/latouche.life\/social-give-back-projects\/tu-thien-cung-shin-ca-phe-tai-da-chais\/","url":"https:\/\/latouche.life\/social-give-back-projects\/tu-thien-cung-shin-ca-phe-tai-da-chais\/","name":"CHARITY TRIP WITH SHIN COFFEE AT \u0110\u1ea0 CHAIS (09\/2020) - La Touche","isPartOf":{"@id":"https:\/\/latouche.life\/#website"},"primaryImageOfPage":{"@id":"https:\/\/latouche.life\/social-give-back-projects\/tu-thien-cung-shin-ca-phe-tai-da-chais\/#primaryimage"},"image":{"@id":"https:\/\/latouche.life\/social-give-back-projects\/tu-thien-cung-shin-ca-phe-tai-da-chais\/#primaryimage"},"thumbnailUrl":"https:\/\/latouche.life\/wp-content\/uploads\/2020\/10\/IMG_1745_HEADER.jpg","datePublished":"2020-10-28T05:13:14+00:00","dateModified":"2020-11-06T10:04:11+00:00","description":"La Touche's first charity trip with Shin Coffee to raise social awareness about sustainable businesses and development of local communities.","breadcrumb":{"@id":"https:\/\/latouche.life\/social-give-back-projects\/tu-thien-cung-shin-ca-phe-tai-da-chais\/#breadcrumb"},"inLanguage":"vi","potentialAction":[{"@type":"ReadAction","target":["https:\/\/latouche.life\/social-give-back-projects\/tu-thien-cung-shin-ca-phe-tai-da-chais\/"]}]},{"@type":"ImageObject","inLanguage":"vi","@id":"https:\/\/latouche.life\/social-give-back-projects\/tu-thien-cung-shin-ca-phe-tai-da-chais\/#primaryimage","url":"https:\/\/latouche.life\/wp-content\/uploads\/2020\/10\/IMG_1745_HEADER.jpg","contentUrl":"https:\/\/latouche.life\/wp-content\/uploads\/2020\/10\/IMG_1745_HEADER.jpg","width":1037,"height":691},{"@type":"BreadcrumbList","@id":"https:\/\/latouche.life\/social-give-back-projects\/tu-thien-cung-shin-ca-phe-tai-da-chais\/#breadcrumb","itemListElement":[{"@type":"ListItem","position":1,"name":"Home","item":"https:\/\/latouche.life\/"},{"@type":"ListItem","position":2,"name":"Social Give Back Projects","item":"https:\/\/latouche.life\/social-give-back-projects\/"},{"@type":"ListItem","position":3,"name":"CHARITY TRIP WITH SHIN COFFEE AT \u0110\u1ea0 CHAIS (09\/2020)"}]},{"@type":"WebSite","@id":"https:\/\/latouche.life\/#website","url":"https:\/\/latouche.life\/","name":"La Touche","description":"Create peaceful feeling from organic and natural products","publisher":{"@id":"https:\/\/latouche.life\/#organization"},"potentialAction":[{"@type":"SearchAction","target":{"@type":"EntryPoint","urlTemplate":"https:\/\/latouche.life\/?s={search_term_string}"},"query-input":"required name=search_term_string"}],"inLanguage":"vi"},{"@type":"Organization","@id":"https:\/\/latouche.life\/#organization","name":"La Touche","url":"https:\/\/latouche.life\/","logo":{"@type":"ImageObject","inLanguage":"vi","@id":"https:\/\/latouche.life\/#\/schema\/logo\/image\/","url":"https:\/\/latouche.life\/wp-content\/uploads\/2020\/06\/logo_round_white.png","contentUrl":"https:\/\/latouche.life\/wp-content\/uploads\/2020\/06\/logo_round_white.png","width":106,"height":106,"caption":"La Touche"},"image":{"@id":"https:\/\/latouche.life\/#\/schema\/logo\/image\/"}}]}},"_links":{"self":[{"href":"https:\/\/latouche.life\/vi\/wp-json\/wp\/v2\/pages\/1751"}],"collection":[{"href":"https:\/\/latouche.life\/vi\/wp-json\/wp\/v2\/pages"}],"about":[{"href":"https:\/\/latouche.life\/vi\/wp-json\/wp\/v2\/types\/page"}],"author":[{"embeddable":true,"href":"https:\/\/latouche.life\/vi\/wp-json\/wp\/v2\/users\/1"}],"replies":[{"embeddable":true,"href":"https:\/\/latouche.life\/vi\/wp-json\/wp\/v2\/comments?post=1751"}],"version-history":[{"count":5,"href":"https:\/\/latouche.life\/vi\/wp-json\/wp\/v2\/pages\/1751\/revisions"}],"predecessor-version":[{"id":1875,"href":"https:\/\/latouche.life\/vi\/wp-json\/wp\/v2\/pages\/1751\/revisions\/1875"}],"up":[{"embeddable":true,"href":"https:\/\/latouche.life\/vi\/wp-json\/wp\/v2\/pages\/1683"}],"wp:featuredmedia":[{"embeddable":true,"href":"https:\/\/latouche.life\/vi\/wp-json\/wp\/v2\/media\/1758"}],"wp:attachment":[{"href":"https:\/\/latouche.life\/vi\/wp-json\/wp\/v2\/media?parent=1751"}],"curies":[{"name":"wp","href":"https:\/\/api.w.org\/{rel}","templated":true}]}}