{"id":1683,"date":"2020-09-11T15:28:48","date_gmt":"2020-09-11T15:28:48","guid":{"rendered":"http:\/\/latouche.life\/?page_id=1683"},"modified":"2022-09-27T08:33:11","modified_gmt":"2022-09-27T08:33:11","slug":"social-give-back-projects","status":"publish","type":"page","link":"https:\/\/latouche.life\/vi\/social-give-back-projects\/","title":{"rendered":"D\u1ef0 \u00c1N X\u00c3 H\u1ed8I"},"content":{"rendered":"<div data-elementor-type=\"wp-page\" data-elementor-id=\"1683\" class=\"elementor elementor-1683\">\n\t\t\t\t\t\t<section class=\"elementor-section elementor-top-section elementor-element elementor-element-6b975340 elementor-section-boxed elementor-section-height-default elementor-section-height-default\" data-id=\"6b975340\" data-element_type=\"section\">\n\t\t\t\t\t\t<div class=\"elementor-container elementor-column-gap-default\">\n\t\t\t\t\t<div class=\"elementor-column elementor-col-100 elementor-top-column elementor-element elementor-element-5b3b35db\" data-id=\"5b3b35db\" data-element_type=\"column\">\n\t\t\t<div class=\"elementor-widget-wrap elementor-element-populated\">\n\t\t\t\t\t\t<div class=\"elementor-element elementor-element-2d694823 elementor-widget elementor-widget-text-editor\" data-id=\"2d694823\" data-element_type=\"widget\" data-widget_type=\"text-editor.default\">\n\t\t\t\t<div class=\"elementor-widget-container\">\n\t\t\t\t\t\t\t<p>\u201cCu\u1ed9c s\u1ed1ng l\u00e0 cho v\u00e0 nh\u1eadn. Cho \u0111i s\u1ef1 tr\u00e2n tr\u1ecdng v\u00e0 nh\u1eadn bi\u1ebft \u0111\u01b0\u1ee3c s\u1ef1 c\u1ed1ng hi\u1ebfn c\u1ee7a m\u1ecdi ng\u01b0\u1eddi. H\u1ea1nh ph\u00fac kh\u00f4ng c\u00f3 ngh\u0129a l\u00e0 c\u00f3 t\u1ea5t c\u1ea3, n\u00f3 c\u00f3 ngh\u0129a l\u00e0 ta tr\u00e2n tr\u1ecdng m\u1ecdi th\u1ee9 xung quanh\u201d.\nKhi ch\u00fang t\u00f4i b\u1eaft \u0111\u1ea7u La Touche, m\u1ed9t trong nh\u1eefng \u00fd \u0111\u1ecbnh t\u1eeb t\u00e2m \u0111\u1ea7u ti\u00ean l\u00e0 l\u00e0m c\u00e1ch n\u00e0o \u0111\u00f3ng g\u00f3p l\u1ea1i cho X\u00e3 h\u1ed9i. Ch\u00fang t\u00f4i bi\u1ebft ch\u00fang t\u00f4i s\u1ebd c\u00f3 nh\u1eefng kh\u00f3 kh\u0103n, nh\u01b0ng kh\u00f3 kh\u0103n v\u1eabn s\u1ebd lu\u00f4n \u1edf \u0111\u1ea5y v\u00e0 kh\u00f4ng th\u1ec3 tr\u1edf th\u00e0nh l\u00fd do \u0111\u1ec3 ch\u00fang t\u00f4i ng\u1eebng cho \u0111i v\u1edbi c\u1ed9ng \u0111\u1ed3ng m\u00e0 ch\u00fang t\u00f4i tin t\u01b0\u1edfng v\u00e0 y\u00eau qu\u00fd. Ch\u00fang t\u00f4i quan t\u00e2m \u0111\u1eb7c bi\u1ec7t \u0111\u1ebfn c\u00e1c d\u1ef1 \u00e1n v\u00e8 gi\u00e1o d\u1ee5c tr\u1ebb em, s\u1ee9c kh\u1ecfe, b\u1ea3o v\u1ec7 \u0111\u1ed9ng v\u1eadt v\u00e0 m\u00f4i tr\u01b0\u1eddng. \u0110\u00e2y l\u00e0 nh\u1eefng m\u1ed1i quan t\u00e2m thu\u1ed9c v\u1ec1 gi\u00e1 tr\u1ecb c\u1ed1t l\u00f5i trong qu\u00e1 tr\u00ecnh ph\u00e1t tri\u1ec3n c\u1ee7a La Touche. Ch\u00fang t\u00f4i mu\u1ed1n \u0111\u00f3ng g\u00f3p 2% l\u1ee3i nhu\u1eadn c\u1ee7a m\u00ecnh cho c\u00e1c d\u1ef1 \u00e1n ph\u00e1t tri\u1ec3n gi\u00e1o d\u1ee5c cho tr\u1ebb em v\u00f9ng s\u00e2u v\u00f9ng xa \u1edf Vi\u1ec7t Nam, \u1ea4n \u0110\u1ed9 (v\u00e0 ch\u00fang t\u00f4i mong \u01b0\u1edbc m\u1edf r\u1ed9ng qu\u1ef9 ra to\u00e0n th\u1ebf gi\u1edbi), c\u1ea3i thi\u1ec7n s\u1ee9c kh\u1ecfe c\u1ed9ng \u0111\u1ed3ng, b\u1ea3o v\u1ec7 c\u00e1c lo\u00e0i v\u1eadt v\u00e0 m\u00f4i tr\u01b0\u1eddng t\u1ea1i c\u00e1c n\u01b0\u1edbc \u0111ang ph\u00e1t tri\u1ec3n.<\/p>\t\t\t\t\t\t<\/div>\n\t\t\t\t<\/div>\n\t\t\t\t\t<\/div>\n\t\t<\/div>\n\t\t\t\t\t<\/div>\n\t\t<\/section>\n\t\t\t\t<section class=\"elementor-section elementor-top-section elementor-element elementor-element-5851364 elementor-section-boxed elementor-section-height-default elementor-section-height-default\" data-id=\"5851364\" data-element_type=\"section\">\n\t\t\t\t\t\t<div class=\"elementor-container elementor-column-gap-default\">\n\t\t\t\t\t<div class=\"elementor-column elementor-col-50 elementor-top-column elementor-element elementor-element-321732d\" data-id=\"321732d\" data-element_type=\"column\">\n\t\t\t<div class=\"elementor-widget-wrap elementor-element-populated\">\n\t\t\t\t\t\t<div class=\"elementor-element elementor-element-6013f79 elementor-widget elementor-widget-image\" data-id=\"6013f79\" data-element_type=\"widget\" data-widget_type=\"image.default\">\n\t\t\t\t<div class=\"elementor-widget-container\">\n\t\t\t\t\t\t\t\t\t\t\t\t\t<img fetchpriority=\"high\" decoding=\"async\" width=\"940\" height=\"788\" src=\"https:\/\/latouche.life\/wp-content\/uploads\/2022\/09\/Quy-trong-cay-tree-planting-fund-2.jpg\" class=\"attachment-large size-large wp-image-3056\" alt=\"\" srcset=\"https:\/\/latouche.life\/wp-content\/uploads\/2022\/09\/Quy-trong-cay-tree-planting-fund-2.jpg 940w, https:\/\/latouche.life\/wp-content\/uploads\/2022\/09\/Quy-trong-cay-tree-planting-fund-2-600x503.jpg 600w, https:\/\/latouche.life\/wp-content\/uploads\/2022\/09\/Quy-trong-cay-tree-planting-fund-2-300x251.jpg 300w, https:\/\/latouche.life\/wp-content\/uploads\/2022\/09\/Quy-trong-cay-tree-planting-fund-2-768x644.jpg 768w, https:\/\/latouche.life\/wp-content\/uploads\/2022\/09\/Quy-trong-cay-tree-planting-fund-2-900x754.jpg 900w, https:\/\/latouche.life\/wp-content\/uploads\/2022\/09\/Quy-trong-cay-tree-planting-fund-2-400x335.jpg 400w\" sizes=\"(max-width: 940px) 100vw, 940px\" \/>\t\t\t\t\t\t\t\t\t\t\t\t\t<\/div>\n\t\t\t\t<\/div>\n\t\t\t\t\t<\/div>\n\t\t<\/div>\n\t\t\t\t<div class=\"elementor-column elementor-col-50 elementor-top-column elementor-element elementor-element-9c3f5be\" data-id=\"9c3f5be\" data-element_type=\"column\">\n\t\t\t<div class=\"elementor-widget-wrap elementor-element-populated\">\n\t\t\t\t\t\t<div class=\"elementor-element elementor-element-cc8f212 elementor-widget elementor-widget-heading\" data-id=\"cc8f212\" data-element_type=\"widget\" data-widget_type=\"heading.default\">\n\t\t\t\t<div class=\"elementor-widget-container\">\n\t\t\t<h2 class=\"elementor-heading-title elementor-size-medium\"><a href=\"https:\/\/latouche.life\/vi\/trees-planting-fund\/\">THE TREES PROJECT<\/a><\/h2>\t\t<\/div>\n\t\t\t\t<\/div>\n\t\t\t\t<div class=\"elementor-element elementor-element-57d0a3f elementor-widget elementor-widget-text-editor\" data-id=\"57d0a3f\" data-element_type=\"widget\" data-widget_type=\"text-editor.default\">\n\t\t\t\t<div class=\"elementor-widget-container\">\n\t\t\t\t\t\t\t<p><strong>10\/2022 &#8211; 02\/2023<\/strong><\/p>\t\t\t\t\t\t<\/div>\n\t\t\t\t<\/div>\n\t\t\t\t\t<\/div>\n\t\t<\/div>\n\t\t\t\t\t<\/div>\n\t\t<\/section>\n\t\t\t\t<section class=\"elementor-section elementor-top-section elementor-element elementor-element-f6a7669 elementor-section-boxed elementor-section-height-default elementor-section-height-default\" data-id=\"f6a7669\" data-element_type=\"section\">\n\t\t\t\t\t\t<div class=\"elementor-container elementor-column-gap-default\">\n\t\t\t\t\t<div class=\"elementor-column elementor-col-66 elementor-top-column elementor-element elementor-element-e4a69a3\" data-id=\"e4a69a3\" data-element_type=\"column\">\n\t\t\t<div class=\"elementor-widget-wrap elementor-element-populated\">\n\t\t\t\t\t\t<div class=\"elementor-element elementor-element-121a213 elementor-widget elementor-widget-image\" data-id=\"121a213\" data-element_type=\"widget\" data-widget_type=\"image.default\">\n\t\t\t\t<div class=\"elementor-widget-container\">\n\t\t\t\t\t\t\t\t\t\t\t\t\t<img decoding=\"async\" width=\"960\" height=\"639\" src=\"https:\/\/latouche.life\/wp-content\/uploads\/2020\/10\/IMG_1745-1024x682.jpg\" class=\"attachment-large size-large wp-image-1741\" alt=\"\" srcset=\"https:\/\/latouche.life\/wp-content\/uploads\/2020\/10\/IMG_1745-1024x682.jpg 1024w, https:\/\/latouche.life\/wp-content\/uploads\/2020\/10\/IMG_1745-600x400.jpg 600w, https:\/\/latouche.life\/wp-content\/uploads\/2020\/10\/IMG_1745-300x200.jpg 300w, https:\/\/latouche.life\/wp-content\/uploads\/2020\/10\/IMG_1745-768x512.jpg 768w, https:\/\/latouche.life\/wp-content\/uploads\/2020\/10\/IMG_1745-900x600.jpg 900w, https:\/\/latouche.life\/wp-content\/uploads\/2020\/10\/IMG_1745-400x267.jpg 400w, https:\/\/latouche.life\/wp-content\/uploads\/2020\/10\/IMG_1745.jpg 1037w\" sizes=\"(max-width: 960px) 100vw, 960px\" \/>\t\t\t\t\t\t\t\t\t\t\t\t\t<\/div>\n\t\t\t\t<\/div>\n\t\t\t\t\t<\/div>\n\t\t<\/div>\n\t\t\t\t<div class=\"elementor-column elementor-col-33 elementor-top-column elementor-element elementor-element-6df72cf\" data-id=\"6df72cf\" data-element_type=\"column\">\n\t\t\t<div class=\"elementor-widget-wrap elementor-element-populated\">\n\t\t\t\t\t\t<div class=\"elementor-element elementor-element-0dd232e elementor-widget elementor-widget-heading\" data-id=\"0dd232e\" data-element_type=\"widget\" data-widget_type=\"heading.default\">\n\t\t\t\t<div class=\"elementor-widget-container\">\n\t\t\t<h2 class=\"elementor-heading-title elementor-size-medium\"><a href=\"https:\/\/latouche.life\/vi\/social-give-back-projects\/tu-thien-cung-shin-ca-phe-tai-da-chais\/\">DA CHAIS CHARITY TRIP WITH SHIN COFFEE<\/a><\/h2>\t\t<\/div>\n\t\t\t\t<\/div>\n\t\t\t\t<div class=\"elementor-element elementor-element-7cccc6d elementor-widget elementor-widget-text-editor\" data-id=\"7cccc6d\" data-element_type=\"widget\" data-widget_type=\"text-editor.default\">\n\t\t\t\t<div class=\"elementor-widget-container\">\n\t\t\t\t\t\t\t<p><strong>09\/2020<\/strong><\/p>\t\t\t\t\t\t<\/div>\n\t\t\t\t<\/div>\n\t\t\t\t\t<\/div>\n\t\t<\/div>\n\t\t\t\t\t<\/div>\n\t\t<\/section>\n\t\t\t\t<\/div>","protected":false},"excerpt":{"rendered":"<p>Life is give and take. Give thanks and take nothing for granted. Being happy doesn\u2019t mean you have it all, it means you appreciate it all&#8221;. When we start La Touche, one of the first heartful ideas is how we can give back to society. We know we have problems to handle but problem will [&hellip;]<\/p>","protected":false},"author":1,"featured_media":1736,"parent":0,"menu_order":0,"comment_status":"closed","ping_status":"closed","template":"","meta":{"om_disable_all_campaigns":false,"_monsterinsights_skip_tracking":false,"_monsterinsights_sitenote_active":false,"_monsterinsights_sitenote_note":"","_monsterinsights_sitenote_category":0,"footnotes":""},"aioseo_notices":[],"yoast_head":"<!-- This site is optimized with the Yoast SEO plugin v22.7 - https:\/\/yoast.com\/wordpress\/plugins\/seo\/ -->\n<title>Social Give Back Projects - La Touche<\/title>\n<meta name=\"robots\" content=\"index, follow, max-snippet:-1, max-image-preview:large, max-video-preview:-1\" \/>\n<link rel=\"canonical\" href=\"https:\/\/latouche.life\/vi\/social-give-back-projects\/\" \/>\n<meta property=\"og:locale\" content=\"vi_VN\" \/>\n<meta property=\"og:type\" content=\"article\" \/>\n<meta property=\"og:title\" content=\"Social Give Back Projects - La Touche\" \/>\n<meta property=\"og:description\" content=\"Life is give and take. Give thanks and take nothing for granted. Being happy doesn\u2019t mean you have it all, it means you appreciate it all&#8221;. When we start La Touche, one of the first heartful ideas is how we can give back to society. We know we have problems to handle but problem will [&hellip;]\" \/>\n<meta property=\"og:url\" content=\"https:\/\/latouche.life\/vi\/social-give-back-projects\/\" \/>\n<meta property=\"og:site_name\" content=\"La Touche\" \/>\n<meta property=\"article:modified_time\" content=\"2022-09-27T08:33:11+00:00\" \/>\n<meta property=\"og:image\" content=\"https:\/\/latouche.life\/wp-content\/uploads\/2020\/10\/IMG_4315.jpg\" \/>\n\t<meta property=\"og:image:width\" content=\"1963\" \/>\n\t<meta property=\"og:image:height\" content=\"723\" \/>\n\t<meta property=\"og:image:type\" content=\"image\/jpeg\" \/>\n<meta name=\"twitter:card\" content=\"summary_large_image\" \/>\n<meta name=\"twitter:label1\" content=\"\u01af\u1edbc t\u00ednh th\u1eddi gian \u0111\u1ecdc\" \/>\n\t<meta name=\"twitter:data1\" content=\"1 ph\u00fat\" \/>\n<script type=\"application\/ld+json\" class=\"yoast-schema-graph\">{\"@context\":\"https:\/\/schema.org\",\"@graph\":[{\"@type\":\"WebPage\",\"@id\":\"https:\/\/latouche.life\/social-give-back-projects\/\",\"url\":\"https:\/\/latouche.life\/social-give-back-projects\/\",\"name\":\"Social Give Back Projects - La Touche\",\"isPartOf\":{\"@id\":\"https:\/\/latouche.life\/#website\"},\"primaryImageOfPage\":{\"@id\":\"https:\/\/latouche.life\/social-give-back-projects\/#primaryimage\"},\"image\":{\"@id\":\"https:\/\/latouche.life\/social-give-back-projects\/#primaryimage\"},\"thumbnailUrl\":\"https:\/\/latouche.life\/wp-content\/uploads\/2020\/10\/IMG_4315.jpg\",\"datePublished\":\"2020-09-11T15:28:48+00:00\",\"dateModified\":\"2022-09-27T08:33:11+00:00\",\"breadcrumb\":{\"@id\":\"https:\/\/latouche.life\/social-give-back-projects\/#breadcrumb\"},\"inLanguage\":\"vi\",\"potentialAction\":[{\"@type\":\"ReadAction\",\"target\":[\"https:\/\/latouche.life\/social-give-back-projects\/\"]}]},{\"@type\":\"ImageObject\",\"inLanguage\":\"vi\",\"@id\":\"https:\/\/latouche.life\/social-give-back-projects\/#primaryimage\",\"url\":\"https:\/\/latouche.life\/wp-content\/uploads\/2020\/10\/IMG_4315.jpg\",\"contentUrl\":\"https:\/\/latouche.life\/wp-content\/uploads\/2020\/10\/IMG_4315.jpg\",\"width\":1963,\"height\":723},{\"@type\":\"BreadcrumbList\",\"@id\":\"https:\/\/latouche.life\/social-give-back-projects\/#breadcrumb\",\"itemListElement\":[{\"@type\":\"ListItem\",\"position\":1,\"name\":\"Home\",\"item\":\"https:\/\/latouche.life\/\"},{\"@type\":\"ListItem\",\"position\":2,\"name\":\"Social Give Back Projects\"}]},{\"@type\":\"WebSite\",\"@id\":\"https:\/\/latouche.life\/#website\",\"url\":\"https:\/\/latouche.life\/\",\"name\":\"La Touche\",\"description\":\"Create peaceful feeling from organic and natural products\",\"publisher\":{\"@id\":\"https:\/\/latouche.life\/#organization\"},\"potentialAction\":[{\"@type\":\"SearchAction\",\"target\":{\"@type\":\"EntryPoint\",\"urlTemplate\":\"https:\/\/latouche.life\/?s={search_term_string}\"},\"query-input\":\"required name=search_term_string\"}],\"inLanguage\":\"vi\"},{\"@type\":\"Organization\",\"@id\":\"https:\/\/latouche.life\/#organization\",\"name\":\"La Touche\",\"url\":\"https:\/\/latouche.life\/\",\"logo\":{\"@type\":\"ImageObject\",\"inLanguage\":\"vi\",\"@id\":\"https:\/\/latouche.life\/#\/schema\/logo\/image\/\",\"url\":\"https:\/\/latouche.life\/wp-content\/uploads\/2020\/06\/logo_round_white.png\",\"contentUrl\":\"https:\/\/latouche.life\/wp-content\/uploads\/2020\/06\/logo_round_white.png\",\"width\":106,\"height\":106,\"caption\":\"La Touche\"},\"image\":{\"@id\":\"https:\/\/latouche.life\/#\/schema\/logo\/image\/\"}}]}<\/script>\n<!-- \/ Yoast SEO plugin. -->","yoast_head_json":{"title":"Social Give Back Projects - La Touche","robots":{"index":"index","follow":"follow","max-snippet":"max-snippet:-1","max-image-preview":"max-image-preview:large","max-video-preview":"max-video-preview:-1"},"canonical":"https:\/\/latouche.life\/vi\/social-give-back-projects\/","og_locale":"vi_VN","og_type":"article","og_title":"Social Give Back Projects - La Touche","og_description":"Life is give and take. Give thanks and take nothing for granted. Being happy doesn\u2019t mean you have it all, it means you appreciate it all&#8221;. When we start La Touche, one of the first heartful ideas is how we can give back to society. We know we have problems to handle but problem will [&hellip;]","og_url":"https:\/\/latouche.life\/vi\/social-give-back-projects\/","og_site_name":"La Touche","article_modified_time":"2022-09-27T08:33:11+00:00","og_image":[{"width":1963,"height":723,"url":"https:\/\/latouche.life\/wp-content\/uploads\/2020\/10\/IMG_4315.jpg","type":"image\/jpeg"}],"twitter_card":"summary_large_image","twitter_misc":{"\u01af\u1edbc t\u00ednh th\u1eddi gian \u0111\u1ecdc":"1 ph\u00fat"},"schema":{"@context":"https:\/\/schema.org","@graph":[{"@type":"WebPage","@id":"https:\/\/latouche.life\/social-give-back-projects\/","url":"https:\/\/latouche.life\/social-give-back-projects\/","name":"Social Give Back Projects - La Touche","isPartOf":{"@id":"https:\/\/latouche.life\/#website"},"primaryImageOfPage":{"@id":"https:\/\/latouche.life\/social-give-back-projects\/#primaryimage"},"image":{"@id":"https:\/\/latouche.life\/social-give-back-projects\/#primaryimage"},"thumbnailUrl":"https:\/\/latouche.life\/wp-content\/uploads\/2020\/10\/IMG_4315.jpg","datePublished":"2020-09-11T15:28:48+00:00","dateModified":"2022-09-27T08:33:11+00:00","breadcrumb":{"@id":"https:\/\/latouche.life\/social-give-back-projects\/#breadcrumb"},"inLanguage":"vi","potentialAction":[{"@type":"ReadAction","target":["https:\/\/latouche.life\/social-give-back-projects\/"]}]},{"@type":"ImageObject","inLanguage":"vi","@id":"https:\/\/latouche.life\/social-give-back-projects\/#primaryimage","url":"https:\/\/latouche.life\/wp-content\/uploads\/2020\/10\/IMG_4315.jpg","contentUrl":"https:\/\/latouche.life\/wp-content\/uploads\/2020\/10\/IMG_4315.jpg","width":1963,"height":723},{"@type":"BreadcrumbList","@id":"https:\/\/latouche.life\/social-give-back-projects\/#breadcrumb","itemListElement":[{"@type":"ListItem","position":1,"name":"Home","item":"https:\/\/latouche.life\/"},{"@type":"ListItem","position":2,"name":"Social Give Back Projects"}]},{"@type":"WebSite","@id":"https:\/\/latouche.life\/#website","url":"https:\/\/latouche.life\/","name":"La Touche","description":"Create peaceful feeling from organic and natural products","publisher":{"@id":"https:\/\/latouche.life\/#organization"},"potentialAction":[{"@type":"SearchAction","target":{"@type":"EntryPoint","urlTemplate":"https:\/\/latouche.life\/?s={search_term_string}"},"query-input":"required name=search_term_string"}],"inLanguage":"vi"},{"@type":"Organization","@id":"https:\/\/latouche.life\/#organization","name":"La Touche","url":"https:\/\/latouche.life\/","logo":{"@type":"ImageObject","inLanguage":"vi","@id":"https:\/\/latouche.life\/#\/schema\/logo\/image\/","url":"https:\/\/latouche.life\/wp-content\/uploads\/2020\/06\/logo_round_white.png","contentUrl":"https:\/\/latouche.life\/wp-content\/uploads\/2020\/06\/logo_round_white.png","width":106,"height":106,"caption":"La Touche"},"image":{"@id":"https:\/\/latouche.life\/#\/schema\/logo\/image\/"}}]}},"_links":{"self":[{"href":"https:\/\/latouche.life\/vi\/wp-json\/wp\/v2\/pages\/1683"}],"collection":[{"href":"https:\/\/latouche.life\/vi\/wp-json\/wp\/v2\/pages"}],"about":[{"href":"https:\/\/latouche.life\/vi\/wp-json\/wp\/v2\/types\/page"}],"author":[{"embeddable":true,"href":"https:\/\/latouche.life\/vi\/wp-json\/wp\/v2\/users\/1"}],"replies":[{"embeddable":true,"href":"https:\/\/latouche.life\/vi\/wp-json\/wp\/v2\/comments?post=1683"}],"version-history":[{"count":5,"href":"https:\/\/latouche.life\/vi\/wp-json\/wp\/v2\/pages\/1683\/revisions"}],"predecessor-version":[{"id":3061,"href":"https:\/\/latouche.life\/vi\/wp-json\/wp\/v2\/pages\/1683\/revisions\/3061"}],"wp:featuredmedia":[{"embeddable":true,"href":"https:\/\/latouche.life\/vi\/wp-json\/wp\/v2\/media\/1736"}],"wp:attachment":[{"href":"https:\/\/latouche.life\/vi\/wp-json\/wp\/v2\/media?parent=1683"}],"curies":[{"name":"wp","href":"https:\/\/api.w.org\/{rel}","templated":true}]}}