{"id":1268,"date":"2020-06-25T05:08:12","date_gmt":"2020-06-25T05:08:12","guid":{"rendered":"http:\/\/latouche.life\/?page_id=1268"},"modified":"2021-02-22T14:36:26","modified_gmt":"2021-02-22T14:36:26","slug":"faq","status":"publish","type":"page","link":"https:\/\/latouche.life\/vi\/faq\/","title":{"rendered":"H\u1ecfi \u0111\u00e1p"},"content":{"rendered":"<div data-elementor-type=\"wp-page\" data-elementor-id=\"1268\" class=\"elementor elementor-1268\">\n\t\t\t\t\t\t<section class=\"elementor-section elementor-top-section elementor-element elementor-element-37fc4001 elementor-section-content-middle elementor-section-boxed elementor-section-height-default elementor-section-height-default elementor-invisible\" data-id=\"37fc4001\" data-element_type=\"section\" data-settings=\"{&quot;animation&quot;:&quot;slideInUp&quot;}\">\n\t\t\t\t\t\t<div class=\"elementor-container elementor-column-gap-no\">\n\t\t\t\t\t<div class=\"elementor-column elementor-col-100 elementor-top-column elementor-element elementor-element-2b63c0d3\" data-id=\"2b63c0d3\" data-element_type=\"column\">\n\t\t\t<div class=\"elementor-widget-wrap elementor-element-populated\">\n\t\t\t\t\t\t<div class=\"elementor-element elementor-element-7165d10d elementor-widget elementor-widget-heading\" data-id=\"7165d10d\" data-element_type=\"widget\" data-settings=\"{&quot;_animation&quot;:&quot;none&quot;}\" data-widget_type=\"heading.default\">\n\t\t\t\t<div class=\"elementor-widget-container\">\n\t\t\t<h4 class=\"elementor-heading-title elementor-size-default\">H\u1ecfi \u0111\u00e1p<\/h4>\t\t<\/div>\n\t\t\t\t<\/div>\n\t\t\t\t<div class=\"elementor-element elementor-element-5d8c631e elementor-widget elementor-widget-heading\" data-id=\"5d8c631e\" data-element_type=\"widget\" data-widget_type=\"heading.default\">\n\t\t\t\t<div class=\"elementor-widget-container\">\n\t\t\t<h5 class=\"elementor-heading-title elementor-size-default\">C\u00c2U H\u1eceI TH\u01af\u1edcNG G\u1eb6P<\/h5>\t\t<\/div>\n\t\t\t\t<\/div>\n\t\t\t\t<div class=\"elementor-element elementor-element-d0949cf elementor-widget elementor-widget-toggle\" data-id=\"d0949cf\" data-element_type=\"widget\" data-widget_type=\"toggle.default\">\n\t\t\t\t<div class=\"elementor-widget-container\">\n\t\t\t\t\t<div class=\"elementor-toggle\">\n\t\t\t\t\t\t\t<div class=\"elementor-toggle-item\">\n\t\t\t\t\t<div id=\"elementor-tab-title-2181\" class=\"elementor-tab-title\" data-tab=\"1\" role=\"button\" aria-controls=\"elementor-tab-content-2181\" aria-expanded=\"false\">\n\t\t\t\t\t\t\t\t\t\t\t\t<span class=\"elementor-toggle-icon elementor-toggle-icon-right\" aria-hidden=\"true\">\n\t\t\t\t\t\t\t\t\t\t\t\t\t\t\t<span class=\"elementor-toggle-icon-closed\"><i class=\"fas fa-caret-right\"><\/i><\/span>\n\t\t\t\t\t\t\t\t<span class=\"elementor-toggle-icon-opened\"><i class=\"elementor-toggle-icon-opened fas fa-caret-up\"><\/i><\/span>\n\t\t\t\t\t\t\t\t\t\t\t\t\t<\/span>\n\t\t\t\t\t\t\t\t\t\t\t\t<a class=\"elementor-toggle-title\" tabindex=\"0\">1. C\u00e1c b\u1ea1n c\u00f3 nh\u1eadn l\u00e0m nh\u1eefng s\u1ea3n ph\u1ea9m t\u00f9y ch\u1ec9nh theo y\u00eau c\u1ea7u kh\u00f4ng?<\/a>\n\t\t\t\t\t<\/div>\n\n\t\t\t\t\t<div id=\"elementor-tab-content-2181\" class=\"elementor-tab-content elementor-clearfix\" data-tab=\"1\" role=\"region\" aria-labelledby=\"elementor-tab-title-2181\"><p><span style=\"color: #000000;\">T\u1ea5t nhi\u00ean l\u00e0 c\u00f3, \u0111\u00e2y l\u00e0 \u0111i\u1ec3m m\u1ea1nh c\u1ee7a ch\u00fang t\u00f4i. H\u00e3y chia s\u1ebb v\u1edbi ch\u00fang t\u00f4i thi\u1ebft k\u1ebf ho\u1eb7c m\u00e0u s\u1eafc y\u00eau th\u00edch c\u1ee7a c\u00e1c b\u1ea1n, ch\u00fang t\u00f4i s\u1ebd gi\u00fap b\u1ea1n t\u1ea1o ra chi\u1ebfc g\u1ed1i ho\u00e0n h\u1ea3o nh\u1ea5t.<\/span><\/p><\/div>\n\t\t\t\t<\/div>\n\t\t\t\t\t\t\t<div class=\"elementor-toggle-item\">\n\t\t\t\t\t<div id=\"elementor-tab-title-2182\" class=\"elementor-tab-title\" data-tab=\"2\" role=\"button\" aria-controls=\"elementor-tab-content-2182\" aria-expanded=\"false\">\n\t\t\t\t\t\t\t\t\t\t\t\t<span class=\"elementor-toggle-icon elementor-toggle-icon-right\" aria-hidden=\"true\">\n\t\t\t\t\t\t\t\t\t\t\t\t\t\t\t<span class=\"elementor-toggle-icon-closed\"><i class=\"fas fa-caret-right\"><\/i><\/span>\n\t\t\t\t\t\t\t\t<span class=\"elementor-toggle-icon-opened\"><i class=\"elementor-toggle-icon-opened fas fa-caret-up\"><\/i><\/span>\n\t\t\t\t\t\t\t\t\t\t\t\t\t<\/span>\n\t\t\t\t\t\t\t\t\t\t\t\t<a class=\"elementor-toggle-title\" tabindex=\"0\">2. L\u00e0m sao \u0111\u1ec3 t\u00f4i gi\u1eef s\u1ea1ch \u0111\u01b0\u1ee3c v\u1ecf \u0111\u1eadu xanh?<\/a>\n\t\t\t\t\t<\/div>\n\n\t\t\t\t\t<div id=\"elementor-tab-content-2182\" class=\"elementor-tab-content elementor-clearfix\" data-tab=\"2\" role=\"region\" aria-labelledby=\"elementor-tab-title-2182\"><p>Ch\u00fang t\u00f4i khuy\u00ean b\u1ea1n kh\u00f4ng n\u00ean r\u1eeda v\u1ecf \u0111\u1eadu xanh. V\u1ecf \u0111\u1eadu xanh c\u1ee7a ch\u00fang t\u00f4i \u0111\u01b0\u1ee3c x\u1eed l\u00fd k\u1ef9 c\u00e0ng v\u00e0 \u0111\u01b0\u1ee3c ph\u01a1i v\u00e0 s\u1ea5y kh\u00f4 hai l\u1ea7n d\u01b0\u1edbi \u00e1nh m\u1eb7t tr\u1eddi v\u00e0 b\u1eb1ng m\u00e1y s\u1ea5y c\u00f4ng nghi\u1ec7p \u0111\u1ec3 \u0111\u1ea3m b\u1ea3o ch\u1ea5t l\u01b0\u1ee3ng t\u1ed1t nh\u1ea5t cho s\u1ee9c kh\u1ecfe c\u1ee7a b\u1ea1n v\u00e0 \u0111\u1ea3m b\u1ea3o s\u1ebd kh\u00f4ng xu\u1ea5t hi\u1ec7n c\u00f4n tr\u00f9ng trong qu\u00e1 tr\u00ecnh s\u1eed d\u1ee5ng. V\u1ecf \u0111\u1eadu xanh l\u00e0 100% thi\u00ean nhi\u00ean v\u00e0 ho\u00e0n to\u00e0n kh\u00f4ng c\u00f3 h\u00f3a ch\u1ea5t \u0111\u1ec3 \u0111\u1ea3m b\u1ea3o s\u1ebd kh\u00f4ng g\u00e2y d\u1ecb \u1ee9ng trong qu\u00e1 tr\u00ecnh s\u1eed d\u1ee5ng. B\u00ean c\u1ea1nh \u0111\u00f3, trong qu\u00e1 tr\u00ecnh s\u1eed d\u1ee5ng g\u1ed1i c\u00f3 th\u1ec3 s\u1ebd b\u1ecb th\u1ea5m m\u1ed3 hooi, ch\u00fang t\u00f4i khuy\u1ebfn ngh\u1ecb b\u1ea1n n\u00ean ph\u01a1i ph\u1ea7n ru\u1ed9t g\u1ed1i (v\u1ecf h\u1ea1t \u0111\u1eadu xanh) d\u01b0\u1edbi n\u1eafng m\u1ed9t l\u1ea7n m\u1ed9t th\u00e1ng.<\/p><\/div>\n\t\t\t\t<\/div>\n\t\t\t\t\t\t\t<div class=\"elementor-toggle-item\">\n\t\t\t\t\t<div id=\"elementor-tab-title-2183\" class=\"elementor-tab-title\" data-tab=\"3\" role=\"button\" aria-controls=\"elementor-tab-content-2183\" aria-expanded=\"false\">\n\t\t\t\t\t\t\t\t\t\t\t\t<span class=\"elementor-toggle-icon elementor-toggle-icon-right\" aria-hidden=\"true\">\n\t\t\t\t\t\t\t\t\t\t\t\t\t\t\t<span class=\"elementor-toggle-icon-closed\"><i class=\"fas fa-caret-right\"><\/i><\/span>\n\t\t\t\t\t\t\t\t<span class=\"elementor-toggle-icon-opened\"><i class=\"elementor-toggle-icon-opened fas fa-caret-up\"><\/i><\/span>\n\t\t\t\t\t\t\t\t\t\t\t\t\t<\/span>\n\t\t\t\t\t\t\t\t\t\t\t\t<a class=\"elementor-toggle-title\" tabindex=\"0\">3. T\u00f4i c\u00f3 n\u00ean gi\u1eb7t ph\u1ea7n v\u1ecf h\u1ea1t v\u00e0 g\u00f2n kh\u00f4ng? Khi n\u00e0o th\u00ec t\u00f4i n\u00ean gi\u1eb7t ch\u00fang?<\/a>\n\t\t\t\t\t<\/div>\n\n\t\t\t\t\t<div id=\"elementor-tab-content-2183\" class=\"elementor-tab-content elementor-clearfix\" data-tab=\"3\" role=\"region\" aria-labelledby=\"elementor-tab-title-2183\"><p>V\u1edbi ph\u1ea7n ru\u1ed9t l\u00e0 100% v\u1ecf h\u1ea1t \u0111\u1eadu xanh v\u00e0 g\u00f2n t\u1ef1 nhi\u00ean, ch\u00fang t\u00f4i khuy\u1ebfn ngh\u1ecb n\u00ean ph\u01a1i ph\u1ea7n ru\u1ed9t kho\u1ea3n m\u1ed9t th\u00e1ng m\u1ed9t l\u1ea7n thay cho vi\u1ec7c gi\u1eb7t.<br \/>For the cover, it depends on your condition and floor sanitation, you can wash it monthly or bi-weekly. Please avoid direct sunlight when drying to maintain the best color on fabric.<\/p><\/div>\n\t\t\t\t<\/div>\n\t\t\t\t\t\t\t<div class=\"elementor-toggle-item\">\n\t\t\t\t\t<div id=\"elementor-tab-title-2184\" class=\"elementor-tab-title\" data-tab=\"4\" role=\"button\" aria-controls=\"elementor-tab-content-2184\" aria-expanded=\"false\">\n\t\t\t\t\t\t\t\t\t\t\t\t<span class=\"elementor-toggle-icon elementor-toggle-icon-right\" aria-hidden=\"true\">\n\t\t\t\t\t\t\t\t\t\t\t\t\t\t\t<span class=\"elementor-toggle-icon-closed\"><i class=\"fas fa-caret-right\"><\/i><\/span>\n\t\t\t\t\t\t\t\t<span class=\"elementor-toggle-icon-opened\"><i class=\"elementor-toggle-icon-opened fas fa-caret-up\"><\/i><\/span>\n\t\t\t\t\t\t\t\t\t\t\t\t\t<\/span>\n\t\t\t\t\t\t\t\t\t\t\t\t<a class=\"elementor-toggle-title\" tabindex=\"0\">4. G\u1ed1i v\u00e0 th\u1ea3m thi\u1ec1n c\u00f3 nh\u1eb9 v\u00e0 d\u1ec5 mang \u0111i kh\u00f4ng?<\/a>\n\t\t\t\t\t<\/div>\n\n\t\t\t\t\t<div id=\"elementor-tab-content-2184\" class=\"elementor-tab-content elementor-clearfix\" data-tab=\"4\" role=\"region\" aria-labelledby=\"elementor-tab-title-2184\"><p>G\u1ed1i thi\u1ec1n n\u1eb7ng kho\u1ea3ng 1.5kg, k\u00edch th\u01b0\u1edbc c\u1ee7a g\u1ed1i l\u00e0 35cm \u0111\u01b0\u1eddng k\u00ednh, 15cm chi\u1ec1u cao. B\u1ea1n c\u00f3 th\u1ec3 d\u1ec5 d\u00e0ng mang chi\u1ebfc g\u1ed1i thi\u1ec1n b\u00ean m\u00ecnh d\u1ec5 d\u00e0ng v\u1edbi m\u1ed9t ph\u1ea7n quai \u0111\u01b0\u1ee3c may c\u00f9ng chi\u1ebfc g\u1ed1i.<br \/>Ph\u1ea7n th\u1ea3m thi\u1ec1n c\u00f3 tr\u1ecdng l\u01b0\u1ee3ng l\u00e0 1.3kg v\u1edbi k\u00edch th\u01b0\u1edbc l\u00e0 75x60x5cm\u00a0<\/p><\/div>\n\t\t\t\t<\/div>\n\t\t\t\t\t\t\t<div class=\"elementor-toggle-item\">\n\t\t\t\t\t<div id=\"elementor-tab-title-2185\" class=\"elementor-tab-title\" data-tab=\"5\" role=\"button\" aria-controls=\"elementor-tab-content-2185\" aria-expanded=\"false\">\n\t\t\t\t\t\t\t\t\t\t\t\t<span class=\"elementor-toggle-icon elementor-toggle-icon-right\" aria-hidden=\"true\">\n\t\t\t\t\t\t\t\t\t\t\t\t\t\t\t<span class=\"elementor-toggle-icon-closed\"><i class=\"fas fa-caret-right\"><\/i><\/span>\n\t\t\t\t\t\t\t\t<span class=\"elementor-toggle-icon-opened\"><i class=\"elementor-toggle-icon-opened fas fa-caret-up\"><\/i><\/span>\n\t\t\t\t\t\t\t\t\t\t\t\t\t<\/span>\n\t\t\t\t\t\t\t\t\t\t\t\t<a class=\"elementor-toggle-title\" tabindex=\"0\">5. T\u00f4i c\u00f3 th\u1ec3 nh\u00ecn th\u1ea5y ph\u1ea7n v\u1ecf \u0111\u1eadu xanh v\u00e0 g\u00f2n \u1edf b\u00ean trong g\u1ed1i v\u00e0 th\u1ea3m thi\u1ec1n hay kh\u00f4ng?<\/a>\n\t\t\t\t\t<\/div>\n\n\t\t\t\t\t<div id=\"elementor-tab-content-2185\" class=\"elementor-tab-content elementor-clearfix\" data-tab=\"5\" role=\"region\" aria-labelledby=\"elementor-tab-title-2185\"><p>T\u1ea5t nhi\u00ean r\u1ed3i! B\u1ea1n ch\u1ec9 c\u1ea7n m\u1edf ph\u1ea7n kh\u00f3a k\u00e9o l\u00e0 c\u00f3 th\u1ec3 d\u1ec5 d\u00e0ng ki\u1ec3m tra v\u00e0 b\u1ea3o qu\u1ea3n ph\u1ea7n ru\u1ed9t b\u00ean trong r\u1ed3i.<\/p><\/div>\n\t\t\t\t<\/div>\n\t\t\t\t\t\t\t<div class=\"elementor-toggle-item\">\n\t\t\t\t\t<div id=\"elementor-tab-title-2186\" class=\"elementor-tab-title\" data-tab=\"6\" role=\"button\" aria-controls=\"elementor-tab-content-2186\" aria-expanded=\"false\">\n\t\t\t\t\t\t\t\t\t\t\t\t<span class=\"elementor-toggle-icon elementor-toggle-icon-right\" aria-hidden=\"true\">\n\t\t\t\t\t\t\t\t\t\t\t\t\t\t\t<span class=\"elementor-toggle-icon-closed\"><i class=\"fas fa-caret-right\"><\/i><\/span>\n\t\t\t\t\t\t\t\t<span class=\"elementor-toggle-icon-opened\"><i class=\"elementor-toggle-icon-opened fas fa-caret-up\"><\/i><\/span>\n\t\t\t\t\t\t\t\t\t\t\t\t\t<\/span>\n\t\t\t\t\t\t\t\t\t\t\t\t<a class=\"elementor-toggle-title\" tabindex=\"0\">6. T\u00f4i n\u00ean l\u00e0m g\u00ec n\u1ebfu s\u1ea3n ph\u1ea9m g\u1eb7p v\u1ea5n \u0111\u1ec1?<\/a>\n\t\t\t\t\t<\/div>\n\n\t\t\t\t\t<div id=\"elementor-tab-content-2186\" class=\"elementor-tab-content elementor-clearfix\" data-tab=\"6\" role=\"region\" aria-labelledby=\"elementor-tab-title-2186\"><p>Vui l\u00f2ng li\u00ean l\u1ea1c v\u1edbi ch\u00fang t\u00f4i theo email: info@latouche.life ho\u1eb7c g\u1ecdi (+84) 777 010 968 n\u1ebfu b\u1ea1n c\u1ea7n gi\u00fap \u0111\u1ee1.<\/p><\/div>\n\t\t\t\t<\/div>\n\t\t\t\t\t\t\t<div class=\"elementor-toggle-item\">\n\t\t\t\t\t<div id=\"elementor-tab-title-2187\" class=\"elementor-tab-title\" data-tab=\"7\" role=\"button\" aria-controls=\"elementor-tab-content-2187\" aria-expanded=\"false\">\n\t\t\t\t\t\t\t\t\t\t\t\t<span class=\"elementor-toggle-icon elementor-toggle-icon-right\" aria-hidden=\"true\">\n\t\t\t\t\t\t\t\t\t\t\t\t\t\t\t<span class=\"elementor-toggle-icon-closed\"><i class=\"fas fa-caret-right\"><\/i><\/span>\n\t\t\t\t\t\t\t\t<span class=\"elementor-toggle-icon-opened\"><i class=\"elementor-toggle-icon-opened fas fa-caret-up\"><\/i><\/span>\n\t\t\t\t\t\t\t\t\t\t\t\t\t<\/span>\n\t\t\t\t\t\t\t\t\t\t\t\t<a class=\"elementor-toggle-title\" tabindex=\"0\">7. S\u1ea3n ph\u1ea9m c\u00f3 \u0111\u01b0\u1ee3c b\u1ea3o h\u00e0nh kh\u00f4ng?<\/a>\n\t\t\t\t\t<\/div>\n\n\t\t\t\t\t<div id=\"elementor-tab-content-2187\" class=\"elementor-tab-content elementor-clearfix\" data-tab=\"7\" role=\"region\" aria-labelledby=\"elementor-tab-title-2187\"><p>Yes! We are happy to give 6 months warranty for any problems related to sewing and zippers. For the organic core part, we advise you to renew the core every two years.<\/p><\/div>\n\t\t\t\t<\/div>\n\t\t\t\t\t\t\t<div class=\"elementor-toggle-item\">\n\t\t\t\t\t<div id=\"elementor-tab-title-2188\" class=\"elementor-tab-title\" data-tab=\"8\" role=\"button\" aria-controls=\"elementor-tab-content-2188\" aria-expanded=\"false\">\n\t\t\t\t\t\t\t\t\t\t\t\t<span class=\"elementor-toggle-icon elementor-toggle-icon-right\" aria-hidden=\"true\">\n\t\t\t\t\t\t\t\t\t\t\t\t\t\t\t<span class=\"elementor-toggle-icon-closed\"><i class=\"fas fa-caret-right\"><\/i><\/span>\n\t\t\t\t\t\t\t\t<span class=\"elementor-toggle-icon-opened\"><i class=\"elementor-toggle-icon-opened fas fa-caret-up\"><\/i><\/span>\n\t\t\t\t\t\t\t\t\t\t\t\t\t<\/span>\n\t\t\t\t\t\t\t\t\t\t\t\t<a class=\"elementor-toggle-title\" tabindex=\"0\">8. C\u00e1c b\u1ea1n c\u00f3 t\u00ecm ki\u1ebfm c\u00e1c nh\u00e0 ph\u00e2n ph\u1ed1i v\u00e0 b\u00e1n l\u1ebb kh\u00f4ng?<\/a>\n\t\t\t\t\t<\/div>\n\n\t\t\t\t\t<div id=\"elementor-tab-content-2188\" class=\"elementor-tab-content elementor-clearfix\" data-tab=\"8\" role=\"region\" aria-labelledby=\"elementor-tab-title-2188\"><p>T\u1ea5t nhi\u00ean r\u1ed3i! N\u1ebfu b\u1ea1n mu\u1ed1n truy\u1ec1n t\u1ea3i th\u00f4ng \u0111i\u1ec7p v\u1ec1 s\u1ee9c kh\u1ecfe, l\u1ed1i s\u1ed1ng h\u1ea1nh ph\u00fac \u0111\u1ebfn m\u1ecdi ng\u01b0\u1eddi, n\u1ebfu b\u1ea1n c\u0169ng quan t\u00e2m \u0111\u1ebfn ph\u00e1t tri\u1ec3n b\u1ec1n v\u1eefng th\u00f4ng qua nh\u1eefng s\u1ea3n ph\u1ea9m ch\u1ea5t l\u01b0\u1ee3ng, v\u00e0 n\u1ebfu b\u1ea1n t\u00e2m huy\u1ebft v\u1edbi vi\u1ec7c cho \u0111i v\u00e0 kh\u00f4ng c\u1ea7u mong nh\u1eadn l\u1ea1i, ch\u00fang t\u00f4i r\u1ea5t vui \u0111\u01b0\u1ee3c l\u1eafng nghe v\u00e0 h\u1ee3p t\u00e1c v\u1edbi b\u1ea1n. H\u00e3y li\u00ean h\u1ec7 v\u1edbi ch\u00fang t\u00f4i t\u1ea1i email info@latouche.life<\/p><\/div>\n\t\t\t\t<\/div>\n\t\t\t\t\t\t\t<div class=\"elementor-toggle-item\">\n\t\t\t\t\t<div id=\"elementor-tab-title-2189\" class=\"elementor-tab-title\" data-tab=\"9\" role=\"button\" aria-controls=\"elementor-tab-content-2189\" aria-expanded=\"false\">\n\t\t\t\t\t\t\t\t\t\t\t\t<span class=\"elementor-toggle-icon elementor-toggle-icon-right\" aria-hidden=\"true\">\n\t\t\t\t\t\t\t\t\t\t\t\t\t\t\t<span class=\"elementor-toggle-icon-closed\"><i class=\"fas fa-caret-right\"><\/i><\/span>\n\t\t\t\t\t\t\t\t<span class=\"elementor-toggle-icon-opened\"><i class=\"elementor-toggle-icon-opened fas fa-caret-up\"><\/i><\/span>\n\t\t\t\t\t\t\t\t\t\t\t\t\t<\/span>\n\t\t\t\t\t\t\t\t\t\t\t\t<a class=\"elementor-toggle-title\" tabindex=\"0\">9. V\u1eady c\u00f2n v\u1ec1 ph\u1ea7n v\u1eadn chuy\u1ec3n h\u00e0ng h\u00f3a?<\/a>\n\t\t\t\t\t<\/div>\n\n\t\t\t\t\t<div id=\"elementor-tab-content-2189\" class=\"elementor-tab-content elementor-clearfix\" data-tab=\"9\" role=\"region\" aria-labelledby=\"elementor-tab-title-2189\"><p>\u01afu ti\u00ean c\u1ee7a ch\u00fang t\u00f4i l\u00e0 c\u00f3 th\u1ec3 trao t\u1eadn tay nh\u1eefng s\u1ea3n ph\u1ea9m t\u1edbi c\u00e1c b\u1ea1n.<br>Ch\u00fang t\u00f4i \u0111ang \u00e1p d\u1ee5ng ch\u00ednh s\u00e1ch mi\u1ec5n ph\u00ed v\u1eadn chuy\u1ec3n cho c\u00e1c \u0111\u01a1n h\u00e0ng t\u1ea1i th\u00e0nh ph\u1ed1 H\u1ed3 Ch\u00ed Minh. H\u01a1n n\u1eefa, ch\u00fang t\u00f4i kh\u00f4ng mu\u1ed1n ph\u00ed v\u1eadn chuy\u1ec3n s\u1ebd l\u00e0 m\u1ed9t tr\u1edf ng\u1ea1i \u0111\u1ec3 c\u00e1c b\u1ea1n c\u00f3 th\u1ec3 ti\u1ebfp c\u1eadn \u0111\u1ebfn s\u1ea3n ph\u1ea9m c\u1ee7a ch\u00fang t\u00f4i. Trong th\u1eddi gian t\u1edbi, ch\u00fang t\u00f4i s\u1ebd c\u1ed1 g\u1eafng c\u00f3 nh\u1eefng ch\u01b0\u01a1ng tr\u00ecnh h\u1ed7 tr\u1ee3 chi ph\u00ed v\u1eadn chuy\u1ec3n cho t\u1ea5t c\u1ea3 c\u00e1c t\u1ec9nh th\u00e0nh \u1edf Vi\u1ec7t Nam.<\/p><\/div>\n\t\t\t\t<\/div>\n\t\t\t\t\t\t\t\t<\/div>\n\t\t\t\t<\/div>\n\t\t\t\t<\/div>\n\t\t\t\t\t<\/div>\n\t\t<\/div>\n\t\t\t\t\t<\/div>\n\t\t<\/section>\n\t\t\t\t<\/div>","protected":false},"excerpt":{"rendered":"<p>FAQ Most frequent questions and answers 1. Can you make a customized product? Customized product is our strength, we are happy to support you to create your meditation buddy. Please feel free to share with us about your ideal design or any color that you love, we will advise and discuss how we can make [&hellip;]<\/p>","protected":false},"author":1,"featured_media":1476,"parent":0,"menu_order":0,"comment_status":"closed","ping_status":"closed","template":"","meta":{"om_disable_all_campaigns":false,"_monsterinsights_skip_tracking":false,"_monsterinsights_sitenote_active":false,"_monsterinsights_sitenote_note":"","_monsterinsights_sitenote_category":0,"footnotes":""},"aioseo_notices":[],"yoast_head":"<!-- This site is optimized with the Yoast SEO plugin v22.7 - https:\/\/yoast.com\/wordpress\/plugins\/seo\/ -->\n<title>FAQ - La Touche<\/title>\n<meta name=\"robots\" content=\"index, follow, max-snippet:-1, max-image-preview:large, max-video-preview:-1\" \/>\n<link rel=\"canonical\" href=\"https:\/\/latouche.life\/vi\/faq\/\" \/>\n<meta property=\"og:locale\" content=\"vi_VN\" \/>\n<meta property=\"og:type\" content=\"article\" \/>\n<meta property=\"og:title\" content=\"FAQ - La Touche\" \/>\n<meta property=\"og:description\" content=\"FAQ Most frequent questions and answers 1. Can you make a customized product? Customized product is our strength, we are happy to support you to create your meditation buddy. Please feel free to share with us about your ideal design or any color that you love, we will advise and discuss how we can make [&hellip;]\" \/>\n<meta property=\"og:url\" content=\"https:\/\/latouche.life\/vi\/faq\/\" \/>\n<meta property=\"og:site_name\" content=\"La Touche\" \/>\n<meta property=\"article:modified_time\" content=\"2021-02-22T14:36:26+00:00\" \/>\n<meta property=\"og:image\" content=\"https:\/\/latouche.life\/wp-content\/uploads\/2020\/06\/IMG_E8999-1.jpg\" \/>\n\t<meta property=\"og:image:width\" content=\"1210\" \/>\n\t<meta property=\"og:image:height\" content=\"908\" \/>\n\t<meta property=\"og:image:type\" content=\"image\/jpeg\" \/>\n<meta name=\"twitter:card\" content=\"summary_large_image\" \/>\n<meta name=\"twitter:label1\" content=\"\u01af\u1edbc t\u00ednh th\u1eddi gian \u0111\u1ecdc\" \/>\n\t<meta name=\"twitter:data1\" content=\"2 ph\u00fat\" \/>\n<script type=\"application\/ld+json\" class=\"yoast-schema-graph\">{\"@context\":\"https:\/\/schema.org\",\"@graph\":[{\"@type\":\"WebPage\",\"@id\":\"https:\/\/latouche.life\/vi\/faq\/\",\"url\":\"https:\/\/latouche.life\/vi\/faq\/\",\"name\":\"FAQ - La Touche\",\"isPartOf\":{\"@id\":\"https:\/\/latouche.life\/#website\"},\"primaryImageOfPage\":{\"@id\":\"https:\/\/latouche.life\/vi\/faq\/#primaryimage\"},\"image\":{\"@id\":\"https:\/\/latouche.life\/vi\/faq\/#primaryimage\"},\"thumbnailUrl\":\"https:\/\/latouche.life\/wp-content\/uploads\/2020\/06\/IMG_E8999-1.jpg\",\"datePublished\":\"2020-06-25T05:08:12+00:00\",\"dateModified\":\"2021-02-22T14:36:26+00:00\",\"breadcrumb\":{\"@id\":\"https:\/\/latouche.life\/vi\/faq\/#breadcrumb\"},\"inLanguage\":\"vi\",\"potentialAction\":[{\"@type\":\"ReadAction\",\"target\":[\"https:\/\/latouche.life\/vi\/faq\/\"]}]},{\"@type\":\"ImageObject\",\"inLanguage\":\"vi\",\"@id\":\"https:\/\/latouche.life\/vi\/faq\/#primaryimage\",\"url\":\"https:\/\/latouche.life\/wp-content\/uploads\/2020\/06\/IMG_E8999-1.jpg\",\"contentUrl\":\"https:\/\/latouche.life\/wp-content\/uploads\/2020\/06\/IMG_E8999-1.jpg\",\"width\":1210,\"height\":908},{\"@type\":\"BreadcrumbList\",\"@id\":\"https:\/\/latouche.life\/vi\/faq\/#breadcrumb\",\"itemListElement\":[{\"@type\":\"ListItem\",\"position\":1,\"name\":\"Home\",\"item\":\"https:\/\/latouche.life\/\"},{\"@type\":\"ListItem\",\"position\":2,\"name\":\"FAQ\"}]},{\"@type\":\"WebSite\",\"@id\":\"https:\/\/latouche.life\/#website\",\"url\":\"https:\/\/latouche.life\/\",\"name\":\"La Touche\",\"description\":\"Create peaceful feeling from organic and natural products\",\"publisher\":{\"@id\":\"https:\/\/latouche.life\/#organization\"},\"potentialAction\":[{\"@type\":\"SearchAction\",\"target\":{\"@type\":\"EntryPoint\",\"urlTemplate\":\"https:\/\/latouche.life\/?s={search_term_string}\"},\"query-input\":\"required name=search_term_string\"}],\"inLanguage\":\"vi\"},{\"@type\":\"Organization\",\"@id\":\"https:\/\/latouche.life\/#organization\",\"name\":\"La Touche\",\"url\":\"https:\/\/latouche.life\/\",\"logo\":{\"@type\":\"ImageObject\",\"inLanguage\":\"vi\",\"@id\":\"https:\/\/latouche.life\/#\/schema\/logo\/image\/\",\"url\":\"https:\/\/latouche.life\/wp-content\/uploads\/2020\/06\/logo_round_white.png\",\"contentUrl\":\"https:\/\/latouche.life\/wp-content\/uploads\/2020\/06\/logo_round_white.png\",\"width\":106,\"height\":106,\"caption\":\"La Touche\"},\"image\":{\"@id\":\"https:\/\/latouche.life\/#\/schema\/logo\/image\/\"}}]}<\/script>\n<!-- \/ Yoast SEO plugin. -->","yoast_head_json":{"title":"FAQ - La Touche","robots":{"index":"index","follow":"follow","max-snippet":"max-snippet:-1","max-image-preview":"max-image-preview:large","max-video-preview":"max-video-preview:-1"},"canonical":"https:\/\/latouche.life\/vi\/faq\/","og_locale":"vi_VN","og_type":"article","og_title":"FAQ - La Touche","og_description":"FAQ Most frequent questions and answers 1. Can you make a customized product? Customized product is our strength, we are happy to support you to create your meditation buddy. Please feel free to share with us about your ideal design or any color that you love, we will advise and discuss how we can make [&hellip;]","og_url":"https:\/\/latouche.life\/vi\/faq\/","og_site_name":"La Touche","article_modified_time":"2021-02-22T14:36:26+00:00","og_image":[{"width":1210,"height":908,"url":"https:\/\/latouche.life\/wp-content\/uploads\/2020\/06\/IMG_E8999-1.jpg","type":"image\/jpeg"}],"twitter_card":"summary_large_image","twitter_misc":{"\u01af\u1edbc t\u00ednh th\u1eddi gian \u0111\u1ecdc":"2 ph\u00fat"},"schema":{"@context":"https:\/\/schema.org","@graph":[{"@type":"WebPage","@id":"https:\/\/latouche.life\/vi\/faq\/","url":"https:\/\/latouche.life\/vi\/faq\/","name":"FAQ - La Touche","isPartOf":{"@id":"https:\/\/latouche.life\/#website"},"primaryImageOfPage":{"@id":"https:\/\/latouche.life\/vi\/faq\/#primaryimage"},"image":{"@id":"https:\/\/latouche.life\/vi\/faq\/#primaryimage"},"thumbnailUrl":"https:\/\/latouche.life\/wp-content\/uploads\/2020\/06\/IMG_E8999-1.jpg","datePublished":"2020-06-25T05:08:12+00:00","dateModified":"2021-02-22T14:36:26+00:00","breadcrumb":{"@id":"https:\/\/latouche.life\/vi\/faq\/#breadcrumb"},"inLanguage":"vi","potentialAction":[{"@type":"ReadAction","target":["https:\/\/latouche.life\/vi\/faq\/"]}]},{"@type":"ImageObject","inLanguage":"vi","@id":"https:\/\/latouche.life\/vi\/faq\/#primaryimage","url":"https:\/\/latouche.life\/wp-content\/uploads\/2020\/06\/IMG_E8999-1.jpg","contentUrl":"https:\/\/latouche.life\/wp-content\/uploads\/2020\/06\/IMG_E8999-1.jpg","width":1210,"height":908},{"@type":"BreadcrumbList","@id":"https:\/\/latouche.life\/vi\/faq\/#breadcrumb","itemListElement":[{"@type":"ListItem","position":1,"name":"Home","item":"https:\/\/latouche.life\/"},{"@type":"ListItem","position":2,"name":"FAQ"}]},{"@type":"WebSite","@id":"https:\/\/latouche.life\/#website","url":"https:\/\/latouche.life\/","name":"La Touche","description":"Create peaceful feeling from organic and natural products","publisher":{"@id":"https:\/\/latouche.life\/#organization"},"potentialAction":[{"@type":"SearchAction","target":{"@type":"EntryPoint","urlTemplate":"https:\/\/latouche.life\/?s={search_term_string}"},"query-input":"required name=search_term_string"}],"inLanguage":"vi"},{"@type":"Organization","@id":"https:\/\/latouche.life\/#organization","name":"La Touche","url":"https:\/\/latouche.life\/","logo":{"@type":"ImageObject","inLanguage":"vi","@id":"https:\/\/latouche.life\/#\/schema\/logo\/image\/","url":"https:\/\/latouche.life\/wp-content\/uploads\/2020\/06\/logo_round_white.png","contentUrl":"https:\/\/latouche.life\/wp-content\/uploads\/2020\/06\/logo_round_white.png","width":106,"height":106,"caption":"La Touche"},"image":{"@id":"https:\/\/latouche.life\/#\/schema\/logo\/image\/"}}]}},"_links":{"self":[{"href":"https:\/\/latouche.life\/vi\/wp-json\/wp\/v2\/pages\/1268"}],"collection":[{"href":"https:\/\/latouche.life\/vi\/wp-json\/wp\/v2\/pages"}],"about":[{"href":"https:\/\/latouche.life\/vi\/wp-json\/wp\/v2\/types\/page"}],"author":[{"embeddable":true,"href":"https:\/\/latouche.life\/vi\/wp-json\/wp\/v2\/users\/1"}],"replies":[{"embeddable":true,"href":"https:\/\/latouche.life\/vi\/wp-json\/wp\/v2\/comments?post=1268"}],"version-history":[{"count":5,"href":"https:\/\/latouche.life\/vi\/wp-json\/wp\/v2\/pages\/1268\/revisions"}],"predecessor-version":[{"id":1929,"href":"https:\/\/latouche.life\/vi\/wp-json\/wp\/v2\/pages\/1268\/revisions\/1929"}],"wp:featuredmedia":[{"embeddable":true,"href":"https:\/\/latouche.life\/vi\/wp-json\/wp\/v2\/media\/1476"}],"wp:attachment":[{"href":"https:\/\/latouche.life\/vi\/wp-json\/wp\/v2\/media?parent=1268"}],"curies":[{"name":"wp","href":"https:\/\/api.w.org\/{rel}","templated":true}]}}