{"id":1232,"date":"2020-06-23T18:46:58","date_gmt":"2020-06-23T18:46:58","guid":{"rendered":"http:\/\/latouche.life\/?page_id=1232"},"modified":"2021-05-17T03:55:24","modified_gmt":"2021-05-17T03:55:24","slug":"bo-doan-toa-cu","status":"publish","type":"page","link":"https:\/\/latouche.life\/vi\/bo-doan-toa-cu\/","title":{"rendered":"B\u1ed2 \u0110O\u00c0N V\u00c0 T\u1eccA C\u1ee4"},"content":{"rendered":"<div data-elementor-type=\"wp-page\" data-elementor-id=\"1232\" class=\"elementor elementor-1232\">\n\t\t\t\t\t\t<section class=\"elementor-section elementor-top-section elementor-element elementor-element-67219319 elementor-section-boxed elementor-section-height-default elementor-section-height-default\" data-id=\"67219319\" data-element_type=\"section\">\n\t\t\t\t\t\t<div class=\"elementor-container elementor-column-gap-default\">\n\t\t\t\t\t<div class=\"elementor-column elementor-col-100 elementor-top-column elementor-element elementor-element-5ffea6a3\" data-id=\"5ffea6a3\" data-element_type=\"column\">\n\t\t\t<div class=\"elementor-widget-wrap elementor-element-populated\">\n\t\t\t\t\t\t<div class=\"elementor-element elementor-element-1af275d elementor-widget elementor-widget-text-editor\" data-id=\"1af275d\" data-element_type=\"widget\" data-widget_type=\"text-editor.default\">\n\t\t\t\t<div class=\"elementor-widget-container\">\n\t\t\t\t\t\t\t<h4>With the message of Inner Peace, we presents two lines of our Zafu and Zabuton.<\/h4>\t\t\t\t\t\t<\/div>\n\t\t\t\t<\/div>\n\t\t\t\t<section class=\"elementor-section elementor-inner-section elementor-element elementor-element-0d4575b elementor-section-boxed elementor-section-height-default elementor-section-height-default\" data-id=\"0d4575b\" data-element_type=\"section\">\n\t\t\t\t\t\t<div class=\"elementor-container elementor-column-gap-default\">\n\t\t\t\t\t<div class=\"elementor-column elementor-col-50 elementor-inner-column elementor-element elementor-element-973e26b\" data-id=\"973e26b\" data-element_type=\"column\">\n\t\t\t<div class=\"elementor-widget-wrap elementor-element-populated\">\n\t\t\t\t\t\t<div class=\"elementor-element elementor-element-ed278bf elementor-widget elementor-widget-heading\" data-id=\"ed278bf\" data-element_type=\"widget\" data-widget_type=\"heading.default\">\n\t\t\t\t<div class=\"elementor-widget-container\">\n\t\t\t<h2 class=\"elementor-heading-title elementor-size-default\"><h3 style=\"font-style: normal; white-space: normal; text-align: center;\"><span style=\"text-decoration-line: underline;\"><span style=\"color: rgb(23, 94, 46);\"><a href=\"https:\/\/latouche.life\/vi\/original\/\" style=\"color: rgb(23, 94, 46);\"><span style=\"font-weight: 700;\">ORIGINAL LINE<\/span><\/a><\/span><\/span><\/h3><\/h2>\t\t<\/div>\n\t\t\t\t<\/div>\n\t\t\t\t<div class=\"elementor-element elementor-element-4e7964e elementor-widget elementor-widget-text-editor\" data-id=\"4e7964e\" data-element_type=\"widget\" data-widget_type=\"text-editor.default\">\n\t\t\t\t<div class=\"elementor-widget-container\">\n\t\t\t\t\t\t\t<p><span style=\"text-align: center;\">L\u1ea5y ngu\u1ed3n c\u1ea3m h\u1ee9ng t\u1eeb 5 nguy\u00ean t\u1ed1 Kim, M\u1ed9c, Th\u1ee7y, H\u1ecfa, Th\u1ed5. Roberge Fulgham c\u00f3 c\u00e2u vi\u1ebft: \u201cNh\u1eadn th\u1ee9c \u0111\u01b0\u1ee3c \u0111i\u1ec1u m\u00ecnh mu\u1ed1n bi\u1ebft. S\u1ed1ng m\u1ed9t cu\u1ed9c s\u1ed1ng c\u00e2n b\u1eb1ng - m\u1ed7i ng\u00e0y m\u1ed9t ch\u00fat, h\u1ecdc m\u1ed9t ch\u00fat v\u00e0 suy ngh\u0129 m\u1ed9t ch\u00fat v\u00e0 v\u1ebd v\u00e0 t\u00f4 v\u00e0 h\u00e1t v\u00e0 nh\u1ea3y m\u00faa v\u00e0 ch\u01a1i v\u00e0 l\u00e0m vi\u1ec7c m\u1ed9t ch\u00fat\u201d. \u0110\u00e2y l\u00e0 d\u00f2ng s\u1ea3n ph\u1ea9m g\u1ed1c c\u1ee7a g\u1ed1i thi\u1ec1n La Touche. D\u00f2ng s\u1ea3n ph\u1ea9m mang tinh th\u1ea7n c\u1ee7a s\u1ef1 t\u0129nh l\u1eb7ng v\u00e0 c\u00e2n b\u1eb1ng m\u00e0 ch\u00fang t\u00f4i mu\u1ed1n truy\u1ec1n \u0111\u1ea1t \u0111\u1ebfn t\u1eebng v\u1ecb kh\u00e1ch gh\u00e9 th\u0103m v\u00e0 mong mu\u1ed1n mang v\u1ec1 cho ng\u00f4i nh\u00e0 th\u00e2n y\u00eau c\u1ee7a m\u00ecnh.<\/span><\/p>\t\t\t\t\t\t<\/div>\n\t\t\t\t<\/div>\n\t\t\t\t<div class=\"elementor-element elementor-element-7b3c910 elementor-widget elementor-widget-image\" data-id=\"7b3c910\" data-element_type=\"widget\" data-widget_type=\"image.default\">\n\t\t\t\t<div class=\"elementor-widget-container\">\n\t\t\t\t\t\t\t\t\t\t\t\t\t<img fetchpriority=\"high\" decoding=\"async\" width=\"960\" height=\"541\" src=\"https:\/\/latouche.life\/wp-content\/uploads\/2021\/04\/Simplicity-1024x577.png\" class=\"attachment-large size-large wp-image-2383\" alt=\"\" srcset=\"https:\/\/latouche.life\/wp-content\/uploads\/2021\/04\/Simplicity-1024x577.png 1024w, https:\/\/latouche.life\/wp-content\/uploads\/2021\/04\/Simplicity-600x338.png 600w, https:\/\/latouche.life\/wp-content\/uploads\/2021\/04\/Simplicity-300x169.png 300w, https:\/\/latouche.life\/wp-content\/uploads\/2021\/04\/Simplicity-768x433.png 768w, https:\/\/latouche.life\/wp-content\/uploads\/2021\/04\/Simplicity-1536x865.png 1536w, https:\/\/latouche.life\/wp-content\/uploads\/2021\/04\/Simplicity-1200x676.png 1200w, https:\/\/latouche.life\/wp-content\/uploads\/2021\/04\/Simplicity-900x507.png 900w, https:\/\/latouche.life\/wp-content\/uploads\/2021\/04\/Simplicity-400x225.png 400w, https:\/\/latouche.life\/wp-content\/uploads\/2021\/04\/Simplicity.png 1640w\" sizes=\"(max-width: 960px) 100vw, 960px\" \/>\t\t\t\t\t\t\t\t\t\t\t\t\t<\/div>\n\t\t\t\t<\/div>\n\t\t\t\t\t<\/div>\n\t\t<\/div>\n\t\t\t\t<div class=\"elementor-column elementor-col-50 elementor-inner-column elementor-element elementor-element-d2b92fc\" data-id=\"d2b92fc\" data-element_type=\"column\">\n\t\t\t<div class=\"elementor-widget-wrap elementor-element-populated\">\n\t\t\t\t\t\t<div class=\"elementor-element elementor-element-573e7a3 elementor-widget elementor-widget-heading\" data-id=\"573e7a3\" data-element_type=\"widget\" data-widget_type=\"heading.default\">\n\t\t\t\t<div class=\"elementor-widget-container\">\n\t\t\t<h2 class=\"elementor-heading-title elementor-size-default\"><h3 style=\"font-style: normal; white-space: normal; text-align: center;\"><span style=\"text-decoration-line: underline;\"><span style=\"color: rgb(23, 94, 46);\"><span style=\"font-weight: 600;\"><a href=\"https:\/\/latouche.life\/vi\/blended\/\" style=\"color: rgb(23, 94, 46);\">BLENDED LINE<\/a><\/span><\/span><\/span><\/h3><\/h2>\t\t<\/div>\n\t\t\t\t<\/div>\n\t\t\t\t<div class=\"elementor-element elementor-element-fd8a8fa elementor-widget elementor-widget-text-editor\" data-id=\"fd8a8fa\" data-element_type=\"widget\" data-widget_type=\"text-editor.default\">\n\t\t\t\t<div class=\"elementor-widget-container\">\n\t\t\t\t\t\t\t<p><span style=\"text-align: justify;\">Alfred Billing Street vi\u1ebft: \u201cM\u1eb9 thi\u00ean nhi\u00ean l\u00e0 th\u1ea7y c\u1ee7a con ng\u01b0\u1eddi. Ng\u01b0\u1eddi m\u1edf kho b\u00e1u c\u1ee7a m\u00ecnh cho cu\u1ed9c t\u00ecm ki\u1ebfm c\u1ee7a nh\u00e2n lo\u1ea1i, gi\u00fap m\u1edf \u0111\u00f4i m\u1eaft, soi s\u00e1ng t\u00e2m tr\u00ed con ng\u01b0\u1eddi v\u00e0 thanh l\u1ecdc tr\u00e1i tim h\u1ecd; m\u1ed9t s\u1ef1 t\u00e1c \u0111\u1ed9ng s\u1ed1ng trong t\u1ea5t c\u1ea3 nh\u1eefng c\u1ea3nh \u0111\u1eb9p v\u00e0 c\u00e1c \u00e2m thanh m\u00e0 s\u1ef1 t\u1ed3n t\u1ea1i c\u1ee7a Ng\u01b0\u1eddi mang l\u1ea1i\u201d.\u00a0<\/span><span style=\"font-family: inherit; font-weight: inherit; text-align: justify;\">Ch\u00fang t\u00f4i quan t\u00e2m s\u00e2u s\u1eafc \u0111\u1ebfn m\u1ed1i li\u00ean k\u1ebft gi\u1eefa con ng\u01b0\u1eddi v\u00e0 thi\u00ean nhi\u00ean xung quanh. D\u00f2ng L\u00e0 Touche Blended nh\u1eafc ch\u00fang ta v\u1ec1 vi\u1ec7c t\u00e1i thi\u1ebft l\u1eadp m\u1ed1i quan h\u1ec7 c\u1ed1t y\u1ebfu tr\u00ean m\u00e0 ch\u00fang ta \u0111\u00e3 l\u00e3ng qu\u00ean qu\u00e1 l\u00e2u.<\/span><\/p>\t\t\t\t\t\t<\/div>\n\t\t\t\t<\/div>\n\t\t\t\t<div class=\"elementor-element elementor-element-c3ba4dc elementor-widget elementor-widget-image\" data-id=\"c3ba4dc\" data-element_type=\"widget\" data-widget_type=\"image.default\">\n\t\t\t\t<div class=\"elementor-widget-container\">\n\t\t\t\t\t\t\t\t\t\t\t\t\t<img decoding=\"async\" width=\"960\" height=\"541\" src=\"https:\/\/latouche.life\/wp-content\/uploads\/2021\/05\/Blue-Brushstroke-Moms-Influencer-Asymmetry-Facebook-Cover-1024x577.png\" class=\"attachment-large size-large wp-image-2386\" alt=\"Blended\" srcset=\"https:\/\/latouche.life\/wp-content\/uploads\/2021\/05\/Blue-Brushstroke-Moms-Influencer-Asymmetry-Facebook-Cover-1024x577.png 1024w, https:\/\/latouche.life\/wp-content\/uploads\/2021\/05\/Blue-Brushstroke-Moms-Influencer-Asymmetry-Facebook-Cover-600x338.png 600w, https:\/\/latouche.life\/wp-content\/uploads\/2021\/05\/Blue-Brushstroke-Moms-Influencer-Asymmetry-Facebook-Cover-300x169.png 300w, https:\/\/latouche.life\/wp-content\/uploads\/2021\/05\/Blue-Brushstroke-Moms-Influencer-Asymmetry-Facebook-Cover-768x433.png 768w, https:\/\/latouche.life\/wp-content\/uploads\/2021\/05\/Blue-Brushstroke-Moms-Influencer-Asymmetry-Facebook-Cover-1536x865.png 1536w, https:\/\/latouche.life\/wp-content\/uploads\/2021\/05\/Blue-Brushstroke-Moms-Influencer-Asymmetry-Facebook-Cover-1200x676.png 1200w, https:\/\/latouche.life\/wp-content\/uploads\/2021\/05\/Blue-Brushstroke-Moms-Influencer-Asymmetry-Facebook-Cover-900x507.png 900w, https:\/\/latouche.life\/wp-content\/uploads\/2021\/05\/Blue-Brushstroke-Moms-Influencer-Asymmetry-Facebook-Cover-400x225.png 400w, https:\/\/latouche.life\/wp-content\/uploads\/2021\/05\/Blue-Brushstroke-Moms-Influencer-Asymmetry-Facebook-Cover.png 1640w\" sizes=\"(max-width: 960px) 100vw, 960px\" \/>\t\t\t\t\t\t\t\t\t\t\t\t\t<\/div>\n\t\t\t\t<\/div>\n\t\t\t\t\t<\/div>\n\t\t<\/div>\n\t\t\t\t\t<\/div>\n\t\t<\/section>\n\t\t\t\t\t<\/div>\n\t\t<\/div>\n\t\t\t\t\t<\/div>\n\t\t<\/section>\n\t\t\t\t<\/div>","protected":false},"excerpt":{"rendered":"<p>With the message of Inner Peace, we presents two lines of our Zafu and Zabuton. ORIGINAL LINE Inspired by the balance of the five elements (fire, metal, water, wood, earth). &#8220;Be aware of wonder. Live a balanced life &#8211; learn some and think some and draw and paint and sing and dance and play and [&hellip;]<\/p>","protected":false},"author":1,"featured_media":1849,"parent":0,"menu_order":0,"comment_status":"closed","ping_status":"closed","template":"","meta":{"om_disable_all_campaigns":false,"_monsterinsights_skip_tracking":false,"_monsterinsights_sitenote_active":false,"_monsterinsights_sitenote_note":"","_monsterinsights_sitenote_category":0,"footnotes":""},"aioseo_notices":[],"yoast_head":"<!-- This site is optimized with the Yoast SEO plugin v22.7 - https:\/\/yoast.com\/wordpress\/plugins\/seo\/ -->\n<title>ZAFU AND ZABUTON - La Touche<\/title>\n<meta name=\"robots\" content=\"index, follow, max-snippet:-1, max-image-preview:large, max-video-preview:-1\" \/>\n<link rel=\"canonical\" href=\"https:\/\/latouche.life\/vi\/bo-doan-toa-cu\/\" \/>\n<meta property=\"og:locale\" content=\"vi_VN\" \/>\n<meta property=\"og:type\" content=\"article\" \/>\n<meta property=\"og:title\" content=\"ZAFU AND ZABUTON - La Touche\" \/>\n<meta property=\"og:description\" content=\"With the message of Inner Peace, we presents two lines of our Zafu and Zabuton. ORIGINAL LINE Inspired by the balance of the five elements (fire, metal, water, wood, earth). &#8220;Be aware of wonder. Live a balanced life &#8211; learn some and think some and draw and paint and sing and dance and play and [&hellip;]\" \/>\n<meta property=\"og:url\" content=\"https:\/\/latouche.life\/vi\/bo-doan-toa-cu\/\" \/>\n<meta property=\"og:site_name\" content=\"La Touche\" \/>\n<meta property=\"article:modified_time\" content=\"2021-05-17T03:55:24+00:00\" \/>\n<meta property=\"og:image\" content=\"https:\/\/latouche.life\/wp-content\/uploads\/2020\/11\/HEADER_PRODUCT.jpg\" \/>\n\t<meta property=\"og:image:width\" content=\"1478\" \/>\n\t<meta property=\"og:image:height\" content=\"979\" \/>\n\t<meta property=\"og:image:type\" content=\"image\/jpeg\" \/>\n<meta name=\"twitter:card\" content=\"summary_large_image\" \/>\n<meta name=\"twitter:label1\" content=\"\u01af\u1edbc t\u00ednh th\u1eddi gian \u0111\u1ecdc\" \/>\n\t<meta name=\"twitter:data1\" content=\"1 ph\u00fat\" \/>\n<script type=\"application\/ld+json\" class=\"yoast-schema-graph\">{\"@context\":\"https:\/\/schema.org\",\"@graph\":[{\"@type\":\"WebPage\",\"@id\":\"https:\/\/latouche.life\/vi\/bo-doan-toa-cu\/\",\"url\":\"https:\/\/latouche.life\/vi\/bo-doan-toa-cu\/\",\"name\":\"ZAFU AND ZABUTON - La Touche\",\"isPartOf\":{\"@id\":\"https:\/\/latouche.life\/#website\"},\"primaryImageOfPage\":{\"@id\":\"https:\/\/latouche.life\/vi\/bo-doan-toa-cu\/#primaryimage\"},\"image\":{\"@id\":\"https:\/\/latouche.life\/vi\/bo-doan-toa-cu\/#primaryimage\"},\"thumbnailUrl\":\"https:\/\/latouche.life\/wp-content\/uploads\/2020\/11\/HEADER_PRODUCT.jpg\",\"datePublished\":\"2020-06-23T18:46:58+00:00\",\"dateModified\":\"2021-05-17T03:55:24+00:00\",\"breadcrumb\":{\"@id\":\"https:\/\/latouche.life\/vi\/bo-doan-toa-cu\/#breadcrumb\"},\"inLanguage\":\"vi\",\"potentialAction\":[{\"@type\":\"ReadAction\",\"target\":[\"https:\/\/latouche.life\/vi\/bo-doan-toa-cu\/\"]}]},{\"@type\":\"ImageObject\",\"inLanguage\":\"vi\",\"@id\":\"https:\/\/latouche.life\/vi\/bo-doan-toa-cu\/#primaryimage\",\"url\":\"https:\/\/latouche.life\/wp-content\/uploads\/2020\/11\/HEADER_PRODUCT.jpg\",\"contentUrl\":\"https:\/\/latouche.life\/wp-content\/uploads\/2020\/11\/HEADER_PRODUCT.jpg\",\"width\":1478,\"height\":979,\"caption\":\"B\u1ed3 \u0111o\u00e0n v\u00e0 t\u1ecda c\u1ee5\"},{\"@type\":\"BreadcrumbList\",\"@id\":\"https:\/\/latouche.life\/vi\/bo-doan-toa-cu\/#breadcrumb\",\"itemListElement\":[{\"@type\":\"ListItem\",\"position\":1,\"name\":\"Home\",\"item\":\"https:\/\/latouche.life\/\"},{\"@type\":\"ListItem\",\"position\":2,\"name\":\"ZAFU AND ZABUTON\"}]},{\"@type\":\"WebSite\",\"@id\":\"https:\/\/latouche.life\/#website\",\"url\":\"https:\/\/latouche.life\/\",\"name\":\"La Touche\",\"description\":\"Create peaceful feeling from organic and natural products\",\"publisher\":{\"@id\":\"https:\/\/latouche.life\/#organization\"},\"potentialAction\":[{\"@type\":\"SearchAction\",\"target\":{\"@type\":\"EntryPoint\",\"urlTemplate\":\"https:\/\/latouche.life\/?s={search_term_string}\"},\"query-input\":\"required name=search_term_string\"}],\"inLanguage\":\"vi\"},{\"@type\":\"Organization\",\"@id\":\"https:\/\/latouche.life\/#organization\",\"name\":\"La Touche\",\"url\":\"https:\/\/latouche.life\/\",\"logo\":{\"@type\":\"ImageObject\",\"inLanguage\":\"vi\",\"@id\":\"https:\/\/latouche.life\/#\/schema\/logo\/image\/\",\"url\":\"https:\/\/latouche.life\/wp-content\/uploads\/2020\/06\/logo_round_white.png\",\"contentUrl\":\"https:\/\/latouche.life\/wp-content\/uploads\/2020\/06\/logo_round_white.png\",\"width\":106,\"height\":106,\"caption\":\"La Touche\"},\"image\":{\"@id\":\"https:\/\/latouche.life\/#\/schema\/logo\/image\/\"}}]}<\/script>\n<!-- \/ Yoast SEO plugin. -->","yoast_head_json":{"title":"ZAFU AND ZABUTON - La Touche","robots":{"index":"index","follow":"follow","max-snippet":"max-snippet:-1","max-image-preview":"max-image-preview:large","max-video-preview":"max-video-preview:-1"},"canonical":"https:\/\/latouche.life\/vi\/bo-doan-toa-cu\/","og_locale":"vi_VN","og_type":"article","og_title":"ZAFU AND ZABUTON - La Touche","og_description":"With the message of Inner Peace, we presents two lines of our Zafu and Zabuton. ORIGINAL LINE Inspired by the balance of the five elements (fire, metal, water, wood, earth). &#8220;Be aware of wonder. Live a balanced life &#8211; learn some and think some and draw and paint and sing and dance and play and [&hellip;]","og_url":"https:\/\/latouche.life\/vi\/bo-doan-toa-cu\/","og_site_name":"La Touche","article_modified_time":"2021-05-17T03:55:24+00:00","og_image":[{"width":1478,"height":979,"url":"https:\/\/latouche.life\/wp-content\/uploads\/2020\/11\/HEADER_PRODUCT.jpg","type":"image\/jpeg"}],"twitter_card":"summary_large_image","twitter_misc":{"\u01af\u1edbc t\u00ednh th\u1eddi gian \u0111\u1ecdc":"1 ph\u00fat"},"schema":{"@context":"https:\/\/schema.org","@graph":[{"@type":"WebPage","@id":"https:\/\/latouche.life\/vi\/bo-doan-toa-cu\/","url":"https:\/\/latouche.life\/vi\/bo-doan-toa-cu\/","name":"ZAFU AND ZABUTON - La Touche","isPartOf":{"@id":"https:\/\/latouche.life\/#website"},"primaryImageOfPage":{"@id":"https:\/\/latouche.life\/vi\/bo-doan-toa-cu\/#primaryimage"},"image":{"@id":"https:\/\/latouche.life\/vi\/bo-doan-toa-cu\/#primaryimage"},"thumbnailUrl":"https:\/\/latouche.life\/wp-content\/uploads\/2020\/11\/HEADER_PRODUCT.jpg","datePublished":"2020-06-23T18:46:58+00:00","dateModified":"2021-05-17T03:55:24+00:00","breadcrumb":{"@id":"https:\/\/latouche.life\/vi\/bo-doan-toa-cu\/#breadcrumb"},"inLanguage":"vi","potentialAction":[{"@type":"ReadAction","target":["https:\/\/latouche.life\/vi\/bo-doan-toa-cu\/"]}]},{"@type":"ImageObject","inLanguage":"vi","@id":"https:\/\/latouche.life\/vi\/bo-doan-toa-cu\/#primaryimage","url":"https:\/\/latouche.life\/wp-content\/uploads\/2020\/11\/HEADER_PRODUCT.jpg","contentUrl":"https:\/\/latouche.life\/wp-content\/uploads\/2020\/11\/HEADER_PRODUCT.jpg","width":1478,"height":979,"caption":"B\u1ed3 \u0111o\u00e0n v\u00e0 t\u1ecda c\u1ee5"},{"@type":"BreadcrumbList","@id":"https:\/\/latouche.life\/vi\/bo-doan-toa-cu\/#breadcrumb","itemListElement":[{"@type":"ListItem","position":1,"name":"Home","item":"https:\/\/latouche.life\/"},{"@type":"ListItem","position":2,"name":"ZAFU AND ZABUTON"}]},{"@type":"WebSite","@id":"https:\/\/latouche.life\/#website","url":"https:\/\/latouche.life\/","name":"La Touche","description":"Create peaceful feeling from organic and natural products","publisher":{"@id":"https:\/\/latouche.life\/#organization"},"potentialAction":[{"@type":"SearchAction","target":{"@type":"EntryPoint","urlTemplate":"https:\/\/latouche.life\/?s={search_term_string}"},"query-input":"required name=search_term_string"}],"inLanguage":"vi"},{"@type":"Organization","@id":"https:\/\/latouche.life\/#organization","name":"La Touche","url":"https:\/\/latouche.life\/","logo":{"@type":"ImageObject","inLanguage":"vi","@id":"https:\/\/latouche.life\/#\/schema\/logo\/image\/","url":"https:\/\/latouche.life\/wp-content\/uploads\/2020\/06\/logo_round_white.png","contentUrl":"https:\/\/latouche.life\/wp-content\/uploads\/2020\/06\/logo_round_white.png","width":106,"height":106,"caption":"La Touche"},"image":{"@id":"https:\/\/latouche.life\/#\/schema\/logo\/image\/"}}]}},"_links":{"self":[{"href":"https:\/\/latouche.life\/vi\/wp-json\/wp\/v2\/pages\/1232"}],"collection":[{"href":"https:\/\/latouche.life\/vi\/wp-json\/wp\/v2\/pages"}],"about":[{"href":"https:\/\/latouche.life\/vi\/wp-json\/wp\/v2\/types\/page"}],"author":[{"embeddable":true,"href":"https:\/\/latouche.life\/vi\/wp-json\/wp\/v2\/users\/1"}],"replies":[{"embeddable":true,"href":"https:\/\/latouche.life\/vi\/wp-json\/wp\/v2\/comments?post=1232"}],"version-history":[{"count":5,"href":"https:\/\/latouche.life\/vi\/wp-json\/wp\/v2\/pages\/1232\/revisions"}],"predecessor-version":[{"id":2415,"href":"https:\/\/latouche.life\/vi\/wp-json\/wp\/v2\/pages\/1232\/revisions\/2415"}],"wp:featuredmedia":[{"embeddable":true,"href":"https:\/\/latouche.life\/vi\/wp-json\/wp\/v2\/media\/1849"}],"wp:attachment":[{"href":"https:\/\/latouche.life\/vi\/wp-json\/wp\/v2\/media?parent=1232"}],"curies":[{"name":"wp","href":"https:\/\/api.w.org\/{rel}","templated":true}]}}