{"id":1219,"date":"2020-06-23T18:30:11","date_gmt":"2020-06-23T18:30:11","guid":{"rendered":"http:\/\/latouche.life\/?page_id=1219"},"modified":"2024-05-21T15:23:04","modified_gmt":"2024-05-21T15:23:04","slug":"original","status":"publish","type":"page","link":"https:\/\/latouche.life\/vi\/original\/","title":{"rendered":"D\u00f2ng La Touche Original"},"content":{"rendered":"<div data-elementor-type=\"wp-page\" data-elementor-id=\"1219\" class=\"elementor elementor-1219\">\n\t\t\t\t\t\t<section class=\"elementor-section elementor-top-section elementor-element elementor-element-53218e1 elementor-section-boxed elementor-section-height-default elementor-section-height-default\" data-id=\"53218e1\" data-element_type=\"section\">\n\t\t\t\t\t\t<div class=\"elementor-container elementor-column-gap-default\">\n\t\t\t\t\t<div class=\"elementor-column elementor-col-50 elementor-top-column elementor-element elementor-element-21c42a4\" data-id=\"21c42a4\" data-element_type=\"column\">\n\t\t\t<div class=\"elementor-widget-wrap elementor-element-populated\">\n\t\t\t\t\t\t<div class=\"elementor-element elementor-element-005396b elementor-widget elementor-widget-image\" data-id=\"005396b\" data-element_type=\"widget\" data-widget_type=\"image.default\">\n\t\t\t\t<div class=\"elementor-widget-container\">\n\t\t\t\t\t\t\t\t\t\t\t\t\t\t<a href=\"https:\/\/latouche.life\/vi\/happiness\/\">\n\t\t\t\t\t\t\t<img fetchpriority=\"high\" decoding=\"async\" width=\"877\" height=\"620\" src=\"https:\/\/latouche.life\/wp-content\/uploads\/2024\/03\/Happiness.jpg\" class=\"attachment-large size-large wp-image-3867\" alt=\"\" srcset=\"https:\/\/latouche.life\/wp-content\/uploads\/2024\/03\/Happiness.jpg 877w, https:\/\/latouche.life\/wp-content\/uploads\/2024\/03\/Happiness-300x212.jpg 300w, https:\/\/latouche.life\/wp-content\/uploads\/2024\/03\/Happiness-768x543.jpg 768w, https:\/\/latouche.life\/wp-content\/uploads\/2024\/03\/Happiness-18x12.jpg 18w, https:\/\/latouche.life\/wp-content\/uploads\/2024\/03\/Happiness-400x283.jpg 400w, https:\/\/latouche.life\/wp-content\/uploads\/2024\/03\/Happiness-600x424.jpg 600w\" sizes=\"(max-width: 877px) 100vw, 877px\" \/>\t\t\t\t\t\t\t\t<\/a>\n\t\t\t\t\t\t\t\t\t\t\t\t\t<\/div>\n\t\t\t\t<\/div>\n\t\t\t\t\t<\/div>\n\t\t<\/div>\n\t\t\t\t<div class=\"elementor-column elementor-col-50 elementor-top-column elementor-element elementor-element-db82caf\" data-id=\"db82caf\" data-element_type=\"column\">\n\t\t\t<div class=\"elementor-widget-wrap elementor-element-populated\">\n\t\t\t\t\t\t<div class=\"elementor-element elementor-element-864f35e elementor-widget elementor-widget-text-editor\" data-id=\"864f35e\" data-element_type=\"widget\" data-widget_type=\"text-editor.default\">\n\t\t\t\t<div class=\"elementor-widget-container\">\n\t\t\t\t\t\t\t<h3><a href=\"https:\/\/latouche.life\/vi\/happiness\/\"><strong><span style=\"color: #175e2e;\">happiness<\/span><\/strong><\/a><\/h3><p>\"Kh\u00f4ng c\u00f3 con \u0111\u01b0\u1eddng \u0111i \u0111\u1ebfn H\u1ea1nh ph\u00fac: H\u1ea1nh ph\u00fac ch\u00ednh l\u00e0 con \u0111\u01b0\u1eddng \u1ea5y\"<\/p>\t\t\t\t\t\t<\/div>\n\t\t\t\t<\/div>\n\t\t\t\t\t<\/div>\n\t\t<\/div>\n\t\t\t\t\t<\/div>\n\t\t<\/section>\n\t\t\t\t<section class=\"elementor-section elementor-top-section elementor-element elementor-element-ca18552 elementor-section-boxed elementor-section-height-default elementor-section-height-default\" data-id=\"ca18552\" data-element_type=\"section\">\n\t\t\t\t\t\t<div class=\"elementor-container elementor-column-gap-default\">\n\t\t\t\t\t<div class=\"elementor-column elementor-col-50 elementor-top-column elementor-element elementor-element-c1f1da1\" data-id=\"c1f1da1\" data-element_type=\"column\">\n\t\t\t<div class=\"elementor-widget-wrap elementor-element-populated\">\n\t\t\t\t\t\t<div class=\"elementor-element elementor-element-2b998c4 elementor-widget elementor-widget-text-editor\" data-id=\"2b998c4\" data-element_type=\"widget\" data-widget_type=\"text-editor.default\">\n\t\t\t\t<div class=\"elementor-widget-container\">\n\t\t\t\t\t\t\t<h3><strong><span style=\"color: #175e2e;\"><a style=\"color: #175e2e;\" href=\"https:\/\/latouche.life\/vi\/full-moon\/\">Full Moon<\/a><\/span><\/strong><\/h3><p>\u201cC\u00f4 \u1ea5y t\u1eebng n\u00f3i v\u1edbi t\u00f4i r\u1eb1ng tr\u0103ng tr\u00f2n l\u00e0 l\u00fac nh\u1eefng \u0111i\u1ec1u b\u00ed \u1ea9n x\u1ea3y ra v\u00e0 \u0111i\u1ec1u \u01b0\u1edbc tr\u1edf th\u00e0nh hi\u1ec7n th\u1ef1c.\u201d<\/p><p>- Shannon A.Thompson, Tuy\u1ebft Th\u00e1ng 11<\/p>\t\t\t\t\t\t<\/div>\n\t\t\t\t<\/div>\n\t\t\t\t\t<\/div>\n\t\t<\/div>\n\t\t\t\t<div class=\"elementor-column elementor-col-50 elementor-top-column elementor-element elementor-element-545c697\" data-id=\"545c697\" data-element_type=\"column\">\n\t\t\t<div class=\"elementor-widget-wrap elementor-element-populated\">\n\t\t\t\t\t\t<div class=\"elementor-element elementor-element-b47a299 elementor-widget elementor-widget-image\" data-id=\"b47a299\" data-element_type=\"widget\" data-widget_type=\"image.default\">\n\t\t\t\t<div class=\"elementor-widget-container\">\n\t\t\t\t\t\t\t\t\t\t\t\t\t\t<a href=\"https:\/\/latouche.life\/vi\/full-moon\/\">\n\t\t\t\t\t\t\t<img decoding=\"async\" width=\"702\" height=\"496\" src=\"https:\/\/latouche.life\/wp-content\/uploads\/2021\/04\/FM_2.jpg\" class=\"attachment-large size-large wp-image-2223\" alt=\"\" srcset=\"https:\/\/latouche.life\/wp-content\/uploads\/2021\/04\/FM_2.jpg 702w, https:\/\/latouche.life\/wp-content\/uploads\/2021\/04\/FM_2-600x424.jpg 600w, https:\/\/latouche.life\/wp-content\/uploads\/2021\/04\/FM_2-300x212.jpg 300w, https:\/\/latouche.life\/wp-content\/uploads\/2021\/04\/FM_2-400x283.jpg 400w\" sizes=\"(max-width: 702px) 100vw, 702px\" \/>\t\t\t\t\t\t\t\t<\/a>\n\t\t\t\t\t\t\t\t\t\t\t\t\t<\/div>\n\t\t\t\t<\/div>\n\t\t\t\t\t<\/div>\n\t\t<\/div>\n\t\t\t\t\t<\/div>\n\t\t<\/section>\n\t\t\t\t<section class=\"elementor-section elementor-top-section elementor-element elementor-element-084ca59 elementor-reverse-mobile elementor-section-boxed elementor-section-height-default elementor-section-height-default\" data-id=\"084ca59\" data-element_type=\"section\">\n\t\t\t\t\t\t<div class=\"elementor-container elementor-column-gap-default\">\n\t\t\t\t\t<div class=\"elementor-column elementor-col-50 elementor-top-column elementor-element elementor-element-889fa83\" data-id=\"889fa83\" data-element_type=\"column\">\n\t\t\t<div class=\"elementor-widget-wrap elementor-element-populated\">\n\t\t\t\t\t\t<div class=\"elementor-element elementor-element-778e75e elementor-widget elementor-widget-image\" data-id=\"778e75e\" data-element_type=\"widget\" data-widget_type=\"image.default\">\n\t\t\t\t<div class=\"elementor-widget-container\">\n\t\t\t\t\t\t\t\t\t\t\t\t\t\t<a href=\"https:\/\/latouche.life\/vi\/cloud-nine\/\">\n\t\t\t\t\t\t\t<img decoding=\"async\" width=\"702\" height=\"496\" src=\"https:\/\/latouche.life\/wp-content\/uploads\/2021\/04\/CN_2.jpg\" class=\"attachment-large size-large wp-image-2220\" alt=\"\" srcset=\"https:\/\/latouche.life\/wp-content\/uploads\/2021\/04\/CN_2.jpg 702w, https:\/\/latouche.life\/wp-content\/uploads\/2021\/04\/CN_2-600x424.jpg 600w, https:\/\/latouche.life\/wp-content\/uploads\/2021\/04\/CN_2-300x212.jpg 300w, https:\/\/latouche.life\/wp-content\/uploads\/2021\/04\/CN_2-400x283.jpg 400w\" sizes=\"(max-width: 702px) 100vw, 702px\" \/>\t\t\t\t\t\t\t\t<\/a>\n\t\t\t\t\t\t\t\t\t\t\t\t\t<\/div>\n\t\t\t\t<\/div>\n\t\t\t\t\t<\/div>\n\t\t<\/div>\n\t\t\t\t<div class=\"elementor-column elementor-col-50 elementor-top-column elementor-element elementor-element-fb8b6e0\" data-id=\"fb8b6e0\" data-element_type=\"column\">\n\t\t\t<div class=\"elementor-widget-wrap elementor-element-populated\">\n\t\t\t\t\t\t<div class=\"elementor-element elementor-element-dc23b2a elementor-widget elementor-widget-text-editor\" data-id=\"dc23b2a\" data-element_type=\"widget\" data-widget_type=\"text-editor.default\">\n\t\t\t\t<div class=\"elementor-widget-container\">\n\t\t\t\t\t\t\t<h3><strong><span style=\"color: #175e2e;\"><a style=\"color: #175e2e;\" href=\"https:\/\/latouche.life\/vi\/cloud-nine\/\">Cloud nine<\/a><\/span><\/strong><\/h3><p>\u201cNh\u1eefng \u0111\u00e1m m\u00e2y tr\u00f4i v\u00e0o cu\u1ed9c \u0111\u1eddi t\u00f4i, \nkh\u00f4ng c\u00f2n \u0111\u1ec3 mang theo m\u01b0a hay b\u00e3o b\u00f9ng n\u1eefa, \nm\u00e0 \u0111\u1ec3 t\u00f4 \u0111i\u1ec3m th\u00eam m\u00e0u s\u1eafc cho b\u1ea7u tr\u1eddi ho\u00e0ng h\u00f4n c\u1ee7a t\u00f4i.\u201d<\/p><p>&#8211; Rabindranath Tagore, Stray Birds<\/p>\t\t\t\t\t\t<\/div>\n\t\t\t\t<\/div>\n\t\t\t\t\t<\/div>\n\t\t<\/div>\n\t\t\t\t\t<\/div>\n\t\t<\/section>\n\t\t\t\t<section class=\"elementor-section elementor-top-section elementor-element elementor-element-dc36403 elementor-section-boxed elementor-section-height-default elementor-section-height-default\" data-id=\"dc36403\" data-element_type=\"section\">\n\t\t\t\t\t\t<div class=\"elementor-container elementor-column-gap-default\">\n\t\t\t\t\t<div class=\"elementor-column elementor-col-50 elementor-top-column elementor-element elementor-element-208f53e\" data-id=\"208f53e\" data-element_type=\"column\">\n\t\t\t<div class=\"elementor-widget-wrap elementor-element-populated\">\n\t\t\t\t\t\t<div class=\"elementor-element elementor-element-d0b9925 elementor-widget elementor-widget-text-editor\" data-id=\"d0b9925\" data-element_type=\"widget\" data-widget_type=\"text-editor.default\">\n\t\t\t\t<div class=\"elementor-widget-container\">\n\t\t\t\t\t\t\t<h3><strong><span style=\"color: #175e2e;\"><a style=\"color: #175e2e;\" href=\"https:\/\/latouche.life\/vi\/deep-jungle\/\">Deep jungle<\/a><\/span><\/strong><\/h3><p>\u201cR\u1eebng l\u00e0 m\u1ed9t sinh v\u1eadt \u0111\u1eb7c bi\u1ec7t c\u1ee7a l\u00f2ng t\u1ed1t v\u00e0 l\u00f2ng nh\u00e2n t\u1eeb v\u00f4 h\u1ea1n. R\u1eebng kh\u00f4ng \u0111\u00f2i h\u1ecfi g\u00ec cho s\u1ef1 t\u1ed3n t\u1ea1i c\u1ee7a m\u00ecnh, ng\u01b0\u1ee3c l\u1ea1i, R\u1eebng c\u00f2n m\u1edf r\u1ed9ng m\u1ed9t c\u00e1ch h\u00e0o ph\u00f3ng c\u00e1c s\u1ea3n v\u1eadt t\u1eeb s\u1ef1 s\u1ed1ng v\u00e0 ho\u1ea1t \u0111\u1ed9ng c\u1ee7a n\u00f3; R\u1eebng mang l\u1ea1i s\u1ef1 b\u1ea3o v\u1ec7 cho t\u1ea5t c\u1ea3 ch\u00fang sinh.\u201d<\/p><p>&#8211; Buddhist\u00a0 Sutra<\/p>\t\t\t\t\t\t<\/div>\n\t\t\t\t<\/div>\n\t\t\t\t\t<\/div>\n\t\t<\/div>\n\t\t\t\t<div class=\"elementor-column elementor-col-50 elementor-top-column elementor-element elementor-element-6568832\" data-id=\"6568832\" data-element_type=\"column\">\n\t\t\t<div class=\"elementor-widget-wrap elementor-element-populated\">\n\t\t\t\t\t\t<div class=\"elementor-element elementor-element-9bdf7e5 elementor-widget elementor-widget-image\" data-id=\"9bdf7e5\" data-element_type=\"widget\" data-widget_type=\"image.default\">\n\t\t\t\t<div class=\"elementor-widget-container\">\n\t\t\t\t\t\t\t\t\t\t\t\t\t\t<a href=\"https:\/\/latouche.life\/vi\/deep-jungle\/\">\n\t\t\t\t\t\t\t<img loading=\"lazy\" decoding=\"async\" width=\"702\" height=\"496\" src=\"https:\/\/latouche.life\/wp-content\/uploads\/2021\/04\/DJ_2.jpg\" class=\"attachment-large size-large wp-image-2222\" alt=\"\" srcset=\"https:\/\/latouche.life\/wp-content\/uploads\/2021\/04\/DJ_2.jpg 702w, https:\/\/latouche.life\/wp-content\/uploads\/2021\/04\/DJ_2-600x424.jpg 600w, https:\/\/latouche.life\/wp-content\/uploads\/2021\/04\/DJ_2-300x212.jpg 300w, https:\/\/latouche.life\/wp-content\/uploads\/2021\/04\/DJ_2-400x283.jpg 400w\" sizes=\"(max-width: 702px) 100vw, 702px\" \/>\t\t\t\t\t\t\t\t<\/a>\n\t\t\t\t\t\t\t\t\t\t\t\t\t<\/div>\n\t\t\t\t<\/div>\n\t\t\t\t\t<\/div>\n\t\t<\/div>\n\t\t\t\t\t<\/div>\n\t\t<\/section>\n\t\t\t\t<section class=\"elementor-section elementor-top-section elementor-element elementor-element-5dd4a71 elementor-reverse-mobile elementor-section-boxed elementor-section-height-default elementor-section-height-default\" data-id=\"5dd4a71\" data-element_type=\"section\">\n\t\t\t\t\t\t<div class=\"elementor-container elementor-column-gap-default\">\n\t\t\t\t\t<div class=\"elementor-column elementor-col-50 elementor-top-column elementor-element elementor-element-d3a6a82\" data-id=\"d3a6a82\" data-element_type=\"column\">\n\t\t\t<div class=\"elementor-widget-wrap elementor-element-populated\">\n\t\t\t\t\t\t<div class=\"elementor-element elementor-element-7e47a3e elementor-widget elementor-widget-image\" data-id=\"7e47a3e\" data-element_type=\"widget\" data-widget_type=\"image.default\">\n\t\t\t\t<div class=\"elementor-widget-container\">\n\t\t\t\t\t\t\t\t\t\t\t\t\t<img loading=\"lazy\" decoding=\"async\" width=\"702\" height=\"496\" src=\"https:\/\/latouche.life\/wp-content\/uploads\/2021\/04\/BA_2.jpg\" class=\"attachment-large size-large wp-image-2218\" alt=\"\" srcset=\"https:\/\/latouche.life\/wp-content\/uploads\/2021\/04\/BA_2.jpg 702w, https:\/\/latouche.life\/wp-content\/uploads\/2021\/04\/BA_2-600x424.jpg 600w, https:\/\/latouche.life\/wp-content\/uploads\/2021\/04\/BA_2-300x212.jpg 300w, https:\/\/latouche.life\/wp-content\/uploads\/2021\/04\/BA_2-400x283.jpg 400w\" sizes=\"(max-width: 702px) 100vw, 702px\" \/>\t\t\t\t\t\t\t\t\t\t\t\t\t<\/div>\n\t\t\t\t<\/div>\n\t\t\t\t\t<\/div>\n\t\t<\/div>\n\t\t\t\t<div class=\"elementor-column elementor-col-50 elementor-top-column elementor-element elementor-element-fcc378a\" data-id=\"fcc378a\" data-element_type=\"column\">\n\t\t\t<div class=\"elementor-widget-wrap elementor-element-populated\">\n\t\t\t\t\t\t<div class=\"elementor-element elementor-element-d16d74a elementor-widget elementor-widget-text-editor\" data-id=\"d16d74a\" data-element_type=\"widget\" data-widget_type=\"text-editor.default\">\n\t\t\t\t<div class=\"elementor-widget-container\">\n\t\t\t\t\t\t\t<h3><strong><span style=\"color: #175e2e;\"><a style=\"color: #175e2e;\" href=\"https:\/\/latouche.life\/vi\/balance-art\/\">Balance art<\/a><\/span><\/strong><\/h3><p>\"H\u1ea1nh ph\u00fac kh\u00f4ng ph\u1ea3i l\u00e0 v\u1ea5n \u0111\u1ec1 v\u1ec1 s\u1ee9c m\u1ea1nh m\u00e0 l\u00e0 v\u1ec1 s\u1ef1 c\u00e2n b\u1eb1ng v\u00e0 tr\u1eadt t\u1ef1, nh\u1ecbp \u0111i\u1ec7u v\u00e0 s\u1ef1 h\u00e0i h\u00f2a.\u201d<\/p><p>&#8211; Thomas Merton<\/p>\t\t\t\t\t\t<\/div>\n\t\t\t\t<\/div>\n\t\t\t\t\t<\/div>\n\t\t<\/div>\n\t\t\t\t\t<\/div>\n\t\t<\/section>\n\t\t\t\t<section class=\"elementor-section elementor-top-section elementor-element elementor-element-568c506 elementor-section-boxed elementor-section-height-default elementor-section-height-default\" data-id=\"568c506\" data-element_type=\"section\">\n\t\t\t\t\t\t<div class=\"elementor-container elementor-column-gap-default\">\n\t\t\t\t\t<div class=\"elementor-column elementor-col-50 elementor-top-column elementor-element elementor-element-2a073ba\" data-id=\"2a073ba\" data-element_type=\"column\">\n\t\t\t<div class=\"elementor-widget-wrap elementor-element-populated\">\n\t\t\t\t\t\t<div class=\"elementor-element elementor-element-ae6cdba elementor-widget elementor-widget-text-editor\" data-id=\"ae6cdba\" data-element_type=\"widget\" data-widget_type=\"text-editor.default\">\n\t\t\t\t<div class=\"elementor-widget-container\">\n\t\t\t\t\t\t\t<h3><a href=\"https:\/\/latouche.life\/vi\/timeless\/\"><span style=\"color: #175e2e;\"><b>Timeless<\/b><\/span><\/a><\/h3><p><span style=\"font-weight: 400;\">\"Linh h\u1ed3n c\u1ee7a ch\u00fang ta l\u00e0 v\u00f4 t\u1eadn, v\u01b0\u1ee3t qua c\u1ea3 s\u1ef1 s\u1ed1ng v\u00e0 c\u00e1i ch\u1ebft\"<\/span><\/p><p><span style=\"font-weight: 400;\">\u00a0&#8211; Nisargadatta Maharaj &#8211;<\/span><\/p>\t\t\t\t\t\t<\/div>\n\t\t\t\t<\/div>\n\t\t\t\t\t<\/div>\n\t\t<\/div>\n\t\t\t\t<div class=\"elementor-column elementor-col-50 elementor-top-column elementor-element elementor-element-5d4c6bb\" data-id=\"5d4c6bb\" data-element_type=\"column\">\n\t\t\t<div class=\"elementor-widget-wrap elementor-element-populated\">\n\t\t\t\t\t\t<div class=\"elementor-element elementor-element-56d5a74 elementor-widget elementor-widget-image\" data-id=\"56d5a74\" data-element_type=\"widget\" data-widget_type=\"image.default\">\n\t\t\t\t<div class=\"elementor-widget-container\">\n\t\t\t\t\t\t\t\t\t\t\t\t\t\t<a href=\"https:\/\/latouche.life\/vi\/timeless\/\">\n\t\t\t\t\t\t\t<img loading=\"lazy\" decoding=\"async\" width=\"877\" height=\"620\" src=\"https:\/\/latouche.life\/wp-content\/uploads\/2024\/05\/Timeless-2.jpg\" class=\"attachment-large size-large wp-image-3986\" alt=\"\" srcset=\"https:\/\/latouche.life\/wp-content\/uploads\/2024\/05\/Timeless-2.jpg 877w, https:\/\/latouche.life\/wp-content\/uploads\/2024\/05\/Timeless-2-300x212.jpg 300w, https:\/\/latouche.life\/wp-content\/uploads\/2024\/05\/Timeless-2-768x543.jpg 768w, https:\/\/latouche.life\/wp-content\/uploads\/2024\/05\/Timeless-2-18x12.jpg 18w, https:\/\/latouche.life\/wp-content\/uploads\/2024\/05\/Timeless-2-400x283.jpg 400w, https:\/\/latouche.life\/wp-content\/uploads\/2024\/05\/Timeless-2-600x424.jpg 600w\" sizes=\"(max-width: 877px) 100vw, 877px\" \/>\t\t\t\t\t\t\t\t<\/a>\n\t\t\t\t\t\t\t\t\t\t\t\t\t<\/div>\n\t\t\t\t<\/div>\n\t\t\t\t\t<\/div>\n\t\t<\/div>\n\t\t\t\t\t<\/div>\n\t\t<\/section>\n\t\t\t\t<\/div>","protected":false},"excerpt":{"rendered":"<p>happiness &#8220;There is no path to happiness: Happiness is the path&#8221; Full Moon &#8220;She used to tell me that a full moon was when mysterious things happen and wishes come true.&#8221; &#8211; Shannon A. Thompson, November Snow Cloud nine \u201cClouds come floating into my life, no longer to carry rain or usher storm, but to [&hellip;]<\/p>","protected":false},"author":1,"featured_media":2235,"parent":0,"menu_order":0,"comment_status":"closed","ping_status":"closed","template":"","meta":{"om_disable_all_campaigns":false,"_monsterinsights_skip_tracking":false,"_monsterinsights_sitenote_active":false,"_monsterinsights_sitenote_note":"","_monsterinsights_sitenote_category":0,"footnotes":""},"aioseo_notices":[],"yoast_head":"<!-- This site is optimized with the Yoast SEO plugin v22.7 - https:\/\/yoast.com\/wordpress\/plugins\/seo\/ -->\n<title>La Touche Original - La Touche<\/title>\n<meta name=\"robots\" content=\"index, follow, max-snippet:-1, max-image-preview:large, max-video-preview:-1\" \/>\n<link rel=\"canonical\" href=\"https:\/\/latouche.life\/vi\/original\/\" \/>\n<meta property=\"og:locale\" content=\"vi_VN\" \/>\n<meta property=\"og:type\" content=\"article\" \/>\n<meta property=\"og:title\" content=\"La Touche Original - La Touche\" \/>\n<meta property=\"og:description\" content=\"happiness &#8220;There is no path to happiness: Happiness is the path&#8221; Full Moon &#8220;She used to tell me that a full moon was when mysterious things happen and wishes come true.&#8221; &#8211; Shannon A. Thompson, November Snow Cloud nine \u201cClouds come floating into my life, no longer to carry rain or usher storm, but to [&hellip;]\" \/>\n<meta property=\"og:url\" content=\"https:\/\/latouche.life\/vi\/original\/\" \/>\n<meta property=\"og:site_name\" content=\"La Touche\" \/>\n<meta property=\"article:modified_time\" content=\"2024-05-21T15:23:04+00:00\" \/>\n<meta property=\"og:image\" content=\"https:\/\/latouche.life\/wp-content\/uploads\/2021\/04\/Ori.jpg\" \/>\n\t<meta property=\"og:image:width\" content=\"1183\" \/>\n\t<meta property=\"og:image:height\" content=\"784\" \/>\n\t<meta property=\"og:image:type\" content=\"image\/jpeg\" \/>\n<meta name=\"twitter:card\" content=\"summary_large_image\" \/>\n<meta name=\"twitter:label1\" content=\"\u01af\u1edbc t\u00ednh th\u1eddi gian \u0111\u1ecdc\" \/>\n\t<meta name=\"twitter:data1\" content=\"1 ph\u00fat\" \/>\n<script type=\"application\/ld+json\" class=\"yoast-schema-graph\">{\"@context\":\"https:\/\/schema.org\",\"@graph\":[{\"@type\":\"WebPage\",\"@id\":\"https:\/\/latouche.life\/vi\/original\/\",\"url\":\"https:\/\/latouche.life\/vi\/original\/\",\"name\":\"La Touche Original - La Touche\",\"isPartOf\":{\"@id\":\"https:\/\/latouche.life\/#website\"},\"primaryImageOfPage\":{\"@id\":\"https:\/\/latouche.life\/vi\/original\/#primaryimage\"},\"image\":{\"@id\":\"https:\/\/latouche.life\/vi\/original\/#primaryimage\"},\"thumbnailUrl\":\"https:\/\/latouche.life\/wp-content\/uploads\/2021\/04\/Ori.jpg\",\"datePublished\":\"2020-06-23T18:30:11+00:00\",\"dateModified\":\"2024-05-21T15:23:04+00:00\",\"breadcrumb\":{\"@id\":\"https:\/\/latouche.life\/vi\/original\/#breadcrumb\"},\"inLanguage\":\"vi\",\"potentialAction\":[{\"@type\":\"ReadAction\",\"target\":[\"https:\/\/latouche.life\/vi\/original\/\"]}]},{\"@type\":\"ImageObject\",\"inLanguage\":\"vi\",\"@id\":\"https:\/\/latouche.life\/vi\/original\/#primaryimage\",\"url\":\"https:\/\/latouche.life\/wp-content\/uploads\/2021\/04\/Ori.jpg\",\"contentUrl\":\"https:\/\/latouche.life\/wp-content\/uploads\/2021\/04\/Ori.jpg\",\"width\":1183,\"height\":784},{\"@type\":\"BreadcrumbList\",\"@id\":\"https:\/\/latouche.life\/vi\/original\/#breadcrumb\",\"itemListElement\":[{\"@type\":\"ListItem\",\"position\":1,\"name\":\"Home\",\"item\":\"https:\/\/latouche.life\/\"},{\"@type\":\"ListItem\",\"position\":2,\"name\":\"La Touche Original\"}]},{\"@type\":\"WebSite\",\"@id\":\"https:\/\/latouche.life\/#website\",\"url\":\"https:\/\/latouche.life\/\",\"name\":\"La Touche\",\"description\":\"Create peaceful feeling from organic and natural products\",\"publisher\":{\"@id\":\"https:\/\/latouche.life\/#organization\"},\"potentialAction\":[{\"@type\":\"SearchAction\",\"target\":{\"@type\":\"EntryPoint\",\"urlTemplate\":\"https:\/\/latouche.life\/?s={search_term_string}\"},\"query-input\":\"required name=search_term_string\"}],\"inLanguage\":\"vi\"},{\"@type\":\"Organization\",\"@id\":\"https:\/\/latouche.life\/#organization\",\"name\":\"La Touche\",\"url\":\"https:\/\/latouche.life\/\",\"logo\":{\"@type\":\"ImageObject\",\"inLanguage\":\"vi\",\"@id\":\"https:\/\/latouche.life\/#\/schema\/logo\/image\/\",\"url\":\"https:\/\/latouche.life\/wp-content\/uploads\/2020\/06\/logo_round_white.png\",\"contentUrl\":\"https:\/\/latouche.life\/wp-content\/uploads\/2020\/06\/logo_round_white.png\",\"width\":106,\"height\":106,\"caption\":\"La Touche\"},\"image\":{\"@id\":\"https:\/\/latouche.life\/#\/schema\/logo\/image\/\"}}]}<\/script>\n<!-- \/ Yoast SEO plugin. -->","yoast_head_json":{"title":"La Touche Original - La Touche","robots":{"index":"index","follow":"follow","max-snippet":"max-snippet:-1","max-image-preview":"max-image-preview:large","max-video-preview":"max-video-preview:-1"},"canonical":"https:\/\/latouche.life\/vi\/original\/","og_locale":"vi_VN","og_type":"article","og_title":"La Touche Original - La Touche","og_description":"happiness &#8220;There is no path to happiness: Happiness is the path&#8221; Full Moon &#8220;She used to tell me that a full moon was when mysterious things happen and wishes come true.&#8221; &#8211; Shannon A. Thompson, November Snow Cloud nine \u201cClouds come floating into my life, no longer to carry rain or usher storm, but to [&hellip;]","og_url":"https:\/\/latouche.life\/vi\/original\/","og_site_name":"La Touche","article_modified_time":"2024-05-21T15:23:04+00:00","og_image":[{"width":1183,"height":784,"url":"https:\/\/latouche.life\/wp-content\/uploads\/2021\/04\/Ori.jpg","type":"image\/jpeg"}],"twitter_card":"summary_large_image","twitter_misc":{"\u01af\u1edbc t\u00ednh th\u1eddi gian \u0111\u1ecdc":"1 ph\u00fat"},"schema":{"@context":"https:\/\/schema.org","@graph":[{"@type":"WebPage","@id":"https:\/\/latouche.life\/vi\/original\/","url":"https:\/\/latouche.life\/vi\/original\/","name":"La Touche Original - La Touche","isPartOf":{"@id":"https:\/\/latouche.life\/#website"},"primaryImageOfPage":{"@id":"https:\/\/latouche.life\/vi\/original\/#primaryimage"},"image":{"@id":"https:\/\/latouche.life\/vi\/original\/#primaryimage"},"thumbnailUrl":"https:\/\/latouche.life\/wp-content\/uploads\/2021\/04\/Ori.jpg","datePublished":"2020-06-23T18:30:11+00:00","dateModified":"2024-05-21T15:23:04+00:00","breadcrumb":{"@id":"https:\/\/latouche.life\/vi\/original\/#breadcrumb"},"inLanguage":"vi","potentialAction":[{"@type":"ReadAction","target":["https:\/\/latouche.life\/vi\/original\/"]}]},{"@type":"ImageObject","inLanguage":"vi","@id":"https:\/\/latouche.life\/vi\/original\/#primaryimage","url":"https:\/\/latouche.life\/wp-content\/uploads\/2021\/04\/Ori.jpg","contentUrl":"https:\/\/latouche.life\/wp-content\/uploads\/2021\/04\/Ori.jpg","width":1183,"height":784},{"@type":"BreadcrumbList","@id":"https:\/\/latouche.life\/vi\/original\/#breadcrumb","itemListElement":[{"@type":"ListItem","position":1,"name":"Home","item":"https:\/\/latouche.life\/"},{"@type":"ListItem","position":2,"name":"La Touche Original"}]},{"@type":"WebSite","@id":"https:\/\/latouche.life\/#website","url":"https:\/\/latouche.life\/","name":"La Touche","description":"Create peaceful feeling from organic and natural products","publisher":{"@id":"https:\/\/latouche.life\/#organization"},"potentialAction":[{"@type":"SearchAction","target":{"@type":"EntryPoint","urlTemplate":"https:\/\/latouche.life\/?s={search_term_string}"},"query-input":"required name=search_term_string"}],"inLanguage":"vi"},{"@type":"Organization","@id":"https:\/\/latouche.life\/#organization","name":"La Touche","url":"https:\/\/latouche.life\/","logo":{"@type":"ImageObject","inLanguage":"vi","@id":"https:\/\/latouche.life\/#\/schema\/logo\/image\/","url":"https:\/\/latouche.life\/wp-content\/uploads\/2020\/06\/logo_round_white.png","contentUrl":"https:\/\/latouche.life\/wp-content\/uploads\/2020\/06\/logo_round_white.png","width":106,"height":106,"caption":"La Touche"},"image":{"@id":"https:\/\/latouche.life\/#\/schema\/logo\/image\/"}}]}},"_links":{"self":[{"href":"https:\/\/latouche.life\/vi\/wp-json\/wp\/v2\/pages\/1219"}],"collection":[{"href":"https:\/\/latouche.life\/vi\/wp-json\/wp\/v2\/pages"}],"about":[{"href":"https:\/\/latouche.life\/vi\/wp-json\/wp\/v2\/types\/page"}],"author":[{"embeddable":true,"href":"https:\/\/latouche.life\/vi\/wp-json\/wp\/v2\/users\/1"}],"replies":[{"embeddable":true,"href":"https:\/\/latouche.life\/vi\/wp-json\/wp\/v2\/comments?post=1219"}],"version-history":[{"count":5,"href":"https:\/\/latouche.life\/vi\/wp-json\/wp\/v2\/pages\/1219\/revisions"}],"predecessor-version":[{"id":3989,"href":"https:\/\/latouche.life\/vi\/wp-json\/wp\/v2\/pages\/1219\/revisions\/3989"}],"wp:featuredmedia":[{"embeddable":true,"href":"https:\/\/latouche.life\/vi\/wp-json\/wp\/v2\/media\/2235"}],"wp:attachment":[{"href":"https:\/\/latouche.life\/vi\/wp-json\/wp\/v2\/media?parent=1219"}],"curies":[{"name":"wp","href":"https:\/\/api.w.org\/{rel}","templated":true}]}}